{"id":9324,"date":"2022-09-02T14:46:58","date_gmt":"2022-09-02T12:46:58","guid":{"rendered":"https:\/\/zanat.org\/product\/tabouret-bird\/"},"modified":"2023-06-20T10:24:04","modified_gmt":"2023-06-20T08:24:04","slug":"tattoo-stool-bird-2","status":"publish","type":"product","link":"https:\/\/zanat.org\/fr\/article\/tattoo-stool-bird-2\/","title":{"rendered":"Tattoo Tabouret \u00ab\u00a0Pheasant\u00a0\u00bb, huile blanche d&rsquo;\u00e9rable"},"content":{"rendered":"<p>Tabouret Tattoo Le tabouret Tattoo est un tabouret soign\u00e9, l\u00e9ger, stable et empilable avec de belles gravures ludiques, disponible en version \u00e0 trois ou quatre pieds. Les trous sur le dessus ajoutent au caract\u00e8re du tabouret et permettent de le saisir et de le transporter facilement. Les tabourets peuvent \u00eatre tatou\u00e9s de la t\u00eate aux pieds ou de mani\u00e8re tr\u00e8s discr\u00e8te. Ils peuvent \u00eatre choisis dans diff\u00e9rents types de bois, de couleurs, teint\u00e9s ou laqu\u00e9s. La symbolique des graphismes est \u00e0 cr\u00e9er dans l&rsquo;\u0153il de celui qui regarde. Pour les cr\u00e9ateurs, les tatouages repr\u00e9sentent les contrastes de la vie, l&rsquo;amour, la joie, le chagrin et la douleur.<\/p>\n","protected":false},"excerpt":{"rendered":"<p>Tabouret Tattoo Le tabouret Tattoo est un tabouret soign\u00e9, l\u00e9ger, stable et empilable avec de belles gravures ludiques, disponible en version \u00e0 trois ou quatre pieds. Les trous sur le dessus ajoutent au caract\u00e8re du tabouret et permettent de le saisir et de le transporter facilement. Les tabourets peuvent \u00eatre tatou\u00e9s de la t\u00eate aux [&hellip;]<\/p>\n","protected":false},"featured_media":16483,"template":"","meta":{"_acf_changed":false,"_monsterinsights_skip_tracking":false,"_monsterinsights_sitenote_active":false,"_monsterinsights_sitenote_note":"","_monsterinsights_sitenote_category":0},"product_brand":[],"product_cat":[775,874,2516],"product_tag":[],"class_list":{"0":"post-9324","1":"product","2":"type-product","3":"status-publish","4":"has-post-thumbnail","6":"product_cat-bancs-tabourets","7":"product_cat-gift-shop-fr","8":"product_cat-tabourets-fr","10":"first","11":"onbackorder","12":"taxable","13":"shipping-taxable","14":"purchasable","15":"product-type-simple"},"acf":[],"yoast_head":"<!-- This site is optimized with the Yoast SEO plugin v26.4 - https:\/\/yoast.com\/wordpress\/plugins\/seo\/ -->\n<title>Tattoo Tabouret &quot;Pheasant&quot;, huile blanche d&#039;\u00e9rable - ZANAT<\/title>\n<meta name=\"robots\" content=\"index, follow, max-snippet:-1, max-image-preview:large, max-video-preview:-1\" \/>\n<link rel=\"canonical\" href=\"https:\/\/zanat.org\/fr\/article\/tattoo-stool-bird-2\/\" \/>\n<meta property=\"og:locale\" content=\"fr_FR\" \/>\n<meta property=\"og:type\" content=\"article\" \/>\n<meta property=\"og:title\" content=\"Tattoo Tabouret &quot;Pheasant&quot;, huile blanche d&#039;\u00e9rable - ZANAT\" \/>\n<meta property=\"og:description\" content=\"Tabouret Tattoo Le tabouret Tattoo est un tabouret soign\u00e9, l\u00e9ger, stable et empilable avec de belles gravures ludiques, disponible en version \u00e0 trois ou quatre pieds. Les trous sur le dessus ajoutent au caract\u00e8re du tabouret et permettent de le saisir et de le transporter facilement. Les tabourets peuvent \u00eatre tatou\u00e9s de la t\u00eate aux [&hellip;]\" \/>\n<meta property=\"og:url\" content=\"https:\/\/zanat.org\/fr\/article\/tattoo-stool-bird-2\/\" \/>\n<meta property=\"og:site_name\" content=\"ZANAT\" \/>\n<meta property=\"article:modified_time\" content=\"2023-06-20T08:24:04+00:00\" \/>\n<meta property=\"og:image\" content=\"https:\/\/zanat.org\/wp-content\/uploads\/2023\/06\/zanat-tatoo-stool-bird-maple-white-oil-wingardhs-architects-compress.jpg\" \/>\n\t<meta property=\"og:image:width\" content=\"2400\" \/>\n\t<meta property=\"og:image:height\" content=\"1800\" \/>\n\t<meta property=\"og:image:type\" content=\"image\/jpeg\" \/>\n<meta name=\"twitter:card\" content=\"summary_large_image\" \/>\n<meta name=\"twitter:label1\" content=\"Dur\u00e9e de lecture estim\u00e9e\" \/>\n\t<meta name=\"twitter:data1\" content=\"1 minute\" \/>\n<script type=\"application\/ld+json\" class=\"yoast-schema-graph\">{\"@context\":\"https:\/\/schema.org\",\"@graph\":[{\"@type\":\"WebPage\",\"@id\":\"https:\/\/zanat.org\/fr\/article\/tattoo-stool-bird-2\/\",\"url\":\"https:\/\/zanat.org\/fr\/article\/tattoo-stool-bird-2\/\",\"name\":\"Tattoo Tabouret \\\"Pheasant\\\", huile blanche d'\u00e9rable - ZANAT\",\"isPartOf\":{\"@id\":\"https:\/\/staging.zanat.org\/fr\/#website\"},\"primaryImageOfPage\":{\"@id\":\"https:\/\/zanat.org\/fr\/article\/tattoo-stool-bird-2\/#primaryimage\"},\"image\":{\"@id\":\"https:\/\/zanat.org\/fr\/article\/tattoo-stool-bird-2\/#primaryimage\"},\"thumbnailUrl\":\"https:\/\/zanat.org\/wp-content\/uploads\/2023\/06\/zanat-tatoo-stool-bird-maple-white-oil-wingardhs-architects-compress.jpg\",\"datePublished\":\"2022-09-02T12:46:58+00:00\",\"dateModified\":\"2023-06-20T08:24:04+00:00\",\"breadcrumb\":{\"@id\":\"https:\/\/zanat.org\/fr\/article\/tattoo-stool-bird-2\/#breadcrumb\"},\"inLanguage\":\"fr-FR\",\"potentialAction\":[{\"@type\":\"ReadAction\",\"target\":[\"https:\/\/zanat.org\/fr\/article\/tattoo-stool-bird-2\/\"]}]},{\"@type\":\"ImageObject\",\"inLanguage\":\"fr-FR\",\"@id\":\"https:\/\/zanat.org\/fr\/article\/tattoo-stool-bird-2\/#primaryimage\",\"url\":\"https:\/\/zanat.org\/wp-content\/uploads\/2023\/06\/zanat-tatoo-stool-bird-maple-white-oil-wingardhs-architects-compress.jpg\",\"contentUrl\":\"https:\/\/zanat.org\/wp-content\/uploads\/2023\/06\/zanat-tatoo-stool-bird-maple-white-oil-wingardhs-architects-compress.jpg\",\"width\":2400,\"height\":1800},{\"@type\":\"BreadcrumbList\",\"@id\":\"https:\/\/zanat.org\/fr\/article\/tattoo-stool-bird-2\/#breadcrumb\",\"itemListElement\":[{\"@type\":\"ListItem\",\"position\":1,\"name\":\"Zanat\",\"item\":\"https:\/\/staging.zanat.org\/fr\/\"},{\"@type\":\"ListItem\",\"position\":2,\"name\":\"Boutique\",\"item\":\"https:\/\/staging.zanat.org\/fr\/boutique\/\"},{\"@type\":\"ListItem\",\"position\":3,\"name\":\"Boutique de cadeaux\",\"item\":\"https:\/\/zanat.org\/fr\/categorie-produit\/gift-shop-fr\/\"},{\"@type\":\"ListItem\",\"position\":4,\"name\":\"Tabourets\",\"item\":\"https:\/\/zanat.org\/fr\/categorie-produit\/gift-shop-fr\/tabourets-fr\/\"},{\"@type\":\"ListItem\",\"position\":5,\"name\":\"Tattoo Tabouret &#8220;Pheasant&#8221;, huile blanche d&#8217;\u00e9rable\"}]},{\"@type\":\"WebSite\",\"@id\":\"https:\/\/staging.zanat.org\/fr\/#website\",\"url\":\"https:\/\/staging.zanat.org\/fr\/\",\"name\":\"ZANAT\",\"description\":\"Improve your home &amp; improve our world\",\"potentialAction\":[{\"@type\":\"SearchAction\",\"target\":{\"@type\":\"EntryPoint\",\"urlTemplate\":\"https:\/\/staging.zanat.org\/fr\/?s={search_term_string}\"},\"query-input\":{\"@type\":\"PropertyValueSpecification\",\"valueRequired\":true,\"valueName\":\"search_term_string\"}}],\"inLanguage\":\"fr-FR\"}]}<\/script>\n<!-- \/ Yoast SEO plugin. -->","yoast_head_json":{"title":"Tattoo Tabouret \"Pheasant\", huile blanche d'\u00e9rable - ZANAT","robots":{"index":"index","follow":"follow","max-snippet":"max-snippet:-1","max-image-preview":"max-image-preview:large","max-video-preview":"max-video-preview:-1"},"canonical":"https:\/\/zanat.org\/fr\/article\/tattoo-stool-bird-2\/","og_locale":"fr_FR","og_type":"article","og_title":"Tattoo Tabouret \"Pheasant\", huile blanche d'\u00e9rable - ZANAT","og_description":"Tabouret Tattoo Le tabouret Tattoo est un tabouret soign\u00e9, l\u00e9ger, stable et empilable avec de belles gravures ludiques, disponible en version \u00e0 trois ou quatre pieds. Les trous sur le dessus ajoutent au caract\u00e8re du tabouret et permettent de le saisir et de le transporter facilement. Les tabourets peuvent \u00eatre tatou\u00e9s de la t\u00eate aux [&hellip;]","og_url":"https:\/\/zanat.org\/fr\/article\/tattoo-stool-bird-2\/","og_site_name":"ZANAT","article_modified_time":"2023-06-20T08:24:04+00:00","og_image":[{"width":2400,"height":1800,"url":"https:\/\/zanat.org\/wp-content\/uploads\/2023\/06\/zanat-tatoo-stool-bird-maple-white-oil-wingardhs-architects-compress.jpg","type":"image\/jpeg"}],"twitter_card":"summary_large_image","twitter_misc":{"Dur\u00e9e de lecture estim\u00e9e":"1 minute"},"schema":{"@context":"https:\/\/schema.org","@graph":[{"@type":"WebPage","@id":"https:\/\/zanat.org\/fr\/article\/tattoo-stool-bird-2\/","url":"https:\/\/zanat.org\/fr\/article\/tattoo-stool-bird-2\/","name":"Tattoo Tabouret \"Pheasant\", huile blanche d'\u00e9rable - ZANAT","isPartOf":{"@id":"https:\/\/staging.zanat.org\/fr\/#website"},"primaryImageOfPage":{"@id":"https:\/\/zanat.org\/fr\/article\/tattoo-stool-bird-2\/#primaryimage"},"image":{"@id":"https:\/\/zanat.org\/fr\/article\/tattoo-stool-bird-2\/#primaryimage"},"thumbnailUrl":"https:\/\/zanat.org\/wp-content\/uploads\/2023\/06\/zanat-tatoo-stool-bird-maple-white-oil-wingardhs-architects-compress.jpg","datePublished":"2022-09-02T12:46:58+00:00","dateModified":"2023-06-20T08:24:04+00:00","breadcrumb":{"@id":"https:\/\/zanat.org\/fr\/article\/tattoo-stool-bird-2\/#breadcrumb"},"inLanguage":"fr-FR","potentialAction":[{"@type":"ReadAction","target":["https:\/\/zanat.org\/fr\/article\/tattoo-stool-bird-2\/"]}]},{"@type":"ImageObject","inLanguage":"fr-FR","@id":"https:\/\/zanat.org\/fr\/article\/tattoo-stool-bird-2\/#primaryimage","url":"https:\/\/zanat.org\/wp-content\/uploads\/2023\/06\/zanat-tatoo-stool-bird-maple-white-oil-wingardhs-architects-compress.jpg","contentUrl":"https:\/\/zanat.org\/wp-content\/uploads\/2023\/06\/zanat-tatoo-stool-bird-maple-white-oil-wingardhs-architects-compress.jpg","width":2400,"height":1800},{"@type":"BreadcrumbList","@id":"https:\/\/zanat.org\/fr\/article\/tattoo-stool-bird-2\/#breadcrumb","itemListElement":[{"@type":"ListItem","position":1,"name":"Zanat","item":"https:\/\/staging.zanat.org\/fr\/"},{"@type":"ListItem","position":2,"name":"Boutique","item":"https:\/\/staging.zanat.org\/fr\/boutique\/"},{"@type":"ListItem","position":3,"name":"Boutique de cadeaux","item":"https:\/\/zanat.org\/fr\/categorie-produit\/gift-shop-fr\/"},{"@type":"ListItem","position":4,"name":"Tabourets","item":"https:\/\/zanat.org\/fr\/categorie-produit\/gift-shop-fr\/tabourets-fr\/"},{"@type":"ListItem","position":5,"name":"Tattoo Tabouret &#8220;Pheasant&#8221;, huile blanche d&#8217;\u00e9rable"}]},{"@type":"WebSite","@id":"https:\/\/staging.zanat.org\/fr\/#website","url":"https:\/\/staging.zanat.org\/fr\/","name":"ZANAT","description":"Improve your home &amp; improve our world","potentialAction":[{"@type":"SearchAction","target":{"@type":"EntryPoint","urlTemplate":"https:\/\/staging.zanat.org\/fr\/?s={search_term_string}"},"query-input":{"@type":"PropertyValueSpecification","valueRequired":true,"valueName":"search_term_string"}}],"inLanguage":"fr-FR"}]}},"_links":{"self":[{"href":"https:\/\/zanat.org\/fr\/wp-json\/wp\/v2\/product\/9324","targetHints":{"allow":["GET"]}}],"collection":[{"href":"https:\/\/zanat.org\/fr\/wp-json\/wp\/v2\/product"}],"about":[{"href":"https:\/\/zanat.org\/fr\/wp-json\/wp\/v2\/types\/product"}],"wp:featuredmedia":[{"embeddable":true,"href":"https:\/\/zanat.org\/fr\/wp-json\/wp\/v2\/media\/16483"}],"wp:attachment":[{"href":"https:\/\/zanat.org\/fr\/wp-json\/wp\/v2\/media?parent=9324"}],"wp:term":[{"taxonomy":"product_brand","embeddable":true,"href":"https:\/\/zanat.org\/fr\/wp-json\/wp\/v2\/product_brand?post=9324"},{"taxonomy":"product_cat","embeddable":true,"href":"https:\/\/zanat.org\/fr\/wp-json\/wp\/v2\/product_cat?post=9324"},{"taxonomy":"product_tag","embeddable":true,"href":"https:\/\/zanat.org\/fr\/wp-json\/wp\/v2\/product_tag?post=9324"}],"curies":[{"name":"wp","href":"https:\/\/api.w.org\/{rel}","templated":true}]}}