{"id":8572,"date":"2021-08-18T15:33:35","date_gmt":"2021-08-18T13:33:35","guid":{"rendered":"https:\/\/zanat.org\/product\/stopme-serre-livres-arret-porte\/"},"modified":"2023-06-20T10:26:30","modified_gmt":"2023-06-20T08:26:30","slug":"stopme-bookstop-doorstop","status":"publish","type":"product","link":"https:\/\/zanat.org\/fr\/article\/stopme-bookstop-doorstop\/","title":{"rendered":"Stopme serre-livres\/arr\u00eat-porte"},"content":{"rendered":"<p>Stopme serre-livres\/arr\u00eat-porte est un objet d\u00e9coratif attachant avec une base conique sculpt\u00e9e \u00e0 la main et une poign\u00e9e en cuir habilement cousue. Il peut \u00eatre utilis\u00e9 comme un objet d\u00e9coratif sur une \u00e9tag\u00e8re, mais il a \u00e9galement \u00e9t\u00e9 con\u00e7u avec une fonction en t\u00eate : emp\u00eacher une pile de livres de tomber ou emp\u00eacher une porte ouverte de se fermer. D\u2019autres fonctions sont laiss\u00e9es \u00e0 votre cr\u00e9ativit\u00e9.<\/p>\n","protected":false},"excerpt":{"rendered":"<p>Stopme serre-livres\/arr\u00eat-porte est un objet d\u00e9coratif attachant avec une base conique sculpt\u00e9e \u00e0 la main et une poign\u00e9e en cuir habilement cousue. Il peut \u00eatre utilis\u00e9 comme un objet d\u00e9coratif sur une \u00e9tag\u00e8re, mais il a \u00e9galement \u00e9t\u00e9 con\u00e7u avec une fonction en t\u00eate : emp\u00eacher une pile de livres de tomber ou emp\u00eacher une [&hellip;]<\/p>\n","protected":false},"featured_media":16136,"template":"","meta":{"_acf_changed":false,"_monsterinsights_skip_tracking":false,"_monsterinsights_sitenote_active":false,"_monsterinsights_sitenote_note":"","_monsterinsights_sitenote_category":0},"product_brand":[],"product_cat":[865,874,2517],"product_tag":[],"class_list":{"0":"post-8572","1":"product","2":"type-product","3":"status-publish","4":"has-post-thumbnail","6":"product_cat-accessoires","7":"product_cat-gift-shop-fr","8":"product_cat-serre-livres-et-arret-porte","10":"first","11":"onbackorder","12":"taxable","13":"shipping-taxable","14":"purchasable","15":"product-type-variable","16":"has-default-attributes"},"acf":[],"yoast_head":"<!-- This site is optimized with the Yoast SEO plugin v26.4 - https:\/\/yoast.com\/wordpress\/plugins\/seo\/ -->\n<title>Stopme serre-livres\/arr\u00eat-porte - ZANAT<\/title>\n<meta name=\"robots\" content=\"index, follow, max-snippet:-1, max-image-preview:large, max-video-preview:-1\" \/>\n<link rel=\"canonical\" href=\"https:\/\/zanat.org\/fr\/article\/stopme-bookstop-doorstop\/\" \/>\n<meta property=\"og:locale\" content=\"fr_FR\" \/>\n<meta property=\"og:type\" content=\"article\" \/>\n<meta property=\"og:title\" content=\"Stopme serre-livres\/arr\u00eat-porte - ZANAT\" \/>\n<meta property=\"og:description\" content=\"Stopme serre-livres\/arr\u00eat-porte est un objet d\u00e9coratif attachant avec une base conique sculpt\u00e9e \u00e0 la main et une poign\u00e9e en cuir habilement cousue. Il peut \u00eatre utilis\u00e9 comme un objet d\u00e9coratif sur une \u00e9tag\u00e8re, mais il a \u00e9galement \u00e9t\u00e9 con\u00e7u avec une fonction en t\u00eate : emp\u00eacher une pile de livres de tomber ou emp\u00eacher une [&hellip;]\" \/>\n<meta property=\"og:url\" content=\"https:\/\/zanat.org\/fr\/article\/stopme-bookstop-doorstop\/\" \/>\n<meta property=\"og:site_name\" content=\"ZANAT\" \/>\n<meta property=\"article:modified_time\" content=\"2023-06-20T08:26:30+00:00\" \/>\n<meta property=\"og:image\" content=\"https:\/\/zanat.org\/wp-content\/uploads\/2021\/08\/stopme-reshma-3-rows-compress.jpg\" \/>\n\t<meta property=\"og:image:width\" content=\"2400\" \/>\n\t<meta property=\"og:image:height\" content=\"1800\" \/>\n\t<meta property=\"og:image:type\" content=\"image\/jpeg\" \/>\n<meta name=\"twitter:card\" content=\"summary_large_image\" \/>\n<meta name=\"twitter:label1\" content=\"Dur\u00e9e de lecture estim\u00e9e\" \/>\n\t<meta name=\"twitter:data1\" content=\"1 minute\" \/>\n<script type=\"application\/ld+json\" class=\"yoast-schema-graph\">{\"@context\":\"https:\/\/schema.org\",\"@graph\":[{\"@type\":\"WebPage\",\"@id\":\"https:\/\/zanat.org\/fr\/article\/stopme-bookstop-doorstop\/\",\"url\":\"https:\/\/zanat.org\/fr\/article\/stopme-bookstop-doorstop\/\",\"name\":\"Stopme serre-livres\/arr\u00eat-porte - ZANAT\",\"isPartOf\":{\"@id\":\"https:\/\/staging.zanat.org\/fr\/#website\"},\"primaryImageOfPage\":{\"@id\":\"https:\/\/zanat.org\/fr\/article\/stopme-bookstop-doorstop\/#primaryimage\"},\"image\":{\"@id\":\"https:\/\/zanat.org\/fr\/article\/stopme-bookstop-doorstop\/#primaryimage\"},\"thumbnailUrl\":\"https:\/\/zanat.org\/wp-content\/uploads\/2021\/08\/stopme-reshma-3-rows-compress.jpg\",\"datePublished\":\"2021-08-18T13:33:35+00:00\",\"dateModified\":\"2023-06-20T08:26:30+00:00\",\"breadcrumb\":{\"@id\":\"https:\/\/zanat.org\/fr\/article\/stopme-bookstop-doorstop\/#breadcrumb\"},\"inLanguage\":\"fr-FR\",\"potentialAction\":[{\"@type\":\"ReadAction\",\"target\":[\"https:\/\/zanat.org\/fr\/article\/stopme-bookstop-doorstop\/\"]}]},{\"@type\":\"ImageObject\",\"inLanguage\":\"fr-FR\",\"@id\":\"https:\/\/zanat.org\/fr\/article\/stopme-bookstop-doorstop\/#primaryimage\",\"url\":\"https:\/\/zanat.org\/wp-content\/uploads\/2021\/08\/stopme-reshma-3-rows-compress.jpg\",\"contentUrl\":\"https:\/\/zanat.org\/wp-content\/uploads\/2021\/08\/stopme-reshma-3-rows-compress.jpg\",\"width\":2400,\"height\":1800},{\"@type\":\"BreadcrumbList\",\"@id\":\"https:\/\/zanat.org\/fr\/article\/stopme-bookstop-doorstop\/#breadcrumb\",\"itemListElement\":[{\"@type\":\"ListItem\",\"position\":1,\"name\":\"Zanat\",\"item\":\"https:\/\/staging.zanat.org\/fr\/\"},{\"@type\":\"ListItem\",\"position\":2,\"name\":\"Boutique\",\"item\":\"https:\/\/staging.zanat.org\/fr\/boutique\/\"},{\"@type\":\"ListItem\",\"position\":3,\"name\":\"Boutique de cadeaux\",\"item\":\"https:\/\/zanat.org\/fr\/categorie-produit\/gift-shop-fr\/\"},{\"@type\":\"ListItem\",\"position\":4,\"name\":\"Stopme serre-livres\/arr\u00eat-porte\"}]},{\"@type\":\"WebSite\",\"@id\":\"https:\/\/staging.zanat.org\/fr\/#website\",\"url\":\"https:\/\/staging.zanat.org\/fr\/\",\"name\":\"ZANAT\",\"description\":\"Improve your home &amp; improve our world\",\"potentialAction\":[{\"@type\":\"SearchAction\",\"target\":{\"@type\":\"EntryPoint\",\"urlTemplate\":\"https:\/\/staging.zanat.org\/fr\/?s={search_term_string}\"},\"query-input\":{\"@type\":\"PropertyValueSpecification\",\"valueRequired\":true,\"valueName\":\"search_term_string\"}}],\"inLanguage\":\"fr-FR\"}]}<\/script>\n<!-- \/ Yoast SEO plugin. -->","yoast_head_json":{"title":"Stopme serre-livres\/arr\u00eat-porte - ZANAT","robots":{"index":"index","follow":"follow","max-snippet":"max-snippet:-1","max-image-preview":"max-image-preview:large","max-video-preview":"max-video-preview:-1"},"canonical":"https:\/\/zanat.org\/fr\/article\/stopme-bookstop-doorstop\/","og_locale":"fr_FR","og_type":"article","og_title":"Stopme serre-livres\/arr\u00eat-porte - ZANAT","og_description":"Stopme serre-livres\/arr\u00eat-porte est un objet d\u00e9coratif attachant avec une base conique sculpt\u00e9e \u00e0 la main et une poign\u00e9e en cuir habilement cousue. Il peut \u00eatre utilis\u00e9 comme un objet d\u00e9coratif sur une \u00e9tag\u00e8re, mais il a \u00e9galement \u00e9t\u00e9 con\u00e7u avec une fonction en t\u00eate : emp\u00eacher une pile de livres de tomber ou emp\u00eacher une [&hellip;]","og_url":"https:\/\/zanat.org\/fr\/article\/stopme-bookstop-doorstop\/","og_site_name":"ZANAT","article_modified_time":"2023-06-20T08:26:30+00:00","og_image":[{"width":2400,"height":1800,"url":"https:\/\/zanat.org\/wp-content\/uploads\/2021\/08\/stopme-reshma-3-rows-compress.jpg","type":"image\/jpeg"}],"twitter_card":"summary_large_image","twitter_misc":{"Dur\u00e9e de lecture estim\u00e9e":"1 minute"},"schema":{"@context":"https:\/\/schema.org","@graph":[{"@type":"WebPage","@id":"https:\/\/zanat.org\/fr\/article\/stopme-bookstop-doorstop\/","url":"https:\/\/zanat.org\/fr\/article\/stopme-bookstop-doorstop\/","name":"Stopme serre-livres\/arr\u00eat-porte - ZANAT","isPartOf":{"@id":"https:\/\/staging.zanat.org\/fr\/#website"},"primaryImageOfPage":{"@id":"https:\/\/zanat.org\/fr\/article\/stopme-bookstop-doorstop\/#primaryimage"},"image":{"@id":"https:\/\/zanat.org\/fr\/article\/stopme-bookstop-doorstop\/#primaryimage"},"thumbnailUrl":"https:\/\/zanat.org\/wp-content\/uploads\/2021\/08\/stopme-reshma-3-rows-compress.jpg","datePublished":"2021-08-18T13:33:35+00:00","dateModified":"2023-06-20T08:26:30+00:00","breadcrumb":{"@id":"https:\/\/zanat.org\/fr\/article\/stopme-bookstop-doorstop\/#breadcrumb"},"inLanguage":"fr-FR","potentialAction":[{"@type":"ReadAction","target":["https:\/\/zanat.org\/fr\/article\/stopme-bookstop-doorstop\/"]}]},{"@type":"ImageObject","inLanguage":"fr-FR","@id":"https:\/\/zanat.org\/fr\/article\/stopme-bookstop-doorstop\/#primaryimage","url":"https:\/\/zanat.org\/wp-content\/uploads\/2021\/08\/stopme-reshma-3-rows-compress.jpg","contentUrl":"https:\/\/zanat.org\/wp-content\/uploads\/2021\/08\/stopme-reshma-3-rows-compress.jpg","width":2400,"height":1800},{"@type":"BreadcrumbList","@id":"https:\/\/zanat.org\/fr\/article\/stopme-bookstop-doorstop\/#breadcrumb","itemListElement":[{"@type":"ListItem","position":1,"name":"Zanat","item":"https:\/\/staging.zanat.org\/fr\/"},{"@type":"ListItem","position":2,"name":"Boutique","item":"https:\/\/staging.zanat.org\/fr\/boutique\/"},{"@type":"ListItem","position":3,"name":"Boutique de cadeaux","item":"https:\/\/zanat.org\/fr\/categorie-produit\/gift-shop-fr\/"},{"@type":"ListItem","position":4,"name":"Stopme serre-livres\/arr\u00eat-porte"}]},{"@type":"WebSite","@id":"https:\/\/staging.zanat.org\/fr\/#website","url":"https:\/\/staging.zanat.org\/fr\/","name":"ZANAT","description":"Improve your home &amp; improve our world","potentialAction":[{"@type":"SearchAction","target":{"@type":"EntryPoint","urlTemplate":"https:\/\/staging.zanat.org\/fr\/?s={search_term_string}"},"query-input":{"@type":"PropertyValueSpecification","valueRequired":true,"valueName":"search_term_string"}}],"inLanguage":"fr-FR"}]}},"_links":{"self":[{"href":"https:\/\/zanat.org\/fr\/wp-json\/wp\/v2\/product\/8572","targetHints":{"allow":["GET"]}}],"collection":[{"href":"https:\/\/zanat.org\/fr\/wp-json\/wp\/v2\/product"}],"about":[{"href":"https:\/\/zanat.org\/fr\/wp-json\/wp\/v2\/types\/product"}],"wp:featuredmedia":[{"embeddable":true,"href":"https:\/\/zanat.org\/fr\/wp-json\/wp\/v2\/media\/16136"}],"wp:attachment":[{"href":"https:\/\/zanat.org\/fr\/wp-json\/wp\/v2\/media?parent=8572"}],"wp:term":[{"taxonomy":"product_brand","embeddable":true,"href":"https:\/\/zanat.org\/fr\/wp-json\/wp\/v2\/product_brand?post=8572"},{"taxonomy":"product_cat","embeddable":true,"href":"https:\/\/zanat.org\/fr\/wp-json\/wp\/v2\/product_cat?post=8572"},{"taxonomy":"product_tag","embeddable":true,"href":"https:\/\/zanat.org\/fr\/wp-json\/wp\/v2\/product_tag?post=8572"}],"curies":[{"name":"wp","href":"https:\/\/api.w.org\/{rel}","templated":true}]}}