{"id":8567,"date":"2021-08-18T15:33:14","date_gmt":"2021-08-18T13:33:14","guid":{"rendered":"https:\/\/zanat.org\/product\/bougeoir-aurorac\/"},"modified":"2023-06-19T23:39:55","modified_gmt":"2023-06-19T21:39:55","slug":"aurora-candle-holder","status":"publish","type":"product","link":"https:\/\/zanat.org\/fr\/article\/aurora-candle-holder\/","title":{"rendered":"Bougeoir Aurora"},"content":{"rendered":"<p>Les bougeoirs Aurora doivent leur attrait \u00e0 leur forme sculpturale organique, \u00e0 la chaleur du bois et \u00e0 l&#8217;empreinte d&rsquo;une touche humaine sous la forme de d\u00e9tails sculpt\u00e9s \u00e0 la main. Les bougeoirs Aurora ajouteront de la chaleur et de la convivialit\u00e9 \u00e0 une table \u00e0 manger ou \u00e0 tout autre coin de la maison.<\/p>\n","protected":false},"excerpt":{"rendered":"<p>Les bougeoirs Aurora doivent leur attrait \u00e0 leur forme sculpturale organique, \u00e0 la chaleur du bois et \u00e0 l&#8217;empreinte d&rsquo;une touche humaine sous la forme de d\u00e9tails sculpt\u00e9s \u00e0 la main. Les bougeoirs Aurora ajouteront de la chaleur et de la convivialit\u00e9 \u00e0 une table \u00e0 manger ou \u00e0 tout autre coin de la maison.<\/p>\n","protected":false},"featured_media":16744,"template":"","meta":{"_acf_changed":false,"_monsterinsights_skip_tracking":false,"_monsterinsights_sitenote_active":false,"_monsterinsights_sitenote_note":"","_monsterinsights_sitenote_category":0},"product_brand":[],"product_cat":[865,874,2514],"product_tag":[],"class_list":{"0":"post-8567","1":"product","2":"type-product","3":"status-publish","4":"has-post-thumbnail","6":"product_cat-accessoires","7":"product_cat-gift-shop-fr","8":"product_cat-bougeoirs","10":"first","11":"onbackorder","12":"taxable","13":"shipping-taxable","14":"purchasable","15":"product-type-variable","16":"has-default-attributes"},"acf":[],"yoast_head":"<!-- This site is optimized with the Yoast SEO plugin v26.4 - https:\/\/yoast.com\/wordpress\/plugins\/seo\/ -->\n<title>Bougeoir Aurora - ZANAT<\/title>\n<meta name=\"robots\" content=\"index, follow, max-snippet:-1, max-image-preview:large, max-video-preview:-1\" \/>\n<link rel=\"canonical\" href=\"https:\/\/zanat.org\/fr\/article\/aurora-candle-holder\/\" \/>\n<meta property=\"og:locale\" content=\"fr_FR\" \/>\n<meta property=\"og:type\" content=\"article\" \/>\n<meta property=\"og:title\" content=\"Bougeoir Aurora - ZANAT\" \/>\n<meta property=\"og:description\" content=\"Les bougeoirs Aurora doivent leur attrait \u00e0 leur forme sculpturale organique, \u00e0 la chaleur du bois et \u00e0 l&#8217;empreinte d&rsquo;une touche humaine sous la forme de d\u00e9tails sculpt\u00e9s \u00e0 la main. Les bougeoirs Aurora ajouteront de la chaleur et de la convivialit\u00e9 \u00e0 une table \u00e0 manger ou \u00e0 tout autre coin de la maison.\" \/>\n<meta property=\"og:url\" content=\"https:\/\/zanat.org\/fr\/article\/aurora-candle-holder\/\" \/>\n<meta property=\"og:site_name\" content=\"ZANAT\" \/>\n<meta property=\"article:modified_time\" content=\"2023-06-19T21:39:55+00:00\" \/>\n<meta property=\"og:image\" content=\"https:\/\/zanat.org\/wp-content\/uploads\/2021\/08\/aurora-candle-holder-small-palomba-zanat-maple-ws-dsc8043-12-copy-compress.jpg\" \/>\n\t<meta property=\"og:image:width\" content=\"2400\" \/>\n\t<meta property=\"og:image:height\" content=\"1800\" \/>\n\t<meta property=\"og:image:type\" content=\"image\/jpeg\" \/>\n<meta name=\"twitter:card\" content=\"summary_large_image\" \/>\n<meta name=\"twitter:label1\" content=\"Dur\u00e9e de lecture estim\u00e9e\" \/>\n\t<meta name=\"twitter:data1\" content=\"1 minute\" \/>\n<script type=\"application\/ld+json\" class=\"yoast-schema-graph\">{\"@context\":\"https:\/\/schema.org\",\"@graph\":[{\"@type\":\"WebPage\",\"@id\":\"https:\/\/zanat.org\/fr\/article\/aurora-candle-holder\/\",\"url\":\"https:\/\/zanat.org\/fr\/article\/aurora-candle-holder\/\",\"name\":\"Bougeoir Aurora - ZANAT\",\"isPartOf\":{\"@id\":\"https:\/\/staging.zanat.org\/fr\/#website\"},\"primaryImageOfPage\":{\"@id\":\"https:\/\/zanat.org\/fr\/article\/aurora-candle-holder\/#primaryimage\"},\"image\":{\"@id\":\"https:\/\/zanat.org\/fr\/article\/aurora-candle-holder\/#primaryimage\"},\"thumbnailUrl\":\"https:\/\/zanat.org\/wp-content\/uploads\/2021\/08\/aurora-candle-holder-small-palomba-zanat-maple-ws-dsc8043-12-copy-compress.jpg\",\"datePublished\":\"2021-08-18T13:33:14+00:00\",\"dateModified\":\"2023-06-19T21:39:55+00:00\",\"breadcrumb\":{\"@id\":\"https:\/\/zanat.org\/fr\/article\/aurora-candle-holder\/#breadcrumb\"},\"inLanguage\":\"fr-FR\",\"potentialAction\":[{\"@type\":\"ReadAction\",\"target\":[\"https:\/\/zanat.org\/fr\/article\/aurora-candle-holder\/\"]}]},{\"@type\":\"ImageObject\",\"inLanguage\":\"fr-FR\",\"@id\":\"https:\/\/zanat.org\/fr\/article\/aurora-candle-holder\/#primaryimage\",\"url\":\"https:\/\/zanat.org\/wp-content\/uploads\/2021\/08\/aurora-candle-holder-small-palomba-zanat-maple-ws-dsc8043-12-copy-compress.jpg\",\"contentUrl\":\"https:\/\/zanat.org\/wp-content\/uploads\/2021\/08\/aurora-candle-holder-small-palomba-zanat-maple-ws-dsc8043-12-copy-compress.jpg\",\"width\":2400,\"height\":1800},{\"@type\":\"BreadcrumbList\",\"@id\":\"https:\/\/zanat.org\/fr\/article\/aurora-candle-holder\/#breadcrumb\",\"itemListElement\":[{\"@type\":\"ListItem\",\"position\":1,\"name\":\"Zanat\",\"item\":\"https:\/\/staging.zanat.org\/fr\/\"},{\"@type\":\"ListItem\",\"position\":2,\"name\":\"Boutique\",\"item\":\"https:\/\/staging.zanat.org\/fr\/boutique\/\"},{\"@type\":\"ListItem\",\"position\":3,\"name\":\"Boutique de cadeaux\",\"item\":\"https:\/\/zanat.org\/fr\/categorie-produit\/gift-shop-fr\/\"},{\"@type\":\"ListItem\",\"position\":4,\"name\":\"Bougeoir Aurora\"}]},{\"@type\":\"WebSite\",\"@id\":\"https:\/\/staging.zanat.org\/fr\/#website\",\"url\":\"https:\/\/staging.zanat.org\/fr\/\",\"name\":\"ZANAT\",\"description\":\"Improve your home &amp; improve our world\",\"potentialAction\":[{\"@type\":\"SearchAction\",\"target\":{\"@type\":\"EntryPoint\",\"urlTemplate\":\"https:\/\/staging.zanat.org\/fr\/?s={search_term_string}\"},\"query-input\":{\"@type\":\"PropertyValueSpecification\",\"valueRequired\":true,\"valueName\":\"search_term_string\"}}],\"inLanguage\":\"fr-FR\"}]}<\/script>\n<!-- \/ Yoast SEO plugin. -->","yoast_head_json":{"title":"Bougeoir Aurora - ZANAT","robots":{"index":"index","follow":"follow","max-snippet":"max-snippet:-1","max-image-preview":"max-image-preview:large","max-video-preview":"max-video-preview:-1"},"canonical":"https:\/\/zanat.org\/fr\/article\/aurora-candle-holder\/","og_locale":"fr_FR","og_type":"article","og_title":"Bougeoir Aurora - ZANAT","og_description":"Les bougeoirs Aurora doivent leur attrait \u00e0 leur forme sculpturale organique, \u00e0 la chaleur du bois et \u00e0 l&#8217;empreinte d&rsquo;une touche humaine sous la forme de d\u00e9tails sculpt\u00e9s \u00e0 la main. Les bougeoirs Aurora ajouteront de la chaleur et de la convivialit\u00e9 \u00e0 une table \u00e0 manger ou \u00e0 tout autre coin de la maison.","og_url":"https:\/\/zanat.org\/fr\/article\/aurora-candle-holder\/","og_site_name":"ZANAT","article_modified_time":"2023-06-19T21:39:55+00:00","og_image":[{"width":2400,"height":1800,"url":"https:\/\/zanat.org\/wp-content\/uploads\/2021\/08\/aurora-candle-holder-small-palomba-zanat-maple-ws-dsc8043-12-copy-compress.jpg","type":"image\/jpeg"}],"twitter_card":"summary_large_image","twitter_misc":{"Dur\u00e9e de lecture estim\u00e9e":"1 minute"},"schema":{"@context":"https:\/\/schema.org","@graph":[{"@type":"WebPage","@id":"https:\/\/zanat.org\/fr\/article\/aurora-candle-holder\/","url":"https:\/\/zanat.org\/fr\/article\/aurora-candle-holder\/","name":"Bougeoir Aurora - ZANAT","isPartOf":{"@id":"https:\/\/staging.zanat.org\/fr\/#website"},"primaryImageOfPage":{"@id":"https:\/\/zanat.org\/fr\/article\/aurora-candle-holder\/#primaryimage"},"image":{"@id":"https:\/\/zanat.org\/fr\/article\/aurora-candle-holder\/#primaryimage"},"thumbnailUrl":"https:\/\/zanat.org\/wp-content\/uploads\/2021\/08\/aurora-candle-holder-small-palomba-zanat-maple-ws-dsc8043-12-copy-compress.jpg","datePublished":"2021-08-18T13:33:14+00:00","dateModified":"2023-06-19T21:39:55+00:00","breadcrumb":{"@id":"https:\/\/zanat.org\/fr\/article\/aurora-candle-holder\/#breadcrumb"},"inLanguage":"fr-FR","potentialAction":[{"@type":"ReadAction","target":["https:\/\/zanat.org\/fr\/article\/aurora-candle-holder\/"]}]},{"@type":"ImageObject","inLanguage":"fr-FR","@id":"https:\/\/zanat.org\/fr\/article\/aurora-candle-holder\/#primaryimage","url":"https:\/\/zanat.org\/wp-content\/uploads\/2021\/08\/aurora-candle-holder-small-palomba-zanat-maple-ws-dsc8043-12-copy-compress.jpg","contentUrl":"https:\/\/zanat.org\/wp-content\/uploads\/2021\/08\/aurora-candle-holder-small-palomba-zanat-maple-ws-dsc8043-12-copy-compress.jpg","width":2400,"height":1800},{"@type":"BreadcrumbList","@id":"https:\/\/zanat.org\/fr\/article\/aurora-candle-holder\/#breadcrumb","itemListElement":[{"@type":"ListItem","position":1,"name":"Zanat","item":"https:\/\/staging.zanat.org\/fr\/"},{"@type":"ListItem","position":2,"name":"Boutique","item":"https:\/\/staging.zanat.org\/fr\/boutique\/"},{"@type":"ListItem","position":3,"name":"Boutique de cadeaux","item":"https:\/\/zanat.org\/fr\/categorie-produit\/gift-shop-fr\/"},{"@type":"ListItem","position":4,"name":"Bougeoir Aurora"}]},{"@type":"WebSite","@id":"https:\/\/staging.zanat.org\/fr\/#website","url":"https:\/\/staging.zanat.org\/fr\/","name":"ZANAT","description":"Improve your home &amp; improve our world","potentialAction":[{"@type":"SearchAction","target":{"@type":"EntryPoint","urlTemplate":"https:\/\/staging.zanat.org\/fr\/?s={search_term_string}"},"query-input":{"@type":"PropertyValueSpecification","valueRequired":true,"valueName":"search_term_string"}}],"inLanguage":"fr-FR"}]}},"_links":{"self":[{"href":"https:\/\/zanat.org\/fr\/wp-json\/wp\/v2\/product\/8567","targetHints":{"allow":["GET"]}}],"collection":[{"href":"https:\/\/zanat.org\/fr\/wp-json\/wp\/v2\/product"}],"about":[{"href":"https:\/\/zanat.org\/fr\/wp-json\/wp\/v2\/types\/product"}],"wp:featuredmedia":[{"embeddable":true,"href":"https:\/\/zanat.org\/fr\/wp-json\/wp\/v2\/media\/16744"}],"wp:attachment":[{"href":"https:\/\/zanat.org\/fr\/wp-json\/wp\/v2\/media?parent=8567"}],"wp:term":[{"taxonomy":"product_brand","embeddable":true,"href":"https:\/\/zanat.org\/fr\/wp-json\/wp\/v2\/product_brand?post=8567"},{"taxonomy":"product_cat","embeddable":true,"href":"https:\/\/zanat.org\/fr\/wp-json\/wp\/v2\/product_cat?post=8567"},{"taxonomy":"product_tag","embeddable":true,"href":"https:\/\/zanat.org\/fr\/wp-json\/wp\/v2\/product_tag?post=8567"}],"curies":[{"name":"wp","href":"https:\/\/api.w.org\/{rel}","templated":true}]}}