{"id":8508,"date":"2021-08-18T15:29:48","date_gmt":"2021-08-18T13:29:48","guid":{"rendered":"https:\/\/zanat.org\/product\/bols-et-plateaux-alimentaires-touch\/"},"modified":"2023-06-20T10:28:12","modified_gmt":"2023-06-20T08:28:12","slug":"touch-bowls-and-food-platters","status":"publish","type":"product","link":"https:\/\/zanat.org\/fr\/article\/touch-bowls-and-food-platters\/","title":{"rendered":"Plateaux alimentaires Touch"},"content":{"rendered":"<p>Les bols et les plateaux \u00e0 nourriture Touch sont le r\u00e9sultat de notre dialogue continu avec Ilse Crawford, Oscar Pe\u00f1a et leurs associ\u00e9s au Studioilse sur la tactilit\u00e9 en tant que besoin humain essentiel et sur la fa\u00e7on dont sa perte continue par la num\u00e9risation rapide de notre monde peut \u00eatre compens\u00e9e par la conception d&rsquo;objets physiques pour les int\u00e9rieurs. L&rsquo;objectif ici \u00e9tait de cr\u00e9er des objets simples qui peuvent ajouter de la chaleur et de la tactilit\u00e9 \u00e0 l&rsquo;exp\u00e9rience de la cuisine et des repas \u00e0 la maison. Les plateaux et les bols en noyer sont finis uniquement avec de la cire d&rsquo;abeille, une finition de bois naturelle r\u00e9sistante aux aliments qui peut \u00eatre rafra\u00eechie de temps en temps \u00e0 la maison. Les bols sont \u00e9galement disponibles dans une teinte noire avec une couche de laque mate \u00e9co-proof sur le dessus.<\/p>\n","protected":false},"excerpt":{"rendered":"<p>Les bols et les plateaux \u00e0 nourriture Touch sont le r\u00e9sultat de notre dialogue continu avec Ilse Crawford, Oscar Pe\u00f1a et leurs associ\u00e9s au Studioilse sur la tactilit\u00e9 en tant que besoin humain essentiel et sur la fa\u00e7on dont sa perte continue par la num\u00e9risation rapide de notre monde peut \u00eatre compens\u00e9e par la conception [&hellip;]<\/p>\n","protected":false},"featured_media":16112,"template":"","meta":{"_acf_changed":false,"_monsterinsights_skip_tracking":false,"_monsterinsights_sitenote_active":false,"_monsterinsights_sitenote_note":"","_monsterinsights_sitenote_category":0},"product_brand":[],"product_cat":[865,874,2513],"product_tag":[],"class_list":{"0":"post-8508","1":"product","2":"type-product","3":"status-publish","4":"has-post-thumbnail","6":"product_cat-accessoires","7":"product_cat-gift-shop-fr","8":"product_cat-plateaux","10":"first","11":"onbackorder","12":"taxable","13":"shipping-taxable","14":"purchasable","15":"product-type-variable","16":"has-default-attributes"},"acf":[],"yoast_head":"<!-- This site is optimized with the Yoast SEO plugin v26.4 - https:\/\/yoast.com\/wordpress\/plugins\/seo\/ -->\n<title>Plateaux alimentaires Touch - ZANAT<\/title>\n<meta name=\"robots\" content=\"index, follow, max-snippet:-1, max-image-preview:large, max-video-preview:-1\" \/>\n<link rel=\"canonical\" href=\"https:\/\/zanat.org\/fr\/article\/touch-bowls-and-food-platters\/\" \/>\n<meta property=\"og:locale\" content=\"fr_FR\" \/>\n<meta property=\"og:type\" content=\"article\" \/>\n<meta property=\"og:title\" content=\"Plateaux alimentaires Touch - ZANAT\" \/>\n<meta property=\"og:description\" content=\"Les bols et les plateaux \u00e0 nourriture Touch sont le r\u00e9sultat de notre dialogue continu avec Ilse Crawford, Oscar Pe\u00f1a et leurs associ\u00e9s au Studioilse sur la tactilit\u00e9 en tant que besoin humain essentiel et sur la fa\u00e7on dont sa perte continue par la num\u00e9risation rapide de notre monde peut \u00eatre compens\u00e9e par la conception [&hellip;]\" \/>\n<meta property=\"og:url\" content=\"https:\/\/zanat.org\/fr\/article\/touch-bowls-and-food-platters\/\" \/>\n<meta property=\"og:site_name\" content=\"ZANAT\" \/>\n<meta property=\"article:modified_time\" content=\"2023-06-20T08:28:12+00:00\" \/>\n<meta property=\"og:image\" content=\"https:\/\/zanat.org\/wp-content\/uploads\/2021\/08\/touch-food-platter-oval-small-studioilse-zanat-walnut-ssp-587-radna-compress.jpg\" \/>\n\t<meta property=\"og:image:width\" content=\"2400\" \/>\n\t<meta property=\"og:image:height\" content=\"1800\" \/>\n\t<meta property=\"og:image:type\" content=\"image\/jpeg\" \/>\n<meta name=\"twitter:card\" content=\"summary_large_image\" \/>\n<meta name=\"twitter:label1\" content=\"Dur\u00e9e de lecture estim\u00e9e\" \/>\n\t<meta name=\"twitter:data1\" content=\"1 minute\" \/>\n<script type=\"application\/ld+json\" class=\"yoast-schema-graph\">{\"@context\":\"https:\/\/schema.org\",\"@graph\":[{\"@type\":\"WebPage\",\"@id\":\"https:\/\/zanat.org\/fr\/article\/touch-bowls-and-food-platters\/\",\"url\":\"https:\/\/zanat.org\/fr\/article\/touch-bowls-and-food-platters\/\",\"name\":\"Plateaux alimentaires Touch - ZANAT\",\"isPartOf\":{\"@id\":\"https:\/\/staging.zanat.org\/fr\/#website\"},\"primaryImageOfPage\":{\"@id\":\"https:\/\/zanat.org\/fr\/article\/touch-bowls-and-food-platters\/#primaryimage\"},\"image\":{\"@id\":\"https:\/\/zanat.org\/fr\/article\/touch-bowls-and-food-platters\/#primaryimage\"},\"thumbnailUrl\":\"https:\/\/zanat.org\/wp-content\/uploads\/2021\/08\/touch-food-platter-oval-small-studioilse-zanat-walnut-ssp-587-radna-compress.jpg\",\"datePublished\":\"2021-08-18T13:29:48+00:00\",\"dateModified\":\"2023-06-20T08:28:12+00:00\",\"breadcrumb\":{\"@id\":\"https:\/\/zanat.org\/fr\/article\/touch-bowls-and-food-platters\/#breadcrumb\"},\"inLanguage\":\"fr-FR\",\"potentialAction\":[{\"@type\":\"ReadAction\",\"target\":[\"https:\/\/zanat.org\/fr\/article\/touch-bowls-and-food-platters\/\"]}]},{\"@type\":\"ImageObject\",\"inLanguage\":\"fr-FR\",\"@id\":\"https:\/\/zanat.org\/fr\/article\/touch-bowls-and-food-platters\/#primaryimage\",\"url\":\"https:\/\/zanat.org\/wp-content\/uploads\/2021\/08\/touch-food-platter-oval-small-studioilse-zanat-walnut-ssp-587-radna-compress.jpg\",\"contentUrl\":\"https:\/\/zanat.org\/wp-content\/uploads\/2021\/08\/touch-food-platter-oval-small-studioilse-zanat-walnut-ssp-587-radna-compress.jpg\",\"width\":2400,\"height\":1800},{\"@type\":\"BreadcrumbList\",\"@id\":\"https:\/\/zanat.org\/fr\/article\/touch-bowls-and-food-platters\/#breadcrumb\",\"itemListElement\":[{\"@type\":\"ListItem\",\"position\":1,\"name\":\"Zanat\",\"item\":\"https:\/\/staging.zanat.org\/fr\/\"},{\"@type\":\"ListItem\",\"position\":2,\"name\":\"Boutique\",\"item\":\"https:\/\/staging.zanat.org\/fr\/boutique\/\"},{\"@type\":\"ListItem\",\"position\":3,\"name\":\"Boutique de cadeaux\",\"item\":\"https:\/\/zanat.org\/fr\/categorie-produit\/gift-shop-fr\/\"},{\"@type\":\"ListItem\",\"position\":4,\"name\":\"Plateaux alimentaires Touch\"}]},{\"@type\":\"WebSite\",\"@id\":\"https:\/\/staging.zanat.org\/fr\/#website\",\"url\":\"https:\/\/staging.zanat.org\/fr\/\",\"name\":\"ZANAT\",\"description\":\"Improve your home &amp; improve our world\",\"potentialAction\":[{\"@type\":\"SearchAction\",\"target\":{\"@type\":\"EntryPoint\",\"urlTemplate\":\"https:\/\/staging.zanat.org\/fr\/?s={search_term_string}\"},\"query-input\":{\"@type\":\"PropertyValueSpecification\",\"valueRequired\":true,\"valueName\":\"search_term_string\"}}],\"inLanguage\":\"fr-FR\"}]}<\/script>\n<!-- \/ Yoast SEO plugin. -->","yoast_head_json":{"title":"Plateaux alimentaires Touch - ZANAT","robots":{"index":"index","follow":"follow","max-snippet":"max-snippet:-1","max-image-preview":"max-image-preview:large","max-video-preview":"max-video-preview:-1"},"canonical":"https:\/\/zanat.org\/fr\/article\/touch-bowls-and-food-platters\/","og_locale":"fr_FR","og_type":"article","og_title":"Plateaux alimentaires Touch - ZANAT","og_description":"Les bols et les plateaux \u00e0 nourriture Touch sont le r\u00e9sultat de notre dialogue continu avec Ilse Crawford, Oscar Pe\u00f1a et leurs associ\u00e9s au Studioilse sur la tactilit\u00e9 en tant que besoin humain essentiel et sur la fa\u00e7on dont sa perte continue par la num\u00e9risation rapide de notre monde peut \u00eatre compens\u00e9e par la conception [&hellip;]","og_url":"https:\/\/zanat.org\/fr\/article\/touch-bowls-and-food-platters\/","og_site_name":"ZANAT","article_modified_time":"2023-06-20T08:28:12+00:00","og_image":[{"width":2400,"height":1800,"url":"https:\/\/zanat.org\/wp-content\/uploads\/2021\/08\/touch-food-platter-oval-small-studioilse-zanat-walnut-ssp-587-radna-compress.jpg","type":"image\/jpeg"}],"twitter_card":"summary_large_image","twitter_misc":{"Dur\u00e9e de lecture estim\u00e9e":"1 minute"},"schema":{"@context":"https:\/\/schema.org","@graph":[{"@type":"WebPage","@id":"https:\/\/zanat.org\/fr\/article\/touch-bowls-and-food-platters\/","url":"https:\/\/zanat.org\/fr\/article\/touch-bowls-and-food-platters\/","name":"Plateaux alimentaires Touch - ZANAT","isPartOf":{"@id":"https:\/\/staging.zanat.org\/fr\/#website"},"primaryImageOfPage":{"@id":"https:\/\/zanat.org\/fr\/article\/touch-bowls-and-food-platters\/#primaryimage"},"image":{"@id":"https:\/\/zanat.org\/fr\/article\/touch-bowls-and-food-platters\/#primaryimage"},"thumbnailUrl":"https:\/\/zanat.org\/wp-content\/uploads\/2021\/08\/touch-food-platter-oval-small-studioilse-zanat-walnut-ssp-587-radna-compress.jpg","datePublished":"2021-08-18T13:29:48+00:00","dateModified":"2023-06-20T08:28:12+00:00","breadcrumb":{"@id":"https:\/\/zanat.org\/fr\/article\/touch-bowls-and-food-platters\/#breadcrumb"},"inLanguage":"fr-FR","potentialAction":[{"@type":"ReadAction","target":["https:\/\/zanat.org\/fr\/article\/touch-bowls-and-food-platters\/"]}]},{"@type":"ImageObject","inLanguage":"fr-FR","@id":"https:\/\/zanat.org\/fr\/article\/touch-bowls-and-food-platters\/#primaryimage","url":"https:\/\/zanat.org\/wp-content\/uploads\/2021\/08\/touch-food-platter-oval-small-studioilse-zanat-walnut-ssp-587-radna-compress.jpg","contentUrl":"https:\/\/zanat.org\/wp-content\/uploads\/2021\/08\/touch-food-platter-oval-small-studioilse-zanat-walnut-ssp-587-radna-compress.jpg","width":2400,"height":1800},{"@type":"BreadcrumbList","@id":"https:\/\/zanat.org\/fr\/article\/touch-bowls-and-food-platters\/#breadcrumb","itemListElement":[{"@type":"ListItem","position":1,"name":"Zanat","item":"https:\/\/staging.zanat.org\/fr\/"},{"@type":"ListItem","position":2,"name":"Boutique","item":"https:\/\/staging.zanat.org\/fr\/boutique\/"},{"@type":"ListItem","position":3,"name":"Boutique de cadeaux","item":"https:\/\/zanat.org\/fr\/categorie-produit\/gift-shop-fr\/"},{"@type":"ListItem","position":4,"name":"Plateaux alimentaires Touch"}]},{"@type":"WebSite","@id":"https:\/\/staging.zanat.org\/fr\/#website","url":"https:\/\/staging.zanat.org\/fr\/","name":"ZANAT","description":"Improve your home &amp; improve our world","potentialAction":[{"@type":"SearchAction","target":{"@type":"EntryPoint","urlTemplate":"https:\/\/staging.zanat.org\/fr\/?s={search_term_string}"},"query-input":{"@type":"PropertyValueSpecification","valueRequired":true,"valueName":"search_term_string"}}],"inLanguage":"fr-FR"}]}},"_links":{"self":[{"href":"https:\/\/zanat.org\/fr\/wp-json\/wp\/v2\/product\/8508","targetHints":{"allow":["GET"]}}],"collection":[{"href":"https:\/\/zanat.org\/fr\/wp-json\/wp\/v2\/product"}],"about":[{"href":"https:\/\/zanat.org\/fr\/wp-json\/wp\/v2\/types\/product"}],"wp:featuredmedia":[{"embeddable":true,"href":"https:\/\/zanat.org\/fr\/wp-json\/wp\/v2\/media\/16112"}],"wp:attachment":[{"href":"https:\/\/zanat.org\/fr\/wp-json\/wp\/v2\/media?parent=8508"}],"wp:term":[{"taxonomy":"product_brand","embeddable":true,"href":"https:\/\/zanat.org\/fr\/wp-json\/wp\/v2\/product_brand?post=8508"},{"taxonomy":"product_cat","embeddable":true,"href":"https:\/\/zanat.org\/fr\/wp-json\/wp\/v2\/product_cat?post=8508"},{"taxonomy":"product_tag","embeddable":true,"href":"https:\/\/zanat.org\/fr\/wp-json\/wp\/v2\/product_tag?post=8508"}],"curies":[{"name":"wp","href":"https:\/\/api.w.org\/{rel}","templated":true}]}}