{"id":8477,"date":"2021-08-18T15:31:31","date_gmt":"2021-08-18T13:31:31","guid":{"rendered":"https:\/\/zanat.org\/product\/plateaux-kioko\/"},"modified":"2023-06-20T10:27:19","modified_gmt":"2023-06-20T08:27:19","slug":"kioko-trays","status":"publish","type":"product","link":"https:\/\/zanat.org\/fr\/article\/kioko-trays\/","title":{"rendered":"Plateaux Kioko"},"content":{"rendered":"<p>Les plateaux Kioko communiquent la sophistication par un design minimaliste et un artisanat de qualit\u00e9. L&rsquo;int\u00e9rieur d&rsquo;un mod\u00e8le de plateau est sculpt\u00e9 \u00e0 la main avec un motif en damier, de sorte que ce plateau de service peut \u00e9galement servir d&rsquo;\u00e9chiquier pratique pour une partie d&rsquo;\u00e9checs spontan\u00e9e sur le canap\u00e9 ou la terrasse. Plus simple, mais tout aussi attrayante, l&rsquo;autre version du plateau comporte un carr\u00e9 sculpt\u00e9 \u00e0 la main en son centre. Les parois des plateaux sont \u00e9galement sculpt\u00e9es \u00e0 la main \u00e0 l&rsquo;ext\u00e9rieur pour un aspect plus \u00e9l\u00e9gant.<\/p>\n","protected":false},"excerpt":{"rendered":"<p>Les plateaux Kioko communiquent la sophistication par un design minimaliste et un artisanat de qualit\u00e9. L&rsquo;int\u00e9rieur d&rsquo;un mod\u00e8le de plateau est sculpt\u00e9 \u00e0 la main avec un motif en damier, de sorte que ce plateau de service peut \u00e9galement servir d&rsquo;\u00e9chiquier pratique pour une partie d&rsquo;\u00e9checs spontan\u00e9e sur le canap\u00e9 ou la terrasse. Plus simple, [&hellip;]<\/p>\n","protected":false},"featured_media":16098,"template":"","meta":{"_acf_changed":false,"_monsterinsights_skip_tracking":false,"_monsterinsights_sitenote_active":false,"_monsterinsights_sitenote_note":"","_monsterinsights_sitenote_category":0},"product_brand":[],"product_cat":[865,874,2513],"product_tag":[],"class_list":{"0":"post-8477","1":"product","2":"type-product","3":"status-publish","4":"has-post-thumbnail","6":"product_cat-accessoires","7":"product_cat-gift-shop-fr","8":"product_cat-plateaux","10":"first","11":"onbackorder","12":"taxable","13":"shipping-taxable","14":"purchasable","15":"product-type-simple"},"acf":[],"yoast_head":"<!-- This site is optimized with the Yoast SEO plugin v26.4 - https:\/\/yoast.com\/wordpress\/plugins\/seo\/ -->\n<title>Plateaux Kioko - ZANAT<\/title>\n<meta name=\"robots\" content=\"index, follow, max-snippet:-1, max-image-preview:large, max-video-preview:-1\" \/>\n<link rel=\"canonical\" href=\"https:\/\/zanat.org\/fr\/article\/kioko-trays\/\" \/>\n<meta property=\"og:locale\" content=\"fr_FR\" \/>\n<meta property=\"og:type\" content=\"article\" \/>\n<meta property=\"og:title\" content=\"Plateaux Kioko - ZANAT\" \/>\n<meta property=\"og:description\" content=\"Les plateaux Kioko communiquent la sophistication par un design minimaliste et un artisanat de qualit\u00e9. L&rsquo;int\u00e9rieur d&rsquo;un mod\u00e8le de plateau est sculpt\u00e9 \u00e0 la main avec un motif en damier, de sorte que ce plateau de service peut \u00e9galement servir d&rsquo;\u00e9chiquier pratique pour une partie d&rsquo;\u00e9checs spontan\u00e9e sur le canap\u00e9 ou la terrasse. Plus simple, [&hellip;]\" \/>\n<meta property=\"og:url\" content=\"https:\/\/zanat.org\/fr\/article\/kioko-trays\/\" \/>\n<meta property=\"og:site_name\" content=\"ZANAT\" \/>\n<meta property=\"article:modified_time\" content=\"2023-06-20T08:27:19+00:00\" \/>\n<meta property=\"og:image\" content=\"https:\/\/zanat.org\/wp-content\/uploads\/2022\/09\/kioko-tray-jean-marie-massaud-zanat-maple-dsc9826-compress.jpg\" \/>\n\t<meta property=\"og:image:width\" content=\"2400\" \/>\n\t<meta property=\"og:image:height\" content=\"1800\" \/>\n\t<meta property=\"og:image:type\" content=\"image\/jpeg\" \/>\n<meta name=\"twitter:card\" content=\"summary_large_image\" \/>\n<meta name=\"twitter:label1\" content=\"Dur\u00e9e de lecture estim\u00e9e\" \/>\n\t<meta name=\"twitter:data1\" content=\"1 minute\" \/>\n<script type=\"application\/ld+json\" class=\"yoast-schema-graph\">{\"@context\":\"https:\/\/schema.org\",\"@graph\":[{\"@type\":\"WebPage\",\"@id\":\"https:\/\/zanat.org\/fr\/article\/kioko-trays\/\",\"url\":\"https:\/\/zanat.org\/fr\/article\/kioko-trays\/\",\"name\":\"Plateaux Kioko - ZANAT\",\"isPartOf\":{\"@id\":\"https:\/\/staging.zanat.org\/fr\/#website\"},\"primaryImageOfPage\":{\"@id\":\"https:\/\/zanat.org\/fr\/article\/kioko-trays\/#primaryimage\"},\"image\":{\"@id\":\"https:\/\/zanat.org\/fr\/article\/kioko-trays\/#primaryimage\"},\"thumbnailUrl\":\"https:\/\/zanat.org\/wp-content\/uploads\/2022\/09\/kioko-tray-jean-marie-massaud-zanat-maple-dsc9826-compress.jpg\",\"datePublished\":\"2021-08-18T13:31:31+00:00\",\"dateModified\":\"2023-06-20T08:27:19+00:00\",\"breadcrumb\":{\"@id\":\"https:\/\/zanat.org\/fr\/article\/kioko-trays\/#breadcrumb\"},\"inLanguage\":\"fr-FR\",\"potentialAction\":[{\"@type\":\"ReadAction\",\"target\":[\"https:\/\/zanat.org\/fr\/article\/kioko-trays\/\"]}]},{\"@type\":\"ImageObject\",\"inLanguage\":\"fr-FR\",\"@id\":\"https:\/\/zanat.org\/fr\/article\/kioko-trays\/#primaryimage\",\"url\":\"https:\/\/zanat.org\/wp-content\/uploads\/2022\/09\/kioko-tray-jean-marie-massaud-zanat-maple-dsc9826-compress.jpg\",\"contentUrl\":\"https:\/\/zanat.org\/wp-content\/uploads\/2022\/09\/kioko-tray-jean-marie-massaud-zanat-maple-dsc9826-compress.jpg\",\"width\":2400,\"height\":1800},{\"@type\":\"BreadcrumbList\",\"@id\":\"https:\/\/zanat.org\/fr\/article\/kioko-trays\/#breadcrumb\",\"itemListElement\":[{\"@type\":\"ListItem\",\"position\":1,\"name\":\"Zanat\",\"item\":\"https:\/\/staging.zanat.org\/fr\/\"},{\"@type\":\"ListItem\",\"position\":2,\"name\":\"Boutique\",\"item\":\"https:\/\/staging.zanat.org\/fr\/boutique\/\"},{\"@type\":\"ListItem\",\"position\":3,\"name\":\"Accessoires\",\"item\":\"https:\/\/zanat.org\/fr\/categorie-produit\/accessoires\/\"},{\"@type\":\"ListItem\",\"position\":4,\"name\":\"Plateaux Kioko\"}]},{\"@type\":\"WebSite\",\"@id\":\"https:\/\/staging.zanat.org\/fr\/#website\",\"url\":\"https:\/\/staging.zanat.org\/fr\/\",\"name\":\"ZANAT\",\"description\":\"Improve your home &amp; improve our world\",\"potentialAction\":[{\"@type\":\"SearchAction\",\"target\":{\"@type\":\"EntryPoint\",\"urlTemplate\":\"https:\/\/staging.zanat.org\/fr\/?s={search_term_string}\"},\"query-input\":{\"@type\":\"PropertyValueSpecification\",\"valueRequired\":true,\"valueName\":\"search_term_string\"}}],\"inLanguage\":\"fr-FR\"}]}<\/script>\n<!-- \/ Yoast SEO plugin. -->","yoast_head_json":{"title":"Plateaux Kioko - ZANAT","robots":{"index":"index","follow":"follow","max-snippet":"max-snippet:-1","max-image-preview":"max-image-preview:large","max-video-preview":"max-video-preview:-1"},"canonical":"https:\/\/zanat.org\/fr\/article\/kioko-trays\/","og_locale":"fr_FR","og_type":"article","og_title":"Plateaux Kioko - ZANAT","og_description":"Les plateaux Kioko communiquent la sophistication par un design minimaliste et un artisanat de qualit\u00e9. L&rsquo;int\u00e9rieur d&rsquo;un mod\u00e8le de plateau est sculpt\u00e9 \u00e0 la main avec un motif en damier, de sorte que ce plateau de service peut \u00e9galement servir d&rsquo;\u00e9chiquier pratique pour une partie d&rsquo;\u00e9checs spontan\u00e9e sur le canap\u00e9 ou la terrasse. Plus simple, [&hellip;]","og_url":"https:\/\/zanat.org\/fr\/article\/kioko-trays\/","og_site_name":"ZANAT","article_modified_time":"2023-06-20T08:27:19+00:00","og_image":[{"width":2400,"height":1800,"url":"https:\/\/zanat.org\/wp-content\/uploads\/2022\/09\/kioko-tray-jean-marie-massaud-zanat-maple-dsc9826-compress.jpg","type":"image\/jpeg"}],"twitter_card":"summary_large_image","twitter_misc":{"Dur\u00e9e de lecture estim\u00e9e":"1 minute"},"schema":{"@context":"https:\/\/schema.org","@graph":[{"@type":"WebPage","@id":"https:\/\/zanat.org\/fr\/article\/kioko-trays\/","url":"https:\/\/zanat.org\/fr\/article\/kioko-trays\/","name":"Plateaux Kioko - ZANAT","isPartOf":{"@id":"https:\/\/staging.zanat.org\/fr\/#website"},"primaryImageOfPage":{"@id":"https:\/\/zanat.org\/fr\/article\/kioko-trays\/#primaryimage"},"image":{"@id":"https:\/\/zanat.org\/fr\/article\/kioko-trays\/#primaryimage"},"thumbnailUrl":"https:\/\/zanat.org\/wp-content\/uploads\/2022\/09\/kioko-tray-jean-marie-massaud-zanat-maple-dsc9826-compress.jpg","datePublished":"2021-08-18T13:31:31+00:00","dateModified":"2023-06-20T08:27:19+00:00","breadcrumb":{"@id":"https:\/\/zanat.org\/fr\/article\/kioko-trays\/#breadcrumb"},"inLanguage":"fr-FR","potentialAction":[{"@type":"ReadAction","target":["https:\/\/zanat.org\/fr\/article\/kioko-trays\/"]}]},{"@type":"ImageObject","inLanguage":"fr-FR","@id":"https:\/\/zanat.org\/fr\/article\/kioko-trays\/#primaryimage","url":"https:\/\/zanat.org\/wp-content\/uploads\/2022\/09\/kioko-tray-jean-marie-massaud-zanat-maple-dsc9826-compress.jpg","contentUrl":"https:\/\/zanat.org\/wp-content\/uploads\/2022\/09\/kioko-tray-jean-marie-massaud-zanat-maple-dsc9826-compress.jpg","width":2400,"height":1800},{"@type":"BreadcrumbList","@id":"https:\/\/zanat.org\/fr\/article\/kioko-trays\/#breadcrumb","itemListElement":[{"@type":"ListItem","position":1,"name":"Zanat","item":"https:\/\/staging.zanat.org\/fr\/"},{"@type":"ListItem","position":2,"name":"Boutique","item":"https:\/\/staging.zanat.org\/fr\/boutique\/"},{"@type":"ListItem","position":3,"name":"Accessoires","item":"https:\/\/zanat.org\/fr\/categorie-produit\/accessoires\/"},{"@type":"ListItem","position":4,"name":"Plateaux Kioko"}]},{"@type":"WebSite","@id":"https:\/\/staging.zanat.org\/fr\/#website","url":"https:\/\/staging.zanat.org\/fr\/","name":"ZANAT","description":"Improve your home &amp; improve our world","potentialAction":[{"@type":"SearchAction","target":{"@type":"EntryPoint","urlTemplate":"https:\/\/staging.zanat.org\/fr\/?s={search_term_string}"},"query-input":{"@type":"PropertyValueSpecification","valueRequired":true,"valueName":"search_term_string"}}],"inLanguage":"fr-FR"}]}},"_links":{"self":[{"href":"https:\/\/zanat.org\/fr\/wp-json\/wp\/v2\/product\/8477","targetHints":{"allow":["GET"]}}],"collection":[{"href":"https:\/\/zanat.org\/fr\/wp-json\/wp\/v2\/product"}],"about":[{"href":"https:\/\/zanat.org\/fr\/wp-json\/wp\/v2\/types\/product"}],"wp:featuredmedia":[{"embeddable":true,"href":"https:\/\/zanat.org\/fr\/wp-json\/wp\/v2\/media\/16098"}],"wp:attachment":[{"href":"https:\/\/zanat.org\/fr\/wp-json\/wp\/v2\/media?parent=8477"}],"wp:term":[{"taxonomy":"product_brand","embeddable":true,"href":"https:\/\/zanat.org\/fr\/wp-json\/wp\/v2\/product_brand?post=8477"},{"taxonomy":"product_cat","embeddable":true,"href":"https:\/\/zanat.org\/fr\/wp-json\/wp\/v2\/product_cat?post=8477"},{"taxonomy":"product_tag","embeddable":true,"href":"https:\/\/zanat.org\/fr\/wp-json\/wp\/v2\/product_tag?post=8477"}],"curies":[{"name":"wp","href":"https:\/\/api.w.org\/{rel}","templated":true}]}}