{"id":8371,"date":"2021-08-18T15:13:58","date_gmt":"2021-08-18T13:13:58","guid":{"rendered":"https:\/\/zanat.org\/product\/chaise-igman\/"},"modified":"2023-01-18T11:37:10","modified_gmt":"2023-01-18T10:37:10","slug":"igman-chair-2","status":"publish","type":"product","link":"https:\/\/zanat.org\/fr\/article\/igman-chair-2\/","title":{"rendered":"Chaise Igman"},"content":{"rendered":"<p>La chaise Igman est une chaise souple et l\u00e9g\u00e8re qui combine un cadre en bois massif et une assise et un dossier amovibles rembourr\u00e9s en cuir de selle de 2,2 mm d&rsquo;\u00e9paisseur tann\u00e9 au v\u00e9g\u00e9tal ou dans un choix de tissus. Le design int\u00e8gre de mani\u00e8re transparente l&rsquo;artisanat bosniaque et finlandais et les traditions de travail du bois dans un objet moderne \u00e0 l&rsquo;apparence minimaliste. La chaise existe en version sans accoudoir et avec accoudoirs. Les d\u00e9tails raffin\u00e9s sculpt\u00e9s \u00e0 la main sur les surfaces planes des accoudoirs et de la poutre arri\u00e8re ajoutent au caract\u00e8re et \u00e0 la tactilit\u00e9 de la chaise.<\/p>\n","protected":false},"excerpt":{"rendered":"<p>La chaise Igman est une chaise souple et l\u00e9g\u00e8re qui combine un cadre en bois massif et une assise et un dossier amovibles rembourr\u00e9s en cuir de selle de 2,2 mm d&rsquo;\u00e9paisseur tann\u00e9 au v\u00e9g\u00e9tal ou dans un choix de tissus. Le design int\u00e8gre de mani\u00e8re transparente l&rsquo;artisanat bosniaque et finlandais et les traditions de [&hellip;]<\/p>\n","protected":false},"featured_media":10600,"template":"","meta":{"_acf_changed":false,"_monsterinsights_skip_tracking":false,"_monsterinsights_sitenote_active":false,"_monsterinsights_sitenote_note":"","_monsterinsights_sitenote_category":0},"product_brand":[],"product_cat":[729],"product_tag":[],"class_list":{"0":"post-8371","1":"product","2":"type-product","3":"status-publish","4":"has-post-thumbnail","6":"product_cat-chaises","8":"first","9":"outofstock","10":"taxable","11":"shipping-taxable","12":"product-type-simple"},"acf":[],"yoast_head":"<!-- This site is optimized with the Yoast SEO plugin v26.4 - https:\/\/yoast.com\/wordpress\/plugins\/seo\/ -->\n<title>Chaise Igman - ZANAT<\/title>\n<meta name=\"robots\" content=\"index, follow, max-snippet:-1, max-image-preview:large, max-video-preview:-1\" \/>\n<link rel=\"canonical\" href=\"https:\/\/zanat.org\/fr\/article\/igman-chair-2\/\" \/>\n<meta property=\"og:locale\" content=\"fr_FR\" \/>\n<meta property=\"og:type\" content=\"article\" \/>\n<meta property=\"og:title\" content=\"Chaise Igman - ZANAT\" \/>\n<meta property=\"og:description\" content=\"La chaise Igman est une chaise souple et l\u00e9g\u00e8re qui combine un cadre en bois massif et une assise et un dossier amovibles rembourr\u00e9s en cuir de selle de 2,2 mm d&rsquo;\u00e9paisseur tann\u00e9 au v\u00e9g\u00e9tal ou dans un choix de tissus. Le design int\u00e8gre de mani\u00e8re transparente l&rsquo;artisanat bosniaque et finlandais et les traditions de [&hellip;]\" \/>\n<meta property=\"og:url\" content=\"https:\/\/zanat.org\/fr\/article\/igman-chair-2\/\" \/>\n<meta property=\"og:site_name\" content=\"ZANAT\" \/>\n<meta property=\"article:modified_time\" content=\"2023-01-18T10:37:10+00:00\" \/>\n<meta property=\"og:image\" content=\"https:\/\/zanat.org\/wp-content\/uploads\/2021\/08\/igman-chair-naslovnica-scaled.jpg\" \/>\n\t<meta property=\"og:image:width\" content=\"2560\" \/>\n\t<meta property=\"og:image:height\" content=\"1920\" \/>\n\t<meta property=\"og:image:type\" content=\"image\/jpeg\" \/>\n<meta name=\"twitter:card\" content=\"summary_large_image\" \/>\n<meta name=\"twitter:label1\" content=\"Dur\u00e9e de lecture estim\u00e9e\" \/>\n\t<meta name=\"twitter:data1\" content=\"1 minute\" \/>\n<script type=\"application\/ld+json\" class=\"yoast-schema-graph\">{\"@context\":\"https:\/\/schema.org\",\"@graph\":[{\"@type\":\"WebPage\",\"@id\":\"https:\/\/zanat.org\/fr\/article\/igman-chair-2\/\",\"url\":\"https:\/\/zanat.org\/fr\/article\/igman-chair-2\/\",\"name\":\"Chaise Igman - ZANAT\",\"isPartOf\":{\"@id\":\"https:\/\/staging.zanat.org\/fr\/#website\"},\"primaryImageOfPage\":{\"@id\":\"https:\/\/zanat.org\/fr\/article\/igman-chair-2\/#primaryimage\"},\"image\":{\"@id\":\"https:\/\/zanat.org\/fr\/article\/igman-chair-2\/#primaryimage\"},\"thumbnailUrl\":\"https:\/\/zanat.org\/wp-content\/uploads\/2021\/08\/igman-chair-naslovnica-scaled.jpg\",\"datePublished\":\"2021-08-18T13:13:58+00:00\",\"dateModified\":\"2023-01-18T10:37:10+00:00\",\"breadcrumb\":{\"@id\":\"https:\/\/zanat.org\/fr\/article\/igman-chair-2\/#breadcrumb\"},\"inLanguage\":\"fr-FR\",\"potentialAction\":[{\"@type\":\"ReadAction\",\"target\":[\"https:\/\/zanat.org\/fr\/article\/igman-chair-2\/\"]}]},{\"@type\":\"ImageObject\",\"inLanguage\":\"fr-FR\",\"@id\":\"https:\/\/zanat.org\/fr\/article\/igman-chair-2\/#primaryimage\",\"url\":\"https:\/\/zanat.org\/wp-content\/uploads\/2021\/08\/igman-chair-naslovnica-scaled.jpg\",\"contentUrl\":\"https:\/\/zanat.org\/wp-content\/uploads\/2021\/08\/igman-chair-naslovnica-scaled.jpg\",\"width\":2560,\"height\":1920},{\"@type\":\"BreadcrumbList\",\"@id\":\"https:\/\/zanat.org\/fr\/article\/igman-chair-2\/#breadcrumb\",\"itemListElement\":[{\"@type\":\"ListItem\",\"position\":1,\"name\":\"Zanat\",\"item\":\"https:\/\/staging.zanat.org\/fr\/\"},{\"@type\":\"ListItem\",\"position\":2,\"name\":\"Boutique\",\"item\":\"https:\/\/staging.zanat.org\/fr\/boutique\/\"},{\"@type\":\"ListItem\",\"position\":3,\"name\":\"Chaises\",\"item\":\"https:\/\/zanat.org\/fr\/categorie-produit\/chaises\/\"},{\"@type\":\"ListItem\",\"position\":4,\"name\":\"Chaise Igman\"}]},{\"@type\":\"WebSite\",\"@id\":\"https:\/\/staging.zanat.org\/fr\/#website\",\"url\":\"https:\/\/staging.zanat.org\/fr\/\",\"name\":\"ZANAT\",\"description\":\"Improve your home &amp; improve our world\",\"potentialAction\":[{\"@type\":\"SearchAction\",\"target\":{\"@type\":\"EntryPoint\",\"urlTemplate\":\"https:\/\/staging.zanat.org\/fr\/?s={search_term_string}\"},\"query-input\":{\"@type\":\"PropertyValueSpecification\",\"valueRequired\":true,\"valueName\":\"search_term_string\"}}],\"inLanguage\":\"fr-FR\"}]}<\/script>\n<!-- \/ Yoast SEO plugin. -->","yoast_head_json":{"title":"Chaise Igman - ZANAT","robots":{"index":"index","follow":"follow","max-snippet":"max-snippet:-1","max-image-preview":"max-image-preview:large","max-video-preview":"max-video-preview:-1"},"canonical":"https:\/\/zanat.org\/fr\/article\/igman-chair-2\/","og_locale":"fr_FR","og_type":"article","og_title":"Chaise Igman - ZANAT","og_description":"La chaise Igman est une chaise souple et l\u00e9g\u00e8re qui combine un cadre en bois massif et une assise et un dossier amovibles rembourr\u00e9s en cuir de selle de 2,2 mm d&rsquo;\u00e9paisseur tann\u00e9 au v\u00e9g\u00e9tal ou dans un choix de tissus. Le design int\u00e8gre de mani\u00e8re transparente l&rsquo;artisanat bosniaque et finlandais et les traditions de [&hellip;]","og_url":"https:\/\/zanat.org\/fr\/article\/igman-chair-2\/","og_site_name":"ZANAT","article_modified_time":"2023-01-18T10:37:10+00:00","og_image":[{"width":2560,"height":1920,"url":"https:\/\/zanat.org\/wp-content\/uploads\/2021\/08\/igman-chair-naslovnica-scaled.jpg","type":"image\/jpeg"}],"twitter_card":"summary_large_image","twitter_misc":{"Dur\u00e9e de lecture estim\u00e9e":"1 minute"},"schema":{"@context":"https:\/\/schema.org","@graph":[{"@type":"WebPage","@id":"https:\/\/zanat.org\/fr\/article\/igman-chair-2\/","url":"https:\/\/zanat.org\/fr\/article\/igman-chair-2\/","name":"Chaise Igman - ZANAT","isPartOf":{"@id":"https:\/\/staging.zanat.org\/fr\/#website"},"primaryImageOfPage":{"@id":"https:\/\/zanat.org\/fr\/article\/igman-chair-2\/#primaryimage"},"image":{"@id":"https:\/\/zanat.org\/fr\/article\/igman-chair-2\/#primaryimage"},"thumbnailUrl":"https:\/\/zanat.org\/wp-content\/uploads\/2021\/08\/igman-chair-naslovnica-scaled.jpg","datePublished":"2021-08-18T13:13:58+00:00","dateModified":"2023-01-18T10:37:10+00:00","breadcrumb":{"@id":"https:\/\/zanat.org\/fr\/article\/igman-chair-2\/#breadcrumb"},"inLanguage":"fr-FR","potentialAction":[{"@type":"ReadAction","target":["https:\/\/zanat.org\/fr\/article\/igman-chair-2\/"]}]},{"@type":"ImageObject","inLanguage":"fr-FR","@id":"https:\/\/zanat.org\/fr\/article\/igman-chair-2\/#primaryimage","url":"https:\/\/zanat.org\/wp-content\/uploads\/2021\/08\/igman-chair-naslovnica-scaled.jpg","contentUrl":"https:\/\/zanat.org\/wp-content\/uploads\/2021\/08\/igman-chair-naslovnica-scaled.jpg","width":2560,"height":1920},{"@type":"BreadcrumbList","@id":"https:\/\/zanat.org\/fr\/article\/igman-chair-2\/#breadcrumb","itemListElement":[{"@type":"ListItem","position":1,"name":"Zanat","item":"https:\/\/staging.zanat.org\/fr\/"},{"@type":"ListItem","position":2,"name":"Boutique","item":"https:\/\/staging.zanat.org\/fr\/boutique\/"},{"@type":"ListItem","position":3,"name":"Chaises","item":"https:\/\/zanat.org\/fr\/categorie-produit\/chaises\/"},{"@type":"ListItem","position":4,"name":"Chaise Igman"}]},{"@type":"WebSite","@id":"https:\/\/staging.zanat.org\/fr\/#website","url":"https:\/\/staging.zanat.org\/fr\/","name":"ZANAT","description":"Improve your home &amp; improve our world","potentialAction":[{"@type":"SearchAction","target":{"@type":"EntryPoint","urlTemplate":"https:\/\/staging.zanat.org\/fr\/?s={search_term_string}"},"query-input":{"@type":"PropertyValueSpecification","valueRequired":true,"valueName":"search_term_string"}}],"inLanguage":"fr-FR"}]}},"_links":{"self":[{"href":"https:\/\/zanat.org\/fr\/wp-json\/wp\/v2\/product\/8371","targetHints":{"allow":["GET"]}}],"collection":[{"href":"https:\/\/zanat.org\/fr\/wp-json\/wp\/v2\/product"}],"about":[{"href":"https:\/\/zanat.org\/fr\/wp-json\/wp\/v2\/types\/product"}],"wp:featuredmedia":[{"embeddable":true,"href":"https:\/\/zanat.org\/fr\/wp-json\/wp\/v2\/media\/10600"}],"wp:attachment":[{"href":"https:\/\/zanat.org\/fr\/wp-json\/wp\/v2\/media?parent=8371"}],"wp:term":[{"taxonomy":"product_brand","embeddable":true,"href":"https:\/\/zanat.org\/fr\/wp-json\/wp\/v2\/product_brand?post=8371"},{"taxonomy":"product_cat","embeddable":true,"href":"https:\/\/zanat.org\/fr\/wp-json\/wp\/v2\/product_cat?post=8371"},{"taxonomy":"product_tag","embeddable":true,"href":"https:\/\/zanat.org\/fr\/wp-json\/wp\/v2\/product_tag?post=8371"}],"curies":[{"name":"wp","href":"https:\/\/api.w.org\/{rel}","templated":true}]}}