{"id":8340,"date":"2021-08-18T15:11:55","date_gmt":"2021-08-18T13:11:55","guid":{"rendered":"https:\/\/zanat.org\/product\/chaise-unna\/"},"modified":"2023-06-18T00:32:54","modified_gmt":"2023-06-17T22:32:54","slug":"unna-chair-2","status":"publish","type":"product","link":"https:\/\/zanat.org\/fr\/article\/unna-chair-2\/","title":{"rendered":"Chaise Unna"},"content":{"rendered":"<p>L&rsquo;objectif du designer \u00e9tait de cr\u00e9er une chaise empilable et robuste, \u00e0 l&rsquo;expression douce, minimaliste et humaniste, enti\u00e8rement sculpt\u00e9e en bois massif. Unna, comme l&rsquo;a not\u00e9 le jury du Swedish Golden Chair Award, est une chaise en bois extraordinairement confortable, avec une assise et un dossier finement incurv\u00e9s, fabriqu\u00e9s \u00e0 partir de sections de bois massif. La chaise peut \u00eatre personnalis\u00e9e en appliquant les techniques de gravure exquises de Zanat. Le designer a imagin\u00e9 une interpr\u00e9tation moderniste de la gravure sur bois traditionnelle de Konjic, en pr\u00e9servant toutefois la technique et les outils d&rsquo;origine. Les gravures des chaises teint\u00e9es en noir ou en weng\u00e9 peuvent \u00e9galement \u00eatre teint\u00e9es ou non pour r\u00e9v\u00e9ler la couleur claire du bois. Pour un meilleur confort, un coussin en cuir \u00e0 fixation magn\u00e9tique peut \u00eatre ajout\u00e9 en option. La chaise Unna est laur\u00e9ate du prix de l&rsquo;innovation int\u00e9rieure 2015 d\u00e9cern\u00e9 par le Conseil allemand du design et du prix Golden Chair Award d\u00e9cern\u00e9 par l&rsquo;Association des architectes su\u00e9dois.<\/p>\n","protected":false},"excerpt":{"rendered":"<p>L&rsquo;objectif du designer \u00e9tait de cr\u00e9er une chaise empilable et robuste, \u00e0 l&rsquo;expression douce, minimaliste et humaniste, enti\u00e8rement sculpt\u00e9e en bois massif. Unna, comme l&rsquo;a not\u00e9 le jury du Swedish Golden Chair Award, est une chaise en bois extraordinairement confortable, avec une assise et un dossier finement incurv\u00e9s, fabriqu\u00e9s \u00e0 partir de sections de bois [&hellip;]<\/p>\n","protected":false},"featured_media":6232,"template":"","meta":{"_acf_changed":false,"_monsterinsights_skip_tracking":false,"_monsterinsights_sitenote_active":false,"_monsterinsights_sitenote_note":"","_monsterinsights_sitenote_category":0},"product_brand":[],"product_cat":[729],"product_tag":[],"class_list":{"0":"post-8340","1":"product","2":"type-product","3":"status-publish","4":"has-post-thumbnail","6":"product_cat-chaises","8":"first","9":"outofstock","10":"taxable","11":"shipping-taxable","12":"product-type-simple"},"acf":[],"yoast_head":"<!-- This site is optimized with the Yoast SEO plugin v26.4 - https:\/\/yoast.com\/wordpress\/plugins\/seo\/ -->\n<title>Chaise Unna - ZANAT<\/title>\n<meta name=\"robots\" content=\"index, follow, max-snippet:-1, max-image-preview:large, max-video-preview:-1\" \/>\n<link rel=\"canonical\" href=\"https:\/\/zanat.org\/fr\/article\/unna-chair-2\/\" \/>\n<meta property=\"og:locale\" content=\"fr_FR\" \/>\n<meta property=\"og:type\" content=\"article\" \/>\n<meta property=\"og:title\" content=\"Chaise Unna - ZANAT\" \/>\n<meta property=\"og:description\" content=\"L&rsquo;objectif du designer \u00e9tait de cr\u00e9er une chaise empilable et robuste, \u00e0 l&rsquo;expression douce, minimaliste et humaniste, enti\u00e8rement sculpt\u00e9e en bois massif. Unna, comme l&rsquo;a not\u00e9 le jury du Swedish Golden Chair Award, est une chaise en bois extraordinairement confortable, avec une assise et un dossier finement incurv\u00e9s, fabriqu\u00e9s \u00e0 partir de sections de bois [&hellip;]\" \/>\n<meta property=\"og:url\" content=\"https:\/\/zanat.org\/fr\/article\/unna-chair-2\/\" \/>\n<meta property=\"og:site_name\" content=\"ZANAT\" \/>\n<meta property=\"article:modified_time\" content=\"2023-06-17T22:32:54+00:00\" \/>\n<meta property=\"og:image\" content=\"https:\/\/zanat.org\/wp-content\/uploads\/2021\/08\/unna-chair.jpg\" \/>\n\t<meta property=\"og:image:width\" content=\"2400\" \/>\n\t<meta property=\"og:image:height\" content=\"1800\" \/>\n\t<meta property=\"og:image:type\" content=\"image\/jpeg\" \/>\n<meta name=\"twitter:card\" content=\"summary_large_image\" \/>\n<meta name=\"twitter:label1\" content=\"Dur\u00e9e de lecture estim\u00e9e\" \/>\n\t<meta name=\"twitter:data1\" content=\"1 minute\" \/>\n<script type=\"application\/ld+json\" class=\"yoast-schema-graph\">{\"@context\":\"https:\/\/schema.org\",\"@graph\":[{\"@type\":\"WebPage\",\"@id\":\"https:\/\/zanat.org\/fr\/article\/unna-chair-2\/\",\"url\":\"https:\/\/zanat.org\/fr\/article\/unna-chair-2\/\",\"name\":\"Chaise Unna - ZANAT\",\"isPartOf\":{\"@id\":\"https:\/\/staging.zanat.org\/fr\/#website\"},\"primaryImageOfPage\":{\"@id\":\"https:\/\/zanat.org\/fr\/article\/unna-chair-2\/#primaryimage\"},\"image\":{\"@id\":\"https:\/\/zanat.org\/fr\/article\/unna-chair-2\/#primaryimage\"},\"thumbnailUrl\":\"https:\/\/zanat.org\/wp-content\/uploads\/2021\/08\/unna-chair.jpg\",\"datePublished\":\"2021-08-18T13:11:55+00:00\",\"dateModified\":\"2023-06-17T22:32:54+00:00\",\"breadcrumb\":{\"@id\":\"https:\/\/zanat.org\/fr\/article\/unna-chair-2\/#breadcrumb\"},\"inLanguage\":\"fr-FR\",\"potentialAction\":[{\"@type\":\"ReadAction\",\"target\":[\"https:\/\/zanat.org\/fr\/article\/unna-chair-2\/\"]}]},{\"@type\":\"ImageObject\",\"inLanguage\":\"fr-FR\",\"@id\":\"https:\/\/zanat.org\/fr\/article\/unna-chair-2\/#primaryimage\",\"url\":\"https:\/\/zanat.org\/wp-content\/uploads\/2021\/08\/unna-chair.jpg\",\"contentUrl\":\"https:\/\/zanat.org\/wp-content\/uploads\/2021\/08\/unna-chair.jpg\",\"width\":2400,\"height\":1800},{\"@type\":\"BreadcrumbList\",\"@id\":\"https:\/\/zanat.org\/fr\/article\/unna-chair-2\/#breadcrumb\",\"itemListElement\":[{\"@type\":\"ListItem\",\"position\":1,\"name\":\"Zanat\",\"item\":\"https:\/\/staging.zanat.org\/fr\/\"},{\"@type\":\"ListItem\",\"position\":2,\"name\":\"Boutique\",\"item\":\"https:\/\/staging.zanat.org\/fr\/boutique\/\"},{\"@type\":\"ListItem\",\"position\":3,\"name\":\"Chaises\",\"item\":\"https:\/\/zanat.org\/fr\/categorie-produit\/chaises\/\"},{\"@type\":\"ListItem\",\"position\":4,\"name\":\"Chaise Unna\"}]},{\"@type\":\"WebSite\",\"@id\":\"https:\/\/staging.zanat.org\/fr\/#website\",\"url\":\"https:\/\/staging.zanat.org\/fr\/\",\"name\":\"ZANAT\",\"description\":\"Improve your home &amp; improve our world\",\"potentialAction\":[{\"@type\":\"SearchAction\",\"target\":{\"@type\":\"EntryPoint\",\"urlTemplate\":\"https:\/\/staging.zanat.org\/fr\/?s={search_term_string}\"},\"query-input\":{\"@type\":\"PropertyValueSpecification\",\"valueRequired\":true,\"valueName\":\"search_term_string\"}}],\"inLanguage\":\"fr-FR\"}]}<\/script>\n<!-- \/ Yoast SEO plugin. -->","yoast_head_json":{"title":"Chaise Unna - ZANAT","robots":{"index":"index","follow":"follow","max-snippet":"max-snippet:-1","max-image-preview":"max-image-preview:large","max-video-preview":"max-video-preview:-1"},"canonical":"https:\/\/zanat.org\/fr\/article\/unna-chair-2\/","og_locale":"fr_FR","og_type":"article","og_title":"Chaise Unna - ZANAT","og_description":"L&rsquo;objectif du designer \u00e9tait de cr\u00e9er une chaise empilable et robuste, \u00e0 l&rsquo;expression douce, minimaliste et humaniste, enti\u00e8rement sculpt\u00e9e en bois massif. Unna, comme l&rsquo;a not\u00e9 le jury du Swedish Golden Chair Award, est une chaise en bois extraordinairement confortable, avec une assise et un dossier finement incurv\u00e9s, fabriqu\u00e9s \u00e0 partir de sections de bois [&hellip;]","og_url":"https:\/\/zanat.org\/fr\/article\/unna-chair-2\/","og_site_name":"ZANAT","article_modified_time":"2023-06-17T22:32:54+00:00","og_image":[{"width":2400,"height":1800,"url":"https:\/\/zanat.org\/wp-content\/uploads\/2021\/08\/unna-chair.jpg","type":"image\/jpeg"}],"twitter_card":"summary_large_image","twitter_misc":{"Dur\u00e9e de lecture estim\u00e9e":"1 minute"},"schema":{"@context":"https:\/\/schema.org","@graph":[{"@type":"WebPage","@id":"https:\/\/zanat.org\/fr\/article\/unna-chair-2\/","url":"https:\/\/zanat.org\/fr\/article\/unna-chair-2\/","name":"Chaise Unna - ZANAT","isPartOf":{"@id":"https:\/\/staging.zanat.org\/fr\/#website"},"primaryImageOfPage":{"@id":"https:\/\/zanat.org\/fr\/article\/unna-chair-2\/#primaryimage"},"image":{"@id":"https:\/\/zanat.org\/fr\/article\/unna-chair-2\/#primaryimage"},"thumbnailUrl":"https:\/\/zanat.org\/wp-content\/uploads\/2021\/08\/unna-chair.jpg","datePublished":"2021-08-18T13:11:55+00:00","dateModified":"2023-06-17T22:32:54+00:00","breadcrumb":{"@id":"https:\/\/zanat.org\/fr\/article\/unna-chair-2\/#breadcrumb"},"inLanguage":"fr-FR","potentialAction":[{"@type":"ReadAction","target":["https:\/\/zanat.org\/fr\/article\/unna-chair-2\/"]}]},{"@type":"ImageObject","inLanguage":"fr-FR","@id":"https:\/\/zanat.org\/fr\/article\/unna-chair-2\/#primaryimage","url":"https:\/\/zanat.org\/wp-content\/uploads\/2021\/08\/unna-chair.jpg","contentUrl":"https:\/\/zanat.org\/wp-content\/uploads\/2021\/08\/unna-chair.jpg","width":2400,"height":1800},{"@type":"BreadcrumbList","@id":"https:\/\/zanat.org\/fr\/article\/unna-chair-2\/#breadcrumb","itemListElement":[{"@type":"ListItem","position":1,"name":"Zanat","item":"https:\/\/staging.zanat.org\/fr\/"},{"@type":"ListItem","position":2,"name":"Boutique","item":"https:\/\/staging.zanat.org\/fr\/boutique\/"},{"@type":"ListItem","position":3,"name":"Chaises","item":"https:\/\/zanat.org\/fr\/categorie-produit\/chaises\/"},{"@type":"ListItem","position":4,"name":"Chaise Unna"}]},{"@type":"WebSite","@id":"https:\/\/staging.zanat.org\/fr\/#website","url":"https:\/\/staging.zanat.org\/fr\/","name":"ZANAT","description":"Improve your home &amp; improve our world","potentialAction":[{"@type":"SearchAction","target":{"@type":"EntryPoint","urlTemplate":"https:\/\/staging.zanat.org\/fr\/?s={search_term_string}"},"query-input":{"@type":"PropertyValueSpecification","valueRequired":true,"valueName":"search_term_string"}}],"inLanguage":"fr-FR"}]}},"_links":{"self":[{"href":"https:\/\/zanat.org\/fr\/wp-json\/wp\/v2\/product\/8340","targetHints":{"allow":["GET"]}}],"collection":[{"href":"https:\/\/zanat.org\/fr\/wp-json\/wp\/v2\/product"}],"about":[{"href":"https:\/\/zanat.org\/fr\/wp-json\/wp\/v2\/types\/product"}],"wp:featuredmedia":[{"embeddable":true,"href":"https:\/\/zanat.org\/fr\/wp-json\/wp\/v2\/media\/6232"}],"wp:attachment":[{"href":"https:\/\/zanat.org\/fr\/wp-json\/wp\/v2\/media?parent=8340"}],"wp:term":[{"taxonomy":"product_brand","embeddable":true,"href":"https:\/\/zanat.org\/fr\/wp-json\/wp\/v2\/product_brand?post=8340"},{"taxonomy":"product_cat","embeddable":true,"href":"https:\/\/zanat.org\/fr\/wp-json\/wp\/v2\/product_cat?post=8340"},{"taxonomy":"product_tag","embeddable":true,"href":"https:\/\/zanat.org\/fr\/wp-json\/wp\/v2\/product_tag?post=8340"}],"curies":[{"name":"wp","href":"https:\/\/api.w.org\/{rel}","templated":true}]}}