{"id":8284,"date":"2021-08-18T15:15:24","date_gmt":"2021-08-18T13:15:24","guid":{"rendered":"https:\/\/zanat.org\/product\/chaise-longue-igman-ottoman\/"},"modified":"2023-01-18T11:37:14","modified_gmt":"2023-01-18T10:37:14","slug":"igman-lounge-chair-ottoman","status":"publish","type":"product","link":"https:\/\/zanat.org\/fr\/article\/igman-lounge-chair-ottoman\/","title":{"rendered":"Chaise longue Igman &amp; ottoman"},"content":{"rendered":"<p>En concevant le fauteuil &#8211; chaise longue Igman, Harri Koskinen a r\u00e9ussi \u00e0 faire le lien entre les traditions artisanales bosniaques et finlandaises. La chaise a un caract\u00e8re fort, mais sans pr\u00e9tention. La structure doucement arrondie en bois massif cr\u00e9e une sensation de chaleur, tandis que les gravures discr\u00e8tes sous les accoudoirs cr\u00e9ent une sensation tactile subtile. La chaise Igman est recouverte d&rsquo;un cuir de selle \u00e9pais \u00e0 tannage v\u00e9g\u00e9tal, mais elle est \u00e9galement disponible dans un choix de tissus.<\/p>\n<p>L&rsquo;ottoman Igman a \u00e9t\u00e9 con\u00e7u pour suivre la typologie du fauteuil \u2013 chaise longue Igman et il compl\u00e8te le fauteuil \u00e0 la fois visuellement et en offrant le confort suppl\u00e9mentaire qui permet de s&rsquo;assoupir facilement dans un beau coin que ces deux-l\u00e0 cr\u00e9ent. L&rsquo;ottoman peut \u00e9galement \u00eatre utilis\u00e9 pour s&rsquo;asseoir, tandis que deux ottomans ou plus peuvent \u00eatre combin\u00e9s pour former un banc.<\/p>\n","protected":false},"excerpt":{"rendered":"<p>En concevant le fauteuil &#8211; chaise longue Igman, Harri Koskinen a r\u00e9ussi \u00e0 faire le lien entre les traditions artisanales bosniaques et finlandaises. La chaise a un caract\u00e8re fort, mais sans pr\u00e9tention. La structure doucement arrondie en bois massif cr\u00e9e une sensation de chaleur, tandis que les gravures discr\u00e8tes sous les accoudoirs cr\u00e9ent une sensation [&hellip;]<\/p>\n","protected":false},"featured_media":6236,"template":"","meta":{"_acf_changed":false,"_monsterinsights_skip_tracking":false,"_monsterinsights_sitenote_active":false,"_monsterinsights_sitenote_note":"","_monsterinsights_sitenote_category":0},"product_brand":[],"product_cat":[645],"product_tag":[],"class_list":{"0":"post-8284","1":"product","2":"type-product","3":"status-publish","4":"has-post-thumbnail","6":"product_cat-chaises-longue","8":"first","9":"outofstock","10":"taxable","11":"shipping-taxable","12":"product-type-simple"},"acf":[],"yoast_head":"<!-- This site is optimized with the Yoast SEO plugin v26.4 - https:\/\/yoast.com\/wordpress\/plugins\/seo\/ -->\n<title>Chaise longue Igman &amp; ottoman - ZANAT<\/title>\n<meta name=\"robots\" content=\"index, follow, max-snippet:-1, max-image-preview:large, max-video-preview:-1\" \/>\n<link rel=\"canonical\" href=\"https:\/\/zanat.org\/fr\/article\/igman-lounge-chair-ottoman\/\" \/>\n<meta property=\"og:locale\" content=\"fr_FR\" \/>\n<meta property=\"og:type\" content=\"article\" \/>\n<meta property=\"og:title\" content=\"Chaise longue Igman &amp; ottoman - ZANAT\" \/>\n<meta property=\"og:description\" content=\"En concevant le fauteuil &#8211; chaise longue Igman, Harri Koskinen a r\u00e9ussi \u00e0 faire le lien entre les traditions artisanales bosniaques et finlandaises. La chaise a un caract\u00e8re fort, mais sans pr\u00e9tention. La structure doucement arrondie en bois massif cr\u00e9e une sensation de chaleur, tandis que les gravures discr\u00e8tes sous les accoudoirs cr\u00e9ent une sensation [&hellip;]\" \/>\n<meta property=\"og:url\" content=\"https:\/\/zanat.org\/fr\/article\/igman-lounge-chair-ottoman\/\" \/>\n<meta property=\"og:site_name\" content=\"ZANAT\" \/>\n<meta property=\"article:modified_time\" content=\"2023-01-18T10:37:14+00:00\" \/>\n<meta property=\"og:image\" content=\"https:\/\/zanat.org\/wp-content\/uploads\/2021\/08\/igman-lounge-chair-ottoman.jpg\" \/>\n\t<meta property=\"og:image:width\" content=\"2400\" \/>\n\t<meta property=\"og:image:height\" content=\"1800\" \/>\n\t<meta property=\"og:image:type\" content=\"image\/jpeg\" \/>\n<meta name=\"twitter:card\" content=\"summary_large_image\" \/>\n<meta name=\"twitter:label1\" content=\"Dur\u00e9e de lecture estim\u00e9e\" \/>\n\t<meta name=\"twitter:data1\" content=\"1 minute\" \/>\n<script type=\"application\/ld+json\" class=\"yoast-schema-graph\">{\"@context\":\"https:\/\/schema.org\",\"@graph\":[{\"@type\":\"WebPage\",\"@id\":\"https:\/\/zanat.org\/fr\/article\/igman-lounge-chair-ottoman\/\",\"url\":\"https:\/\/zanat.org\/fr\/article\/igman-lounge-chair-ottoman\/\",\"name\":\"Chaise longue Igman &amp; ottoman - ZANAT\",\"isPartOf\":{\"@id\":\"https:\/\/staging.zanat.org\/fr\/#website\"},\"primaryImageOfPage\":{\"@id\":\"https:\/\/zanat.org\/fr\/article\/igman-lounge-chair-ottoman\/#primaryimage\"},\"image\":{\"@id\":\"https:\/\/zanat.org\/fr\/article\/igman-lounge-chair-ottoman\/#primaryimage\"},\"thumbnailUrl\":\"https:\/\/zanat.org\/wp-content\/uploads\/2021\/08\/igman-lounge-chair-ottoman.jpg\",\"datePublished\":\"2021-08-18T13:15:24+00:00\",\"dateModified\":\"2023-01-18T10:37:14+00:00\",\"breadcrumb\":{\"@id\":\"https:\/\/zanat.org\/fr\/article\/igman-lounge-chair-ottoman\/#breadcrumb\"},\"inLanguage\":\"fr-FR\",\"potentialAction\":[{\"@type\":\"ReadAction\",\"target\":[\"https:\/\/zanat.org\/fr\/article\/igman-lounge-chair-ottoman\/\"]}]},{\"@type\":\"ImageObject\",\"inLanguage\":\"fr-FR\",\"@id\":\"https:\/\/zanat.org\/fr\/article\/igman-lounge-chair-ottoman\/#primaryimage\",\"url\":\"https:\/\/zanat.org\/wp-content\/uploads\/2021\/08\/igman-lounge-chair-ottoman.jpg\",\"contentUrl\":\"https:\/\/zanat.org\/wp-content\/uploads\/2021\/08\/igman-lounge-chair-ottoman.jpg\",\"width\":2400,\"height\":1800},{\"@type\":\"BreadcrumbList\",\"@id\":\"https:\/\/zanat.org\/fr\/article\/igman-lounge-chair-ottoman\/#breadcrumb\",\"itemListElement\":[{\"@type\":\"ListItem\",\"position\":1,\"name\":\"Zanat\",\"item\":\"https:\/\/staging.zanat.org\/fr\/\"},{\"@type\":\"ListItem\",\"position\":2,\"name\":\"Boutique\",\"item\":\"https:\/\/staging.zanat.org\/fr\/boutique\/\"},{\"@type\":\"ListItem\",\"position\":3,\"name\":\"Chaises longue\",\"item\":\"https:\/\/zanat.org\/fr\/categorie-produit\/chaises-longue\/\"},{\"@type\":\"ListItem\",\"position\":4,\"name\":\"Chaise longue Igman &amp; ottoman\"}]},{\"@type\":\"WebSite\",\"@id\":\"https:\/\/staging.zanat.org\/fr\/#website\",\"url\":\"https:\/\/staging.zanat.org\/fr\/\",\"name\":\"ZANAT\",\"description\":\"Improve your home &amp; improve our world\",\"potentialAction\":[{\"@type\":\"SearchAction\",\"target\":{\"@type\":\"EntryPoint\",\"urlTemplate\":\"https:\/\/staging.zanat.org\/fr\/?s={search_term_string}\"},\"query-input\":{\"@type\":\"PropertyValueSpecification\",\"valueRequired\":true,\"valueName\":\"search_term_string\"}}],\"inLanguage\":\"fr-FR\"}]}<\/script>\n<!-- \/ Yoast SEO plugin. -->","yoast_head_json":{"title":"Chaise longue Igman &amp; ottoman - ZANAT","robots":{"index":"index","follow":"follow","max-snippet":"max-snippet:-1","max-image-preview":"max-image-preview:large","max-video-preview":"max-video-preview:-1"},"canonical":"https:\/\/zanat.org\/fr\/article\/igman-lounge-chair-ottoman\/","og_locale":"fr_FR","og_type":"article","og_title":"Chaise longue Igman &amp; ottoman - ZANAT","og_description":"En concevant le fauteuil &#8211; chaise longue Igman, Harri Koskinen a r\u00e9ussi \u00e0 faire le lien entre les traditions artisanales bosniaques et finlandaises. La chaise a un caract\u00e8re fort, mais sans pr\u00e9tention. La structure doucement arrondie en bois massif cr\u00e9e une sensation de chaleur, tandis que les gravures discr\u00e8tes sous les accoudoirs cr\u00e9ent une sensation [&hellip;]","og_url":"https:\/\/zanat.org\/fr\/article\/igman-lounge-chair-ottoman\/","og_site_name":"ZANAT","article_modified_time":"2023-01-18T10:37:14+00:00","og_image":[{"width":2400,"height":1800,"url":"https:\/\/zanat.org\/wp-content\/uploads\/2021\/08\/igman-lounge-chair-ottoman.jpg","type":"image\/jpeg"}],"twitter_card":"summary_large_image","twitter_misc":{"Dur\u00e9e de lecture estim\u00e9e":"1 minute"},"schema":{"@context":"https:\/\/schema.org","@graph":[{"@type":"WebPage","@id":"https:\/\/zanat.org\/fr\/article\/igman-lounge-chair-ottoman\/","url":"https:\/\/zanat.org\/fr\/article\/igman-lounge-chair-ottoman\/","name":"Chaise longue Igman &amp; ottoman - ZANAT","isPartOf":{"@id":"https:\/\/staging.zanat.org\/fr\/#website"},"primaryImageOfPage":{"@id":"https:\/\/zanat.org\/fr\/article\/igman-lounge-chair-ottoman\/#primaryimage"},"image":{"@id":"https:\/\/zanat.org\/fr\/article\/igman-lounge-chair-ottoman\/#primaryimage"},"thumbnailUrl":"https:\/\/zanat.org\/wp-content\/uploads\/2021\/08\/igman-lounge-chair-ottoman.jpg","datePublished":"2021-08-18T13:15:24+00:00","dateModified":"2023-01-18T10:37:14+00:00","breadcrumb":{"@id":"https:\/\/zanat.org\/fr\/article\/igman-lounge-chair-ottoman\/#breadcrumb"},"inLanguage":"fr-FR","potentialAction":[{"@type":"ReadAction","target":["https:\/\/zanat.org\/fr\/article\/igman-lounge-chair-ottoman\/"]}]},{"@type":"ImageObject","inLanguage":"fr-FR","@id":"https:\/\/zanat.org\/fr\/article\/igman-lounge-chair-ottoman\/#primaryimage","url":"https:\/\/zanat.org\/wp-content\/uploads\/2021\/08\/igman-lounge-chair-ottoman.jpg","contentUrl":"https:\/\/zanat.org\/wp-content\/uploads\/2021\/08\/igman-lounge-chair-ottoman.jpg","width":2400,"height":1800},{"@type":"BreadcrumbList","@id":"https:\/\/zanat.org\/fr\/article\/igman-lounge-chair-ottoman\/#breadcrumb","itemListElement":[{"@type":"ListItem","position":1,"name":"Zanat","item":"https:\/\/staging.zanat.org\/fr\/"},{"@type":"ListItem","position":2,"name":"Boutique","item":"https:\/\/staging.zanat.org\/fr\/boutique\/"},{"@type":"ListItem","position":3,"name":"Chaises longue","item":"https:\/\/zanat.org\/fr\/categorie-produit\/chaises-longue\/"},{"@type":"ListItem","position":4,"name":"Chaise longue Igman &amp; ottoman"}]},{"@type":"WebSite","@id":"https:\/\/staging.zanat.org\/fr\/#website","url":"https:\/\/staging.zanat.org\/fr\/","name":"ZANAT","description":"Improve your home &amp; improve our world","potentialAction":[{"@type":"SearchAction","target":{"@type":"EntryPoint","urlTemplate":"https:\/\/staging.zanat.org\/fr\/?s={search_term_string}"},"query-input":{"@type":"PropertyValueSpecification","valueRequired":true,"valueName":"search_term_string"}}],"inLanguage":"fr-FR"}]}},"_links":{"self":[{"href":"https:\/\/zanat.org\/fr\/wp-json\/wp\/v2\/product\/8284","targetHints":{"allow":["GET"]}}],"collection":[{"href":"https:\/\/zanat.org\/fr\/wp-json\/wp\/v2\/product"}],"about":[{"href":"https:\/\/zanat.org\/fr\/wp-json\/wp\/v2\/types\/product"}],"wp:featuredmedia":[{"embeddable":true,"href":"https:\/\/zanat.org\/fr\/wp-json\/wp\/v2\/media\/6236"}],"wp:attachment":[{"href":"https:\/\/zanat.org\/fr\/wp-json\/wp\/v2\/media?parent=8284"}],"wp:term":[{"taxonomy":"product_brand","embeddable":true,"href":"https:\/\/zanat.org\/fr\/wp-json\/wp\/v2\/product_brand?post=8284"},{"taxonomy":"product_cat","embeddable":true,"href":"https:\/\/zanat.org\/fr\/wp-json\/wp\/v2\/product_cat?post=8284"},{"taxonomy":"product_tag","embeddable":true,"href":"https:\/\/zanat.org\/fr\/wp-json\/wp\/v2\/product_tag?post=8284"}],"curies":[{"name":"wp","href":"https:\/\/api.w.org\/{rel}","templated":true}]}}