{"id":8213,"date":"2021-08-18T15:14:42","date_gmt":"2021-08-18T13:14:42","guid":{"rendered":"https:\/\/zanat.org\/product\/chaise-longue-mini-igman\/"},"modified":"2023-01-18T11:37:12","modified_gmt":"2023-01-18T10:37:12","slug":"igman-mini-lounge-chair-2","status":"publish","type":"product","link":"https:\/\/zanat.org\/fr\/article\/igman-mini-lounge-chair-2\/","title":{"rendered":"Chaise longue mini Igman"},"content":{"rendered":"<p>La chaise longue mini Igman de Harri Koskinen est la derni\u00e8re \u00e9dition de la famille de chaises Igman, qui comprend la chaise et la chaise longue Igman. La chaise longue mini a \u00e9t\u00e9 con\u00e7ue pour permettre de s&rsquo;asseoir confortablement dans des endroits o\u00f9 l&rsquo;espace est limit\u00e9, comme les chambres d&rsquo;h\u00f4tel ou les espaces r\u00e9sidentiels o\u00f9 un petit coin peut \u00eatre transform\u00e9 en un coin confortable. Cette chaise l\u00e9g\u00e8re combine un cadre en bois massif et une assise et un dossier souples et amovibles tapiss\u00e9s de cuir de selle de 2,2 mm d&rsquo;\u00e9paisseur tann\u00e9 au v\u00e9g\u00e9tal ou d&rsquo;un choix de tissus. Les d\u00e9tails raffin\u00e9s sculpt\u00e9s \u00e0 la main sur les surfaces planes des accoudoirs et de la poutre arri\u00e8re ajoutent au caract\u00e8re et \u00e0 la tactilit\u00e9 de la chaise.<\/p>\n","protected":false},"excerpt":{"rendered":"<p>La chaise longue mini Igman de Harri Koskinen est la derni\u00e8re \u00e9dition de la famille de chaises Igman, qui comprend la chaise et la chaise longue Igman. La chaise longue mini a \u00e9t\u00e9 con\u00e7ue pour permettre de s&rsquo;asseoir confortablement dans des endroits o\u00f9 l&rsquo;espace est limit\u00e9, comme les chambres d&rsquo;h\u00f4tel ou les espaces r\u00e9sidentiels o\u00f9 [&hellip;]<\/p>\n","protected":false},"featured_media":10775,"template":"","meta":{"_acf_changed":false,"_monsterinsights_skip_tracking":false,"_monsterinsights_sitenote_active":false,"_monsterinsights_sitenote_note":"","_monsterinsights_sitenote_category":0},"product_brand":[],"product_cat":[645],"product_tag":[],"class_list":{"0":"post-8213","1":"product","2":"type-product","3":"status-publish","4":"has-post-thumbnail","6":"product_cat-chaises-longue","8":"first","9":"outofstock","10":"taxable","11":"shipping-taxable","12":"product-type-simple"},"acf":[],"yoast_head":"<!-- This site is optimized with the Yoast SEO plugin v26.4 - https:\/\/yoast.com\/wordpress\/plugins\/seo\/ -->\n<title>Chaise longue mini Igman - ZANAT<\/title>\n<meta name=\"robots\" content=\"index, follow, max-snippet:-1, max-image-preview:large, max-video-preview:-1\" \/>\n<link rel=\"canonical\" href=\"https:\/\/zanat.org\/fr\/article\/igman-mini-lounge-chair-2\/\" \/>\n<meta property=\"og:locale\" content=\"fr_FR\" \/>\n<meta property=\"og:type\" content=\"article\" \/>\n<meta property=\"og:title\" content=\"Chaise longue mini Igman - ZANAT\" \/>\n<meta property=\"og:description\" content=\"La chaise longue mini Igman de Harri Koskinen est la derni\u00e8re \u00e9dition de la famille de chaises Igman, qui comprend la chaise et la chaise longue Igman. La chaise longue mini a \u00e9t\u00e9 con\u00e7ue pour permettre de s&rsquo;asseoir confortablement dans des endroits o\u00f9 l&rsquo;espace est limit\u00e9, comme les chambres d&rsquo;h\u00f4tel ou les espaces r\u00e9sidentiels o\u00f9 [&hellip;]\" \/>\n<meta property=\"og:url\" content=\"https:\/\/zanat.org\/fr\/article\/igman-mini-lounge-chair-2\/\" \/>\n<meta property=\"og:site_name\" content=\"ZANAT\" \/>\n<meta property=\"article:modified_time\" content=\"2023-01-18T10:37:12+00:00\" \/>\n<meta property=\"og:image\" content=\"https:\/\/zanat.org\/wp-content\/uploads\/2021\/08\/igman-mini-1-scaled.jpg\" \/>\n\t<meta property=\"og:image:width\" content=\"2560\" \/>\n\t<meta property=\"og:image:height\" content=\"1920\" \/>\n\t<meta property=\"og:image:type\" content=\"image\/jpeg\" \/>\n<meta name=\"twitter:card\" content=\"summary_large_image\" \/>\n<meta name=\"twitter:label1\" content=\"Dur\u00e9e de lecture estim\u00e9e\" \/>\n\t<meta name=\"twitter:data1\" content=\"1 minute\" \/>\n<script type=\"application\/ld+json\" class=\"yoast-schema-graph\">{\"@context\":\"https:\/\/schema.org\",\"@graph\":[{\"@type\":\"WebPage\",\"@id\":\"https:\/\/zanat.org\/fr\/article\/igman-mini-lounge-chair-2\/\",\"url\":\"https:\/\/zanat.org\/fr\/article\/igman-mini-lounge-chair-2\/\",\"name\":\"Chaise longue mini Igman - ZANAT\",\"isPartOf\":{\"@id\":\"https:\/\/staging.zanat.org\/fr\/#website\"},\"primaryImageOfPage\":{\"@id\":\"https:\/\/zanat.org\/fr\/article\/igman-mini-lounge-chair-2\/#primaryimage\"},\"image\":{\"@id\":\"https:\/\/zanat.org\/fr\/article\/igman-mini-lounge-chair-2\/#primaryimage\"},\"thumbnailUrl\":\"https:\/\/zanat.org\/wp-content\/uploads\/2021\/08\/igman-mini-1-scaled.jpg\",\"datePublished\":\"2021-08-18T13:14:42+00:00\",\"dateModified\":\"2023-01-18T10:37:12+00:00\",\"breadcrumb\":{\"@id\":\"https:\/\/zanat.org\/fr\/article\/igman-mini-lounge-chair-2\/#breadcrumb\"},\"inLanguage\":\"fr-FR\",\"potentialAction\":[{\"@type\":\"ReadAction\",\"target\":[\"https:\/\/zanat.org\/fr\/article\/igman-mini-lounge-chair-2\/\"]}]},{\"@type\":\"ImageObject\",\"inLanguage\":\"fr-FR\",\"@id\":\"https:\/\/zanat.org\/fr\/article\/igman-mini-lounge-chair-2\/#primaryimage\",\"url\":\"https:\/\/zanat.org\/wp-content\/uploads\/2021\/08\/igman-mini-1-scaled.jpg\",\"contentUrl\":\"https:\/\/zanat.org\/wp-content\/uploads\/2021\/08\/igman-mini-1-scaled.jpg\",\"width\":2560,\"height\":1920},{\"@type\":\"BreadcrumbList\",\"@id\":\"https:\/\/zanat.org\/fr\/article\/igman-mini-lounge-chair-2\/#breadcrumb\",\"itemListElement\":[{\"@type\":\"ListItem\",\"position\":1,\"name\":\"Zanat\",\"item\":\"https:\/\/staging.zanat.org\/fr\/\"},{\"@type\":\"ListItem\",\"position\":2,\"name\":\"Boutique\",\"item\":\"https:\/\/staging.zanat.org\/fr\/boutique\/\"},{\"@type\":\"ListItem\",\"position\":3,\"name\":\"Chaises longue\",\"item\":\"https:\/\/zanat.org\/fr\/categorie-produit\/chaises-longue\/\"},{\"@type\":\"ListItem\",\"position\":4,\"name\":\"Chaise longue mini Igman\"}]},{\"@type\":\"WebSite\",\"@id\":\"https:\/\/staging.zanat.org\/fr\/#website\",\"url\":\"https:\/\/staging.zanat.org\/fr\/\",\"name\":\"ZANAT\",\"description\":\"Improve your home &amp; improve our world\",\"potentialAction\":[{\"@type\":\"SearchAction\",\"target\":{\"@type\":\"EntryPoint\",\"urlTemplate\":\"https:\/\/staging.zanat.org\/fr\/?s={search_term_string}\"},\"query-input\":{\"@type\":\"PropertyValueSpecification\",\"valueRequired\":true,\"valueName\":\"search_term_string\"}}],\"inLanguage\":\"fr-FR\"}]}<\/script>\n<!-- \/ Yoast SEO plugin. -->","yoast_head_json":{"title":"Chaise longue mini Igman - ZANAT","robots":{"index":"index","follow":"follow","max-snippet":"max-snippet:-1","max-image-preview":"max-image-preview:large","max-video-preview":"max-video-preview:-1"},"canonical":"https:\/\/zanat.org\/fr\/article\/igman-mini-lounge-chair-2\/","og_locale":"fr_FR","og_type":"article","og_title":"Chaise longue mini Igman - ZANAT","og_description":"La chaise longue mini Igman de Harri Koskinen est la derni\u00e8re \u00e9dition de la famille de chaises Igman, qui comprend la chaise et la chaise longue Igman. La chaise longue mini a \u00e9t\u00e9 con\u00e7ue pour permettre de s&rsquo;asseoir confortablement dans des endroits o\u00f9 l&rsquo;espace est limit\u00e9, comme les chambres d&rsquo;h\u00f4tel ou les espaces r\u00e9sidentiels o\u00f9 [&hellip;]","og_url":"https:\/\/zanat.org\/fr\/article\/igman-mini-lounge-chair-2\/","og_site_name":"ZANAT","article_modified_time":"2023-01-18T10:37:12+00:00","og_image":[{"width":2560,"height":1920,"url":"https:\/\/zanat.org\/wp-content\/uploads\/2021\/08\/igman-mini-1-scaled.jpg","type":"image\/jpeg"}],"twitter_card":"summary_large_image","twitter_misc":{"Dur\u00e9e de lecture estim\u00e9e":"1 minute"},"schema":{"@context":"https:\/\/schema.org","@graph":[{"@type":"WebPage","@id":"https:\/\/zanat.org\/fr\/article\/igman-mini-lounge-chair-2\/","url":"https:\/\/zanat.org\/fr\/article\/igman-mini-lounge-chair-2\/","name":"Chaise longue mini Igman - ZANAT","isPartOf":{"@id":"https:\/\/staging.zanat.org\/fr\/#website"},"primaryImageOfPage":{"@id":"https:\/\/zanat.org\/fr\/article\/igman-mini-lounge-chair-2\/#primaryimage"},"image":{"@id":"https:\/\/zanat.org\/fr\/article\/igman-mini-lounge-chair-2\/#primaryimage"},"thumbnailUrl":"https:\/\/zanat.org\/wp-content\/uploads\/2021\/08\/igman-mini-1-scaled.jpg","datePublished":"2021-08-18T13:14:42+00:00","dateModified":"2023-01-18T10:37:12+00:00","breadcrumb":{"@id":"https:\/\/zanat.org\/fr\/article\/igman-mini-lounge-chair-2\/#breadcrumb"},"inLanguage":"fr-FR","potentialAction":[{"@type":"ReadAction","target":["https:\/\/zanat.org\/fr\/article\/igman-mini-lounge-chair-2\/"]}]},{"@type":"ImageObject","inLanguage":"fr-FR","@id":"https:\/\/zanat.org\/fr\/article\/igman-mini-lounge-chair-2\/#primaryimage","url":"https:\/\/zanat.org\/wp-content\/uploads\/2021\/08\/igman-mini-1-scaled.jpg","contentUrl":"https:\/\/zanat.org\/wp-content\/uploads\/2021\/08\/igman-mini-1-scaled.jpg","width":2560,"height":1920},{"@type":"BreadcrumbList","@id":"https:\/\/zanat.org\/fr\/article\/igman-mini-lounge-chair-2\/#breadcrumb","itemListElement":[{"@type":"ListItem","position":1,"name":"Zanat","item":"https:\/\/staging.zanat.org\/fr\/"},{"@type":"ListItem","position":2,"name":"Boutique","item":"https:\/\/staging.zanat.org\/fr\/boutique\/"},{"@type":"ListItem","position":3,"name":"Chaises longue","item":"https:\/\/zanat.org\/fr\/categorie-produit\/chaises-longue\/"},{"@type":"ListItem","position":4,"name":"Chaise longue mini Igman"}]},{"@type":"WebSite","@id":"https:\/\/staging.zanat.org\/fr\/#website","url":"https:\/\/staging.zanat.org\/fr\/","name":"ZANAT","description":"Improve your home &amp; improve our world","potentialAction":[{"@type":"SearchAction","target":{"@type":"EntryPoint","urlTemplate":"https:\/\/staging.zanat.org\/fr\/?s={search_term_string}"},"query-input":{"@type":"PropertyValueSpecification","valueRequired":true,"valueName":"search_term_string"}}],"inLanguage":"fr-FR"}]}},"_links":{"self":[{"href":"https:\/\/zanat.org\/fr\/wp-json\/wp\/v2\/product\/8213","targetHints":{"allow":["GET"]}}],"collection":[{"href":"https:\/\/zanat.org\/fr\/wp-json\/wp\/v2\/product"}],"about":[{"href":"https:\/\/zanat.org\/fr\/wp-json\/wp\/v2\/types\/product"}],"wp:featuredmedia":[{"embeddable":true,"href":"https:\/\/zanat.org\/fr\/wp-json\/wp\/v2\/media\/10775"}],"wp:attachment":[{"href":"https:\/\/zanat.org\/fr\/wp-json\/wp\/v2\/media?parent=8213"}],"wp:term":[{"taxonomy":"product_brand","embeddable":true,"href":"https:\/\/zanat.org\/fr\/wp-json\/wp\/v2\/product_brand?post=8213"},{"taxonomy":"product_cat","embeddable":true,"href":"https:\/\/zanat.org\/fr\/wp-json\/wp\/v2\/product_cat?post=8213"},{"taxonomy":"product_tag","embeddable":true,"href":"https:\/\/zanat.org\/fr\/wp-json\/wp\/v2\/product_tag?post=8213"}],"curies":[{"name":"wp","href":"https:\/\/api.w.org\/{rel}","templated":true}]}}