{"id":8203,"date":"2021-08-18T15:00:23","date_gmt":"2021-08-18T13:00:23","guid":{"rendered":"https:\/\/zanat.org\/product\/table-unna\/"},"modified":"2023-01-18T11:37:00","modified_gmt":"2023-01-18T10:37:00","slug":"unna-table-2","status":"publish","type":"product","link":"https:\/\/zanat.org\/fr\/article\/unna-table-2\/","title":{"rendered":"Table Unna"},"content":{"rendered":"<p>La l\u00e9g\u00e8ret\u00e9 et l&rsquo;\u00e9l\u00e9gance de la table Unna sont sans doute in\u00e9dites dans une table \u00e0 rallonge, en particulier une table enti\u00e8rement r\u00e9alis\u00e9e en bois massif. Elle existe en version fixe et extensible. Ce qui distingue la version extensible de la table, en plus de son design \u00e9pur\u00e9, ce sont les feuilles d&rsquo;extension du plateau sculpt\u00e9es \u00e0 la main en forme de dentelle, ins\u00e9r\u00e9es au milieu de la table. Les feuilles sculpt\u00e9es \u00e0 la main captent magnifiquement la lumi\u00e8re et sont irr\u00e9sistiblement tactiles. Les feuilles peuvent \u00eatre assorties \u00e0 la couleur du cadre de la table ou \u00eatre d&rsquo;une couleur contrastante (s&rsquo;applique aux versions en \u00e9rable noir et blanc). ). La table peut \u00eatre rallong\u00e9e de 50 cm avec une rallonge et de 100 cm avec deux rallonges, toutes deux commod\u00e9ment rang\u00e9es sous le plateau. Le m\u00e9canisme d&rsquo;extension fait \u00e0 la main en acier et en bois est con\u00e7u sur mesure, tr\u00e8s simple \u00e0 utiliser et construit pour durer.<\/p>\n","protected":false},"excerpt":{"rendered":"<p>La l\u00e9g\u00e8ret\u00e9 et l&rsquo;\u00e9l\u00e9gance de la table Unna sont sans doute in\u00e9dites dans une table \u00e0 rallonge, en particulier une table enti\u00e8rement r\u00e9alis\u00e9e en bois massif. Elle existe en version fixe et extensible. Ce qui distingue la version extensible de la table, en plus de son design \u00e9pur\u00e9, ce sont les feuilles d&rsquo;extension du plateau [&hellip;]<\/p>\n","protected":false},"featured_media":6213,"template":"","meta":{"_acf_changed":false,"_monsterinsights_skip_tracking":false,"_monsterinsights_sitenote_active":false,"_monsterinsights_sitenote_note":"","_monsterinsights_sitenote_category":0},"product_brand":[],"product_cat":[569],"product_tag":[],"class_list":{"0":"post-8203","1":"product","2":"type-product","3":"status-publish","4":"has-post-thumbnail","6":"product_cat-tables-a-manger","8":"first","9":"outofstock","10":"taxable","11":"shipping-taxable","12":"product-type-simple"},"acf":[],"yoast_head":"<!-- This site is optimized with the Yoast SEO plugin v26.4 - https:\/\/yoast.com\/wordpress\/plugins\/seo\/ -->\n<title>Table Unna - ZANAT<\/title>\n<meta name=\"robots\" content=\"index, follow, max-snippet:-1, max-image-preview:large, max-video-preview:-1\" \/>\n<link rel=\"canonical\" href=\"https:\/\/zanat.org\/fr\/article\/unna-table-2\/\" \/>\n<meta property=\"og:locale\" content=\"fr_FR\" \/>\n<meta property=\"og:type\" content=\"article\" \/>\n<meta property=\"og:title\" content=\"Table Unna - ZANAT\" \/>\n<meta property=\"og:description\" content=\"La l\u00e9g\u00e8ret\u00e9 et l&rsquo;\u00e9l\u00e9gance de la table Unna sont sans doute in\u00e9dites dans une table \u00e0 rallonge, en particulier une table enti\u00e8rement r\u00e9alis\u00e9e en bois massif. Elle existe en version fixe et extensible. Ce qui distingue la version extensible de la table, en plus de son design \u00e9pur\u00e9, ce sont les feuilles d&rsquo;extension du plateau [&hellip;]\" \/>\n<meta property=\"og:url\" content=\"https:\/\/zanat.org\/fr\/article\/unna-table-2\/\" \/>\n<meta property=\"og:site_name\" content=\"ZANAT\" \/>\n<meta property=\"article:modified_time\" content=\"2023-01-18T10:37:00+00:00\" \/>\n<meta property=\"og:image\" content=\"https:\/\/zanat.org\/wp-content\/uploads\/2021\/08\/unna-table.jpg\" \/>\n\t<meta property=\"og:image:width\" content=\"2400\" \/>\n\t<meta property=\"og:image:height\" content=\"1600\" \/>\n\t<meta property=\"og:image:type\" content=\"image\/jpeg\" \/>\n<meta name=\"twitter:card\" content=\"summary_large_image\" \/>\n<meta name=\"twitter:label1\" content=\"Dur\u00e9e de lecture estim\u00e9e\" \/>\n\t<meta name=\"twitter:data1\" content=\"1 minute\" \/>\n<script type=\"application\/ld+json\" class=\"yoast-schema-graph\">{\"@context\":\"https:\/\/schema.org\",\"@graph\":[{\"@type\":\"WebPage\",\"@id\":\"https:\/\/zanat.org\/fr\/article\/unna-table-2\/\",\"url\":\"https:\/\/zanat.org\/fr\/article\/unna-table-2\/\",\"name\":\"Table Unna - ZANAT\",\"isPartOf\":{\"@id\":\"https:\/\/staging.zanat.org\/fr\/#website\"},\"primaryImageOfPage\":{\"@id\":\"https:\/\/zanat.org\/fr\/article\/unna-table-2\/#primaryimage\"},\"image\":{\"@id\":\"https:\/\/zanat.org\/fr\/article\/unna-table-2\/#primaryimage\"},\"thumbnailUrl\":\"https:\/\/zanat.org\/wp-content\/uploads\/2021\/08\/unna-table.jpg\",\"datePublished\":\"2021-08-18T13:00:23+00:00\",\"dateModified\":\"2023-01-18T10:37:00+00:00\",\"breadcrumb\":{\"@id\":\"https:\/\/zanat.org\/fr\/article\/unna-table-2\/#breadcrumb\"},\"inLanguage\":\"fr-FR\",\"potentialAction\":[{\"@type\":\"ReadAction\",\"target\":[\"https:\/\/zanat.org\/fr\/article\/unna-table-2\/\"]}]},{\"@type\":\"ImageObject\",\"inLanguage\":\"fr-FR\",\"@id\":\"https:\/\/zanat.org\/fr\/article\/unna-table-2\/#primaryimage\",\"url\":\"https:\/\/zanat.org\/wp-content\/uploads\/2021\/08\/unna-table.jpg\",\"contentUrl\":\"https:\/\/zanat.org\/wp-content\/uploads\/2021\/08\/unna-table.jpg\",\"width\":2400,\"height\":1600},{\"@type\":\"BreadcrumbList\",\"@id\":\"https:\/\/zanat.org\/fr\/article\/unna-table-2\/#breadcrumb\",\"itemListElement\":[{\"@type\":\"ListItem\",\"position\":1,\"name\":\"Zanat\",\"item\":\"https:\/\/staging.zanat.org\/fr\/\"},{\"@type\":\"ListItem\",\"position\":2,\"name\":\"Boutique\",\"item\":\"https:\/\/staging.zanat.org\/fr\/boutique\/\"},{\"@type\":\"ListItem\",\"position\":3,\"name\":\"Tables \u00e0 manger\",\"item\":\"https:\/\/zanat.org\/fr\/categorie-produit\/tables-a-manger\/\"},{\"@type\":\"ListItem\",\"position\":4,\"name\":\"Table Unna\"}]},{\"@type\":\"WebSite\",\"@id\":\"https:\/\/staging.zanat.org\/fr\/#website\",\"url\":\"https:\/\/staging.zanat.org\/fr\/\",\"name\":\"ZANAT\",\"description\":\"Improve your home &amp; improve our world\",\"potentialAction\":[{\"@type\":\"SearchAction\",\"target\":{\"@type\":\"EntryPoint\",\"urlTemplate\":\"https:\/\/staging.zanat.org\/fr\/?s={search_term_string}\"},\"query-input\":{\"@type\":\"PropertyValueSpecification\",\"valueRequired\":true,\"valueName\":\"search_term_string\"}}],\"inLanguage\":\"fr-FR\"}]}<\/script>\n<!-- \/ Yoast SEO plugin. -->","yoast_head_json":{"title":"Table Unna - ZANAT","robots":{"index":"index","follow":"follow","max-snippet":"max-snippet:-1","max-image-preview":"max-image-preview:large","max-video-preview":"max-video-preview:-1"},"canonical":"https:\/\/zanat.org\/fr\/article\/unna-table-2\/","og_locale":"fr_FR","og_type":"article","og_title":"Table Unna - ZANAT","og_description":"La l\u00e9g\u00e8ret\u00e9 et l&rsquo;\u00e9l\u00e9gance de la table Unna sont sans doute in\u00e9dites dans une table \u00e0 rallonge, en particulier une table enti\u00e8rement r\u00e9alis\u00e9e en bois massif. Elle existe en version fixe et extensible. Ce qui distingue la version extensible de la table, en plus de son design \u00e9pur\u00e9, ce sont les feuilles d&rsquo;extension du plateau [&hellip;]","og_url":"https:\/\/zanat.org\/fr\/article\/unna-table-2\/","og_site_name":"ZANAT","article_modified_time":"2023-01-18T10:37:00+00:00","og_image":[{"width":2400,"height":1600,"url":"https:\/\/zanat.org\/wp-content\/uploads\/2021\/08\/unna-table.jpg","type":"image\/jpeg"}],"twitter_card":"summary_large_image","twitter_misc":{"Dur\u00e9e de lecture estim\u00e9e":"1 minute"},"schema":{"@context":"https:\/\/schema.org","@graph":[{"@type":"WebPage","@id":"https:\/\/zanat.org\/fr\/article\/unna-table-2\/","url":"https:\/\/zanat.org\/fr\/article\/unna-table-2\/","name":"Table Unna - ZANAT","isPartOf":{"@id":"https:\/\/staging.zanat.org\/fr\/#website"},"primaryImageOfPage":{"@id":"https:\/\/zanat.org\/fr\/article\/unna-table-2\/#primaryimage"},"image":{"@id":"https:\/\/zanat.org\/fr\/article\/unna-table-2\/#primaryimage"},"thumbnailUrl":"https:\/\/zanat.org\/wp-content\/uploads\/2021\/08\/unna-table.jpg","datePublished":"2021-08-18T13:00:23+00:00","dateModified":"2023-01-18T10:37:00+00:00","breadcrumb":{"@id":"https:\/\/zanat.org\/fr\/article\/unna-table-2\/#breadcrumb"},"inLanguage":"fr-FR","potentialAction":[{"@type":"ReadAction","target":["https:\/\/zanat.org\/fr\/article\/unna-table-2\/"]}]},{"@type":"ImageObject","inLanguage":"fr-FR","@id":"https:\/\/zanat.org\/fr\/article\/unna-table-2\/#primaryimage","url":"https:\/\/zanat.org\/wp-content\/uploads\/2021\/08\/unna-table.jpg","contentUrl":"https:\/\/zanat.org\/wp-content\/uploads\/2021\/08\/unna-table.jpg","width":2400,"height":1600},{"@type":"BreadcrumbList","@id":"https:\/\/zanat.org\/fr\/article\/unna-table-2\/#breadcrumb","itemListElement":[{"@type":"ListItem","position":1,"name":"Zanat","item":"https:\/\/staging.zanat.org\/fr\/"},{"@type":"ListItem","position":2,"name":"Boutique","item":"https:\/\/staging.zanat.org\/fr\/boutique\/"},{"@type":"ListItem","position":3,"name":"Tables \u00e0 manger","item":"https:\/\/zanat.org\/fr\/categorie-produit\/tables-a-manger\/"},{"@type":"ListItem","position":4,"name":"Table Unna"}]},{"@type":"WebSite","@id":"https:\/\/staging.zanat.org\/fr\/#website","url":"https:\/\/staging.zanat.org\/fr\/","name":"ZANAT","description":"Improve your home &amp; improve our world","potentialAction":[{"@type":"SearchAction","target":{"@type":"EntryPoint","urlTemplate":"https:\/\/staging.zanat.org\/fr\/?s={search_term_string}"},"query-input":{"@type":"PropertyValueSpecification","valueRequired":true,"valueName":"search_term_string"}}],"inLanguage":"fr-FR"}]}},"_links":{"self":[{"href":"https:\/\/zanat.org\/fr\/wp-json\/wp\/v2\/product\/8203","targetHints":{"allow":["GET"]}}],"collection":[{"href":"https:\/\/zanat.org\/fr\/wp-json\/wp\/v2\/product"}],"about":[{"href":"https:\/\/zanat.org\/fr\/wp-json\/wp\/v2\/types\/product"}],"wp:featuredmedia":[{"embeddable":true,"href":"https:\/\/zanat.org\/fr\/wp-json\/wp\/v2\/media\/6213"}],"wp:attachment":[{"href":"https:\/\/zanat.org\/fr\/wp-json\/wp\/v2\/media?parent=8203"}],"wp:term":[{"taxonomy":"product_brand","embeddable":true,"href":"https:\/\/zanat.org\/fr\/wp-json\/wp\/v2\/product_brand?post=8203"},{"taxonomy":"product_cat","embeddable":true,"href":"https:\/\/zanat.org\/fr\/wp-json\/wp\/v2\/product_cat?post=8203"},{"taxonomy":"product_tag","embeddable":true,"href":"https:\/\/zanat.org\/fr\/wp-json\/wp\/v2\/product_tag?post=8203"}],"curies":[{"name":"wp","href":"https:\/\/api.w.org\/{rel}","templated":true}]}}