{"id":7623,"date":"2021-08-18T15:32:53","date_gmt":"2021-08-18T15:32:53","guid":{"rendered":"https:\/\/zanat.org\/product\/set-de-chandeliers-play-burn\/"},"modified":"2023-06-20T10:27:04","modified_gmt":"2023-06-20T08:27:04","slug":"play-burn-candle-holder-set","status":"publish","type":"product","link":"https:\/\/zanat.org\/fr\/article\/play-burn-candle-holder-set\/","title":{"rendered":"ENSEMBLE DE BOUGEOIRS PLAY &#038; BURN"},"content":{"rendered":"<p>T\u00e9moignage de l&rsquo;excellence du design de Ludovica et Roberto Palomba, les bougeoirs Play &amp; Burn sont probablement les bougeoirs les plus attrayants et les plus ludiques qui existent. L&rsquo;id\u00e9e derri\u00e8re ce produit \u00e9tait de mettre en relation les acheteurs avec les designers, les artisans et les mat\u00e9riaux et d&rsquo;ajouter une touche de chaleur et de lumi\u00e8re \u00e0 la maison. Le jeu commence d\u00e8s l&rsquo;ouverture de la bo\u00eete et la d\u00e9couverte des pi\u00e8ces de bois sculpt\u00e9es \u00e0 la main, qu&rsquo;il faut assembler pour cr\u00e9er un bougeoir \u00e0 son go\u00fbt. On commence \u00e0 s&rsquo;amuser d\u00e8s que l&rsquo;on touche les modules de bois tactiles portant les empreintes des mains habiles de l&rsquo;artisan et on continue en essayant de d\u00e9cider de l&rsquo;ordre des modules dans un fil, en concevant essentiellement un bougeoir \u00e0 son go\u00fbt. Le design, bien s\u00fbr, peut \u00eatre modifi\u00e9 quand on le souhaite. Un petit bougeoir se compose de cinq modules en bois d&rsquo;\u00e9rable, dont trois sont sculpt\u00e9s \u00e0 la main, d&rsquo;une base, d&rsquo;une tige et d&rsquo;une plaque sup\u00e9rieure toutes en acier rev\u00eatu de poudre noire. Le grand bougeoir comprend un double jeu de modules en bois et deux tiges en m\u00e9tal. L&rsquo;intention est de commencer \u00e0 offrir une vari\u00e9t\u00e9 de modules diff\u00e9rents \u00e0 l&rsquo;avenir, que l&rsquo;on pourrait acheter pour enrichir son bougeoir Play &amp; Burn.<\/p>\n","protected":false},"excerpt":{"rendered":"<p>T\u00e9moignage de l&rsquo;excellence du design de Ludovica et Roberto Palomba, les bougeoirs Play &amp; Burn sont probablement les bougeoirs les plus attrayants et les plus ludiques qui existent. L&rsquo;id\u00e9e derri\u00e8re ce produit \u00e9tait de mettre en relation les acheteurs avec les designers, les artisans et les mat\u00e9riaux et d&rsquo;ajouter une touche de chaleur et de [&hellip;]<\/p>\n","protected":false},"featured_media":16126,"template":"","meta":{"_acf_changed":false,"_monsterinsights_skip_tracking":false,"_monsterinsights_sitenote_active":false,"_monsterinsights_sitenote_note":"","_monsterinsights_sitenote_category":0},"product_brand":[],"product_cat":[865,874,2514],"product_tag":[],"class_list":{"0":"post-7623","1":"product","2":"type-product","3":"status-publish","4":"has-post-thumbnail","6":"product_cat-accessoires","7":"product_cat-gift-shop-fr","8":"product_cat-bougeoirs","10":"first","11":"onbackorder","12":"taxable","13":"shipping-taxable","14":"purchasable","15":"product-type-variable","16":"has-default-attributes"},"acf":[],"yoast_head":"<!-- This site is optimized with the Yoast SEO plugin v26.4 - https:\/\/yoast.com\/wordpress\/plugins\/seo\/ -->\n<title>ENSEMBLE DE BOUGEOIRS PLAY &amp; BURN - ZANAT<\/title>\n<meta name=\"robots\" content=\"index, follow, max-snippet:-1, max-image-preview:large, max-video-preview:-1\" \/>\n<link rel=\"canonical\" href=\"https:\/\/zanat.org\/fr\/article\/play-burn-candle-holder-set\/\" \/>\n<meta property=\"og:locale\" content=\"fr_FR\" \/>\n<meta property=\"og:type\" content=\"article\" \/>\n<meta property=\"og:title\" content=\"ENSEMBLE DE BOUGEOIRS PLAY &amp; BURN - ZANAT\" \/>\n<meta property=\"og:description\" content=\"T\u00e9moignage de l&rsquo;excellence du design de Ludovica et Roberto Palomba, les bougeoirs Play &amp; Burn sont probablement les bougeoirs les plus attrayants et les plus ludiques qui existent. L&rsquo;id\u00e9e derri\u00e8re ce produit \u00e9tait de mettre en relation les acheteurs avec les designers, les artisans et les mat\u00e9riaux et d&rsquo;ajouter une touche de chaleur et de [&hellip;]\" \/>\n<meta property=\"og:url\" content=\"https:\/\/zanat.org\/fr\/article\/play-burn-candle-holder-set\/\" \/>\n<meta property=\"og:site_name\" content=\"ZANAT\" \/>\n<meta property=\"article:modified_time\" content=\"2023-06-20T08:27:04+00:00\" \/>\n<meta property=\"og:image\" content=\"https:\/\/zanat.org\/wp-content\/uploads\/2021\/08\/play-burn-small-2-compress.jpg\" \/>\n\t<meta property=\"og:image:width\" content=\"2400\" \/>\n\t<meta property=\"og:image:height\" content=\"1800\" \/>\n\t<meta property=\"og:image:type\" content=\"image\/jpeg\" \/>\n<meta name=\"twitter:card\" content=\"summary_large_image\" \/>\n<meta name=\"twitter:label1\" content=\"Dur\u00e9e de lecture estim\u00e9e\" \/>\n\t<meta name=\"twitter:data1\" content=\"1 minute\" \/>\n<script type=\"application\/ld+json\" class=\"yoast-schema-graph\">{\"@context\":\"https:\/\/schema.org\",\"@graph\":[{\"@type\":\"WebPage\",\"@id\":\"https:\/\/zanat.org\/fr\/article\/play-burn-candle-holder-set\/\",\"url\":\"https:\/\/zanat.org\/fr\/article\/play-burn-candle-holder-set\/\",\"name\":\"ENSEMBLE DE BOUGEOIRS PLAY & BURN - ZANAT\",\"isPartOf\":{\"@id\":\"https:\/\/staging.zanat.org\/fr\/#website\"},\"primaryImageOfPage\":{\"@id\":\"https:\/\/zanat.org\/fr\/article\/play-burn-candle-holder-set\/#primaryimage\"},\"image\":{\"@id\":\"https:\/\/zanat.org\/fr\/article\/play-burn-candle-holder-set\/#primaryimage\"},\"thumbnailUrl\":\"https:\/\/zanat.org\/wp-content\/uploads\/2021\/08\/play-burn-small-2-compress.jpg\",\"datePublished\":\"2021-08-18T15:32:53+00:00\",\"dateModified\":\"2023-06-20T08:27:04+00:00\",\"breadcrumb\":{\"@id\":\"https:\/\/zanat.org\/fr\/article\/play-burn-candle-holder-set\/#breadcrumb\"},\"inLanguage\":\"fr-FR\",\"potentialAction\":[{\"@type\":\"ReadAction\",\"target\":[\"https:\/\/zanat.org\/fr\/article\/play-burn-candle-holder-set\/\"]}]},{\"@type\":\"ImageObject\",\"inLanguage\":\"fr-FR\",\"@id\":\"https:\/\/zanat.org\/fr\/article\/play-burn-candle-holder-set\/#primaryimage\",\"url\":\"https:\/\/zanat.org\/wp-content\/uploads\/2021\/08\/play-burn-small-2-compress.jpg\",\"contentUrl\":\"https:\/\/zanat.org\/wp-content\/uploads\/2021\/08\/play-burn-small-2-compress.jpg\",\"width\":2400,\"height\":1800},{\"@type\":\"BreadcrumbList\",\"@id\":\"https:\/\/zanat.org\/fr\/article\/play-burn-candle-holder-set\/#breadcrumb\",\"itemListElement\":[{\"@type\":\"ListItem\",\"position\":1,\"name\":\"Zanat\",\"item\":\"https:\/\/staging.zanat.org\/fr\/\"},{\"@type\":\"ListItem\",\"position\":2,\"name\":\"Boutique\",\"item\":\"https:\/\/staging.zanat.org\/fr\/boutique\/\"},{\"@type\":\"ListItem\",\"position\":3,\"name\":\"Boutique de cadeaux\",\"item\":\"https:\/\/zanat.org\/fr\/categorie-produit\/gift-shop-fr\/\"},{\"@type\":\"ListItem\",\"position\":4,\"name\":\"ENSEMBLE DE BOUGEOIRS PLAY &#038; BURN\"}]},{\"@type\":\"WebSite\",\"@id\":\"https:\/\/staging.zanat.org\/fr\/#website\",\"url\":\"https:\/\/staging.zanat.org\/fr\/\",\"name\":\"ZANAT\",\"description\":\"Improve your home &amp; improve our world\",\"potentialAction\":[{\"@type\":\"SearchAction\",\"target\":{\"@type\":\"EntryPoint\",\"urlTemplate\":\"https:\/\/staging.zanat.org\/fr\/?s={search_term_string}\"},\"query-input\":{\"@type\":\"PropertyValueSpecification\",\"valueRequired\":true,\"valueName\":\"search_term_string\"}}],\"inLanguage\":\"fr-FR\"}]}<\/script>\n<!-- \/ Yoast SEO plugin. -->","yoast_head_json":{"title":"ENSEMBLE DE BOUGEOIRS PLAY & BURN - ZANAT","robots":{"index":"index","follow":"follow","max-snippet":"max-snippet:-1","max-image-preview":"max-image-preview:large","max-video-preview":"max-video-preview:-1"},"canonical":"https:\/\/zanat.org\/fr\/article\/play-burn-candle-holder-set\/","og_locale":"fr_FR","og_type":"article","og_title":"ENSEMBLE DE BOUGEOIRS PLAY & BURN - ZANAT","og_description":"T\u00e9moignage de l&rsquo;excellence du design de Ludovica et Roberto Palomba, les bougeoirs Play &amp; Burn sont probablement les bougeoirs les plus attrayants et les plus ludiques qui existent. L&rsquo;id\u00e9e derri\u00e8re ce produit \u00e9tait de mettre en relation les acheteurs avec les designers, les artisans et les mat\u00e9riaux et d&rsquo;ajouter une touche de chaleur et de [&hellip;]","og_url":"https:\/\/zanat.org\/fr\/article\/play-burn-candle-holder-set\/","og_site_name":"ZANAT","article_modified_time":"2023-06-20T08:27:04+00:00","og_image":[{"width":2400,"height":1800,"url":"https:\/\/zanat.org\/wp-content\/uploads\/2021\/08\/play-burn-small-2-compress.jpg","type":"image\/jpeg"}],"twitter_card":"summary_large_image","twitter_misc":{"Dur\u00e9e de lecture estim\u00e9e":"1 minute"},"schema":{"@context":"https:\/\/schema.org","@graph":[{"@type":"WebPage","@id":"https:\/\/zanat.org\/fr\/article\/play-burn-candle-holder-set\/","url":"https:\/\/zanat.org\/fr\/article\/play-burn-candle-holder-set\/","name":"ENSEMBLE DE BOUGEOIRS PLAY & BURN - ZANAT","isPartOf":{"@id":"https:\/\/staging.zanat.org\/fr\/#website"},"primaryImageOfPage":{"@id":"https:\/\/zanat.org\/fr\/article\/play-burn-candle-holder-set\/#primaryimage"},"image":{"@id":"https:\/\/zanat.org\/fr\/article\/play-burn-candle-holder-set\/#primaryimage"},"thumbnailUrl":"https:\/\/zanat.org\/wp-content\/uploads\/2021\/08\/play-burn-small-2-compress.jpg","datePublished":"2021-08-18T15:32:53+00:00","dateModified":"2023-06-20T08:27:04+00:00","breadcrumb":{"@id":"https:\/\/zanat.org\/fr\/article\/play-burn-candle-holder-set\/#breadcrumb"},"inLanguage":"fr-FR","potentialAction":[{"@type":"ReadAction","target":["https:\/\/zanat.org\/fr\/article\/play-burn-candle-holder-set\/"]}]},{"@type":"ImageObject","inLanguage":"fr-FR","@id":"https:\/\/zanat.org\/fr\/article\/play-burn-candle-holder-set\/#primaryimage","url":"https:\/\/zanat.org\/wp-content\/uploads\/2021\/08\/play-burn-small-2-compress.jpg","contentUrl":"https:\/\/zanat.org\/wp-content\/uploads\/2021\/08\/play-burn-small-2-compress.jpg","width":2400,"height":1800},{"@type":"BreadcrumbList","@id":"https:\/\/zanat.org\/fr\/article\/play-burn-candle-holder-set\/#breadcrumb","itemListElement":[{"@type":"ListItem","position":1,"name":"Zanat","item":"https:\/\/staging.zanat.org\/fr\/"},{"@type":"ListItem","position":2,"name":"Boutique","item":"https:\/\/staging.zanat.org\/fr\/boutique\/"},{"@type":"ListItem","position":3,"name":"Boutique de cadeaux","item":"https:\/\/zanat.org\/fr\/categorie-produit\/gift-shop-fr\/"},{"@type":"ListItem","position":4,"name":"ENSEMBLE DE BOUGEOIRS PLAY &#038; BURN"}]},{"@type":"WebSite","@id":"https:\/\/staging.zanat.org\/fr\/#website","url":"https:\/\/staging.zanat.org\/fr\/","name":"ZANAT","description":"Improve your home &amp; improve our world","potentialAction":[{"@type":"SearchAction","target":{"@type":"EntryPoint","urlTemplate":"https:\/\/staging.zanat.org\/fr\/?s={search_term_string}"},"query-input":{"@type":"PropertyValueSpecification","valueRequired":true,"valueName":"search_term_string"}}],"inLanguage":"fr-FR"}]}},"_links":{"self":[{"href":"https:\/\/zanat.org\/fr\/wp-json\/wp\/v2\/product\/7623","targetHints":{"allow":["GET"]}}],"collection":[{"href":"https:\/\/zanat.org\/fr\/wp-json\/wp\/v2\/product"}],"about":[{"href":"https:\/\/zanat.org\/fr\/wp-json\/wp\/v2\/types\/product"}],"wp:featuredmedia":[{"embeddable":true,"href":"https:\/\/zanat.org\/fr\/wp-json\/wp\/v2\/media\/16126"}],"wp:attachment":[{"href":"https:\/\/zanat.org\/fr\/wp-json\/wp\/v2\/media?parent=7623"}],"wp:term":[{"taxonomy":"product_brand","embeddable":true,"href":"https:\/\/zanat.org\/fr\/wp-json\/wp\/v2\/product_brand?post=7623"},{"taxonomy":"product_cat","embeddable":true,"href":"https:\/\/zanat.org\/fr\/wp-json\/wp\/v2\/product_cat?post=7623"},{"taxonomy":"product_tag","embeddable":true,"href":"https:\/\/zanat.org\/fr\/wp-json\/wp\/v2\/product_tag?post=7623"}],"curies":[{"name":"wp","href":"https:\/\/api.w.org\/{rel}","templated":true}]}}