{"id":7614,"date":"2021-08-18T15:33:54","date_gmt":"2021-08-18T15:33:54","guid":{"rendered":"https:\/\/zanat.org\/product\/scentainers-recipients-a-parfum\/"},"modified":"2023-06-20T10:26:17","modified_gmt":"2023-06-20T08:26:17","slug":"scentainers-fragrance-containers","status":"publish","type":"product","link":"https:\/\/zanat.org\/fr\/article\/scentainers-fragrance-containers\/","title":{"rendered":"Scentainers (r\u00e9cipients \u00e0 parfum)"},"content":{"rendered":"<p>Les Scentainers sont le r\u00e9sultat d&rsquo;une collaboration mutuelle entre Zanat et Muro Scents Co, une marque olfactive su\u00e9do-japonaise qui cr\u00e9e des parfums sur mesure sp\u00e9cialement con\u00e7us. Le Scentainer est une bo\u00eete en bois sculpt\u00e9e \u00e0 la main, remplie de copeaux de bois marin\u00e9s dans un parfum. Zanat a travaill\u00e9 pendant deux ans avec Muro pour d\u00e9velopper un parfum repr\u00e9sentatif du caract\u00e8re de Zanat : bois\u00e9, temp\u00e9r\u00e9 et invitant. Le produit est une exp\u00e9rience multi-sensorielle qui fait appel aux sens et \u00e0 l&rsquo;exp\u00e9rience de l&rsquo;espace qui reste dans la m\u00e9moire.<\/p>\n","protected":false},"excerpt":{"rendered":"<p>Les Scentainers sont le r\u00e9sultat d&rsquo;une collaboration mutuelle entre Zanat et Muro Scents Co, une marque olfactive su\u00e9do-japonaise qui cr\u00e9e des parfums sur mesure sp\u00e9cialement con\u00e7us. Le Scentainer est une bo\u00eete en bois sculpt\u00e9e \u00e0 la main, remplie de copeaux de bois marin\u00e9s dans un parfum. Zanat a travaill\u00e9 pendant deux ans avec Muro pour [&hellip;]<\/p>\n","protected":false},"featured_media":16230,"template":"","meta":{"_acf_changed":false,"_monsterinsights_skip_tracking":false,"_monsterinsights_sitenote_active":false,"_monsterinsights_sitenote_note":"","_monsterinsights_sitenote_category":0},"product_brand":[],"product_cat":[865,874,2519],"product_tag":[],"class_list":{"0":"post-7614","1":"product","2":"type-product","3":"status-publish","4":"has-post-thumbnail","6":"product_cat-accessoires","7":"product_cat-gift-shop-fr","8":"product_cat-boites-et-conteneurs","10":"first","11":"onbackorder","12":"taxable","13":"shipping-taxable","14":"purchasable","15":"product-type-simple"},"acf":[],"yoast_head":"<!-- This site is optimized with the Yoast SEO plugin v26.4 - https:\/\/yoast.com\/wordpress\/plugins\/seo\/ -->\n<title>Scentainers (r\u00e9cipients \u00e0 parfum) - ZANAT<\/title>\n<meta name=\"robots\" content=\"index, follow, max-snippet:-1, max-image-preview:large, max-video-preview:-1\" \/>\n<link rel=\"canonical\" href=\"https:\/\/zanat.org\/fr\/article\/scentainers-fragrance-containers\/\" \/>\n<meta property=\"og:locale\" content=\"fr_FR\" \/>\n<meta property=\"og:type\" content=\"article\" \/>\n<meta property=\"og:title\" content=\"Scentainers (r\u00e9cipients \u00e0 parfum) - ZANAT\" \/>\n<meta property=\"og:description\" content=\"Les Scentainers sont le r\u00e9sultat d&rsquo;une collaboration mutuelle entre Zanat et Muro Scents Co, une marque olfactive su\u00e9do-japonaise qui cr\u00e9e des parfums sur mesure sp\u00e9cialement con\u00e7us. Le Scentainer est une bo\u00eete en bois sculpt\u00e9e \u00e0 la main, remplie de copeaux de bois marin\u00e9s dans un parfum. Zanat a travaill\u00e9 pendant deux ans avec Muro pour [&hellip;]\" \/>\n<meta property=\"og:url\" content=\"https:\/\/zanat.org\/fr\/article\/scentainers-fragrance-containers\/\" \/>\n<meta property=\"og:site_name\" content=\"ZANAT\" \/>\n<meta property=\"article:modified_time\" content=\"2023-06-20T08:26:17+00:00\" \/>\n<meta property=\"og:image\" content=\"https:\/\/zanat.org\/wp-content\/uploads\/2021\/08\/scentainers-fragrance-containers-forster-zanat-maple-ssp-810-compress.jpg\" \/>\n\t<meta property=\"og:image:width\" content=\"2400\" \/>\n\t<meta property=\"og:image:height\" content=\"1800\" \/>\n\t<meta property=\"og:image:type\" content=\"image\/jpeg\" \/>\n<meta name=\"twitter:card\" content=\"summary_large_image\" \/>\n<meta name=\"twitter:label1\" content=\"Dur\u00e9e de lecture estim\u00e9e\" \/>\n\t<meta name=\"twitter:data1\" content=\"1 minute\" \/>\n<script type=\"application\/ld+json\" class=\"yoast-schema-graph\">{\"@context\":\"https:\/\/schema.org\",\"@graph\":[{\"@type\":\"WebPage\",\"@id\":\"https:\/\/zanat.org\/fr\/article\/scentainers-fragrance-containers\/\",\"url\":\"https:\/\/zanat.org\/fr\/article\/scentainers-fragrance-containers\/\",\"name\":\"Scentainers (r\u00e9cipients \u00e0 parfum) - ZANAT\",\"isPartOf\":{\"@id\":\"https:\/\/staging.zanat.org\/fr\/#website\"},\"primaryImageOfPage\":{\"@id\":\"https:\/\/zanat.org\/fr\/article\/scentainers-fragrance-containers\/#primaryimage\"},\"image\":{\"@id\":\"https:\/\/zanat.org\/fr\/article\/scentainers-fragrance-containers\/#primaryimage\"},\"thumbnailUrl\":\"https:\/\/zanat.org\/wp-content\/uploads\/2021\/08\/scentainers-fragrance-containers-forster-zanat-maple-ssp-810-compress.jpg\",\"datePublished\":\"2021-08-18T15:33:54+00:00\",\"dateModified\":\"2023-06-20T08:26:17+00:00\",\"breadcrumb\":{\"@id\":\"https:\/\/zanat.org\/fr\/article\/scentainers-fragrance-containers\/#breadcrumb\"},\"inLanguage\":\"fr-FR\",\"potentialAction\":[{\"@type\":\"ReadAction\",\"target\":[\"https:\/\/zanat.org\/fr\/article\/scentainers-fragrance-containers\/\"]}]},{\"@type\":\"ImageObject\",\"inLanguage\":\"fr-FR\",\"@id\":\"https:\/\/zanat.org\/fr\/article\/scentainers-fragrance-containers\/#primaryimage\",\"url\":\"https:\/\/zanat.org\/wp-content\/uploads\/2021\/08\/scentainers-fragrance-containers-forster-zanat-maple-ssp-810-compress.jpg\",\"contentUrl\":\"https:\/\/zanat.org\/wp-content\/uploads\/2021\/08\/scentainers-fragrance-containers-forster-zanat-maple-ssp-810-compress.jpg\",\"width\":2400,\"height\":1800},{\"@type\":\"BreadcrumbList\",\"@id\":\"https:\/\/zanat.org\/fr\/article\/scentainers-fragrance-containers\/#breadcrumb\",\"itemListElement\":[{\"@type\":\"ListItem\",\"position\":1,\"name\":\"Zanat\",\"item\":\"https:\/\/staging.zanat.org\/fr\/\"},{\"@type\":\"ListItem\",\"position\":2,\"name\":\"Boutique\",\"item\":\"https:\/\/staging.zanat.org\/fr\/boutique\/\"},{\"@type\":\"ListItem\",\"position\":3,\"name\":\"Boutique de cadeaux\",\"item\":\"https:\/\/zanat.org\/fr\/categorie-produit\/gift-shop-fr\/\"},{\"@type\":\"ListItem\",\"position\":4,\"name\":\"Boites et conteneurs\",\"item\":\"https:\/\/zanat.org\/fr\/categorie-produit\/gift-shop-fr\/boites-et-conteneurs\/\"},{\"@type\":\"ListItem\",\"position\":5,\"name\":\"Scentainers (r\u00e9cipients \u00e0 parfum)\"}]},{\"@type\":\"WebSite\",\"@id\":\"https:\/\/staging.zanat.org\/fr\/#website\",\"url\":\"https:\/\/staging.zanat.org\/fr\/\",\"name\":\"ZANAT\",\"description\":\"Improve your home &amp; improve our world\",\"potentialAction\":[{\"@type\":\"SearchAction\",\"target\":{\"@type\":\"EntryPoint\",\"urlTemplate\":\"https:\/\/staging.zanat.org\/fr\/?s={search_term_string}\"},\"query-input\":{\"@type\":\"PropertyValueSpecification\",\"valueRequired\":true,\"valueName\":\"search_term_string\"}}],\"inLanguage\":\"fr-FR\"}]}<\/script>\n<!-- \/ Yoast SEO plugin. -->","yoast_head_json":{"title":"Scentainers (r\u00e9cipients \u00e0 parfum) - ZANAT","robots":{"index":"index","follow":"follow","max-snippet":"max-snippet:-1","max-image-preview":"max-image-preview:large","max-video-preview":"max-video-preview:-1"},"canonical":"https:\/\/zanat.org\/fr\/article\/scentainers-fragrance-containers\/","og_locale":"fr_FR","og_type":"article","og_title":"Scentainers (r\u00e9cipients \u00e0 parfum) - ZANAT","og_description":"Les Scentainers sont le r\u00e9sultat d&rsquo;une collaboration mutuelle entre Zanat et Muro Scents Co, une marque olfactive su\u00e9do-japonaise qui cr\u00e9e des parfums sur mesure sp\u00e9cialement con\u00e7us. Le Scentainer est une bo\u00eete en bois sculpt\u00e9e \u00e0 la main, remplie de copeaux de bois marin\u00e9s dans un parfum. Zanat a travaill\u00e9 pendant deux ans avec Muro pour [&hellip;]","og_url":"https:\/\/zanat.org\/fr\/article\/scentainers-fragrance-containers\/","og_site_name":"ZANAT","article_modified_time":"2023-06-20T08:26:17+00:00","og_image":[{"width":2400,"height":1800,"url":"https:\/\/zanat.org\/wp-content\/uploads\/2021\/08\/scentainers-fragrance-containers-forster-zanat-maple-ssp-810-compress.jpg","type":"image\/jpeg"}],"twitter_card":"summary_large_image","twitter_misc":{"Dur\u00e9e de lecture estim\u00e9e":"1 minute"},"schema":{"@context":"https:\/\/schema.org","@graph":[{"@type":"WebPage","@id":"https:\/\/zanat.org\/fr\/article\/scentainers-fragrance-containers\/","url":"https:\/\/zanat.org\/fr\/article\/scentainers-fragrance-containers\/","name":"Scentainers (r\u00e9cipients \u00e0 parfum) - ZANAT","isPartOf":{"@id":"https:\/\/staging.zanat.org\/fr\/#website"},"primaryImageOfPage":{"@id":"https:\/\/zanat.org\/fr\/article\/scentainers-fragrance-containers\/#primaryimage"},"image":{"@id":"https:\/\/zanat.org\/fr\/article\/scentainers-fragrance-containers\/#primaryimage"},"thumbnailUrl":"https:\/\/zanat.org\/wp-content\/uploads\/2021\/08\/scentainers-fragrance-containers-forster-zanat-maple-ssp-810-compress.jpg","datePublished":"2021-08-18T15:33:54+00:00","dateModified":"2023-06-20T08:26:17+00:00","breadcrumb":{"@id":"https:\/\/zanat.org\/fr\/article\/scentainers-fragrance-containers\/#breadcrumb"},"inLanguage":"fr-FR","potentialAction":[{"@type":"ReadAction","target":["https:\/\/zanat.org\/fr\/article\/scentainers-fragrance-containers\/"]}]},{"@type":"ImageObject","inLanguage":"fr-FR","@id":"https:\/\/zanat.org\/fr\/article\/scentainers-fragrance-containers\/#primaryimage","url":"https:\/\/zanat.org\/wp-content\/uploads\/2021\/08\/scentainers-fragrance-containers-forster-zanat-maple-ssp-810-compress.jpg","contentUrl":"https:\/\/zanat.org\/wp-content\/uploads\/2021\/08\/scentainers-fragrance-containers-forster-zanat-maple-ssp-810-compress.jpg","width":2400,"height":1800},{"@type":"BreadcrumbList","@id":"https:\/\/zanat.org\/fr\/article\/scentainers-fragrance-containers\/#breadcrumb","itemListElement":[{"@type":"ListItem","position":1,"name":"Zanat","item":"https:\/\/staging.zanat.org\/fr\/"},{"@type":"ListItem","position":2,"name":"Boutique","item":"https:\/\/staging.zanat.org\/fr\/boutique\/"},{"@type":"ListItem","position":3,"name":"Boutique de cadeaux","item":"https:\/\/zanat.org\/fr\/categorie-produit\/gift-shop-fr\/"},{"@type":"ListItem","position":4,"name":"Boites et conteneurs","item":"https:\/\/zanat.org\/fr\/categorie-produit\/gift-shop-fr\/boites-et-conteneurs\/"},{"@type":"ListItem","position":5,"name":"Scentainers (r\u00e9cipients \u00e0 parfum)"}]},{"@type":"WebSite","@id":"https:\/\/staging.zanat.org\/fr\/#website","url":"https:\/\/staging.zanat.org\/fr\/","name":"ZANAT","description":"Improve your home &amp; improve our world","potentialAction":[{"@type":"SearchAction","target":{"@type":"EntryPoint","urlTemplate":"https:\/\/staging.zanat.org\/fr\/?s={search_term_string}"},"query-input":{"@type":"PropertyValueSpecification","valueRequired":true,"valueName":"search_term_string"}}],"inLanguage":"fr-FR"}]}},"_links":{"self":[{"href":"https:\/\/zanat.org\/fr\/wp-json\/wp\/v2\/product\/7614","targetHints":{"allow":["GET"]}}],"collection":[{"href":"https:\/\/zanat.org\/fr\/wp-json\/wp\/v2\/product"}],"about":[{"href":"https:\/\/zanat.org\/fr\/wp-json\/wp\/v2\/types\/product"}],"wp:featuredmedia":[{"embeddable":true,"href":"https:\/\/zanat.org\/fr\/wp-json\/wp\/v2\/media\/16230"}],"wp:attachment":[{"href":"https:\/\/zanat.org\/fr\/wp-json\/wp\/v2\/media?parent=7614"}],"wp:term":[{"taxonomy":"product_brand","embeddable":true,"href":"https:\/\/zanat.org\/fr\/wp-json\/wp\/v2\/product_brand?post=7614"},{"taxonomy":"product_cat","embeddable":true,"href":"https:\/\/zanat.org\/fr\/wp-json\/wp\/v2\/product_cat?post=7614"},{"taxonomy":"product_tag","embeddable":true,"href":"https:\/\/zanat.org\/fr\/wp-json\/wp\/v2\/product_tag?post=7614"}],"curies":[{"name":"wp","href":"https:\/\/api.w.org\/{rel}","templated":true}]}}