{"id":7605,"date":"2021-08-18T15:28:15","date_gmt":"2021-08-18T13:28:15","guid":{"rendered":"https:\/\/zanat.org\/product\/assiettes-dom\/"},"modified":"2023-01-18T11:37:19","modified_gmt":"2023-01-18T10:37:19","slug":"assiettes-dom","status":"publish","type":"product","link":"https:\/\/zanat.org\/fr\/article\/assiettes-dom\/","title":{"rendered":"Assiettes Dom"},"content":{"rendered":"<p>Con\u00e7ue par Michelle De Lucchi, l&rsquo;assiette Dom est une gravure m\u00e9ticuleusement r\u00e9alis\u00e9e qui ressemble \u00e0 une carte des \u00e9toiles nous guidant vers la maison. L&rsquo;attrait profond des plaques Dom r\u00e9side dans la g\u00e9om\u00e9trie brillamment con\u00e7ue, les d\u00e9tails m\u00e9ticuleusement ex\u00e9cut\u00e9s &#8211; qui t\u00e9moignent de la valeur durable de l&rsquo;artisanat d&rsquo;art &#8211; et la chaleur et la tactilit\u00e9 du bois massif. Pour De Lucchi, \u00ab\u00a0le v\u00e9ritable sujet du moment est d&rsquo;\u00e9tudier &#8211; et de mieux comprendre de mani\u00e8re th\u00e9orique &#8211; la diff\u00e9rence entre temporalit\u00e9 et \u00e9ternit\u00e9, ce qui doit \u00eatre temporaire et ce qui doit \u00eatre permanent\u00a0\u00bb. De cette fa\u00e7on, Dom (qui signifie \u00ab\u00a0maison\u00a0\u00bb en bosniaque) est l&rsquo;origine et la destination \u00e9ternelles. Les textures grav\u00e9es \u00e0 la main dans le bois par le ma\u00eetre artisan de Zanat accrochent magnifiquement la lumi\u00e8re d&rsquo;une mani\u00e8re qui met en valeur la tactilit\u00e9 et la g\u00e9om\u00e9trie de ces objets multipolygonaux. Avec Dom, Michelle De Lucchi nous a une fois de plus r\u00e9v\u00e9l\u00e9 \u00e0 la fois son g\u00e9nie et le lien indissociable entre l&rsquo;art et l&rsquo;artisanat, le pass\u00e9 et l&rsquo;avenir.<\/p>\n<p>\u00ab\u00a0Pour savoir o\u00f9 nous allons, nous devons savoir d&rsquo;o\u00f9 nous venons\u00a0\u00bb.<br \/>\n\u2014 Michele De Lucchi<\/p>\n","protected":false},"excerpt":{"rendered":"<p>Con\u00e7ue par Michelle De Lucchi, l&rsquo;assiette Dom est une gravure m\u00e9ticuleusement r\u00e9alis\u00e9e qui ressemble \u00e0 une carte des \u00e9toiles nous guidant vers la maison. L&rsquo;attrait profond des plaques Dom r\u00e9side dans la g\u00e9om\u00e9trie brillamment con\u00e7ue, les d\u00e9tails m\u00e9ticuleusement ex\u00e9cut\u00e9s &#8211; qui t\u00e9moignent de la valeur durable de l&rsquo;artisanat d&rsquo;art &#8211; et la chaleur et la [&hellip;]<\/p>\n","protected":false},"featured_media":6121,"template":"","meta":{"_acf_changed":false,"_monsterinsights_skip_tracking":false,"_monsterinsights_sitenote_active":false,"_monsterinsights_sitenote_note":"","_monsterinsights_sitenote_category":0},"product_brand":[],"product_cat":[865],"product_tag":[],"class_list":{"0":"post-7605","1":"product","2":"type-product","3":"status-publish","4":"has-post-thumbnail","6":"product_cat-accessoires","8":"first","9":"outofstock","10":"taxable","11":"shipping-taxable","12":"purchasable","13":"product-type-variable"},"acf":[],"yoast_head":"<!-- This site is optimized with the Yoast SEO plugin v26.4 - https:\/\/yoast.com\/wordpress\/plugins\/seo\/ -->\n<title>Assiettes Dom - ZANAT<\/title>\n<meta name=\"robots\" content=\"index, follow, max-snippet:-1, max-image-preview:large, max-video-preview:-1\" \/>\n<link rel=\"canonical\" href=\"https:\/\/zanat.org\/fr\/article\/assiettes-dom\/\" \/>\n<meta property=\"og:locale\" content=\"fr_FR\" \/>\n<meta property=\"og:type\" content=\"article\" \/>\n<meta property=\"og:title\" content=\"Assiettes Dom - ZANAT\" \/>\n<meta property=\"og:description\" content=\"Con\u00e7ue par Michelle De Lucchi, l&rsquo;assiette Dom est une gravure m\u00e9ticuleusement r\u00e9alis\u00e9e qui ressemble \u00e0 une carte des \u00e9toiles nous guidant vers la maison. L&rsquo;attrait profond des plaques Dom r\u00e9side dans la g\u00e9om\u00e9trie brillamment con\u00e7ue, les d\u00e9tails m\u00e9ticuleusement ex\u00e9cut\u00e9s &#8211; qui t\u00e9moignent de la valeur durable de l&rsquo;artisanat d&rsquo;art &#8211; et la chaleur et la [&hellip;]\" \/>\n<meta property=\"og:url\" content=\"https:\/\/zanat.org\/fr\/article\/assiettes-dom\/\" \/>\n<meta property=\"og:site_name\" content=\"ZANAT\" \/>\n<meta property=\"article:modified_time\" content=\"2023-01-18T10:37:19+00:00\" \/>\n<meta property=\"og:image\" content=\"https:\/\/zanat.org\/wp-content\/uploads\/2021\/08\/domplates-scaled.jpg\" \/>\n\t<meta property=\"og:image:width\" content=\"2560\" \/>\n\t<meta property=\"og:image:height\" content=\"1440\" \/>\n\t<meta property=\"og:image:type\" content=\"image\/jpeg\" \/>\n<meta name=\"twitter:card\" content=\"summary_large_image\" \/>\n<meta name=\"twitter:label1\" content=\"Dur\u00e9e de lecture estim\u00e9e\" \/>\n\t<meta name=\"twitter:data1\" content=\"1 minute\" \/>\n<script type=\"application\/ld+json\" class=\"yoast-schema-graph\">{\"@context\":\"https:\/\/schema.org\",\"@graph\":[{\"@type\":\"WebPage\",\"@id\":\"https:\/\/zanat.org\/fr\/article\/assiettes-dom\/\",\"url\":\"https:\/\/zanat.org\/fr\/article\/assiettes-dom\/\",\"name\":\"Assiettes Dom - ZANAT\",\"isPartOf\":{\"@id\":\"https:\/\/staging.zanat.org\/fr\/#website\"},\"primaryImageOfPage\":{\"@id\":\"https:\/\/zanat.org\/fr\/article\/assiettes-dom\/#primaryimage\"},\"image\":{\"@id\":\"https:\/\/zanat.org\/fr\/article\/assiettes-dom\/#primaryimage\"},\"thumbnailUrl\":\"https:\/\/zanat.org\/wp-content\/uploads\/2021\/08\/domplates-scaled.jpg\",\"datePublished\":\"2021-08-18T13:28:15+00:00\",\"dateModified\":\"2023-01-18T10:37:19+00:00\",\"breadcrumb\":{\"@id\":\"https:\/\/zanat.org\/fr\/article\/assiettes-dom\/#breadcrumb\"},\"inLanguage\":\"fr-FR\",\"potentialAction\":[{\"@type\":\"ReadAction\",\"target\":[\"https:\/\/zanat.org\/fr\/article\/assiettes-dom\/\"]}]},{\"@type\":\"ImageObject\",\"inLanguage\":\"fr-FR\",\"@id\":\"https:\/\/zanat.org\/fr\/article\/assiettes-dom\/#primaryimage\",\"url\":\"https:\/\/zanat.org\/wp-content\/uploads\/2021\/08\/domplates-scaled.jpg\",\"contentUrl\":\"https:\/\/zanat.org\/wp-content\/uploads\/2021\/08\/domplates-scaled.jpg\",\"width\":2560,\"height\":1440},{\"@type\":\"BreadcrumbList\",\"@id\":\"https:\/\/zanat.org\/fr\/article\/assiettes-dom\/#breadcrumb\",\"itemListElement\":[{\"@type\":\"ListItem\",\"position\":1,\"name\":\"Zanat\",\"item\":\"https:\/\/staging.zanat.org\/fr\/\"},{\"@type\":\"ListItem\",\"position\":2,\"name\":\"Boutique\",\"item\":\"https:\/\/staging.zanat.org\/fr\/boutique\/\"},{\"@type\":\"ListItem\",\"position\":3,\"name\":\"Accessoires\",\"item\":\"https:\/\/zanat.org\/fr\/categorie-produit\/accessoires\/\"},{\"@type\":\"ListItem\",\"position\":4,\"name\":\"Assiettes Dom\"}]},{\"@type\":\"WebSite\",\"@id\":\"https:\/\/staging.zanat.org\/fr\/#website\",\"url\":\"https:\/\/staging.zanat.org\/fr\/\",\"name\":\"ZANAT\",\"description\":\"Improve your home &amp; improve our world\",\"potentialAction\":[{\"@type\":\"SearchAction\",\"target\":{\"@type\":\"EntryPoint\",\"urlTemplate\":\"https:\/\/staging.zanat.org\/fr\/?s={search_term_string}\"},\"query-input\":{\"@type\":\"PropertyValueSpecification\",\"valueRequired\":true,\"valueName\":\"search_term_string\"}}],\"inLanguage\":\"fr-FR\"}]}<\/script>\n<!-- \/ Yoast SEO plugin. -->","yoast_head_json":{"title":"Assiettes Dom - ZANAT","robots":{"index":"index","follow":"follow","max-snippet":"max-snippet:-1","max-image-preview":"max-image-preview:large","max-video-preview":"max-video-preview:-1"},"canonical":"https:\/\/zanat.org\/fr\/article\/assiettes-dom\/","og_locale":"fr_FR","og_type":"article","og_title":"Assiettes Dom - ZANAT","og_description":"Con\u00e7ue par Michelle De Lucchi, l&rsquo;assiette Dom est une gravure m\u00e9ticuleusement r\u00e9alis\u00e9e qui ressemble \u00e0 une carte des \u00e9toiles nous guidant vers la maison. L&rsquo;attrait profond des plaques Dom r\u00e9side dans la g\u00e9om\u00e9trie brillamment con\u00e7ue, les d\u00e9tails m\u00e9ticuleusement ex\u00e9cut\u00e9s &#8211; qui t\u00e9moignent de la valeur durable de l&rsquo;artisanat d&rsquo;art &#8211; et la chaleur et la [&hellip;]","og_url":"https:\/\/zanat.org\/fr\/article\/assiettes-dom\/","og_site_name":"ZANAT","article_modified_time":"2023-01-18T10:37:19+00:00","og_image":[{"width":2560,"height":1440,"url":"https:\/\/zanat.org\/wp-content\/uploads\/2021\/08\/domplates-scaled.jpg","type":"image\/jpeg"}],"twitter_card":"summary_large_image","twitter_misc":{"Dur\u00e9e de lecture estim\u00e9e":"1 minute"},"schema":{"@context":"https:\/\/schema.org","@graph":[{"@type":"WebPage","@id":"https:\/\/zanat.org\/fr\/article\/assiettes-dom\/","url":"https:\/\/zanat.org\/fr\/article\/assiettes-dom\/","name":"Assiettes Dom - ZANAT","isPartOf":{"@id":"https:\/\/staging.zanat.org\/fr\/#website"},"primaryImageOfPage":{"@id":"https:\/\/zanat.org\/fr\/article\/assiettes-dom\/#primaryimage"},"image":{"@id":"https:\/\/zanat.org\/fr\/article\/assiettes-dom\/#primaryimage"},"thumbnailUrl":"https:\/\/zanat.org\/wp-content\/uploads\/2021\/08\/domplates-scaled.jpg","datePublished":"2021-08-18T13:28:15+00:00","dateModified":"2023-01-18T10:37:19+00:00","breadcrumb":{"@id":"https:\/\/zanat.org\/fr\/article\/assiettes-dom\/#breadcrumb"},"inLanguage":"fr-FR","potentialAction":[{"@type":"ReadAction","target":["https:\/\/zanat.org\/fr\/article\/assiettes-dom\/"]}]},{"@type":"ImageObject","inLanguage":"fr-FR","@id":"https:\/\/zanat.org\/fr\/article\/assiettes-dom\/#primaryimage","url":"https:\/\/zanat.org\/wp-content\/uploads\/2021\/08\/domplates-scaled.jpg","contentUrl":"https:\/\/zanat.org\/wp-content\/uploads\/2021\/08\/domplates-scaled.jpg","width":2560,"height":1440},{"@type":"BreadcrumbList","@id":"https:\/\/zanat.org\/fr\/article\/assiettes-dom\/#breadcrumb","itemListElement":[{"@type":"ListItem","position":1,"name":"Zanat","item":"https:\/\/staging.zanat.org\/fr\/"},{"@type":"ListItem","position":2,"name":"Boutique","item":"https:\/\/staging.zanat.org\/fr\/boutique\/"},{"@type":"ListItem","position":3,"name":"Accessoires","item":"https:\/\/zanat.org\/fr\/categorie-produit\/accessoires\/"},{"@type":"ListItem","position":4,"name":"Assiettes Dom"}]},{"@type":"WebSite","@id":"https:\/\/staging.zanat.org\/fr\/#website","url":"https:\/\/staging.zanat.org\/fr\/","name":"ZANAT","description":"Improve your home &amp; improve our world","potentialAction":[{"@type":"SearchAction","target":{"@type":"EntryPoint","urlTemplate":"https:\/\/staging.zanat.org\/fr\/?s={search_term_string}"},"query-input":{"@type":"PropertyValueSpecification","valueRequired":true,"valueName":"search_term_string"}}],"inLanguage":"fr-FR"}]}},"_links":{"self":[{"href":"https:\/\/zanat.org\/fr\/wp-json\/wp\/v2\/product\/7605","targetHints":{"allow":["GET"]}}],"collection":[{"href":"https:\/\/zanat.org\/fr\/wp-json\/wp\/v2\/product"}],"about":[{"href":"https:\/\/zanat.org\/fr\/wp-json\/wp\/v2\/types\/product"}],"wp:featuredmedia":[{"embeddable":true,"href":"https:\/\/zanat.org\/fr\/wp-json\/wp\/v2\/media\/6121"}],"wp:attachment":[{"href":"https:\/\/zanat.org\/fr\/wp-json\/wp\/v2\/media?parent=7605"}],"wp:term":[{"taxonomy":"product_brand","embeddable":true,"href":"https:\/\/zanat.org\/fr\/wp-json\/wp\/v2\/product_brand?post=7605"},{"taxonomy":"product_cat","embeddable":true,"href":"https:\/\/zanat.org\/fr\/wp-json\/wp\/v2\/product_cat?post=7605"},{"taxonomy":"product_tag","embeddable":true,"href":"https:\/\/zanat.org\/fr\/wp-json\/wp\/v2\/product_tag?post=7605"}],"curies":[{"name":"wp","href":"https:\/\/api.w.org\/{rel}","templated":true}]}}