{"id":7579,"date":"2021-11-06T14:53:39","date_gmt":"2021-11-06T13:53:39","guid":{"rendered":"https:\/\/zanat.org\/product\/banc-morpho\/"},"modified":"2023-01-10T12:13:23","modified_gmt":"2023-01-10T11:13:23","slug":"morpho-bench","status":"publish","type":"product","link":"https:\/\/zanat.org\/fr\/article\/morpho-bench\/","title":{"rendered":"Banc Morpho"},"content":{"rendered":"<p>Morpho est une \u00e9tude de la morphologie d&rsquo;un tronc d&rsquo;arbre transform\u00e9 par l&rsquo;artisan en une gravure fonctionnelle raffin\u00e9e. L&rsquo;esth\u00e9tique du banc est d\u00e9finie par deux pieds robustes, qui semblent avoir \u00e9t\u00e9 sculpt\u00e9s en fendant une b\u00fbche. La texture sculpt\u00e9e sur le c\u00f4t\u00e9 plat int\u00e9rieur des pieds rappelle la texture des fibres de bois que l&rsquo;on observe dans une b\u00fbche fendue.<\/p>\n<p>La surface d&rsquo;assise du banc est faite d&rsquo;une planche de bois fendue avec une curieuse forme en V \u00e0 chaque extr\u00e9mit\u00e9. Le banc mesure 230 cm de long et ajoutera une \u00e9l\u00e9gance chaleureuse et sans pr\u00e9tention \u00e0 une multitude de d\u00e9cors int\u00e9rieurs. L&rsquo;ensemble du processus de d\u00e9veloppement de ce produit a \u00e9t\u00e9 r\u00e9alis\u00e9 \u00e0 distance, en s&rsquo;appuyant sur des vid\u00e9oconf\u00e9rences et d&rsquo;excellentes m\u00e9thodes, qui ont tr\u00e8s bien fonctionn\u00e9 gr\u00e2ce aux excellentes comp\u00e9tences en mati\u00e8re d&rsquo;ing\u00e9nierie et de d\u00e9veloppement de produits des deux parties.<\/p>\n","protected":false},"excerpt":{"rendered":"<p>Morpho est une \u00e9tude de la morphologie d&rsquo;un tronc d&rsquo;arbre transform\u00e9 par l&rsquo;artisan en une gravure fonctionnelle raffin\u00e9e. L&rsquo;esth\u00e9tique du banc est d\u00e9finie par deux pieds robustes, qui semblent avoir \u00e9t\u00e9 sculpt\u00e9s en fendant une b\u00fbche. La texture sculpt\u00e9e sur le c\u00f4t\u00e9 plat int\u00e9rieur des pieds rappelle la texture des fibres de bois que l&rsquo;on [&hellip;]<\/p>\n","protected":false},"featured_media":6725,"template":"","meta":{"_acf_changed":false,"_monsterinsights_skip_tracking":false,"_monsterinsights_sitenote_active":false,"_monsterinsights_sitenote_note":"","_monsterinsights_sitenote_category":0},"product_brand":[],"product_cat":[775],"product_tag":[],"class_list":{"0":"post-7579","1":"product","2":"type-product","3":"status-publish","4":"has-post-thumbnail","6":"product_cat-bancs-tabourets","8":"first","9":"outofstock","10":"taxable","11":"shipping-taxable","12":"product-type-simple"},"acf":[],"yoast_head":"<!-- This site is optimized with the Yoast SEO plugin v26.4 - https:\/\/yoast.com\/wordpress\/plugins\/seo\/ -->\n<title>Banc Morpho - ZANAT<\/title>\n<meta name=\"robots\" content=\"index, follow, max-snippet:-1, max-image-preview:large, max-video-preview:-1\" \/>\n<link rel=\"canonical\" href=\"https:\/\/zanat.org\/fr\/article\/morpho-bench\/\" \/>\n<meta property=\"og:locale\" content=\"fr_FR\" \/>\n<meta property=\"og:type\" content=\"article\" \/>\n<meta property=\"og:title\" content=\"Banc Morpho - ZANAT\" \/>\n<meta property=\"og:description\" content=\"Morpho est une \u00e9tude de la morphologie d&rsquo;un tronc d&rsquo;arbre transform\u00e9 par l&rsquo;artisan en une gravure fonctionnelle raffin\u00e9e. L&rsquo;esth\u00e9tique du banc est d\u00e9finie par deux pieds robustes, qui semblent avoir \u00e9t\u00e9 sculpt\u00e9s en fendant une b\u00fbche. La texture sculpt\u00e9e sur le c\u00f4t\u00e9 plat int\u00e9rieur des pieds rappelle la texture des fibres de bois que l&rsquo;on [&hellip;]\" \/>\n<meta property=\"og:url\" content=\"https:\/\/zanat.org\/fr\/article\/morpho-bench\/\" \/>\n<meta property=\"og:site_name\" content=\"ZANAT\" \/>\n<meta property=\"article:modified_time\" content=\"2023-01-10T11:13:23+00:00\" \/>\n<meta property=\"og:image\" content=\"https:\/\/zanat.org\/wp-content\/uploads\/2021\/11\/dsc6570-radna-crop1.jpg\" \/>\n\t<meta property=\"og:image:width\" content=\"2400\" \/>\n\t<meta property=\"og:image:height\" content=\"1600\" \/>\n\t<meta property=\"og:image:type\" content=\"image\/jpeg\" \/>\n<meta name=\"twitter:card\" content=\"summary_large_image\" \/>\n<meta name=\"twitter:label1\" content=\"Dur\u00e9e de lecture estim\u00e9e\" \/>\n\t<meta name=\"twitter:data1\" content=\"1 minute\" \/>\n<script type=\"application\/ld+json\" class=\"yoast-schema-graph\">{\"@context\":\"https:\/\/schema.org\",\"@graph\":[{\"@type\":\"WebPage\",\"@id\":\"https:\/\/zanat.org\/fr\/article\/morpho-bench\/\",\"url\":\"https:\/\/zanat.org\/fr\/article\/morpho-bench\/\",\"name\":\"Banc Morpho - ZANAT\",\"isPartOf\":{\"@id\":\"https:\/\/staging.zanat.org\/fr\/#website\"},\"primaryImageOfPage\":{\"@id\":\"https:\/\/zanat.org\/fr\/article\/morpho-bench\/#primaryimage\"},\"image\":{\"@id\":\"https:\/\/zanat.org\/fr\/article\/morpho-bench\/#primaryimage\"},\"thumbnailUrl\":\"https:\/\/zanat.org\/wp-content\/uploads\/2021\/11\/dsc6570-radna-crop1.jpg\",\"datePublished\":\"2021-11-06T13:53:39+00:00\",\"dateModified\":\"2023-01-10T11:13:23+00:00\",\"breadcrumb\":{\"@id\":\"https:\/\/zanat.org\/fr\/article\/morpho-bench\/#breadcrumb\"},\"inLanguage\":\"fr-FR\",\"potentialAction\":[{\"@type\":\"ReadAction\",\"target\":[\"https:\/\/zanat.org\/fr\/article\/morpho-bench\/\"]}]},{\"@type\":\"ImageObject\",\"inLanguage\":\"fr-FR\",\"@id\":\"https:\/\/zanat.org\/fr\/article\/morpho-bench\/#primaryimage\",\"url\":\"https:\/\/zanat.org\/wp-content\/uploads\/2021\/11\/dsc6570-radna-crop1.jpg\",\"contentUrl\":\"https:\/\/zanat.org\/wp-content\/uploads\/2021\/11\/dsc6570-radna-crop1.jpg\",\"width\":2400,\"height\":1600},{\"@type\":\"BreadcrumbList\",\"@id\":\"https:\/\/zanat.org\/fr\/article\/morpho-bench\/#breadcrumb\",\"itemListElement\":[{\"@type\":\"ListItem\",\"position\":1,\"name\":\"Zanat\",\"item\":\"https:\/\/staging.zanat.org\/fr\/\"},{\"@type\":\"ListItem\",\"position\":2,\"name\":\"Boutique\",\"item\":\"https:\/\/staging.zanat.org\/fr\/boutique\/\"},{\"@type\":\"ListItem\",\"position\":3,\"name\":\"Bancs &amp; tabourets\",\"item\":\"https:\/\/zanat.org\/fr\/categorie-produit\/bancs-tabourets\/\"},{\"@type\":\"ListItem\",\"position\":4,\"name\":\"Banc Morpho\"}]},{\"@type\":\"WebSite\",\"@id\":\"https:\/\/staging.zanat.org\/fr\/#website\",\"url\":\"https:\/\/staging.zanat.org\/fr\/\",\"name\":\"ZANAT\",\"description\":\"Improve your home &amp; improve our world\",\"potentialAction\":[{\"@type\":\"SearchAction\",\"target\":{\"@type\":\"EntryPoint\",\"urlTemplate\":\"https:\/\/staging.zanat.org\/fr\/?s={search_term_string}\"},\"query-input\":{\"@type\":\"PropertyValueSpecification\",\"valueRequired\":true,\"valueName\":\"search_term_string\"}}],\"inLanguage\":\"fr-FR\"}]}<\/script>\n<!-- \/ Yoast SEO plugin. -->","yoast_head_json":{"title":"Banc Morpho - ZANAT","robots":{"index":"index","follow":"follow","max-snippet":"max-snippet:-1","max-image-preview":"max-image-preview:large","max-video-preview":"max-video-preview:-1"},"canonical":"https:\/\/zanat.org\/fr\/article\/morpho-bench\/","og_locale":"fr_FR","og_type":"article","og_title":"Banc Morpho - ZANAT","og_description":"Morpho est une \u00e9tude de la morphologie d&rsquo;un tronc d&rsquo;arbre transform\u00e9 par l&rsquo;artisan en une gravure fonctionnelle raffin\u00e9e. L&rsquo;esth\u00e9tique du banc est d\u00e9finie par deux pieds robustes, qui semblent avoir \u00e9t\u00e9 sculpt\u00e9s en fendant une b\u00fbche. La texture sculpt\u00e9e sur le c\u00f4t\u00e9 plat int\u00e9rieur des pieds rappelle la texture des fibres de bois que l&rsquo;on [&hellip;]","og_url":"https:\/\/zanat.org\/fr\/article\/morpho-bench\/","og_site_name":"ZANAT","article_modified_time":"2023-01-10T11:13:23+00:00","og_image":[{"width":2400,"height":1600,"url":"https:\/\/zanat.org\/wp-content\/uploads\/2021\/11\/dsc6570-radna-crop1.jpg","type":"image\/jpeg"}],"twitter_card":"summary_large_image","twitter_misc":{"Dur\u00e9e de lecture estim\u00e9e":"1 minute"},"schema":{"@context":"https:\/\/schema.org","@graph":[{"@type":"WebPage","@id":"https:\/\/zanat.org\/fr\/article\/morpho-bench\/","url":"https:\/\/zanat.org\/fr\/article\/morpho-bench\/","name":"Banc Morpho - ZANAT","isPartOf":{"@id":"https:\/\/staging.zanat.org\/fr\/#website"},"primaryImageOfPage":{"@id":"https:\/\/zanat.org\/fr\/article\/morpho-bench\/#primaryimage"},"image":{"@id":"https:\/\/zanat.org\/fr\/article\/morpho-bench\/#primaryimage"},"thumbnailUrl":"https:\/\/zanat.org\/wp-content\/uploads\/2021\/11\/dsc6570-radna-crop1.jpg","datePublished":"2021-11-06T13:53:39+00:00","dateModified":"2023-01-10T11:13:23+00:00","breadcrumb":{"@id":"https:\/\/zanat.org\/fr\/article\/morpho-bench\/#breadcrumb"},"inLanguage":"fr-FR","potentialAction":[{"@type":"ReadAction","target":["https:\/\/zanat.org\/fr\/article\/morpho-bench\/"]}]},{"@type":"ImageObject","inLanguage":"fr-FR","@id":"https:\/\/zanat.org\/fr\/article\/morpho-bench\/#primaryimage","url":"https:\/\/zanat.org\/wp-content\/uploads\/2021\/11\/dsc6570-radna-crop1.jpg","contentUrl":"https:\/\/zanat.org\/wp-content\/uploads\/2021\/11\/dsc6570-radna-crop1.jpg","width":2400,"height":1600},{"@type":"BreadcrumbList","@id":"https:\/\/zanat.org\/fr\/article\/morpho-bench\/#breadcrumb","itemListElement":[{"@type":"ListItem","position":1,"name":"Zanat","item":"https:\/\/staging.zanat.org\/fr\/"},{"@type":"ListItem","position":2,"name":"Boutique","item":"https:\/\/staging.zanat.org\/fr\/boutique\/"},{"@type":"ListItem","position":3,"name":"Bancs &amp; tabourets","item":"https:\/\/zanat.org\/fr\/categorie-produit\/bancs-tabourets\/"},{"@type":"ListItem","position":4,"name":"Banc Morpho"}]},{"@type":"WebSite","@id":"https:\/\/staging.zanat.org\/fr\/#website","url":"https:\/\/staging.zanat.org\/fr\/","name":"ZANAT","description":"Improve your home &amp; improve our world","potentialAction":[{"@type":"SearchAction","target":{"@type":"EntryPoint","urlTemplate":"https:\/\/staging.zanat.org\/fr\/?s={search_term_string}"},"query-input":{"@type":"PropertyValueSpecification","valueRequired":true,"valueName":"search_term_string"}}],"inLanguage":"fr-FR"}]}},"_links":{"self":[{"href":"https:\/\/zanat.org\/fr\/wp-json\/wp\/v2\/product\/7579","targetHints":{"allow":["GET"]}}],"collection":[{"href":"https:\/\/zanat.org\/fr\/wp-json\/wp\/v2\/product"}],"about":[{"href":"https:\/\/zanat.org\/fr\/wp-json\/wp\/v2\/types\/product"}],"wp:featuredmedia":[{"embeddable":true,"href":"https:\/\/zanat.org\/fr\/wp-json\/wp\/v2\/media\/6725"}],"wp:attachment":[{"href":"https:\/\/zanat.org\/fr\/wp-json\/wp\/v2\/media?parent=7579"}],"wp:term":[{"taxonomy":"product_brand","embeddable":true,"href":"https:\/\/zanat.org\/fr\/wp-json\/wp\/v2\/product_brand?post=7579"},{"taxonomy":"product_cat","embeddable":true,"href":"https:\/\/zanat.org\/fr\/wp-json\/wp\/v2\/product_cat?post=7579"},{"taxonomy":"product_tag","embeddable":true,"href":"https:\/\/zanat.org\/fr\/wp-json\/wp\/v2\/product_tag?post=7579"}],"curies":[{"name":"wp","href":"https:\/\/api.w.org\/{rel}","templated":true}]}}