{"id":7548,"date":"2021-08-18T15:19:04","date_gmt":"2021-08-18T13:19:04","guid":{"rendered":"https:\/\/zanat.org\/product\/tabouret-de-bar-sana\/"},"modified":"2023-01-18T11:37:17","modified_gmt":"2023-01-18T10:37:17","slug":"sana-barstool-2","status":"publish","type":"product","link":"https:\/\/zanat.org\/fr\/article\/sana-barstool-2\/","title":{"rendered":"Tabouret de bar Sana"},"content":{"rendered":"<p>Le tabouret de bar Sana, con\u00e7u par Monica F\u00f6rster, est un fr\u00e8re de la chaise de salle \u00e0 manger Sana, qui a \u00e9t\u00e9 prim\u00e9e. Comme sa s\u0153ur la chaise de salle \u00e0 manger Sana, le tabouret de bar suit un design f\u00e9minin, \u00e9l\u00e9gant et l\u00e9ger malgr\u00e9 qu&rsquo;il soit enti\u00e8rement r\u00e9alis\u00e9 en bois massif. La caract\u00e9ristique la plus sp\u00e9ciale de la chaise est son dossier finement sculpt\u00e9 et incurv\u00e9 de mani\u00e8re multidimensionnelle qui instille un effet de c\u00e2lin chaleureux et offre un confort d&rsquo;assise suppl\u00e9mentaire. Toute la face ext\u00e9rieure du dossier de la chaise est sculpt\u00e9e \u00e0 la main avec des motifs de gravure qui ont \u00e9t\u00e9 con\u00e7us pour souligner la forme incurv\u00e9e du dossier et pour donner \u00e0 Sana le caract\u00e8re d&rsquo;un objet artisanal moderne.<\/p>\n","protected":false},"excerpt":{"rendered":"<p>Le tabouret de bar Sana, con\u00e7u par Monica F\u00f6rster, est un fr\u00e8re de la chaise de salle \u00e0 manger Sana, qui a \u00e9t\u00e9 prim\u00e9e. Comme sa s\u0153ur la chaise de salle \u00e0 manger Sana, le tabouret de bar suit un design f\u00e9minin, \u00e9l\u00e9gant et l\u00e9ger malgr\u00e9 qu&rsquo;il soit enti\u00e8rement r\u00e9alis\u00e9 en bois massif. La caract\u00e9ristique [&hellip;]<\/p>\n","protected":false},"featured_media":6462,"template":"","meta":{"_acf_changed":false,"_monsterinsights_skip_tracking":false,"_monsterinsights_sitenote_active":false,"_monsterinsights_sitenote_note":"","_monsterinsights_sitenote_category":0},"product_brand":[],"product_cat":[775],"product_tag":[],"class_list":{"0":"post-7548","1":"product","2":"type-product","3":"status-publish","4":"has-post-thumbnail","6":"product_cat-bancs-tabourets","8":"first","9":"outofstock","10":"taxable","11":"shipping-taxable","12":"product-type-simple"},"acf":[],"yoast_head":"<!-- This site is optimized with the Yoast SEO plugin v26.4 - https:\/\/yoast.com\/wordpress\/plugins\/seo\/ -->\n<title>Tabouret de bar Sana - ZANAT<\/title>\n<meta name=\"robots\" content=\"index, follow, max-snippet:-1, max-image-preview:large, max-video-preview:-1\" \/>\n<link rel=\"canonical\" href=\"https:\/\/zanat.org\/fr\/article\/sana-barstool-2\/\" \/>\n<meta property=\"og:locale\" content=\"fr_FR\" \/>\n<meta property=\"og:type\" content=\"article\" \/>\n<meta property=\"og:title\" content=\"Tabouret de bar Sana - ZANAT\" \/>\n<meta property=\"og:description\" content=\"Le tabouret de bar Sana, con\u00e7u par Monica F\u00f6rster, est un fr\u00e8re de la chaise de salle \u00e0 manger Sana, qui a \u00e9t\u00e9 prim\u00e9e. Comme sa s\u0153ur la chaise de salle \u00e0 manger Sana, le tabouret de bar suit un design f\u00e9minin, \u00e9l\u00e9gant et l\u00e9ger malgr\u00e9 qu&rsquo;il soit enti\u00e8rement r\u00e9alis\u00e9 en bois massif. La caract\u00e9ristique [&hellip;]\" \/>\n<meta property=\"og:url\" content=\"https:\/\/zanat.org\/fr\/article\/sana-barstool-2\/\" \/>\n<meta property=\"og:site_name\" content=\"ZANAT\" \/>\n<meta property=\"article:modified_time\" content=\"2023-01-18T10:37:17+00:00\" \/>\n<meta property=\"og:image\" content=\"https:\/\/zanat.org\/wp-content\/uploads\/2021\/08\/sana-barstool-2.jpg\" \/>\n\t<meta property=\"og:image:width\" content=\"2400\" \/>\n\t<meta property=\"og:image:height\" content=\"1648\" \/>\n\t<meta property=\"og:image:type\" content=\"image\/jpeg\" \/>\n<meta name=\"twitter:card\" content=\"summary_large_image\" \/>\n<meta name=\"twitter:label1\" content=\"Dur\u00e9e de lecture estim\u00e9e\" \/>\n\t<meta name=\"twitter:data1\" content=\"1 minute\" \/>\n<script type=\"application\/ld+json\" class=\"yoast-schema-graph\">{\"@context\":\"https:\/\/schema.org\",\"@graph\":[{\"@type\":\"WebPage\",\"@id\":\"https:\/\/zanat.org\/fr\/article\/sana-barstool-2\/\",\"url\":\"https:\/\/zanat.org\/fr\/article\/sana-barstool-2\/\",\"name\":\"Tabouret de bar Sana - ZANAT\",\"isPartOf\":{\"@id\":\"https:\/\/staging.zanat.org\/fr\/#website\"},\"primaryImageOfPage\":{\"@id\":\"https:\/\/zanat.org\/fr\/article\/sana-barstool-2\/#primaryimage\"},\"image\":{\"@id\":\"https:\/\/zanat.org\/fr\/article\/sana-barstool-2\/#primaryimage\"},\"thumbnailUrl\":\"https:\/\/zanat.org\/wp-content\/uploads\/2021\/08\/sana-barstool-2.jpg\",\"datePublished\":\"2021-08-18T13:19:04+00:00\",\"dateModified\":\"2023-01-18T10:37:17+00:00\",\"breadcrumb\":{\"@id\":\"https:\/\/zanat.org\/fr\/article\/sana-barstool-2\/#breadcrumb\"},\"inLanguage\":\"fr-FR\",\"potentialAction\":[{\"@type\":\"ReadAction\",\"target\":[\"https:\/\/zanat.org\/fr\/article\/sana-barstool-2\/\"]}]},{\"@type\":\"ImageObject\",\"inLanguage\":\"fr-FR\",\"@id\":\"https:\/\/zanat.org\/fr\/article\/sana-barstool-2\/#primaryimage\",\"url\":\"https:\/\/zanat.org\/wp-content\/uploads\/2021\/08\/sana-barstool-2.jpg\",\"contentUrl\":\"https:\/\/zanat.org\/wp-content\/uploads\/2021\/08\/sana-barstool-2.jpg\",\"width\":2400,\"height\":1648},{\"@type\":\"BreadcrumbList\",\"@id\":\"https:\/\/zanat.org\/fr\/article\/sana-barstool-2\/#breadcrumb\",\"itemListElement\":[{\"@type\":\"ListItem\",\"position\":1,\"name\":\"Zanat\",\"item\":\"https:\/\/staging.zanat.org\/fr\/\"},{\"@type\":\"ListItem\",\"position\":2,\"name\":\"Boutique\",\"item\":\"https:\/\/staging.zanat.org\/fr\/boutique\/\"},{\"@type\":\"ListItem\",\"position\":3,\"name\":\"Bancs &amp; tabourets\",\"item\":\"https:\/\/zanat.org\/fr\/categorie-produit\/bancs-tabourets\/\"},{\"@type\":\"ListItem\",\"position\":4,\"name\":\"Tabouret de bar Sana\"}]},{\"@type\":\"WebSite\",\"@id\":\"https:\/\/staging.zanat.org\/fr\/#website\",\"url\":\"https:\/\/staging.zanat.org\/fr\/\",\"name\":\"ZANAT\",\"description\":\"Improve your home &amp; improve our world\",\"potentialAction\":[{\"@type\":\"SearchAction\",\"target\":{\"@type\":\"EntryPoint\",\"urlTemplate\":\"https:\/\/staging.zanat.org\/fr\/?s={search_term_string}\"},\"query-input\":{\"@type\":\"PropertyValueSpecification\",\"valueRequired\":true,\"valueName\":\"search_term_string\"}}],\"inLanguage\":\"fr-FR\"}]}<\/script>\n<!-- \/ Yoast SEO plugin. -->","yoast_head_json":{"title":"Tabouret de bar Sana - ZANAT","robots":{"index":"index","follow":"follow","max-snippet":"max-snippet:-1","max-image-preview":"max-image-preview:large","max-video-preview":"max-video-preview:-1"},"canonical":"https:\/\/zanat.org\/fr\/article\/sana-barstool-2\/","og_locale":"fr_FR","og_type":"article","og_title":"Tabouret de bar Sana - ZANAT","og_description":"Le tabouret de bar Sana, con\u00e7u par Monica F\u00f6rster, est un fr\u00e8re de la chaise de salle \u00e0 manger Sana, qui a \u00e9t\u00e9 prim\u00e9e. Comme sa s\u0153ur la chaise de salle \u00e0 manger Sana, le tabouret de bar suit un design f\u00e9minin, \u00e9l\u00e9gant et l\u00e9ger malgr\u00e9 qu&rsquo;il soit enti\u00e8rement r\u00e9alis\u00e9 en bois massif. La caract\u00e9ristique [&hellip;]","og_url":"https:\/\/zanat.org\/fr\/article\/sana-barstool-2\/","og_site_name":"ZANAT","article_modified_time":"2023-01-18T10:37:17+00:00","og_image":[{"width":2400,"height":1648,"url":"https:\/\/zanat.org\/wp-content\/uploads\/2021\/08\/sana-barstool-2.jpg","type":"image\/jpeg"}],"twitter_card":"summary_large_image","twitter_misc":{"Dur\u00e9e de lecture estim\u00e9e":"1 minute"},"schema":{"@context":"https:\/\/schema.org","@graph":[{"@type":"WebPage","@id":"https:\/\/zanat.org\/fr\/article\/sana-barstool-2\/","url":"https:\/\/zanat.org\/fr\/article\/sana-barstool-2\/","name":"Tabouret de bar Sana - ZANAT","isPartOf":{"@id":"https:\/\/staging.zanat.org\/fr\/#website"},"primaryImageOfPage":{"@id":"https:\/\/zanat.org\/fr\/article\/sana-barstool-2\/#primaryimage"},"image":{"@id":"https:\/\/zanat.org\/fr\/article\/sana-barstool-2\/#primaryimage"},"thumbnailUrl":"https:\/\/zanat.org\/wp-content\/uploads\/2021\/08\/sana-barstool-2.jpg","datePublished":"2021-08-18T13:19:04+00:00","dateModified":"2023-01-18T10:37:17+00:00","breadcrumb":{"@id":"https:\/\/zanat.org\/fr\/article\/sana-barstool-2\/#breadcrumb"},"inLanguage":"fr-FR","potentialAction":[{"@type":"ReadAction","target":["https:\/\/zanat.org\/fr\/article\/sana-barstool-2\/"]}]},{"@type":"ImageObject","inLanguage":"fr-FR","@id":"https:\/\/zanat.org\/fr\/article\/sana-barstool-2\/#primaryimage","url":"https:\/\/zanat.org\/wp-content\/uploads\/2021\/08\/sana-barstool-2.jpg","contentUrl":"https:\/\/zanat.org\/wp-content\/uploads\/2021\/08\/sana-barstool-2.jpg","width":2400,"height":1648},{"@type":"BreadcrumbList","@id":"https:\/\/zanat.org\/fr\/article\/sana-barstool-2\/#breadcrumb","itemListElement":[{"@type":"ListItem","position":1,"name":"Zanat","item":"https:\/\/staging.zanat.org\/fr\/"},{"@type":"ListItem","position":2,"name":"Boutique","item":"https:\/\/staging.zanat.org\/fr\/boutique\/"},{"@type":"ListItem","position":3,"name":"Bancs &amp; tabourets","item":"https:\/\/zanat.org\/fr\/categorie-produit\/bancs-tabourets\/"},{"@type":"ListItem","position":4,"name":"Tabouret de bar Sana"}]},{"@type":"WebSite","@id":"https:\/\/staging.zanat.org\/fr\/#website","url":"https:\/\/staging.zanat.org\/fr\/","name":"ZANAT","description":"Improve your home &amp; improve our world","potentialAction":[{"@type":"SearchAction","target":{"@type":"EntryPoint","urlTemplate":"https:\/\/staging.zanat.org\/fr\/?s={search_term_string}"},"query-input":{"@type":"PropertyValueSpecification","valueRequired":true,"valueName":"search_term_string"}}],"inLanguage":"fr-FR"}]}},"_links":{"self":[{"href":"https:\/\/zanat.org\/fr\/wp-json\/wp\/v2\/product\/7548","targetHints":{"allow":["GET"]}}],"collection":[{"href":"https:\/\/zanat.org\/fr\/wp-json\/wp\/v2\/product"}],"about":[{"href":"https:\/\/zanat.org\/fr\/wp-json\/wp\/v2\/types\/product"}],"wp:featuredmedia":[{"embeddable":true,"href":"https:\/\/zanat.org\/fr\/wp-json\/wp\/v2\/media\/6462"}],"wp:attachment":[{"href":"https:\/\/zanat.org\/fr\/wp-json\/wp\/v2\/media?parent=7548"}],"wp:term":[{"taxonomy":"product_brand","embeddable":true,"href":"https:\/\/zanat.org\/fr\/wp-json\/wp\/v2\/product_brand?post=7548"},{"taxonomy":"product_cat","embeddable":true,"href":"https:\/\/zanat.org\/fr\/wp-json\/wp\/v2\/product_cat?post=7548"},{"taxonomy":"product_tag","embeddable":true,"href":"https:\/\/zanat.org\/fr\/wp-json\/wp\/v2\/product_tag?post=7548"}],"curies":[{"name":"wp","href":"https:\/\/api.w.org\/{rel}","templated":true}]}}