{"id":7538,"date":"2021-08-18T15:18:06","date_gmt":"2021-08-18T13:18:06","guid":{"rendered":"https:\/\/zanat.org\/product\/tabouret-touch\/"},"modified":"2023-06-20T10:28:34","modified_gmt":"2023-06-20T08:28:34","slug":"touch-stool","status":"publish","type":"product","link":"https:\/\/zanat.org\/fr\/article\/touch-stool\/","title":{"rendered":"Tabouret Touch Pilule"},"content":{"rendered":"<p>Les tabourets Touch (tables d&rsquo;appoint) con\u00e7us par Studioilse font partie de la collection Touch con\u00e7ue par Studioilse pour Zanat. Les tabourets existent en version \u00ab\u00a0Pill\u00a0\u00bb et \u00ab\u00a0Half Moon\u00a0\u00bb. La qualit\u00e9 particuli\u00e8re de tous les produits Touch r\u00e9side dans les surfaces sculpt\u00e9es \u00e0 la main qui font appel \u00e0 notre impulsion instinctive de sentir quelque chose et refl\u00e8tent notre soif d&rsquo;un environnement plus tactile \u00e0 l&rsquo;\u00e8re du num\u00e9rique. Les gravures sur le dessus des tabourets les rendent uniques et, comme les artisans sculptent les pi\u00e8ces au hasard, sans dessin, chaque pi\u00e8ce est unique car deux surfaces sculpt\u00e9es ne se ressemblent jamais. Les tabourets peuvent \u00eatre utilis\u00e9s dans une multitude de contextes diff\u00e9rents : si\u00e8ges d\u00e9contract\u00e9s, autour d&rsquo;une table \u00e0 manger, comme tables d&rsquo;appoint&#8230;<\/p>\n","protected":false},"excerpt":{"rendered":"<p>Les tabourets Touch (tables d&rsquo;appoint) con\u00e7us par Studioilse font partie de la collection Touch con\u00e7ue par Studioilse pour Zanat. Les tabourets existent en version \u00ab\u00a0Pill\u00a0\u00bb et \u00ab\u00a0Half Moon\u00a0\u00bb. La qualit\u00e9 particuli\u00e8re de tous les produits Touch r\u00e9side dans les surfaces sculpt\u00e9es \u00e0 la main qui font appel \u00e0 notre impulsion instinctive de sentir quelque chose [&hellip;]<\/p>\n","protected":false},"featured_media":16175,"template":"","meta":{"_acf_changed":false,"_monsterinsights_skip_tracking":false,"_monsterinsights_sitenote_active":false,"_monsterinsights_sitenote_note":"","_monsterinsights_sitenote_category":0},"product_brand":[],"product_cat":[775,874,2516],"product_tag":[],"class_list":{"0":"post-7538","1":"product","2":"type-product","3":"status-publish","4":"has-post-thumbnail","6":"product_cat-bancs-tabourets","7":"product_cat-gift-shop-fr","8":"product_cat-tabourets-fr","10":"first","11":"onbackorder","12":"taxable","13":"shipping-taxable","14":"purchasable","15":"product-type-variable","16":"has-default-attributes"},"acf":[],"yoast_head":"<!-- This site is optimized with the Yoast SEO plugin v26.4 - https:\/\/yoast.com\/wordpress\/plugins\/seo\/ -->\n<title>Tabouret Touch Pilule - ZANAT<\/title>\n<meta name=\"robots\" content=\"index, follow, max-snippet:-1, max-image-preview:large, max-video-preview:-1\" \/>\n<link rel=\"canonical\" href=\"https:\/\/zanat.org\/fr\/article\/touch-stool\/\" \/>\n<meta property=\"og:locale\" content=\"fr_FR\" \/>\n<meta property=\"og:type\" content=\"article\" \/>\n<meta property=\"og:title\" content=\"Tabouret Touch Pilule - ZANAT\" \/>\n<meta property=\"og:description\" content=\"Les tabourets Touch (tables d&rsquo;appoint) con\u00e7us par Studioilse font partie de la collection Touch con\u00e7ue par Studioilse pour Zanat. Les tabourets existent en version \u00ab\u00a0Pill\u00a0\u00bb et \u00ab\u00a0Half Moon\u00a0\u00bb. La qualit\u00e9 particuli\u00e8re de tous les produits Touch r\u00e9side dans les surfaces sculpt\u00e9es \u00e0 la main qui font appel \u00e0 notre impulsion instinctive de sentir quelque chose [&hellip;]\" \/>\n<meta property=\"og:url\" content=\"https:\/\/zanat.org\/fr\/article\/touch-stool\/\" \/>\n<meta property=\"og:site_name\" content=\"ZANAT\" \/>\n<meta property=\"article:modified_time\" content=\"2023-06-20T08:28:34+00:00\" \/>\n<meta property=\"og:image\" content=\"https:\/\/zanat.org\/wp-content\/uploads\/2021\/08\/touch-stool-pill-studioilse-zanat-walnut-ws-ssp-172-compress.jpg\" \/>\n\t<meta property=\"og:image:width\" content=\"2400\" \/>\n\t<meta property=\"og:image:height\" content=\"1800\" \/>\n\t<meta property=\"og:image:type\" content=\"image\/jpeg\" \/>\n<meta name=\"twitter:card\" content=\"summary_large_image\" \/>\n<meta name=\"twitter:label1\" content=\"Dur\u00e9e de lecture estim\u00e9e\" \/>\n\t<meta name=\"twitter:data1\" content=\"1 minute\" \/>\n<script type=\"application\/ld+json\" class=\"yoast-schema-graph\">{\"@context\":\"https:\/\/schema.org\",\"@graph\":[{\"@type\":\"WebPage\",\"@id\":\"https:\/\/zanat.org\/fr\/article\/touch-stool\/\",\"url\":\"https:\/\/zanat.org\/fr\/article\/touch-stool\/\",\"name\":\"Tabouret Touch Pilule - ZANAT\",\"isPartOf\":{\"@id\":\"https:\/\/staging.zanat.org\/fr\/#website\"},\"primaryImageOfPage\":{\"@id\":\"https:\/\/zanat.org\/fr\/article\/touch-stool\/#primaryimage\"},\"image\":{\"@id\":\"https:\/\/zanat.org\/fr\/article\/touch-stool\/#primaryimage\"},\"thumbnailUrl\":\"https:\/\/zanat.org\/wp-content\/uploads\/2021\/08\/touch-stool-pill-studioilse-zanat-walnut-ws-ssp-172-compress.jpg\",\"datePublished\":\"2021-08-18T13:18:06+00:00\",\"dateModified\":\"2023-06-20T08:28:34+00:00\",\"breadcrumb\":{\"@id\":\"https:\/\/zanat.org\/fr\/article\/touch-stool\/#breadcrumb\"},\"inLanguage\":\"fr-FR\",\"potentialAction\":[{\"@type\":\"ReadAction\",\"target\":[\"https:\/\/zanat.org\/fr\/article\/touch-stool\/\"]}]},{\"@type\":\"ImageObject\",\"inLanguage\":\"fr-FR\",\"@id\":\"https:\/\/zanat.org\/fr\/article\/touch-stool\/#primaryimage\",\"url\":\"https:\/\/zanat.org\/wp-content\/uploads\/2021\/08\/touch-stool-pill-studioilse-zanat-walnut-ws-ssp-172-compress.jpg\",\"contentUrl\":\"https:\/\/zanat.org\/wp-content\/uploads\/2021\/08\/touch-stool-pill-studioilse-zanat-walnut-ws-ssp-172-compress.jpg\",\"width\":2400,\"height\":1800},{\"@type\":\"BreadcrumbList\",\"@id\":\"https:\/\/zanat.org\/fr\/article\/touch-stool\/#breadcrumb\",\"itemListElement\":[{\"@type\":\"ListItem\",\"position\":1,\"name\":\"Zanat\",\"item\":\"https:\/\/staging.zanat.org\/fr\/\"},{\"@type\":\"ListItem\",\"position\":2,\"name\":\"Boutique\",\"item\":\"https:\/\/staging.zanat.org\/fr\/boutique\/\"},{\"@type\":\"ListItem\",\"position\":3,\"name\":\"Boutique de cadeaux\",\"item\":\"https:\/\/zanat.org\/fr\/categorie-produit\/gift-shop-fr\/\"},{\"@type\":\"ListItem\",\"position\":4,\"name\":\"Tabouret Touch Pilule\"}]},{\"@type\":\"WebSite\",\"@id\":\"https:\/\/staging.zanat.org\/fr\/#website\",\"url\":\"https:\/\/staging.zanat.org\/fr\/\",\"name\":\"ZANAT\",\"description\":\"Improve your home &amp; improve our world\",\"potentialAction\":[{\"@type\":\"SearchAction\",\"target\":{\"@type\":\"EntryPoint\",\"urlTemplate\":\"https:\/\/staging.zanat.org\/fr\/?s={search_term_string}\"},\"query-input\":{\"@type\":\"PropertyValueSpecification\",\"valueRequired\":true,\"valueName\":\"search_term_string\"}}],\"inLanguage\":\"fr-FR\"}]}<\/script>\n<!-- \/ Yoast SEO plugin. -->","yoast_head_json":{"title":"Tabouret Touch Pilule - ZANAT","robots":{"index":"index","follow":"follow","max-snippet":"max-snippet:-1","max-image-preview":"max-image-preview:large","max-video-preview":"max-video-preview:-1"},"canonical":"https:\/\/zanat.org\/fr\/article\/touch-stool\/","og_locale":"fr_FR","og_type":"article","og_title":"Tabouret Touch Pilule - ZANAT","og_description":"Les tabourets Touch (tables d&rsquo;appoint) con\u00e7us par Studioilse font partie de la collection Touch con\u00e7ue par Studioilse pour Zanat. Les tabourets existent en version \u00ab\u00a0Pill\u00a0\u00bb et \u00ab\u00a0Half Moon\u00a0\u00bb. La qualit\u00e9 particuli\u00e8re de tous les produits Touch r\u00e9side dans les surfaces sculpt\u00e9es \u00e0 la main qui font appel \u00e0 notre impulsion instinctive de sentir quelque chose [&hellip;]","og_url":"https:\/\/zanat.org\/fr\/article\/touch-stool\/","og_site_name":"ZANAT","article_modified_time":"2023-06-20T08:28:34+00:00","og_image":[{"width":2400,"height":1800,"url":"https:\/\/zanat.org\/wp-content\/uploads\/2021\/08\/touch-stool-pill-studioilse-zanat-walnut-ws-ssp-172-compress.jpg","type":"image\/jpeg"}],"twitter_card":"summary_large_image","twitter_misc":{"Dur\u00e9e de lecture estim\u00e9e":"1 minute"},"schema":{"@context":"https:\/\/schema.org","@graph":[{"@type":"WebPage","@id":"https:\/\/zanat.org\/fr\/article\/touch-stool\/","url":"https:\/\/zanat.org\/fr\/article\/touch-stool\/","name":"Tabouret Touch Pilule - ZANAT","isPartOf":{"@id":"https:\/\/staging.zanat.org\/fr\/#website"},"primaryImageOfPage":{"@id":"https:\/\/zanat.org\/fr\/article\/touch-stool\/#primaryimage"},"image":{"@id":"https:\/\/zanat.org\/fr\/article\/touch-stool\/#primaryimage"},"thumbnailUrl":"https:\/\/zanat.org\/wp-content\/uploads\/2021\/08\/touch-stool-pill-studioilse-zanat-walnut-ws-ssp-172-compress.jpg","datePublished":"2021-08-18T13:18:06+00:00","dateModified":"2023-06-20T08:28:34+00:00","breadcrumb":{"@id":"https:\/\/zanat.org\/fr\/article\/touch-stool\/#breadcrumb"},"inLanguage":"fr-FR","potentialAction":[{"@type":"ReadAction","target":["https:\/\/zanat.org\/fr\/article\/touch-stool\/"]}]},{"@type":"ImageObject","inLanguage":"fr-FR","@id":"https:\/\/zanat.org\/fr\/article\/touch-stool\/#primaryimage","url":"https:\/\/zanat.org\/wp-content\/uploads\/2021\/08\/touch-stool-pill-studioilse-zanat-walnut-ws-ssp-172-compress.jpg","contentUrl":"https:\/\/zanat.org\/wp-content\/uploads\/2021\/08\/touch-stool-pill-studioilse-zanat-walnut-ws-ssp-172-compress.jpg","width":2400,"height":1800},{"@type":"BreadcrumbList","@id":"https:\/\/zanat.org\/fr\/article\/touch-stool\/#breadcrumb","itemListElement":[{"@type":"ListItem","position":1,"name":"Zanat","item":"https:\/\/staging.zanat.org\/fr\/"},{"@type":"ListItem","position":2,"name":"Boutique","item":"https:\/\/staging.zanat.org\/fr\/boutique\/"},{"@type":"ListItem","position":3,"name":"Boutique de cadeaux","item":"https:\/\/zanat.org\/fr\/categorie-produit\/gift-shop-fr\/"},{"@type":"ListItem","position":4,"name":"Tabouret Touch Pilule"}]},{"@type":"WebSite","@id":"https:\/\/staging.zanat.org\/fr\/#website","url":"https:\/\/staging.zanat.org\/fr\/","name":"ZANAT","description":"Improve your home &amp; improve our world","potentialAction":[{"@type":"SearchAction","target":{"@type":"EntryPoint","urlTemplate":"https:\/\/staging.zanat.org\/fr\/?s={search_term_string}"},"query-input":{"@type":"PropertyValueSpecification","valueRequired":true,"valueName":"search_term_string"}}],"inLanguage":"fr-FR"}]}},"_links":{"self":[{"href":"https:\/\/zanat.org\/fr\/wp-json\/wp\/v2\/product\/7538","targetHints":{"allow":["GET"]}}],"collection":[{"href":"https:\/\/zanat.org\/fr\/wp-json\/wp\/v2\/product"}],"about":[{"href":"https:\/\/zanat.org\/fr\/wp-json\/wp\/v2\/types\/product"}],"wp:featuredmedia":[{"embeddable":true,"href":"https:\/\/zanat.org\/fr\/wp-json\/wp\/v2\/media\/16175"}],"wp:attachment":[{"href":"https:\/\/zanat.org\/fr\/wp-json\/wp\/v2\/media?parent=7538"}],"wp:term":[{"taxonomy":"product_brand","embeddable":true,"href":"https:\/\/zanat.org\/fr\/wp-json\/wp\/v2\/product_brand?post=7538"},{"taxonomy":"product_cat","embeddable":true,"href":"https:\/\/zanat.org\/fr\/wp-json\/wp\/v2\/product_cat?post=7538"},{"taxonomy":"product_tag","embeddable":true,"href":"https:\/\/zanat.org\/fr\/wp-json\/wp\/v2\/product_tag?post=7538"}],"curies":[{"name":"wp","href":"https:\/\/api.w.org\/{rel}","templated":true}]}}