{"id":7520,"date":"2021-08-18T15:16:19","date_gmt":"2021-08-18T13:16:19","guid":{"rendered":"https:\/\/zanat.org\/product\/table-dappoint-tabouret-unity\/"},"modified":"2023-06-20T10:29:31","modified_gmt":"2023-06-20T08:29:31","slug":"unity-side-table-stool","status":"publish","type":"product","link":"https:\/\/zanat.org\/fr\/article\/unity-side-table-stool\/","title":{"rendered":"Table d&rsquo;appoint\/tabouret Unity, \u00c9rable, teinte noire"},"content":{"rendered":"<p>La table d&rsquo;appoint\/tabouret Unity repr\u00e9sente les liens ins\u00e9parables qui relient l&rsquo;humanit\u00e9 dans son ensemble, une notion qui nous est apparue clairement tout au long de la pand\u00e9mie de Covid-19. Unity a \u00e9t\u00e9 con\u00e7u dans le cadre du projet 2020 Lockdown Dialogues de Zanat. La designer et artiste, Monica F\u00f6rster, a r\u00e9ussi avec brio \u00e0 traduire son id\u00e9e humaniste abstraite en un objet fonctionnel d&rsquo;une beaut\u00e9 artistique. Cet objet peut \u00eatre utilis\u00e9 aussi bien comme table d&rsquo;appoint que comme tabouret. Assembl\u00e9 \u00e0 partir de quatre segments de bois massif sculpt\u00e9s s\u00e9par\u00e9ment avec d&rsquo;\u00e9l\u00e9gants d\u00e9tails sculpt\u00e9s \u00e0 la main, le tabouret\/table d&rsquo;appoint Unity est disponible dans les finitions \u00e9rable teint\u00e9 noir et noyer huil\u00e9, signature de Zanat. L&rsquo;\u00e9l\u00e9gance intemporelle du produit et la qualit\u00e9 de l&rsquo;artisanat devraient garantir sa long\u00e9vit\u00e9 et sa durabilit\u00e9 exceptionnelles.<\/p>\n","protected":false},"excerpt":{"rendered":"<p>La table d&rsquo;appoint\/tabouret Unity repr\u00e9sente les liens ins\u00e9parables qui relient l&rsquo;humanit\u00e9 dans son ensemble, une notion qui nous est apparue clairement tout au long de la pand\u00e9mie de Covid-19. Unity a \u00e9t\u00e9 con\u00e7u dans le cadre du projet 2020 Lockdown Dialogues de Zanat. La designer et artiste, Monica F\u00f6rster, a r\u00e9ussi avec brio \u00e0 traduire [&hellip;]<\/p>\n","protected":false},"featured_media":17166,"template":"","meta":{"_acf_changed":false,"_monsterinsights_skip_tracking":false,"_monsterinsights_sitenote_active":false,"_monsterinsights_sitenote_note":"","_monsterinsights_sitenote_category":0},"product_brand":[],"product_cat":[775,874,2516],"product_tag":[],"class_list":{"0":"post-7520","1":"product","2":"type-product","3":"status-publish","4":"has-post-thumbnail","6":"product_cat-bancs-tabourets","7":"product_cat-gift-shop-fr","8":"product_cat-tabourets-fr","10":"first","11":"onbackorder","12":"taxable","13":"shipping-taxable","14":"purchasable","15":"product-type-simple"},"acf":[],"yoast_head":"<!-- This site is optimized with the Yoast SEO plugin v26.4 - https:\/\/yoast.com\/wordpress\/plugins\/seo\/ -->\n<title>Table d&#039;appoint\/tabouret Unity, \u00c9rable, teinte noire - ZANAT<\/title>\n<meta name=\"robots\" content=\"index, follow, max-snippet:-1, max-image-preview:large, max-video-preview:-1\" \/>\n<link rel=\"canonical\" href=\"https:\/\/zanat.org\/fr\/article\/unity-side-table-stool\/\" \/>\n<meta property=\"og:locale\" content=\"fr_FR\" \/>\n<meta property=\"og:type\" content=\"article\" \/>\n<meta property=\"og:title\" content=\"Table d&#039;appoint\/tabouret Unity, \u00c9rable, teinte noire - ZANAT\" \/>\n<meta property=\"og:description\" content=\"La table d&rsquo;appoint\/tabouret Unity repr\u00e9sente les liens ins\u00e9parables qui relient l&rsquo;humanit\u00e9 dans son ensemble, une notion qui nous est apparue clairement tout au long de la pand\u00e9mie de Covid-19. Unity a \u00e9t\u00e9 con\u00e7u dans le cadre du projet 2020 Lockdown Dialogues de Zanat. La designer et artiste, Monica F\u00f6rster, a r\u00e9ussi avec brio \u00e0 traduire [&hellip;]\" \/>\n<meta property=\"og:url\" content=\"https:\/\/zanat.org\/fr\/article\/unity-side-table-stool\/\" \/>\n<meta property=\"og:site_name\" content=\"ZANAT\" \/>\n<meta property=\"article:modified_time\" content=\"2023-06-20T08:29:31+00:00\" \/>\n<meta property=\"og:image\" content=\"https:\/\/zanat.org\/wp-content\/uploads\/2021\/08\/unity-stool-forster-zanat-maple-ws-dsc2523-compress.jpg\" \/>\n\t<meta property=\"og:image:width\" content=\"2400\" \/>\n\t<meta property=\"og:image:height\" content=\"1800\" \/>\n\t<meta property=\"og:image:type\" content=\"image\/jpeg\" \/>\n<meta name=\"twitter:card\" content=\"summary_large_image\" \/>\n<meta name=\"twitter:label1\" content=\"Dur\u00e9e de lecture estim\u00e9e\" \/>\n\t<meta name=\"twitter:data1\" content=\"1 minute\" \/>\n<script type=\"application\/ld+json\" class=\"yoast-schema-graph\">{\"@context\":\"https:\/\/schema.org\",\"@graph\":[{\"@type\":\"WebPage\",\"@id\":\"https:\/\/zanat.org\/fr\/article\/unity-side-table-stool\/\",\"url\":\"https:\/\/zanat.org\/fr\/article\/unity-side-table-stool\/\",\"name\":\"Table d'appoint\/tabouret Unity, \u00c9rable, teinte noire - ZANAT\",\"isPartOf\":{\"@id\":\"https:\/\/staging.zanat.org\/fr\/#website\"},\"primaryImageOfPage\":{\"@id\":\"https:\/\/zanat.org\/fr\/article\/unity-side-table-stool\/#primaryimage\"},\"image\":{\"@id\":\"https:\/\/zanat.org\/fr\/article\/unity-side-table-stool\/#primaryimage\"},\"thumbnailUrl\":\"https:\/\/zanat.org\/wp-content\/uploads\/2021\/08\/unity-stool-forster-zanat-maple-ws-dsc2523-compress.jpg\",\"datePublished\":\"2021-08-18T13:16:19+00:00\",\"dateModified\":\"2023-06-20T08:29:31+00:00\",\"breadcrumb\":{\"@id\":\"https:\/\/zanat.org\/fr\/article\/unity-side-table-stool\/#breadcrumb\"},\"inLanguage\":\"fr-FR\",\"potentialAction\":[{\"@type\":\"ReadAction\",\"target\":[\"https:\/\/zanat.org\/fr\/article\/unity-side-table-stool\/\"]}]},{\"@type\":\"ImageObject\",\"inLanguage\":\"fr-FR\",\"@id\":\"https:\/\/zanat.org\/fr\/article\/unity-side-table-stool\/#primaryimage\",\"url\":\"https:\/\/zanat.org\/wp-content\/uploads\/2021\/08\/unity-stool-forster-zanat-maple-ws-dsc2523-compress.jpg\",\"contentUrl\":\"https:\/\/zanat.org\/wp-content\/uploads\/2021\/08\/unity-stool-forster-zanat-maple-ws-dsc2523-compress.jpg\",\"width\":2400,\"height\":1800},{\"@type\":\"BreadcrumbList\",\"@id\":\"https:\/\/zanat.org\/fr\/article\/unity-side-table-stool\/#breadcrumb\",\"itemListElement\":[{\"@type\":\"ListItem\",\"position\":1,\"name\":\"Zanat\",\"item\":\"https:\/\/staging.zanat.org\/fr\/\"},{\"@type\":\"ListItem\",\"position\":2,\"name\":\"Boutique\",\"item\":\"https:\/\/staging.zanat.org\/fr\/boutique\/\"},{\"@type\":\"ListItem\",\"position\":3,\"name\":\"Boutique de cadeaux\",\"item\":\"https:\/\/zanat.org\/fr\/categorie-produit\/gift-shop-fr\/\"},{\"@type\":\"ListItem\",\"position\":4,\"name\":\"Table d&rsquo;appoint\/tabouret Unity, \u00c9rable, teinte noire\"}]},{\"@type\":\"WebSite\",\"@id\":\"https:\/\/staging.zanat.org\/fr\/#website\",\"url\":\"https:\/\/staging.zanat.org\/fr\/\",\"name\":\"ZANAT\",\"description\":\"Improve your home &amp; improve our world\",\"potentialAction\":[{\"@type\":\"SearchAction\",\"target\":{\"@type\":\"EntryPoint\",\"urlTemplate\":\"https:\/\/staging.zanat.org\/fr\/?s={search_term_string}\"},\"query-input\":{\"@type\":\"PropertyValueSpecification\",\"valueRequired\":true,\"valueName\":\"search_term_string\"}}],\"inLanguage\":\"fr-FR\"}]}<\/script>\n<!-- \/ Yoast SEO plugin. -->","yoast_head_json":{"title":"Table d'appoint\/tabouret Unity, \u00c9rable, teinte noire - ZANAT","robots":{"index":"index","follow":"follow","max-snippet":"max-snippet:-1","max-image-preview":"max-image-preview:large","max-video-preview":"max-video-preview:-1"},"canonical":"https:\/\/zanat.org\/fr\/article\/unity-side-table-stool\/","og_locale":"fr_FR","og_type":"article","og_title":"Table d'appoint\/tabouret Unity, \u00c9rable, teinte noire - ZANAT","og_description":"La table d&rsquo;appoint\/tabouret Unity repr\u00e9sente les liens ins\u00e9parables qui relient l&rsquo;humanit\u00e9 dans son ensemble, une notion qui nous est apparue clairement tout au long de la pand\u00e9mie de Covid-19. Unity a \u00e9t\u00e9 con\u00e7u dans le cadre du projet 2020 Lockdown Dialogues de Zanat. La designer et artiste, Monica F\u00f6rster, a r\u00e9ussi avec brio \u00e0 traduire [&hellip;]","og_url":"https:\/\/zanat.org\/fr\/article\/unity-side-table-stool\/","og_site_name":"ZANAT","article_modified_time":"2023-06-20T08:29:31+00:00","og_image":[{"width":2400,"height":1800,"url":"https:\/\/zanat.org\/wp-content\/uploads\/2021\/08\/unity-stool-forster-zanat-maple-ws-dsc2523-compress.jpg","type":"image\/jpeg"}],"twitter_card":"summary_large_image","twitter_misc":{"Dur\u00e9e de lecture estim\u00e9e":"1 minute"},"schema":{"@context":"https:\/\/schema.org","@graph":[{"@type":"WebPage","@id":"https:\/\/zanat.org\/fr\/article\/unity-side-table-stool\/","url":"https:\/\/zanat.org\/fr\/article\/unity-side-table-stool\/","name":"Table d'appoint\/tabouret Unity, \u00c9rable, teinte noire - ZANAT","isPartOf":{"@id":"https:\/\/staging.zanat.org\/fr\/#website"},"primaryImageOfPage":{"@id":"https:\/\/zanat.org\/fr\/article\/unity-side-table-stool\/#primaryimage"},"image":{"@id":"https:\/\/zanat.org\/fr\/article\/unity-side-table-stool\/#primaryimage"},"thumbnailUrl":"https:\/\/zanat.org\/wp-content\/uploads\/2021\/08\/unity-stool-forster-zanat-maple-ws-dsc2523-compress.jpg","datePublished":"2021-08-18T13:16:19+00:00","dateModified":"2023-06-20T08:29:31+00:00","breadcrumb":{"@id":"https:\/\/zanat.org\/fr\/article\/unity-side-table-stool\/#breadcrumb"},"inLanguage":"fr-FR","potentialAction":[{"@type":"ReadAction","target":["https:\/\/zanat.org\/fr\/article\/unity-side-table-stool\/"]}]},{"@type":"ImageObject","inLanguage":"fr-FR","@id":"https:\/\/zanat.org\/fr\/article\/unity-side-table-stool\/#primaryimage","url":"https:\/\/zanat.org\/wp-content\/uploads\/2021\/08\/unity-stool-forster-zanat-maple-ws-dsc2523-compress.jpg","contentUrl":"https:\/\/zanat.org\/wp-content\/uploads\/2021\/08\/unity-stool-forster-zanat-maple-ws-dsc2523-compress.jpg","width":2400,"height":1800},{"@type":"BreadcrumbList","@id":"https:\/\/zanat.org\/fr\/article\/unity-side-table-stool\/#breadcrumb","itemListElement":[{"@type":"ListItem","position":1,"name":"Zanat","item":"https:\/\/staging.zanat.org\/fr\/"},{"@type":"ListItem","position":2,"name":"Boutique","item":"https:\/\/staging.zanat.org\/fr\/boutique\/"},{"@type":"ListItem","position":3,"name":"Boutique de cadeaux","item":"https:\/\/zanat.org\/fr\/categorie-produit\/gift-shop-fr\/"},{"@type":"ListItem","position":4,"name":"Table d&rsquo;appoint\/tabouret Unity, \u00c9rable, teinte noire"}]},{"@type":"WebSite","@id":"https:\/\/staging.zanat.org\/fr\/#website","url":"https:\/\/staging.zanat.org\/fr\/","name":"ZANAT","description":"Improve your home &amp; improve our world","potentialAction":[{"@type":"SearchAction","target":{"@type":"EntryPoint","urlTemplate":"https:\/\/staging.zanat.org\/fr\/?s={search_term_string}"},"query-input":{"@type":"PropertyValueSpecification","valueRequired":true,"valueName":"search_term_string"}}],"inLanguage":"fr-FR"}]}},"_links":{"self":[{"href":"https:\/\/zanat.org\/fr\/wp-json\/wp\/v2\/product\/7520","targetHints":{"allow":["GET"]}}],"collection":[{"href":"https:\/\/zanat.org\/fr\/wp-json\/wp\/v2\/product"}],"about":[{"href":"https:\/\/zanat.org\/fr\/wp-json\/wp\/v2\/types\/product"}],"wp:featuredmedia":[{"embeddable":true,"href":"https:\/\/zanat.org\/fr\/wp-json\/wp\/v2\/media\/17166"}],"wp:attachment":[{"href":"https:\/\/zanat.org\/fr\/wp-json\/wp\/v2\/media?parent=7520"}],"wp:term":[{"taxonomy":"product_brand","embeddable":true,"href":"https:\/\/zanat.org\/fr\/wp-json\/wp\/v2\/product_brand?post=7520"},{"taxonomy":"product_cat","embeddable":true,"href":"https:\/\/zanat.org\/fr\/wp-json\/wp\/v2\/product_cat?post=7520"},{"taxonomy":"product_tag","embeddable":true,"href":"https:\/\/zanat.org\/fr\/wp-json\/wp\/v2\/product_tag?post=7520"}],"curies":[{"name":"wp","href":"https:\/\/api.w.org\/{rel}","templated":true}]}}