{"id":7491,"date":"2021-08-18T15:27:19","date_gmt":"2021-08-18T13:27:19","guid":{"rendered":"https:\/\/zanat.org\/product\/systeme-detagere-tara\/"},"modified":"2023-01-18T11:37:20","modified_gmt":"2023-01-18T10:37:20","slug":"tara-shelving-system-2","status":"publish","type":"product","link":"https:\/\/zanat.org\/fr\/article\/tara-shelving-system-2\/","title":{"rendered":"Syst\u00e8me d&rsquo;\u00e9tag\u00e8re Tara"},"content":{"rendered":"<p>Les \u00e9tag\u00e8res Tara peuvent \u00eatre utilis\u00e9es en tant qu&rsquo;unit\u00e9s individuelles ou en tant que famille pour une gamme de d\u00e9sirs de d\u00e9coration int\u00e9rieure. Les \u00e9tag\u00e8res sont aussi belles et fonctionnelles lorsqu&rsquo;elles sont plac\u00e9es contre un mur ou comme s\u00e9parateurs de pi\u00e8ces. En plus de cr\u00e9er une pi\u00e8ce polyvalente, Tara d\u00e9montre le savoir-faire exquis de Zanat dans la menuiserie fine qui utilise nos techniques uniques de gravure \u00e0 la main. Tara a \u00e9t\u00e9 s\u00e9lectionn\u00e9 par le Conseil allemand du design pour le prix de l&rsquo;innovation int\u00e9rieure 2015.<\/p>\n","protected":false},"excerpt":{"rendered":"<p>Les \u00e9tag\u00e8res Tara peuvent \u00eatre utilis\u00e9es en tant qu&rsquo;unit\u00e9s individuelles ou en tant que famille pour une gamme de d\u00e9sirs de d\u00e9coration int\u00e9rieure. Les \u00e9tag\u00e8res sont aussi belles et fonctionnelles lorsqu&rsquo;elles sont plac\u00e9es contre un mur ou comme s\u00e9parateurs de pi\u00e8ces. En plus de cr\u00e9er une pi\u00e8ce polyvalente, Tara d\u00e9montre le savoir-faire exquis de Zanat [&hellip;]<\/p>\n","protected":false},"featured_media":6253,"template":"","meta":{"_acf_changed":false,"_monsterinsights_skip_tracking":false,"_monsterinsights_sitenote_active":false,"_monsterinsights_sitenote_note":"","_monsterinsights_sitenote_category":0},"product_brand":[],"product_cat":[738],"product_tag":[],"class_list":{"0":"post-7491","1":"product","2":"type-product","3":"status-publish","4":"has-post-thumbnail","6":"product_cat-rangement","8":"first","9":"outofstock","10":"taxable","11":"shipping-taxable","12":"product-type-simple"},"acf":[],"yoast_head":"<!-- This site is optimized with the Yoast SEO plugin v26.4 - https:\/\/yoast.com\/wordpress\/plugins\/seo\/ -->\n<title>Syst\u00e8me d&#039;\u00e9tag\u00e8re Tara - ZANAT<\/title>\n<meta name=\"robots\" content=\"index, follow, max-snippet:-1, max-image-preview:large, max-video-preview:-1\" \/>\n<link rel=\"canonical\" href=\"https:\/\/zanat.org\/fr\/article\/tara-shelving-system-2\/\" \/>\n<meta property=\"og:locale\" content=\"fr_FR\" \/>\n<meta property=\"og:type\" content=\"article\" \/>\n<meta property=\"og:title\" content=\"Syst\u00e8me d&#039;\u00e9tag\u00e8re Tara - ZANAT\" \/>\n<meta property=\"og:description\" content=\"Les \u00e9tag\u00e8res Tara peuvent \u00eatre utilis\u00e9es en tant qu&rsquo;unit\u00e9s individuelles ou en tant que famille pour une gamme de d\u00e9sirs de d\u00e9coration int\u00e9rieure. Les \u00e9tag\u00e8res sont aussi belles et fonctionnelles lorsqu&rsquo;elles sont plac\u00e9es contre un mur ou comme s\u00e9parateurs de pi\u00e8ces. En plus de cr\u00e9er une pi\u00e8ce polyvalente, Tara d\u00e9montre le savoir-faire exquis de Zanat [&hellip;]\" \/>\n<meta property=\"og:url\" content=\"https:\/\/zanat.org\/fr\/article\/tara-shelving-system-2\/\" \/>\n<meta property=\"og:site_name\" content=\"ZANAT\" \/>\n<meta property=\"article:modified_time\" content=\"2023-01-18T10:37:20+00:00\" \/>\n<meta property=\"og:image\" content=\"https:\/\/zanat.org\/wp-content\/uploads\/2021\/08\/tara-shelving-system.jpg\" \/>\n\t<meta property=\"og:image:width\" content=\"2400\" \/>\n\t<meta property=\"og:image:height\" content=\"1800\" \/>\n\t<meta property=\"og:image:type\" content=\"image\/jpeg\" \/>\n<meta name=\"twitter:card\" content=\"summary_large_image\" \/>\n<script type=\"application\/ld+json\" class=\"yoast-schema-graph\">{\"@context\":\"https:\/\/schema.org\",\"@graph\":[{\"@type\":\"WebPage\",\"@id\":\"https:\/\/zanat.org\/fr\/article\/tara-shelving-system-2\/\",\"url\":\"https:\/\/zanat.org\/fr\/article\/tara-shelving-system-2\/\",\"name\":\"Syst\u00e8me d'\u00e9tag\u00e8re Tara - ZANAT\",\"isPartOf\":{\"@id\":\"https:\/\/staging.zanat.org\/fr\/#website\"},\"primaryImageOfPage\":{\"@id\":\"https:\/\/zanat.org\/fr\/article\/tara-shelving-system-2\/#primaryimage\"},\"image\":{\"@id\":\"https:\/\/zanat.org\/fr\/article\/tara-shelving-system-2\/#primaryimage\"},\"thumbnailUrl\":\"https:\/\/zanat.org\/wp-content\/uploads\/2021\/08\/tara-shelving-system.jpg\",\"datePublished\":\"2021-08-18T13:27:19+00:00\",\"dateModified\":\"2023-01-18T10:37:20+00:00\",\"breadcrumb\":{\"@id\":\"https:\/\/zanat.org\/fr\/article\/tara-shelving-system-2\/#breadcrumb\"},\"inLanguage\":\"fr-FR\",\"potentialAction\":[{\"@type\":\"ReadAction\",\"target\":[\"https:\/\/zanat.org\/fr\/article\/tara-shelving-system-2\/\"]}]},{\"@type\":\"ImageObject\",\"inLanguage\":\"fr-FR\",\"@id\":\"https:\/\/zanat.org\/fr\/article\/tara-shelving-system-2\/#primaryimage\",\"url\":\"https:\/\/zanat.org\/wp-content\/uploads\/2021\/08\/tara-shelving-system.jpg\",\"contentUrl\":\"https:\/\/zanat.org\/wp-content\/uploads\/2021\/08\/tara-shelving-system.jpg\",\"width\":2400,\"height\":1800},{\"@type\":\"BreadcrumbList\",\"@id\":\"https:\/\/zanat.org\/fr\/article\/tara-shelving-system-2\/#breadcrumb\",\"itemListElement\":[{\"@type\":\"ListItem\",\"position\":1,\"name\":\"Zanat\",\"item\":\"https:\/\/staging.zanat.org\/fr\/\"},{\"@type\":\"ListItem\",\"position\":2,\"name\":\"Boutique\",\"item\":\"https:\/\/staging.zanat.org\/fr\/boutique\/\"},{\"@type\":\"ListItem\",\"position\":3,\"name\":\"Rangement\",\"item\":\"https:\/\/zanat.org\/fr\/categorie-produit\/rangement\/\"},{\"@type\":\"ListItem\",\"position\":4,\"name\":\"Syst\u00e8me d&rsquo;\u00e9tag\u00e8re Tara\"}]},{\"@type\":\"WebSite\",\"@id\":\"https:\/\/staging.zanat.org\/fr\/#website\",\"url\":\"https:\/\/staging.zanat.org\/fr\/\",\"name\":\"ZANAT\",\"description\":\"Improve your home &amp; improve our world\",\"potentialAction\":[{\"@type\":\"SearchAction\",\"target\":{\"@type\":\"EntryPoint\",\"urlTemplate\":\"https:\/\/staging.zanat.org\/fr\/?s={search_term_string}\"},\"query-input\":{\"@type\":\"PropertyValueSpecification\",\"valueRequired\":true,\"valueName\":\"search_term_string\"}}],\"inLanguage\":\"fr-FR\"}]}<\/script>\n<!-- \/ Yoast SEO plugin. -->","yoast_head_json":{"title":"Syst\u00e8me d'\u00e9tag\u00e8re Tara - ZANAT","robots":{"index":"index","follow":"follow","max-snippet":"max-snippet:-1","max-image-preview":"max-image-preview:large","max-video-preview":"max-video-preview:-1"},"canonical":"https:\/\/zanat.org\/fr\/article\/tara-shelving-system-2\/","og_locale":"fr_FR","og_type":"article","og_title":"Syst\u00e8me d'\u00e9tag\u00e8re Tara - ZANAT","og_description":"Les \u00e9tag\u00e8res Tara peuvent \u00eatre utilis\u00e9es en tant qu&rsquo;unit\u00e9s individuelles ou en tant que famille pour une gamme de d\u00e9sirs de d\u00e9coration int\u00e9rieure. Les \u00e9tag\u00e8res sont aussi belles et fonctionnelles lorsqu&rsquo;elles sont plac\u00e9es contre un mur ou comme s\u00e9parateurs de pi\u00e8ces. En plus de cr\u00e9er une pi\u00e8ce polyvalente, Tara d\u00e9montre le savoir-faire exquis de Zanat [&hellip;]","og_url":"https:\/\/zanat.org\/fr\/article\/tara-shelving-system-2\/","og_site_name":"ZANAT","article_modified_time":"2023-01-18T10:37:20+00:00","og_image":[{"width":2400,"height":1800,"url":"https:\/\/zanat.org\/wp-content\/uploads\/2021\/08\/tara-shelving-system.jpg","type":"image\/jpeg"}],"twitter_card":"summary_large_image","schema":{"@context":"https:\/\/schema.org","@graph":[{"@type":"WebPage","@id":"https:\/\/zanat.org\/fr\/article\/tara-shelving-system-2\/","url":"https:\/\/zanat.org\/fr\/article\/tara-shelving-system-2\/","name":"Syst\u00e8me d'\u00e9tag\u00e8re Tara - ZANAT","isPartOf":{"@id":"https:\/\/staging.zanat.org\/fr\/#website"},"primaryImageOfPage":{"@id":"https:\/\/zanat.org\/fr\/article\/tara-shelving-system-2\/#primaryimage"},"image":{"@id":"https:\/\/zanat.org\/fr\/article\/tara-shelving-system-2\/#primaryimage"},"thumbnailUrl":"https:\/\/zanat.org\/wp-content\/uploads\/2021\/08\/tara-shelving-system.jpg","datePublished":"2021-08-18T13:27:19+00:00","dateModified":"2023-01-18T10:37:20+00:00","breadcrumb":{"@id":"https:\/\/zanat.org\/fr\/article\/tara-shelving-system-2\/#breadcrumb"},"inLanguage":"fr-FR","potentialAction":[{"@type":"ReadAction","target":["https:\/\/zanat.org\/fr\/article\/tara-shelving-system-2\/"]}]},{"@type":"ImageObject","inLanguage":"fr-FR","@id":"https:\/\/zanat.org\/fr\/article\/tara-shelving-system-2\/#primaryimage","url":"https:\/\/zanat.org\/wp-content\/uploads\/2021\/08\/tara-shelving-system.jpg","contentUrl":"https:\/\/zanat.org\/wp-content\/uploads\/2021\/08\/tara-shelving-system.jpg","width":2400,"height":1800},{"@type":"BreadcrumbList","@id":"https:\/\/zanat.org\/fr\/article\/tara-shelving-system-2\/#breadcrumb","itemListElement":[{"@type":"ListItem","position":1,"name":"Zanat","item":"https:\/\/staging.zanat.org\/fr\/"},{"@type":"ListItem","position":2,"name":"Boutique","item":"https:\/\/staging.zanat.org\/fr\/boutique\/"},{"@type":"ListItem","position":3,"name":"Rangement","item":"https:\/\/zanat.org\/fr\/categorie-produit\/rangement\/"},{"@type":"ListItem","position":4,"name":"Syst\u00e8me d&rsquo;\u00e9tag\u00e8re Tara"}]},{"@type":"WebSite","@id":"https:\/\/staging.zanat.org\/fr\/#website","url":"https:\/\/staging.zanat.org\/fr\/","name":"ZANAT","description":"Improve your home &amp; improve our world","potentialAction":[{"@type":"SearchAction","target":{"@type":"EntryPoint","urlTemplate":"https:\/\/staging.zanat.org\/fr\/?s={search_term_string}"},"query-input":{"@type":"PropertyValueSpecification","valueRequired":true,"valueName":"search_term_string"}}],"inLanguage":"fr-FR"}]}},"_links":{"self":[{"href":"https:\/\/zanat.org\/fr\/wp-json\/wp\/v2\/product\/7491","targetHints":{"allow":["GET"]}}],"collection":[{"href":"https:\/\/zanat.org\/fr\/wp-json\/wp\/v2\/product"}],"about":[{"href":"https:\/\/zanat.org\/fr\/wp-json\/wp\/v2\/types\/product"}],"wp:featuredmedia":[{"embeddable":true,"href":"https:\/\/zanat.org\/fr\/wp-json\/wp\/v2\/media\/6253"}],"wp:attachment":[{"href":"https:\/\/zanat.org\/fr\/wp-json\/wp\/v2\/media?parent=7491"}],"wp:term":[{"taxonomy":"product_brand","embeddable":true,"href":"https:\/\/zanat.org\/fr\/wp-json\/wp\/v2\/product_brand?post=7491"},{"taxonomy":"product_cat","embeddable":true,"href":"https:\/\/zanat.org\/fr\/wp-json\/wp\/v2\/product_cat?post=7491"},{"taxonomy":"product_tag","embeddable":true,"href":"https:\/\/zanat.org\/fr\/wp-json\/wp\/v2\/product_tag?post=7491"}],"curies":[{"name":"wp","href":"https:\/\/api.w.org\/{rel}","templated":true}]}}