{"id":7472,"date":"2021-08-18T15:19:48","date_gmt":"2021-08-18T13:19:48","guid":{"rendered":"https:\/\/zanat.org\/product\/buffet-touch\/"},"modified":"2023-01-18T11:37:18","modified_gmt":"2023-01-18T10:37:18","slug":"touch-sideboard-2","status":"publish","type":"product","link":"https:\/\/zanat.org\/fr\/article\/touch-sideboard-2\/","title":{"rendered":"Buffet Touch"},"content":{"rendered":"<p>Le buffet Touch fait partie de la collection Touch con\u00e7ue par Studioilse pour Zanat. La qualit\u00e9 particuli\u00e8re de ces produits r\u00e9side dans les surfaces sculpt\u00e9es \u00e0 la main qui font appel \u00e0 notre instinct de toucher quelque chose et refl\u00e8tent notre soif d&rsquo;un environnement plus tactile \u00e0 l&rsquo;\u00e8re du num\u00e9rique. Les gravures du buffet n\u00e9cessitent trois jours de travail et, comme les artisans sculptent les pi\u00e8ces au hasard, sans dessin, chaque pi\u00e8ce est unique, car deux surfaces sculpt\u00e9es ne se ressemblent jamais. Le buffet existe en version \u00e0 trois ou quatre portes et peut \u00eatre mont\u00e9 sur des pieds en bois ou en bronze coul\u00e9 en forme de X de 42 ou 28 cm. Chaque porte cache un compartiment de rangement s\u00e9par\u00e9, avec une \u00e9tag\u00e8re amovible en forme de plateau plac\u00e9e \u00e0 mi-hauteur.<\/p>\n","protected":false},"excerpt":{"rendered":"<p>Le buffet Touch fait partie de la collection Touch con\u00e7ue par Studioilse pour Zanat. La qualit\u00e9 particuli\u00e8re de ces produits r\u00e9side dans les surfaces sculpt\u00e9es \u00e0 la main qui font appel \u00e0 notre instinct de toucher quelque chose et refl\u00e8tent notre soif d&rsquo;un environnement plus tactile \u00e0 l&rsquo;\u00e8re du num\u00e9rique. Les gravures du buffet n\u00e9cessitent [&hellip;]<\/p>\n","protected":false},"featured_media":6251,"template":"","meta":{"_acf_changed":false,"_monsterinsights_skip_tracking":false,"_monsterinsights_sitenote_active":false,"_monsterinsights_sitenote_note":"","_monsterinsights_sitenote_category":0},"product_brand":[],"product_cat":[738],"product_tag":[],"class_list":{"0":"post-7472","1":"product","2":"type-product","3":"status-publish","4":"has-post-thumbnail","6":"product_cat-rangement","8":"first","9":"outofstock","10":"taxable","11":"shipping-taxable","12":"product-type-simple"},"acf":[],"yoast_head":"<!-- This site is optimized with the Yoast SEO plugin v26.4 - https:\/\/yoast.com\/wordpress\/plugins\/seo\/ -->\n<title>Buffet Touch - ZANAT<\/title>\n<meta name=\"robots\" content=\"index, follow, max-snippet:-1, max-image-preview:large, max-video-preview:-1\" \/>\n<link rel=\"canonical\" href=\"https:\/\/zanat.org\/fr\/article\/touch-sideboard-2\/\" \/>\n<meta property=\"og:locale\" content=\"fr_FR\" \/>\n<meta property=\"og:type\" content=\"article\" \/>\n<meta property=\"og:title\" content=\"Buffet Touch - ZANAT\" \/>\n<meta property=\"og:description\" content=\"Le buffet Touch fait partie de la collection Touch con\u00e7ue par Studioilse pour Zanat. La qualit\u00e9 particuli\u00e8re de ces produits r\u00e9side dans les surfaces sculpt\u00e9es \u00e0 la main qui font appel \u00e0 notre instinct de toucher quelque chose et refl\u00e8tent notre soif d&rsquo;un environnement plus tactile \u00e0 l&rsquo;\u00e8re du num\u00e9rique. Les gravures du buffet n\u00e9cessitent [&hellip;]\" \/>\n<meta property=\"og:url\" content=\"https:\/\/zanat.org\/fr\/article\/touch-sideboard-2\/\" \/>\n<meta property=\"og:site_name\" content=\"ZANAT\" \/>\n<meta property=\"article:modified_time\" content=\"2023-01-18T10:37:18+00:00\" \/>\n<meta property=\"og:image\" content=\"https:\/\/zanat.org\/wp-content\/uploads\/2021\/08\/touch-sideboard-02.jpg\" \/>\n\t<meta property=\"og:image:width\" content=\"2400\" \/>\n\t<meta property=\"og:image:height\" content=\"1800\" \/>\n\t<meta property=\"og:image:type\" content=\"image\/jpeg\" \/>\n<meta name=\"twitter:card\" content=\"summary_large_image\" \/>\n<meta name=\"twitter:label1\" content=\"Dur\u00e9e de lecture estim\u00e9e\" \/>\n\t<meta name=\"twitter:data1\" content=\"1 minute\" \/>\n<script type=\"application\/ld+json\" class=\"yoast-schema-graph\">{\"@context\":\"https:\/\/schema.org\",\"@graph\":[{\"@type\":\"WebPage\",\"@id\":\"https:\/\/zanat.org\/fr\/article\/touch-sideboard-2\/\",\"url\":\"https:\/\/zanat.org\/fr\/article\/touch-sideboard-2\/\",\"name\":\"Buffet Touch - ZANAT\",\"isPartOf\":{\"@id\":\"https:\/\/staging.zanat.org\/fr\/#website\"},\"primaryImageOfPage\":{\"@id\":\"https:\/\/zanat.org\/fr\/article\/touch-sideboard-2\/#primaryimage\"},\"image\":{\"@id\":\"https:\/\/zanat.org\/fr\/article\/touch-sideboard-2\/#primaryimage\"},\"thumbnailUrl\":\"https:\/\/zanat.org\/wp-content\/uploads\/2021\/08\/touch-sideboard-02.jpg\",\"datePublished\":\"2021-08-18T13:19:48+00:00\",\"dateModified\":\"2023-01-18T10:37:18+00:00\",\"breadcrumb\":{\"@id\":\"https:\/\/zanat.org\/fr\/article\/touch-sideboard-2\/#breadcrumb\"},\"inLanguage\":\"fr-FR\",\"potentialAction\":[{\"@type\":\"ReadAction\",\"target\":[\"https:\/\/zanat.org\/fr\/article\/touch-sideboard-2\/\"]}]},{\"@type\":\"ImageObject\",\"inLanguage\":\"fr-FR\",\"@id\":\"https:\/\/zanat.org\/fr\/article\/touch-sideboard-2\/#primaryimage\",\"url\":\"https:\/\/zanat.org\/wp-content\/uploads\/2021\/08\/touch-sideboard-02.jpg\",\"contentUrl\":\"https:\/\/zanat.org\/wp-content\/uploads\/2021\/08\/touch-sideboard-02.jpg\",\"width\":2400,\"height\":1800},{\"@type\":\"BreadcrumbList\",\"@id\":\"https:\/\/zanat.org\/fr\/article\/touch-sideboard-2\/#breadcrumb\",\"itemListElement\":[{\"@type\":\"ListItem\",\"position\":1,\"name\":\"Zanat\",\"item\":\"https:\/\/staging.zanat.org\/fr\/\"},{\"@type\":\"ListItem\",\"position\":2,\"name\":\"Boutique\",\"item\":\"https:\/\/staging.zanat.org\/fr\/boutique\/\"},{\"@type\":\"ListItem\",\"position\":3,\"name\":\"Rangement\",\"item\":\"https:\/\/zanat.org\/fr\/categorie-produit\/rangement\/\"},{\"@type\":\"ListItem\",\"position\":4,\"name\":\"Buffet Touch\"}]},{\"@type\":\"WebSite\",\"@id\":\"https:\/\/staging.zanat.org\/fr\/#website\",\"url\":\"https:\/\/staging.zanat.org\/fr\/\",\"name\":\"ZANAT\",\"description\":\"Improve your home &amp; improve our world\",\"potentialAction\":[{\"@type\":\"SearchAction\",\"target\":{\"@type\":\"EntryPoint\",\"urlTemplate\":\"https:\/\/staging.zanat.org\/fr\/?s={search_term_string}\"},\"query-input\":{\"@type\":\"PropertyValueSpecification\",\"valueRequired\":true,\"valueName\":\"search_term_string\"}}],\"inLanguage\":\"fr-FR\"}]}<\/script>\n<!-- \/ Yoast SEO plugin. -->","yoast_head_json":{"title":"Buffet Touch - ZANAT","robots":{"index":"index","follow":"follow","max-snippet":"max-snippet:-1","max-image-preview":"max-image-preview:large","max-video-preview":"max-video-preview:-1"},"canonical":"https:\/\/zanat.org\/fr\/article\/touch-sideboard-2\/","og_locale":"fr_FR","og_type":"article","og_title":"Buffet Touch - ZANAT","og_description":"Le buffet Touch fait partie de la collection Touch con\u00e7ue par Studioilse pour Zanat. La qualit\u00e9 particuli\u00e8re de ces produits r\u00e9side dans les surfaces sculpt\u00e9es \u00e0 la main qui font appel \u00e0 notre instinct de toucher quelque chose et refl\u00e8tent notre soif d&rsquo;un environnement plus tactile \u00e0 l&rsquo;\u00e8re du num\u00e9rique. Les gravures du buffet n\u00e9cessitent [&hellip;]","og_url":"https:\/\/zanat.org\/fr\/article\/touch-sideboard-2\/","og_site_name":"ZANAT","article_modified_time":"2023-01-18T10:37:18+00:00","og_image":[{"width":2400,"height":1800,"url":"https:\/\/zanat.org\/wp-content\/uploads\/2021\/08\/touch-sideboard-02.jpg","type":"image\/jpeg"}],"twitter_card":"summary_large_image","twitter_misc":{"Dur\u00e9e de lecture estim\u00e9e":"1 minute"},"schema":{"@context":"https:\/\/schema.org","@graph":[{"@type":"WebPage","@id":"https:\/\/zanat.org\/fr\/article\/touch-sideboard-2\/","url":"https:\/\/zanat.org\/fr\/article\/touch-sideboard-2\/","name":"Buffet Touch - ZANAT","isPartOf":{"@id":"https:\/\/staging.zanat.org\/fr\/#website"},"primaryImageOfPage":{"@id":"https:\/\/zanat.org\/fr\/article\/touch-sideboard-2\/#primaryimage"},"image":{"@id":"https:\/\/zanat.org\/fr\/article\/touch-sideboard-2\/#primaryimage"},"thumbnailUrl":"https:\/\/zanat.org\/wp-content\/uploads\/2021\/08\/touch-sideboard-02.jpg","datePublished":"2021-08-18T13:19:48+00:00","dateModified":"2023-01-18T10:37:18+00:00","breadcrumb":{"@id":"https:\/\/zanat.org\/fr\/article\/touch-sideboard-2\/#breadcrumb"},"inLanguage":"fr-FR","potentialAction":[{"@type":"ReadAction","target":["https:\/\/zanat.org\/fr\/article\/touch-sideboard-2\/"]}]},{"@type":"ImageObject","inLanguage":"fr-FR","@id":"https:\/\/zanat.org\/fr\/article\/touch-sideboard-2\/#primaryimage","url":"https:\/\/zanat.org\/wp-content\/uploads\/2021\/08\/touch-sideboard-02.jpg","contentUrl":"https:\/\/zanat.org\/wp-content\/uploads\/2021\/08\/touch-sideboard-02.jpg","width":2400,"height":1800},{"@type":"BreadcrumbList","@id":"https:\/\/zanat.org\/fr\/article\/touch-sideboard-2\/#breadcrumb","itemListElement":[{"@type":"ListItem","position":1,"name":"Zanat","item":"https:\/\/staging.zanat.org\/fr\/"},{"@type":"ListItem","position":2,"name":"Boutique","item":"https:\/\/staging.zanat.org\/fr\/boutique\/"},{"@type":"ListItem","position":3,"name":"Rangement","item":"https:\/\/zanat.org\/fr\/categorie-produit\/rangement\/"},{"@type":"ListItem","position":4,"name":"Buffet Touch"}]},{"@type":"WebSite","@id":"https:\/\/staging.zanat.org\/fr\/#website","url":"https:\/\/staging.zanat.org\/fr\/","name":"ZANAT","description":"Improve your home &amp; improve our world","potentialAction":[{"@type":"SearchAction","target":{"@type":"EntryPoint","urlTemplate":"https:\/\/staging.zanat.org\/fr\/?s={search_term_string}"},"query-input":{"@type":"PropertyValueSpecification","valueRequired":true,"valueName":"search_term_string"}}],"inLanguage":"fr-FR"}]}},"_links":{"self":[{"href":"https:\/\/zanat.org\/fr\/wp-json\/wp\/v2\/product\/7472","targetHints":{"allow":["GET"]}}],"collection":[{"href":"https:\/\/zanat.org\/fr\/wp-json\/wp\/v2\/product"}],"about":[{"href":"https:\/\/zanat.org\/fr\/wp-json\/wp\/v2\/types\/product"}],"wp:featuredmedia":[{"embeddable":true,"href":"https:\/\/zanat.org\/fr\/wp-json\/wp\/v2\/media\/6251"}],"wp:attachment":[{"href":"https:\/\/zanat.org\/fr\/wp-json\/wp\/v2\/media?parent=7472"}],"wp:term":[{"taxonomy":"product_brand","embeddable":true,"href":"https:\/\/zanat.org\/fr\/wp-json\/wp\/v2\/product_brand?post=7472"},{"taxonomy":"product_cat","embeddable":true,"href":"https:\/\/zanat.org\/fr\/wp-json\/wp\/v2\/product_cat?post=7472"},{"taxonomy":"product_tag","embeddable":true,"href":"https:\/\/zanat.org\/fr\/wp-json\/wp\/v2\/product_tag?post=7472"}],"curies":[{"name":"wp","href":"https:\/\/api.w.org\/{rel}","templated":true}]}}