{"id":7451,"date":"2021-08-18T15:11:29","date_gmt":"2021-08-18T13:11:29","guid":{"rendered":"https:\/\/zanat.org\/product\/chaise-sana\/"},"modified":"2023-01-18T11:37:06","modified_gmt":"2023-01-18T10:37:06","slug":"sana-chair-2","status":"publish","type":"product","link":"https:\/\/zanat.org\/fr\/article\/sana-chair-2\/","title":{"rendered":"Chaise Sana"},"content":{"rendered":"<p>Sana est une chaise de salle \u00e0 manger f\u00e9minine, \u00e9l\u00e9gante et extraordinairement l\u00e9g\u00e8re, enti\u00e8rement r\u00e9alis\u00e9e en bois massif. La caract\u00e9ristique la plus sp\u00e9ciale de la chaise est son dossier sculpt\u00e9 et incurv\u00e9 de mani\u00e8re multidimensionnelle qui donne un effet de c\u00e2lin chaleureux et offre un excellent confort d&rsquo;assise. Le c\u00f4t\u00e9 ext\u00e9rieur du dossier de la chaise est enti\u00e8rement sculpt\u00e9 \u00e0 la main, cr\u00e9ant une texture exquise qui souligne le dossier arrondi, donnant \u00e0 Sana le caract\u00e8re d&rsquo;un objet artisanal moderne. Sana est une chaise empilable qui convient aussi bien \u00e0 un usage r\u00e9sidentiel que commercial. Elle est disponible en diff\u00e9rentes combinaisons de couleurs pour le cadre, le dossier et l&rsquo;assise. Pour un meilleur confort, un coussin en cuir \u00e0 fixation magn\u00e9tique peut \u00eatre ajout\u00e9 en option. La chaise Sana a remport\u00e9 le prix Iconic Award 2019-Innovative Interior, d\u00e9cern\u00e9 par le Conseil allemand du design.<\/p>\n","protected":false},"excerpt":{"rendered":"<p>Sana est une chaise de salle \u00e0 manger f\u00e9minine, \u00e9l\u00e9gante et extraordinairement l\u00e9g\u00e8re, enti\u00e8rement r\u00e9alis\u00e9e en bois massif. La caract\u00e9ristique la plus sp\u00e9ciale de la chaise est son dossier sculpt\u00e9 et incurv\u00e9 de mani\u00e8re multidimensionnelle qui donne un effet de c\u00e2lin chaleureux et offre un excellent confort d&rsquo;assise. Le c\u00f4t\u00e9 ext\u00e9rieur du dossier de la [&hellip;]<\/p>\n","protected":false},"featured_media":6234,"template":"","meta":{"_acf_changed":false,"_monsterinsights_skip_tracking":false,"_monsterinsights_sitenote_active":false,"_monsterinsights_sitenote_note":"","_monsterinsights_sitenote_category":0},"product_brand":[],"product_cat":[729],"product_tag":[],"class_list":{"0":"post-7451","1":"product","2":"type-product","3":"status-publish","4":"has-post-thumbnail","6":"product_cat-chaises","8":"first","9":"outofstock","10":"taxable","11":"shipping-taxable","12":"product-type-simple"},"acf":[],"yoast_head":"<!-- This site is optimized with the Yoast SEO plugin v26.4 - https:\/\/yoast.com\/wordpress\/plugins\/seo\/ -->\n<title>Chaise Sana - ZANAT<\/title>\n<meta name=\"robots\" content=\"index, follow, max-snippet:-1, max-image-preview:large, max-video-preview:-1\" \/>\n<link rel=\"canonical\" href=\"https:\/\/zanat.org\/fr\/article\/sana-chair-2\/\" \/>\n<meta property=\"og:locale\" content=\"fr_FR\" \/>\n<meta property=\"og:type\" content=\"article\" \/>\n<meta property=\"og:title\" content=\"Chaise Sana - ZANAT\" \/>\n<meta property=\"og:description\" content=\"Sana est une chaise de salle \u00e0 manger f\u00e9minine, \u00e9l\u00e9gante et extraordinairement l\u00e9g\u00e8re, enti\u00e8rement r\u00e9alis\u00e9e en bois massif. La caract\u00e9ristique la plus sp\u00e9ciale de la chaise est son dossier sculpt\u00e9 et incurv\u00e9 de mani\u00e8re multidimensionnelle qui donne un effet de c\u00e2lin chaleureux et offre un excellent confort d&rsquo;assise. Le c\u00f4t\u00e9 ext\u00e9rieur du dossier de la [&hellip;]\" \/>\n<meta property=\"og:url\" content=\"https:\/\/zanat.org\/fr\/article\/sana-chair-2\/\" \/>\n<meta property=\"og:site_name\" content=\"ZANAT\" \/>\n<meta property=\"article:modified_time\" content=\"2023-01-18T10:37:06+00:00\" \/>\n<meta property=\"og:image\" content=\"https:\/\/zanat.org\/wp-content\/uploads\/2021\/08\/sana-chair-black.jpg\" \/>\n\t<meta property=\"og:image:width\" content=\"2401\" \/>\n\t<meta property=\"og:image:height\" content=\"1800\" \/>\n\t<meta property=\"og:image:type\" content=\"image\/jpeg\" \/>\n<meta name=\"twitter:card\" content=\"summary_large_image\" \/>\n<meta name=\"twitter:label1\" content=\"Dur\u00e9e de lecture estim\u00e9e\" \/>\n\t<meta name=\"twitter:data1\" content=\"1 minute\" \/>\n<script type=\"application\/ld+json\" class=\"yoast-schema-graph\">{\"@context\":\"https:\/\/schema.org\",\"@graph\":[{\"@type\":\"WebPage\",\"@id\":\"https:\/\/zanat.org\/fr\/article\/sana-chair-2\/\",\"url\":\"https:\/\/zanat.org\/fr\/article\/sana-chair-2\/\",\"name\":\"Chaise Sana - ZANAT\",\"isPartOf\":{\"@id\":\"https:\/\/staging.zanat.org\/fr\/#website\"},\"primaryImageOfPage\":{\"@id\":\"https:\/\/zanat.org\/fr\/article\/sana-chair-2\/#primaryimage\"},\"image\":{\"@id\":\"https:\/\/zanat.org\/fr\/article\/sana-chair-2\/#primaryimage\"},\"thumbnailUrl\":\"https:\/\/zanat.org\/wp-content\/uploads\/2021\/08\/sana-chair-black.jpg\",\"datePublished\":\"2021-08-18T13:11:29+00:00\",\"dateModified\":\"2023-01-18T10:37:06+00:00\",\"breadcrumb\":{\"@id\":\"https:\/\/zanat.org\/fr\/article\/sana-chair-2\/#breadcrumb\"},\"inLanguage\":\"fr-FR\",\"potentialAction\":[{\"@type\":\"ReadAction\",\"target\":[\"https:\/\/zanat.org\/fr\/article\/sana-chair-2\/\"]}]},{\"@type\":\"ImageObject\",\"inLanguage\":\"fr-FR\",\"@id\":\"https:\/\/zanat.org\/fr\/article\/sana-chair-2\/#primaryimage\",\"url\":\"https:\/\/zanat.org\/wp-content\/uploads\/2021\/08\/sana-chair-black.jpg\",\"contentUrl\":\"https:\/\/zanat.org\/wp-content\/uploads\/2021\/08\/sana-chair-black.jpg\",\"width\":2401,\"height\":1800},{\"@type\":\"BreadcrumbList\",\"@id\":\"https:\/\/zanat.org\/fr\/article\/sana-chair-2\/#breadcrumb\",\"itemListElement\":[{\"@type\":\"ListItem\",\"position\":1,\"name\":\"Zanat\",\"item\":\"https:\/\/staging.zanat.org\/fr\/\"},{\"@type\":\"ListItem\",\"position\":2,\"name\":\"Boutique\",\"item\":\"https:\/\/staging.zanat.org\/fr\/boutique\/\"},{\"@type\":\"ListItem\",\"position\":3,\"name\":\"Chaises\",\"item\":\"https:\/\/zanat.org\/fr\/categorie-produit\/chaises\/\"},{\"@type\":\"ListItem\",\"position\":4,\"name\":\"Chaise Sana\"}]},{\"@type\":\"WebSite\",\"@id\":\"https:\/\/staging.zanat.org\/fr\/#website\",\"url\":\"https:\/\/staging.zanat.org\/fr\/\",\"name\":\"ZANAT\",\"description\":\"Improve your home &amp; improve our world\",\"potentialAction\":[{\"@type\":\"SearchAction\",\"target\":{\"@type\":\"EntryPoint\",\"urlTemplate\":\"https:\/\/staging.zanat.org\/fr\/?s={search_term_string}\"},\"query-input\":{\"@type\":\"PropertyValueSpecification\",\"valueRequired\":true,\"valueName\":\"search_term_string\"}}],\"inLanguage\":\"fr-FR\"}]}<\/script>\n<!-- \/ Yoast SEO plugin. -->","yoast_head_json":{"title":"Chaise Sana - ZANAT","robots":{"index":"index","follow":"follow","max-snippet":"max-snippet:-1","max-image-preview":"max-image-preview:large","max-video-preview":"max-video-preview:-1"},"canonical":"https:\/\/zanat.org\/fr\/article\/sana-chair-2\/","og_locale":"fr_FR","og_type":"article","og_title":"Chaise Sana - ZANAT","og_description":"Sana est une chaise de salle \u00e0 manger f\u00e9minine, \u00e9l\u00e9gante et extraordinairement l\u00e9g\u00e8re, enti\u00e8rement r\u00e9alis\u00e9e en bois massif. La caract\u00e9ristique la plus sp\u00e9ciale de la chaise est son dossier sculpt\u00e9 et incurv\u00e9 de mani\u00e8re multidimensionnelle qui donne un effet de c\u00e2lin chaleureux et offre un excellent confort d&rsquo;assise. Le c\u00f4t\u00e9 ext\u00e9rieur du dossier de la [&hellip;]","og_url":"https:\/\/zanat.org\/fr\/article\/sana-chair-2\/","og_site_name":"ZANAT","article_modified_time":"2023-01-18T10:37:06+00:00","og_image":[{"width":2401,"height":1800,"url":"https:\/\/zanat.org\/wp-content\/uploads\/2021\/08\/sana-chair-black.jpg","type":"image\/jpeg"}],"twitter_card":"summary_large_image","twitter_misc":{"Dur\u00e9e de lecture estim\u00e9e":"1 minute"},"schema":{"@context":"https:\/\/schema.org","@graph":[{"@type":"WebPage","@id":"https:\/\/zanat.org\/fr\/article\/sana-chair-2\/","url":"https:\/\/zanat.org\/fr\/article\/sana-chair-2\/","name":"Chaise Sana - ZANAT","isPartOf":{"@id":"https:\/\/staging.zanat.org\/fr\/#website"},"primaryImageOfPage":{"@id":"https:\/\/zanat.org\/fr\/article\/sana-chair-2\/#primaryimage"},"image":{"@id":"https:\/\/zanat.org\/fr\/article\/sana-chair-2\/#primaryimage"},"thumbnailUrl":"https:\/\/zanat.org\/wp-content\/uploads\/2021\/08\/sana-chair-black.jpg","datePublished":"2021-08-18T13:11:29+00:00","dateModified":"2023-01-18T10:37:06+00:00","breadcrumb":{"@id":"https:\/\/zanat.org\/fr\/article\/sana-chair-2\/#breadcrumb"},"inLanguage":"fr-FR","potentialAction":[{"@type":"ReadAction","target":["https:\/\/zanat.org\/fr\/article\/sana-chair-2\/"]}]},{"@type":"ImageObject","inLanguage":"fr-FR","@id":"https:\/\/zanat.org\/fr\/article\/sana-chair-2\/#primaryimage","url":"https:\/\/zanat.org\/wp-content\/uploads\/2021\/08\/sana-chair-black.jpg","contentUrl":"https:\/\/zanat.org\/wp-content\/uploads\/2021\/08\/sana-chair-black.jpg","width":2401,"height":1800},{"@type":"BreadcrumbList","@id":"https:\/\/zanat.org\/fr\/article\/sana-chair-2\/#breadcrumb","itemListElement":[{"@type":"ListItem","position":1,"name":"Zanat","item":"https:\/\/staging.zanat.org\/fr\/"},{"@type":"ListItem","position":2,"name":"Boutique","item":"https:\/\/staging.zanat.org\/fr\/boutique\/"},{"@type":"ListItem","position":3,"name":"Chaises","item":"https:\/\/zanat.org\/fr\/categorie-produit\/chaises\/"},{"@type":"ListItem","position":4,"name":"Chaise Sana"}]},{"@type":"WebSite","@id":"https:\/\/staging.zanat.org\/fr\/#website","url":"https:\/\/staging.zanat.org\/fr\/","name":"ZANAT","description":"Improve your home &amp; improve our world","potentialAction":[{"@type":"SearchAction","target":{"@type":"EntryPoint","urlTemplate":"https:\/\/staging.zanat.org\/fr\/?s={search_term_string}"},"query-input":{"@type":"PropertyValueSpecification","valueRequired":true,"valueName":"search_term_string"}}],"inLanguage":"fr-FR"}]}},"_links":{"self":[{"href":"https:\/\/zanat.org\/fr\/wp-json\/wp\/v2\/product\/7451","targetHints":{"allow":["GET"]}}],"collection":[{"href":"https:\/\/zanat.org\/fr\/wp-json\/wp\/v2\/product"}],"about":[{"href":"https:\/\/zanat.org\/fr\/wp-json\/wp\/v2\/types\/product"}],"wp:featuredmedia":[{"embeddable":true,"href":"https:\/\/zanat.org\/fr\/wp-json\/wp\/v2\/media\/6234"}],"wp:attachment":[{"href":"https:\/\/zanat.org\/fr\/wp-json\/wp\/v2\/media?parent=7451"}],"wp:term":[{"taxonomy":"product_brand","embeddable":true,"href":"https:\/\/zanat.org\/fr\/wp-json\/wp\/v2\/product_brand?post=7451"},{"taxonomy":"product_cat","embeddable":true,"href":"https:\/\/zanat.org\/fr\/wp-json\/wp\/v2\/product_cat?post=7451"},{"taxonomy":"product_tag","embeddable":true,"href":"https:\/\/zanat.org\/fr\/wp-json\/wp\/v2\/product_tag?post=7451"}],"curies":[{"name":"wp","href":"https:\/\/api.w.org\/{rel}","templated":true}]}}