{"id":7429,"date":"2021-08-18T15:10:10","date_gmt":"2021-08-18T13:10:10","guid":{"rendered":"https:\/\/zanat.org\/product\/conteneurs-et-tables-basses-dappoint-hide-seek\/"},"modified":"2023-01-18T11:37:06","modified_gmt":"2023-01-18T10:37:06","slug":"hide-seek-containers-and-coffee-side-tables","status":"publish","type":"product","link":"https:\/\/zanat.org\/fr\/article\/hide-seek-containers-and-coffee-side-tables\/","title":{"rendered":"Conteneurs et tables basses \/ d\u2019appoint Hide &amp; Seek"},"content":{"rendered":"<p>Ces extraordinaires objets ronds sculpt\u00e9s et sculpt\u00e9s \u00e0 la main, enti\u00e8rement r\u00e9alis\u00e9s en \u00e9rable massif, existent en trois formes et tailles diff\u00e9rentes, con\u00e7ues pour fonctionner comme un ensemble attrayant de tables d&rsquo;appoint et de conteneurs. Sous les couvercles sculpt\u00e9s des conteneurs se trouve un espace o\u00f9 l&rsquo;on peut ranger les objets dont on a besoin \u00e0 port\u00e9e de main mais hors de vue. Un choix de diff\u00e9rents motifs de gravure, con\u00e7us par Monica F\u00f6rster Design Studio, ajoute la touche finale unique \u00e0 ces objets \u00e9l\u00e9gants et polyvalents..<\/p>\n","protected":false},"excerpt":{"rendered":"<p>Ces extraordinaires objets ronds sculpt\u00e9s et sculpt\u00e9s \u00e0 la main, enti\u00e8rement r\u00e9alis\u00e9s en \u00e9rable massif, existent en trois formes et tailles diff\u00e9rentes, con\u00e7ues pour fonctionner comme un ensemble attrayant de tables d&rsquo;appoint et de conteneurs. Sous les couvercles sculpt\u00e9s des conteneurs se trouve un espace o\u00f9 l&rsquo;on peut ranger les objets dont on a besoin [&hellip;]<\/p>\n","protected":false},"featured_media":6226,"template":"","meta":{"_acf_changed":false,"_monsterinsights_skip_tracking":false,"_monsterinsights_sitenote_active":false,"_monsterinsights_sitenote_note":"","_monsterinsights_sitenote_category":0},"product_brand":[],"product_cat":[654],"product_tag":[],"class_list":{"0":"post-7429","1":"product","2":"type-product","3":"status-publish","4":"has-post-thumbnail","6":"product_cat-tables-basses-et-tables-dappoint","8":"first","9":"outofstock","10":"taxable","11":"shipping-taxable","12":"purchasable","13":"product-type-variable"},"acf":[],"yoast_head":"<!-- This site is optimized with the Yoast SEO plugin v26.4 - https:\/\/yoast.com\/wordpress\/plugins\/seo\/ -->\n<title>Conteneurs et tables basses \/ d\u2019appoint Hide &amp; Seek - ZANAT<\/title>\n<meta name=\"robots\" content=\"index, follow, max-snippet:-1, max-image-preview:large, max-video-preview:-1\" \/>\n<link rel=\"canonical\" href=\"https:\/\/zanat.org\/fr\/article\/hide-seek-containers-and-coffee-side-tables\/\" \/>\n<meta property=\"og:locale\" content=\"fr_FR\" \/>\n<meta property=\"og:type\" content=\"article\" \/>\n<meta property=\"og:title\" content=\"Conteneurs et tables basses \/ d\u2019appoint Hide &amp; Seek - ZANAT\" \/>\n<meta property=\"og:description\" content=\"Ces extraordinaires objets ronds sculpt\u00e9s et sculpt\u00e9s \u00e0 la main, enti\u00e8rement r\u00e9alis\u00e9s en \u00e9rable massif, existent en trois formes et tailles diff\u00e9rentes, con\u00e7ues pour fonctionner comme un ensemble attrayant de tables d&rsquo;appoint et de conteneurs. Sous les couvercles sculpt\u00e9s des conteneurs se trouve un espace o\u00f9 l&rsquo;on peut ranger les objets dont on a besoin [&hellip;]\" \/>\n<meta property=\"og:url\" content=\"https:\/\/zanat.org\/fr\/article\/hide-seek-containers-and-coffee-side-tables\/\" \/>\n<meta property=\"og:site_name\" content=\"ZANAT\" \/>\n<meta property=\"article:modified_time\" content=\"2023-01-18T10:37:06+00:00\" \/>\n<meta property=\"og:image\" content=\"https:\/\/zanat.org\/wp-content\/uploads\/2021\/08\/hide-seek-containers-and-coffee-side-tables.jpg\" \/>\n\t<meta property=\"og:image:width\" content=\"2400\" \/>\n\t<meta property=\"og:image:height\" content=\"1800\" \/>\n\t<meta property=\"og:image:type\" content=\"image\/jpeg\" \/>\n<meta name=\"twitter:card\" content=\"summary_large_image\" \/>\n<script type=\"application\/ld+json\" class=\"yoast-schema-graph\">{\"@context\":\"https:\/\/schema.org\",\"@graph\":[{\"@type\":\"WebPage\",\"@id\":\"https:\/\/zanat.org\/fr\/article\/hide-seek-containers-and-coffee-side-tables\/\",\"url\":\"https:\/\/zanat.org\/fr\/article\/hide-seek-containers-and-coffee-side-tables\/\",\"name\":\"Conteneurs et tables basses \/ d\u2019appoint Hide &amp; Seek - ZANAT\",\"isPartOf\":{\"@id\":\"https:\/\/staging.zanat.org\/fr\/#website\"},\"primaryImageOfPage\":{\"@id\":\"https:\/\/zanat.org\/fr\/article\/hide-seek-containers-and-coffee-side-tables\/#primaryimage\"},\"image\":{\"@id\":\"https:\/\/zanat.org\/fr\/article\/hide-seek-containers-and-coffee-side-tables\/#primaryimage\"},\"thumbnailUrl\":\"https:\/\/zanat.org\/wp-content\/uploads\/2021\/08\/hide-seek-containers-and-coffee-side-tables.jpg\",\"datePublished\":\"2021-08-18T13:10:10+00:00\",\"dateModified\":\"2023-01-18T10:37:06+00:00\",\"breadcrumb\":{\"@id\":\"https:\/\/zanat.org\/fr\/article\/hide-seek-containers-and-coffee-side-tables\/#breadcrumb\"},\"inLanguage\":\"fr-FR\",\"potentialAction\":[{\"@type\":\"ReadAction\",\"target\":[\"https:\/\/zanat.org\/fr\/article\/hide-seek-containers-and-coffee-side-tables\/\"]}]},{\"@type\":\"ImageObject\",\"inLanguage\":\"fr-FR\",\"@id\":\"https:\/\/zanat.org\/fr\/article\/hide-seek-containers-and-coffee-side-tables\/#primaryimage\",\"url\":\"https:\/\/zanat.org\/wp-content\/uploads\/2021\/08\/hide-seek-containers-and-coffee-side-tables.jpg\",\"contentUrl\":\"https:\/\/zanat.org\/wp-content\/uploads\/2021\/08\/hide-seek-containers-and-coffee-side-tables.jpg\",\"width\":2400,\"height\":1800},{\"@type\":\"BreadcrumbList\",\"@id\":\"https:\/\/zanat.org\/fr\/article\/hide-seek-containers-and-coffee-side-tables\/#breadcrumb\",\"itemListElement\":[{\"@type\":\"ListItem\",\"position\":1,\"name\":\"Zanat\",\"item\":\"https:\/\/staging.zanat.org\/fr\/\"},{\"@type\":\"ListItem\",\"position\":2,\"name\":\"Boutique\",\"item\":\"https:\/\/staging.zanat.org\/fr\/boutique\/\"},{\"@type\":\"ListItem\",\"position\":3,\"name\":\"Tables basses et tables d'appoint\",\"item\":\"https:\/\/zanat.org\/fr\/categorie-produit\/tables-basses-et-tables-dappoint\/\"},{\"@type\":\"ListItem\",\"position\":4,\"name\":\"Conteneurs et tables basses \/ d\u2019appoint Hide &amp; Seek\"}]},{\"@type\":\"WebSite\",\"@id\":\"https:\/\/staging.zanat.org\/fr\/#website\",\"url\":\"https:\/\/staging.zanat.org\/fr\/\",\"name\":\"ZANAT\",\"description\":\"Improve your home &amp; improve our world\",\"potentialAction\":[{\"@type\":\"SearchAction\",\"target\":{\"@type\":\"EntryPoint\",\"urlTemplate\":\"https:\/\/staging.zanat.org\/fr\/?s={search_term_string}\"},\"query-input\":{\"@type\":\"PropertyValueSpecification\",\"valueRequired\":true,\"valueName\":\"search_term_string\"}}],\"inLanguage\":\"fr-FR\"}]}<\/script>\n<!-- \/ Yoast SEO plugin. -->","yoast_head_json":{"title":"Conteneurs et tables basses \/ d\u2019appoint Hide &amp; Seek - ZANAT","robots":{"index":"index","follow":"follow","max-snippet":"max-snippet:-1","max-image-preview":"max-image-preview:large","max-video-preview":"max-video-preview:-1"},"canonical":"https:\/\/zanat.org\/fr\/article\/hide-seek-containers-and-coffee-side-tables\/","og_locale":"fr_FR","og_type":"article","og_title":"Conteneurs et tables basses \/ d\u2019appoint Hide &amp; Seek - ZANAT","og_description":"Ces extraordinaires objets ronds sculpt\u00e9s et sculpt\u00e9s \u00e0 la main, enti\u00e8rement r\u00e9alis\u00e9s en \u00e9rable massif, existent en trois formes et tailles diff\u00e9rentes, con\u00e7ues pour fonctionner comme un ensemble attrayant de tables d&rsquo;appoint et de conteneurs. Sous les couvercles sculpt\u00e9s des conteneurs se trouve un espace o\u00f9 l&rsquo;on peut ranger les objets dont on a besoin [&hellip;]","og_url":"https:\/\/zanat.org\/fr\/article\/hide-seek-containers-and-coffee-side-tables\/","og_site_name":"ZANAT","article_modified_time":"2023-01-18T10:37:06+00:00","og_image":[{"width":2400,"height":1800,"url":"https:\/\/zanat.org\/wp-content\/uploads\/2021\/08\/hide-seek-containers-and-coffee-side-tables.jpg","type":"image\/jpeg"}],"twitter_card":"summary_large_image","schema":{"@context":"https:\/\/schema.org","@graph":[{"@type":"WebPage","@id":"https:\/\/zanat.org\/fr\/article\/hide-seek-containers-and-coffee-side-tables\/","url":"https:\/\/zanat.org\/fr\/article\/hide-seek-containers-and-coffee-side-tables\/","name":"Conteneurs et tables basses \/ d\u2019appoint Hide &amp; Seek - ZANAT","isPartOf":{"@id":"https:\/\/staging.zanat.org\/fr\/#website"},"primaryImageOfPage":{"@id":"https:\/\/zanat.org\/fr\/article\/hide-seek-containers-and-coffee-side-tables\/#primaryimage"},"image":{"@id":"https:\/\/zanat.org\/fr\/article\/hide-seek-containers-and-coffee-side-tables\/#primaryimage"},"thumbnailUrl":"https:\/\/zanat.org\/wp-content\/uploads\/2021\/08\/hide-seek-containers-and-coffee-side-tables.jpg","datePublished":"2021-08-18T13:10:10+00:00","dateModified":"2023-01-18T10:37:06+00:00","breadcrumb":{"@id":"https:\/\/zanat.org\/fr\/article\/hide-seek-containers-and-coffee-side-tables\/#breadcrumb"},"inLanguage":"fr-FR","potentialAction":[{"@type":"ReadAction","target":["https:\/\/zanat.org\/fr\/article\/hide-seek-containers-and-coffee-side-tables\/"]}]},{"@type":"ImageObject","inLanguage":"fr-FR","@id":"https:\/\/zanat.org\/fr\/article\/hide-seek-containers-and-coffee-side-tables\/#primaryimage","url":"https:\/\/zanat.org\/wp-content\/uploads\/2021\/08\/hide-seek-containers-and-coffee-side-tables.jpg","contentUrl":"https:\/\/zanat.org\/wp-content\/uploads\/2021\/08\/hide-seek-containers-and-coffee-side-tables.jpg","width":2400,"height":1800},{"@type":"BreadcrumbList","@id":"https:\/\/zanat.org\/fr\/article\/hide-seek-containers-and-coffee-side-tables\/#breadcrumb","itemListElement":[{"@type":"ListItem","position":1,"name":"Zanat","item":"https:\/\/staging.zanat.org\/fr\/"},{"@type":"ListItem","position":2,"name":"Boutique","item":"https:\/\/staging.zanat.org\/fr\/boutique\/"},{"@type":"ListItem","position":3,"name":"Tables basses et tables d'appoint","item":"https:\/\/zanat.org\/fr\/categorie-produit\/tables-basses-et-tables-dappoint\/"},{"@type":"ListItem","position":4,"name":"Conteneurs et tables basses \/ d\u2019appoint Hide &amp; Seek"}]},{"@type":"WebSite","@id":"https:\/\/staging.zanat.org\/fr\/#website","url":"https:\/\/staging.zanat.org\/fr\/","name":"ZANAT","description":"Improve your home &amp; improve our world","potentialAction":[{"@type":"SearchAction","target":{"@type":"EntryPoint","urlTemplate":"https:\/\/staging.zanat.org\/fr\/?s={search_term_string}"},"query-input":{"@type":"PropertyValueSpecification","valueRequired":true,"valueName":"search_term_string"}}],"inLanguage":"fr-FR"}]}},"_links":{"self":[{"href":"https:\/\/zanat.org\/fr\/wp-json\/wp\/v2\/product\/7429","targetHints":{"allow":["GET"]}}],"collection":[{"href":"https:\/\/zanat.org\/fr\/wp-json\/wp\/v2\/product"}],"about":[{"href":"https:\/\/zanat.org\/fr\/wp-json\/wp\/v2\/types\/product"}],"wp:featuredmedia":[{"embeddable":true,"href":"https:\/\/zanat.org\/fr\/wp-json\/wp\/v2\/media\/6226"}],"wp:attachment":[{"href":"https:\/\/zanat.org\/fr\/wp-json\/wp\/v2\/media?parent=7429"}],"wp:term":[{"taxonomy":"product_brand","embeddable":true,"href":"https:\/\/zanat.org\/fr\/wp-json\/wp\/v2\/product_brand?post=7429"},{"taxonomy":"product_cat","embeddable":true,"href":"https:\/\/zanat.org\/fr\/wp-json\/wp\/v2\/product_cat?post=7429"},{"taxonomy":"product_tag","embeddable":true,"href":"https:\/\/zanat.org\/fr\/wp-json\/wp\/v2\/product_tag?post=7429"}],"curies":[{"name":"wp","href":"https:\/\/api.w.org\/{rel}","templated":true}]}}