{"id":7375,"date":"2021-08-18T05:50:49","date_gmt":"2021-08-18T03:50:49","guid":{"rendered":"https:\/\/zanat.org\/product\/table-ombra\/"},"modified":"2023-01-18T11:36:58","modified_gmt":"2023-01-18T10:36:58","slug":"ombra-table","status":"publish","type":"product","link":"https:\/\/zanat.org\/fr\/article\/ombra-table\/","title":{"rendered":"Table Ombra"},"content":{"rendered":"<p>La table Ombra est un meuble unique construit en assemblant de minuscules \u00ab\u00a0prototiles Penrose\u00a0\u00bb en noyer massif. Ces prototiles sp\u00e9cifiques sont nomm\u00e9s d&rsquo;apr\u00e8s Sir Roger Penrose, un c\u00e9l\u00e8bre math\u00e9maticien britannique qui les a \u00e9tudi\u00e9s pour la premi\u00e8re fois dans les ann\u00e9es 1970. . Les prototiles ont des propri\u00e9t\u00e9s g\u00e9om\u00e9triques et visuelles remarquables. Tout d&rsquo;abord, ils sont ap\u00e9riodiques, ce qui signifie qu&rsquo;une copie d\u00e9cal\u00e9e de l&rsquo;ensemble original de prototiles n&rsquo;aura jamais le m\u00eame aspect : le motif ne se r\u00e9p\u00e8te pas! Le designer a brillamment assembl\u00e9 les prototiles sur le plateau de la table de mani\u00e8re \u00e0 cr\u00e9er une ombre abstraite d&rsquo;arbre. La table Ombra est fabriqu\u00e9e dans le respect de l&rsquo;environnement en utilisant de petits morceaux de bois susceptibles de finir en d\u00e9chets de production.<\/p>\n<p>La table Ombra a \u00e9t\u00e9 r\u00e9compens\u00e9e par l&rsquo;Interior Innovation Award en 2012.<\/p>\n","protected":false},"excerpt":{"rendered":"<p>La table Ombra est un meuble unique construit en assemblant de minuscules \u00ab\u00a0prototiles Penrose\u00a0\u00bb en noyer massif. Ces prototiles sp\u00e9cifiques sont nomm\u00e9s d&rsquo;apr\u00e8s Sir Roger Penrose, un c\u00e9l\u00e8bre math\u00e9maticien britannique qui les a \u00e9tudi\u00e9s pour la premi\u00e8re fois dans les ann\u00e9es 1970. . Les prototiles ont des propri\u00e9t\u00e9s g\u00e9om\u00e9triques et visuelles remarquables. Tout d&rsquo;abord, ils [&hellip;]<\/p>\n","protected":false},"featured_media":6220,"template":"","meta":{"_acf_changed":false,"_monsterinsights_skip_tracking":false,"_monsterinsights_sitenote_active":false,"_monsterinsights_sitenote_note":"","_monsterinsights_sitenote_category":0},"product_brand":[],"product_cat":[654],"product_tag":[],"class_list":{"0":"post-7375","1":"product","2":"type-product","3":"status-publish","4":"has-post-thumbnail","6":"product_cat-tables-basses-et-tables-dappoint","8":"first","9":"outofstock","10":"taxable","11":"shipping-taxable","12":"product-type-simple"},"acf":[],"yoast_head":"<!-- This site is optimized with the Yoast SEO plugin v26.4 - https:\/\/yoast.com\/wordpress\/plugins\/seo\/ -->\n<title>Table Ombra - ZANAT<\/title>\n<meta name=\"robots\" content=\"index, follow, max-snippet:-1, max-image-preview:large, max-video-preview:-1\" \/>\n<link rel=\"canonical\" href=\"https:\/\/zanat.org\/fr\/article\/ombra-table\/\" \/>\n<meta property=\"og:locale\" content=\"fr_FR\" \/>\n<meta property=\"og:type\" content=\"article\" \/>\n<meta property=\"og:title\" content=\"Table Ombra - ZANAT\" \/>\n<meta property=\"og:description\" content=\"La table Ombra est un meuble unique construit en assemblant de minuscules \u00ab\u00a0prototiles Penrose\u00a0\u00bb en noyer massif. Ces prototiles sp\u00e9cifiques sont nomm\u00e9s d&rsquo;apr\u00e8s Sir Roger Penrose, un c\u00e9l\u00e8bre math\u00e9maticien britannique qui les a \u00e9tudi\u00e9s pour la premi\u00e8re fois dans les ann\u00e9es 1970. . Les prototiles ont des propri\u00e9t\u00e9s g\u00e9om\u00e9triques et visuelles remarquables. Tout d&rsquo;abord, ils [&hellip;]\" \/>\n<meta property=\"og:url\" content=\"https:\/\/zanat.org\/fr\/article\/ombra-table\/\" \/>\n<meta property=\"og:site_name\" content=\"ZANAT\" \/>\n<meta property=\"article:modified_time\" content=\"2023-01-18T10:36:58+00:00\" \/>\n<meta property=\"og:image\" content=\"https:\/\/zanat.org\/wp-content\/uploads\/2021\/08\/ombra-table.jpg\" \/>\n\t<meta property=\"og:image:width\" content=\"2400\" \/>\n\t<meta property=\"og:image:height\" content=\"1800\" \/>\n\t<meta property=\"og:image:type\" content=\"image\/jpeg\" \/>\n<meta name=\"twitter:card\" content=\"summary_large_image\" \/>\n<meta name=\"twitter:label1\" content=\"Dur\u00e9e de lecture estim\u00e9e\" \/>\n\t<meta name=\"twitter:data1\" content=\"1 minute\" \/>\n<script type=\"application\/ld+json\" class=\"yoast-schema-graph\">{\"@context\":\"https:\/\/schema.org\",\"@graph\":[{\"@type\":\"WebPage\",\"@id\":\"https:\/\/zanat.org\/fr\/article\/ombra-table\/\",\"url\":\"https:\/\/zanat.org\/fr\/article\/ombra-table\/\",\"name\":\"Table Ombra - ZANAT\",\"isPartOf\":{\"@id\":\"https:\/\/staging.zanat.org\/fr\/#website\"},\"primaryImageOfPage\":{\"@id\":\"https:\/\/zanat.org\/fr\/article\/ombra-table\/#primaryimage\"},\"image\":{\"@id\":\"https:\/\/zanat.org\/fr\/article\/ombra-table\/#primaryimage\"},\"thumbnailUrl\":\"https:\/\/zanat.org\/wp-content\/uploads\/2021\/08\/ombra-table.jpg\",\"datePublished\":\"2021-08-18T03:50:49+00:00\",\"dateModified\":\"2023-01-18T10:36:58+00:00\",\"breadcrumb\":{\"@id\":\"https:\/\/zanat.org\/fr\/article\/ombra-table\/#breadcrumb\"},\"inLanguage\":\"fr-FR\",\"potentialAction\":[{\"@type\":\"ReadAction\",\"target\":[\"https:\/\/zanat.org\/fr\/article\/ombra-table\/\"]}]},{\"@type\":\"ImageObject\",\"inLanguage\":\"fr-FR\",\"@id\":\"https:\/\/zanat.org\/fr\/article\/ombra-table\/#primaryimage\",\"url\":\"https:\/\/zanat.org\/wp-content\/uploads\/2021\/08\/ombra-table.jpg\",\"contentUrl\":\"https:\/\/zanat.org\/wp-content\/uploads\/2021\/08\/ombra-table.jpg\",\"width\":2400,\"height\":1800},{\"@type\":\"BreadcrumbList\",\"@id\":\"https:\/\/zanat.org\/fr\/article\/ombra-table\/#breadcrumb\",\"itemListElement\":[{\"@type\":\"ListItem\",\"position\":1,\"name\":\"Zanat\",\"item\":\"https:\/\/staging.zanat.org\/fr\/\"},{\"@type\":\"ListItem\",\"position\":2,\"name\":\"Boutique\",\"item\":\"https:\/\/staging.zanat.org\/fr\/boutique\/\"},{\"@type\":\"ListItem\",\"position\":3,\"name\":\"Tables basses et tables d'appoint\",\"item\":\"https:\/\/zanat.org\/fr\/categorie-produit\/tables-basses-et-tables-dappoint\/\"},{\"@type\":\"ListItem\",\"position\":4,\"name\":\"Table Ombra\"}]},{\"@type\":\"WebSite\",\"@id\":\"https:\/\/staging.zanat.org\/fr\/#website\",\"url\":\"https:\/\/staging.zanat.org\/fr\/\",\"name\":\"ZANAT\",\"description\":\"Improve your home &amp; improve our world\",\"potentialAction\":[{\"@type\":\"SearchAction\",\"target\":{\"@type\":\"EntryPoint\",\"urlTemplate\":\"https:\/\/staging.zanat.org\/fr\/?s={search_term_string}\"},\"query-input\":{\"@type\":\"PropertyValueSpecification\",\"valueRequired\":true,\"valueName\":\"search_term_string\"}}],\"inLanguage\":\"fr-FR\"}]}<\/script>\n<!-- \/ Yoast SEO plugin. -->","yoast_head_json":{"title":"Table Ombra - ZANAT","robots":{"index":"index","follow":"follow","max-snippet":"max-snippet:-1","max-image-preview":"max-image-preview:large","max-video-preview":"max-video-preview:-1"},"canonical":"https:\/\/zanat.org\/fr\/article\/ombra-table\/","og_locale":"fr_FR","og_type":"article","og_title":"Table Ombra - ZANAT","og_description":"La table Ombra est un meuble unique construit en assemblant de minuscules \u00ab\u00a0prototiles Penrose\u00a0\u00bb en noyer massif. Ces prototiles sp\u00e9cifiques sont nomm\u00e9s d&rsquo;apr\u00e8s Sir Roger Penrose, un c\u00e9l\u00e8bre math\u00e9maticien britannique qui les a \u00e9tudi\u00e9s pour la premi\u00e8re fois dans les ann\u00e9es 1970. . Les prototiles ont des propri\u00e9t\u00e9s g\u00e9om\u00e9triques et visuelles remarquables. Tout d&rsquo;abord, ils [&hellip;]","og_url":"https:\/\/zanat.org\/fr\/article\/ombra-table\/","og_site_name":"ZANAT","article_modified_time":"2023-01-18T10:36:58+00:00","og_image":[{"width":2400,"height":1800,"url":"https:\/\/zanat.org\/wp-content\/uploads\/2021\/08\/ombra-table.jpg","type":"image\/jpeg"}],"twitter_card":"summary_large_image","twitter_misc":{"Dur\u00e9e de lecture estim\u00e9e":"1 minute"},"schema":{"@context":"https:\/\/schema.org","@graph":[{"@type":"WebPage","@id":"https:\/\/zanat.org\/fr\/article\/ombra-table\/","url":"https:\/\/zanat.org\/fr\/article\/ombra-table\/","name":"Table Ombra - ZANAT","isPartOf":{"@id":"https:\/\/staging.zanat.org\/fr\/#website"},"primaryImageOfPage":{"@id":"https:\/\/zanat.org\/fr\/article\/ombra-table\/#primaryimage"},"image":{"@id":"https:\/\/zanat.org\/fr\/article\/ombra-table\/#primaryimage"},"thumbnailUrl":"https:\/\/zanat.org\/wp-content\/uploads\/2021\/08\/ombra-table.jpg","datePublished":"2021-08-18T03:50:49+00:00","dateModified":"2023-01-18T10:36:58+00:00","breadcrumb":{"@id":"https:\/\/zanat.org\/fr\/article\/ombra-table\/#breadcrumb"},"inLanguage":"fr-FR","potentialAction":[{"@type":"ReadAction","target":["https:\/\/zanat.org\/fr\/article\/ombra-table\/"]}]},{"@type":"ImageObject","inLanguage":"fr-FR","@id":"https:\/\/zanat.org\/fr\/article\/ombra-table\/#primaryimage","url":"https:\/\/zanat.org\/wp-content\/uploads\/2021\/08\/ombra-table.jpg","contentUrl":"https:\/\/zanat.org\/wp-content\/uploads\/2021\/08\/ombra-table.jpg","width":2400,"height":1800},{"@type":"BreadcrumbList","@id":"https:\/\/zanat.org\/fr\/article\/ombra-table\/#breadcrumb","itemListElement":[{"@type":"ListItem","position":1,"name":"Zanat","item":"https:\/\/staging.zanat.org\/fr\/"},{"@type":"ListItem","position":2,"name":"Boutique","item":"https:\/\/staging.zanat.org\/fr\/boutique\/"},{"@type":"ListItem","position":3,"name":"Tables basses et tables d'appoint","item":"https:\/\/zanat.org\/fr\/categorie-produit\/tables-basses-et-tables-dappoint\/"},{"@type":"ListItem","position":4,"name":"Table Ombra"}]},{"@type":"WebSite","@id":"https:\/\/staging.zanat.org\/fr\/#website","url":"https:\/\/staging.zanat.org\/fr\/","name":"ZANAT","description":"Improve your home &amp; improve our world","potentialAction":[{"@type":"SearchAction","target":{"@type":"EntryPoint","urlTemplate":"https:\/\/staging.zanat.org\/fr\/?s={search_term_string}"},"query-input":{"@type":"PropertyValueSpecification","valueRequired":true,"valueName":"search_term_string"}}],"inLanguage":"fr-FR"}]}},"_links":{"self":[{"href":"https:\/\/zanat.org\/fr\/wp-json\/wp\/v2\/product\/7375","targetHints":{"allow":["GET"]}}],"collection":[{"href":"https:\/\/zanat.org\/fr\/wp-json\/wp\/v2\/product"}],"about":[{"href":"https:\/\/zanat.org\/fr\/wp-json\/wp\/v2\/types\/product"}],"wp:featuredmedia":[{"embeddable":true,"href":"https:\/\/zanat.org\/fr\/wp-json\/wp\/v2\/media\/6220"}],"wp:attachment":[{"href":"https:\/\/zanat.org\/fr\/wp-json\/wp\/v2\/media?parent=7375"}],"wp:term":[{"taxonomy":"product_brand","embeddable":true,"href":"https:\/\/zanat.org\/fr\/wp-json\/wp\/v2\/product_brand?post=7375"},{"taxonomy":"product_cat","embeddable":true,"href":"https:\/\/zanat.org\/fr\/wp-json\/wp\/v2\/product_cat?post=7375"},{"taxonomy":"product_tag","embeddable":true,"href":"https:\/\/zanat.org\/fr\/wp-json\/wp\/v2\/product_tag?post=7375"}],"curies":[{"name":"wp","href":"https:\/\/api.w.org\/{rel}","templated":true}]}}