{"id":7366,"date":"2021-08-18T15:14:23","date_gmt":"2021-08-18T13:14:23","guid":{"rendered":"https:\/\/zanat.org\/product\/chaise-longue-dama-t\/"},"modified":"2023-01-18T11:37:12","modified_gmt":"2023-01-18T10:37:12","slug":"dama-t-lounge-chair-2","status":"publish","type":"product","link":"https:\/\/zanat.org\/fr\/article\/dama-t-lounge-chair-2\/","title":{"rendered":"Chaise longue Dama-T"},"content":{"rendered":"<p>Dama-T donne l&rsquo;apparence d&rsquo;un objet con\u00e7u sans effort par un esprit ing\u00e9nieux. Les aspects essentiels de son caract\u00e8re contemporain sont les surfaces fines et incurv\u00e9es de l&rsquo;assise et du dossier avec des motifs en damier sculpt\u00e9s \u00e0 la main, qui ont n\u00e9cessit\u00e9 le d\u00e9veloppement de nouveaux outils de gravure pour notre atelier. Dama s&rsquo;inspire du savoir archa\u00efque et de l&rsquo;ing\u00e9niosit\u00e9 de ces objets de la culture locale qui nous s\u00e9duisent irr\u00e9sistiblement lors de nos voyages.<\/p>\n","protected":false},"excerpt":{"rendered":"<p>Dama-T donne l&rsquo;apparence d&rsquo;un objet con\u00e7u sans effort par un esprit ing\u00e9nieux. Les aspects essentiels de son caract\u00e8re contemporain sont les surfaces fines et incurv\u00e9es de l&rsquo;assise et du dossier avec des motifs en damier sculpt\u00e9s \u00e0 la main, qui ont n\u00e9cessit\u00e9 le d\u00e9veloppement de nouveaux outils de gravure pour notre atelier. Dama s&rsquo;inspire du [&hellip;]<\/p>\n","protected":false},"featured_media":6235,"template":"","meta":{"_acf_changed":false,"_monsterinsights_skip_tracking":false,"_monsterinsights_sitenote_active":false,"_monsterinsights_sitenote_note":"","_monsterinsights_sitenote_category":0},"product_brand":[],"product_cat":[645],"product_tag":[],"class_list":{"0":"post-7366","1":"product","2":"type-product","3":"status-publish","4":"has-post-thumbnail","6":"product_cat-chaises-longue","8":"first","9":"outofstock","10":"taxable","11":"shipping-taxable","12":"product-type-simple"},"acf":[],"yoast_head":"<!-- This site is optimized with the Yoast SEO plugin v26.4 - https:\/\/yoast.com\/wordpress\/plugins\/seo\/ -->\n<title>Chaise longue Dama-T - ZANAT<\/title>\n<meta name=\"robots\" content=\"index, follow, max-snippet:-1, max-image-preview:large, max-video-preview:-1\" \/>\n<link rel=\"canonical\" href=\"https:\/\/zanat.org\/fr\/article\/dama-t-lounge-chair-2\/\" \/>\n<meta property=\"og:locale\" content=\"fr_FR\" \/>\n<meta property=\"og:type\" content=\"article\" \/>\n<meta property=\"og:title\" content=\"Chaise longue Dama-T - ZANAT\" \/>\n<meta property=\"og:description\" content=\"Dama-T donne l&rsquo;apparence d&rsquo;un objet con\u00e7u sans effort par un esprit ing\u00e9nieux. Les aspects essentiels de son caract\u00e8re contemporain sont les surfaces fines et incurv\u00e9es de l&rsquo;assise et du dossier avec des motifs en damier sculpt\u00e9s \u00e0 la main, qui ont n\u00e9cessit\u00e9 le d\u00e9veloppement de nouveaux outils de gravure pour notre atelier. Dama s&rsquo;inspire du [&hellip;]\" \/>\n<meta property=\"og:url\" content=\"https:\/\/zanat.org\/fr\/article\/dama-t-lounge-chair-2\/\" \/>\n<meta property=\"og:site_name\" content=\"ZANAT\" \/>\n<meta property=\"article:modified_time\" content=\"2023-01-18T10:37:12+00:00\" \/>\n<meta property=\"og:image\" content=\"https:\/\/zanat.org\/wp-content\/uploads\/2021\/08\/dama-t-lounge-chair-1920x1440.jpg\" \/>\n\t<meta property=\"og:image:width\" content=\"1920\" \/>\n\t<meta property=\"og:image:height\" content=\"1440\" \/>\n\t<meta property=\"og:image:type\" content=\"image\/jpeg\" \/>\n<meta name=\"twitter:card\" content=\"summary_large_image\" \/>\n<script type=\"application\/ld+json\" class=\"yoast-schema-graph\">{\"@context\":\"https:\/\/schema.org\",\"@graph\":[{\"@type\":\"WebPage\",\"@id\":\"https:\/\/zanat.org\/fr\/article\/dama-t-lounge-chair-2\/\",\"url\":\"https:\/\/zanat.org\/fr\/article\/dama-t-lounge-chair-2\/\",\"name\":\"Chaise longue Dama-T - ZANAT\",\"isPartOf\":{\"@id\":\"https:\/\/staging.zanat.org\/fr\/#website\"},\"primaryImageOfPage\":{\"@id\":\"https:\/\/zanat.org\/fr\/article\/dama-t-lounge-chair-2\/#primaryimage\"},\"image\":{\"@id\":\"https:\/\/zanat.org\/fr\/article\/dama-t-lounge-chair-2\/#primaryimage\"},\"thumbnailUrl\":\"https:\/\/zanat.org\/wp-content\/uploads\/2021\/08\/dama-t-lounge-chair.jpg\",\"datePublished\":\"2021-08-18T13:14:23+00:00\",\"dateModified\":\"2023-01-18T10:37:12+00:00\",\"breadcrumb\":{\"@id\":\"https:\/\/zanat.org\/fr\/article\/dama-t-lounge-chair-2\/#breadcrumb\"},\"inLanguage\":\"fr-FR\",\"potentialAction\":[{\"@type\":\"ReadAction\",\"target\":[\"https:\/\/zanat.org\/fr\/article\/dama-t-lounge-chair-2\/\"]}]},{\"@type\":\"ImageObject\",\"inLanguage\":\"fr-FR\",\"@id\":\"https:\/\/zanat.org\/fr\/article\/dama-t-lounge-chair-2\/#primaryimage\",\"url\":\"https:\/\/zanat.org\/wp-content\/uploads\/2021\/08\/dama-t-lounge-chair.jpg\",\"contentUrl\":\"https:\/\/zanat.org\/wp-content\/uploads\/2021\/08\/dama-t-lounge-chair.jpg\",\"width\":2400,\"height\":1800},{\"@type\":\"BreadcrumbList\",\"@id\":\"https:\/\/zanat.org\/fr\/article\/dama-t-lounge-chair-2\/#breadcrumb\",\"itemListElement\":[{\"@type\":\"ListItem\",\"position\":1,\"name\":\"Zanat\",\"item\":\"https:\/\/staging.zanat.org\/fr\/\"},{\"@type\":\"ListItem\",\"position\":2,\"name\":\"Boutique\",\"item\":\"https:\/\/staging.zanat.org\/fr\/boutique\/\"},{\"@type\":\"ListItem\",\"position\":3,\"name\":\"Chaises longue\",\"item\":\"https:\/\/zanat.org\/fr\/categorie-produit\/chaises-longue\/\"},{\"@type\":\"ListItem\",\"position\":4,\"name\":\"Chaise longue Dama-T\"}]},{\"@type\":\"WebSite\",\"@id\":\"https:\/\/staging.zanat.org\/fr\/#website\",\"url\":\"https:\/\/staging.zanat.org\/fr\/\",\"name\":\"ZANAT\",\"description\":\"Improve your home &amp; improve our world\",\"potentialAction\":[{\"@type\":\"SearchAction\",\"target\":{\"@type\":\"EntryPoint\",\"urlTemplate\":\"https:\/\/staging.zanat.org\/fr\/?s={search_term_string}\"},\"query-input\":{\"@type\":\"PropertyValueSpecification\",\"valueRequired\":true,\"valueName\":\"search_term_string\"}}],\"inLanguage\":\"fr-FR\"}]}<\/script>\n<!-- \/ Yoast SEO plugin. -->","yoast_head_json":{"title":"Chaise longue Dama-T - ZANAT","robots":{"index":"index","follow":"follow","max-snippet":"max-snippet:-1","max-image-preview":"max-image-preview:large","max-video-preview":"max-video-preview:-1"},"canonical":"https:\/\/zanat.org\/fr\/article\/dama-t-lounge-chair-2\/","og_locale":"fr_FR","og_type":"article","og_title":"Chaise longue Dama-T - ZANAT","og_description":"Dama-T donne l&rsquo;apparence d&rsquo;un objet con\u00e7u sans effort par un esprit ing\u00e9nieux. Les aspects essentiels de son caract\u00e8re contemporain sont les surfaces fines et incurv\u00e9es de l&rsquo;assise et du dossier avec des motifs en damier sculpt\u00e9s \u00e0 la main, qui ont n\u00e9cessit\u00e9 le d\u00e9veloppement de nouveaux outils de gravure pour notre atelier. Dama s&rsquo;inspire du [&hellip;]","og_url":"https:\/\/zanat.org\/fr\/article\/dama-t-lounge-chair-2\/","og_site_name":"ZANAT","article_modified_time":"2023-01-18T10:37:12+00:00","og_image":[{"width":1920,"height":1440,"url":"https:\/\/zanat.org\/wp-content\/uploads\/2021\/08\/dama-t-lounge-chair-1920x1440.jpg","type":"image\/jpeg"}],"twitter_card":"summary_large_image","schema":{"@context":"https:\/\/schema.org","@graph":[{"@type":"WebPage","@id":"https:\/\/zanat.org\/fr\/article\/dama-t-lounge-chair-2\/","url":"https:\/\/zanat.org\/fr\/article\/dama-t-lounge-chair-2\/","name":"Chaise longue Dama-T - ZANAT","isPartOf":{"@id":"https:\/\/staging.zanat.org\/fr\/#website"},"primaryImageOfPage":{"@id":"https:\/\/zanat.org\/fr\/article\/dama-t-lounge-chair-2\/#primaryimage"},"image":{"@id":"https:\/\/zanat.org\/fr\/article\/dama-t-lounge-chair-2\/#primaryimage"},"thumbnailUrl":"https:\/\/zanat.org\/wp-content\/uploads\/2021\/08\/dama-t-lounge-chair.jpg","datePublished":"2021-08-18T13:14:23+00:00","dateModified":"2023-01-18T10:37:12+00:00","breadcrumb":{"@id":"https:\/\/zanat.org\/fr\/article\/dama-t-lounge-chair-2\/#breadcrumb"},"inLanguage":"fr-FR","potentialAction":[{"@type":"ReadAction","target":["https:\/\/zanat.org\/fr\/article\/dama-t-lounge-chair-2\/"]}]},{"@type":"ImageObject","inLanguage":"fr-FR","@id":"https:\/\/zanat.org\/fr\/article\/dama-t-lounge-chair-2\/#primaryimage","url":"https:\/\/zanat.org\/wp-content\/uploads\/2021\/08\/dama-t-lounge-chair.jpg","contentUrl":"https:\/\/zanat.org\/wp-content\/uploads\/2021\/08\/dama-t-lounge-chair.jpg","width":2400,"height":1800},{"@type":"BreadcrumbList","@id":"https:\/\/zanat.org\/fr\/article\/dama-t-lounge-chair-2\/#breadcrumb","itemListElement":[{"@type":"ListItem","position":1,"name":"Zanat","item":"https:\/\/staging.zanat.org\/fr\/"},{"@type":"ListItem","position":2,"name":"Boutique","item":"https:\/\/staging.zanat.org\/fr\/boutique\/"},{"@type":"ListItem","position":3,"name":"Chaises longue","item":"https:\/\/zanat.org\/fr\/categorie-produit\/chaises-longue\/"},{"@type":"ListItem","position":4,"name":"Chaise longue Dama-T"}]},{"@type":"WebSite","@id":"https:\/\/staging.zanat.org\/fr\/#website","url":"https:\/\/staging.zanat.org\/fr\/","name":"ZANAT","description":"Improve your home &amp; improve our world","potentialAction":[{"@type":"SearchAction","target":{"@type":"EntryPoint","urlTemplate":"https:\/\/staging.zanat.org\/fr\/?s={search_term_string}"},"query-input":{"@type":"PropertyValueSpecification","valueRequired":true,"valueName":"search_term_string"}}],"inLanguage":"fr-FR"}]}},"_links":{"self":[{"href":"https:\/\/zanat.org\/fr\/wp-json\/wp\/v2\/product\/7366","targetHints":{"allow":["GET"]}}],"collection":[{"href":"https:\/\/zanat.org\/fr\/wp-json\/wp\/v2\/product"}],"about":[{"href":"https:\/\/zanat.org\/fr\/wp-json\/wp\/v2\/types\/product"}],"wp:featuredmedia":[{"embeddable":true,"href":"https:\/\/zanat.org\/fr\/wp-json\/wp\/v2\/media\/6235"}],"wp:attachment":[{"href":"https:\/\/zanat.org\/fr\/wp-json\/wp\/v2\/media?parent=7366"}],"wp:term":[{"taxonomy":"product_brand","embeddable":true,"href":"https:\/\/zanat.org\/fr\/wp-json\/wp\/v2\/product_brand?post=7366"},{"taxonomy":"product_cat","embeddable":true,"href":"https:\/\/zanat.org\/fr\/wp-json\/wp\/v2\/product_cat?post=7366"},{"taxonomy":"product_tag","embeddable":true,"href":"https:\/\/zanat.org\/fr\/wp-json\/wp\/v2\/product_tag?post=7366"}],"curies":[{"name":"wp","href":"https:\/\/api.w.org\/{rel}","templated":true}]}}