{"id":7306,"date":"2021-08-18T15:05:35","date_gmt":"2021-08-18T13:05:35","guid":{"rendered":"https:\/\/zanat.org\/product\/table-wave\/"},"modified":"2023-01-18T11:37:04","modified_gmt":"2023-01-18T10:37:04","slug":"wave-table","status":"publish","type":"product","link":"https:\/\/zanat.org\/fr\/article\/wave-table\/","title":{"rendered":"Table Wave"},"content":{"rendered":"<p>La conception de cette table extraordinaire aux bords tordus sculpt\u00e9s \u00e0 la main est souvent consid\u00e9r\u00e9e comme la version design du \u00ab\u00a0live-edge\u00a0\u00bb, une table qui r\u00e9v\u00e8le la fin in\u00e9gale naturelle d&rsquo;une dalle de bois. L&rsquo;inspiration, cependant, est venue lorsque le designer a observ\u00e9 le d\u00e9bit de la rivi\u00e8re Neretva en crue \u00e0 Konjic, la ville natale de Zanat, apr\u00e8s un torrent d&rsquo;automne. La table Wave convient aussi bien comme table \u00e0 manger que comme bureau. The designer watched the flow of swolen Neretva River in Zanat&rsquo;s hometown of Konjic after an autumn torrent. La table Wave convient aussi bien comme table \u00e0 manger que comme bureau.<\/p>\n","protected":false},"excerpt":{"rendered":"<p>La conception de cette table extraordinaire aux bords tordus sculpt\u00e9s \u00e0 la main est souvent consid\u00e9r\u00e9e comme la version design du \u00ab\u00a0live-edge\u00a0\u00bb, une table qui r\u00e9v\u00e8le la fin in\u00e9gale naturelle d&rsquo;une dalle de bois. L&rsquo;inspiration, cependant, est venue lorsque le designer a observ\u00e9 le d\u00e9bit de la rivi\u00e8re Neretva en crue \u00e0 Konjic, la ville [&hellip;]<\/p>\n","protected":false},"featured_media":6218,"template":"","meta":{"_acf_changed":false,"_monsterinsights_skip_tracking":false,"_monsterinsights_sitenote_active":false,"_monsterinsights_sitenote_note":"","_monsterinsights_sitenote_category":0},"product_brand":[],"product_cat":[569],"product_tag":[],"class_list":{"0":"post-7306","1":"product","2":"type-product","3":"status-publish","4":"has-post-thumbnail","6":"product_cat-tables-a-manger","8":"first","9":"outofstock","10":"taxable","11":"shipping-taxable","12":"product-type-simple"},"acf":[],"yoast_head":"<!-- This site is optimized with the Yoast SEO plugin v26.4 - https:\/\/yoast.com\/wordpress\/plugins\/seo\/ -->\n<title>Table Wave - ZANAT<\/title>\n<meta name=\"robots\" content=\"index, follow, max-snippet:-1, max-image-preview:large, max-video-preview:-1\" \/>\n<link rel=\"canonical\" href=\"https:\/\/zanat.org\/fr\/article\/wave-table\/\" \/>\n<meta property=\"og:locale\" content=\"fr_FR\" \/>\n<meta property=\"og:type\" content=\"article\" \/>\n<meta property=\"og:title\" content=\"Table Wave - ZANAT\" \/>\n<meta property=\"og:description\" content=\"La conception de cette table extraordinaire aux bords tordus sculpt\u00e9s \u00e0 la main est souvent consid\u00e9r\u00e9e comme la version design du \u00ab\u00a0live-edge\u00a0\u00bb, une table qui r\u00e9v\u00e8le la fin in\u00e9gale naturelle d&rsquo;une dalle de bois. L&rsquo;inspiration, cependant, est venue lorsque le designer a observ\u00e9 le d\u00e9bit de la rivi\u00e8re Neretva en crue \u00e0 Konjic, la ville [&hellip;]\" \/>\n<meta property=\"og:url\" content=\"https:\/\/zanat.org\/fr\/article\/wave-table\/\" \/>\n<meta property=\"og:site_name\" content=\"ZANAT\" \/>\n<meta property=\"article:modified_time\" content=\"2023-01-18T10:37:04+00:00\" \/>\n<meta property=\"og:image\" content=\"https:\/\/zanat.org\/wp-content\/uploads\/2021\/08\/wave-table.jpg\" \/>\n\t<meta property=\"og:image:width\" content=\"2400\" \/>\n\t<meta property=\"og:image:height\" content=\"1800\" \/>\n\t<meta property=\"og:image:type\" content=\"image\/jpeg\" \/>\n<meta name=\"twitter:card\" content=\"summary_large_image\" \/>\n<meta name=\"twitter:label1\" content=\"Dur\u00e9e de lecture estim\u00e9e\" \/>\n\t<meta name=\"twitter:data1\" content=\"1 minute\" \/>\n<script type=\"application\/ld+json\" class=\"yoast-schema-graph\">{\"@context\":\"https:\/\/schema.org\",\"@graph\":[{\"@type\":\"WebPage\",\"@id\":\"https:\/\/zanat.org\/fr\/article\/wave-table\/\",\"url\":\"https:\/\/zanat.org\/fr\/article\/wave-table\/\",\"name\":\"Table Wave - ZANAT\",\"isPartOf\":{\"@id\":\"https:\/\/staging.zanat.org\/fr\/#website\"},\"primaryImageOfPage\":{\"@id\":\"https:\/\/zanat.org\/fr\/article\/wave-table\/#primaryimage\"},\"image\":{\"@id\":\"https:\/\/zanat.org\/fr\/article\/wave-table\/#primaryimage\"},\"thumbnailUrl\":\"https:\/\/zanat.org\/wp-content\/uploads\/2021\/08\/wave-table.jpg\",\"datePublished\":\"2021-08-18T13:05:35+00:00\",\"dateModified\":\"2023-01-18T10:37:04+00:00\",\"breadcrumb\":{\"@id\":\"https:\/\/zanat.org\/fr\/article\/wave-table\/#breadcrumb\"},\"inLanguage\":\"fr-FR\",\"potentialAction\":[{\"@type\":\"ReadAction\",\"target\":[\"https:\/\/zanat.org\/fr\/article\/wave-table\/\"]}]},{\"@type\":\"ImageObject\",\"inLanguage\":\"fr-FR\",\"@id\":\"https:\/\/zanat.org\/fr\/article\/wave-table\/#primaryimage\",\"url\":\"https:\/\/zanat.org\/wp-content\/uploads\/2021\/08\/wave-table.jpg\",\"contentUrl\":\"https:\/\/zanat.org\/wp-content\/uploads\/2021\/08\/wave-table.jpg\",\"width\":2400,\"height\":1800},{\"@type\":\"BreadcrumbList\",\"@id\":\"https:\/\/zanat.org\/fr\/article\/wave-table\/#breadcrumb\",\"itemListElement\":[{\"@type\":\"ListItem\",\"position\":1,\"name\":\"Zanat\",\"item\":\"https:\/\/staging.zanat.org\/fr\/\"},{\"@type\":\"ListItem\",\"position\":2,\"name\":\"Boutique\",\"item\":\"https:\/\/staging.zanat.org\/fr\/boutique\/\"},{\"@type\":\"ListItem\",\"position\":3,\"name\":\"Tables \u00e0 manger\",\"item\":\"https:\/\/zanat.org\/fr\/categorie-produit\/tables-a-manger\/\"},{\"@type\":\"ListItem\",\"position\":4,\"name\":\"Table Wave\"}]},{\"@type\":\"WebSite\",\"@id\":\"https:\/\/staging.zanat.org\/fr\/#website\",\"url\":\"https:\/\/staging.zanat.org\/fr\/\",\"name\":\"ZANAT\",\"description\":\"Improve your home &amp; improve our world\",\"potentialAction\":[{\"@type\":\"SearchAction\",\"target\":{\"@type\":\"EntryPoint\",\"urlTemplate\":\"https:\/\/staging.zanat.org\/fr\/?s={search_term_string}\"},\"query-input\":{\"@type\":\"PropertyValueSpecification\",\"valueRequired\":true,\"valueName\":\"search_term_string\"}}],\"inLanguage\":\"fr-FR\"}]}<\/script>\n<!-- \/ Yoast SEO plugin. -->","yoast_head_json":{"title":"Table Wave - ZANAT","robots":{"index":"index","follow":"follow","max-snippet":"max-snippet:-1","max-image-preview":"max-image-preview:large","max-video-preview":"max-video-preview:-1"},"canonical":"https:\/\/zanat.org\/fr\/article\/wave-table\/","og_locale":"fr_FR","og_type":"article","og_title":"Table Wave - ZANAT","og_description":"La conception de cette table extraordinaire aux bords tordus sculpt\u00e9s \u00e0 la main est souvent consid\u00e9r\u00e9e comme la version design du \u00ab\u00a0live-edge\u00a0\u00bb, une table qui r\u00e9v\u00e8le la fin in\u00e9gale naturelle d&rsquo;une dalle de bois. L&rsquo;inspiration, cependant, est venue lorsque le designer a observ\u00e9 le d\u00e9bit de la rivi\u00e8re Neretva en crue \u00e0 Konjic, la ville [&hellip;]","og_url":"https:\/\/zanat.org\/fr\/article\/wave-table\/","og_site_name":"ZANAT","article_modified_time":"2023-01-18T10:37:04+00:00","og_image":[{"width":2400,"height":1800,"url":"https:\/\/zanat.org\/wp-content\/uploads\/2021\/08\/wave-table.jpg","type":"image\/jpeg"}],"twitter_card":"summary_large_image","twitter_misc":{"Dur\u00e9e de lecture estim\u00e9e":"1 minute"},"schema":{"@context":"https:\/\/schema.org","@graph":[{"@type":"WebPage","@id":"https:\/\/zanat.org\/fr\/article\/wave-table\/","url":"https:\/\/zanat.org\/fr\/article\/wave-table\/","name":"Table Wave - ZANAT","isPartOf":{"@id":"https:\/\/staging.zanat.org\/fr\/#website"},"primaryImageOfPage":{"@id":"https:\/\/zanat.org\/fr\/article\/wave-table\/#primaryimage"},"image":{"@id":"https:\/\/zanat.org\/fr\/article\/wave-table\/#primaryimage"},"thumbnailUrl":"https:\/\/zanat.org\/wp-content\/uploads\/2021\/08\/wave-table.jpg","datePublished":"2021-08-18T13:05:35+00:00","dateModified":"2023-01-18T10:37:04+00:00","breadcrumb":{"@id":"https:\/\/zanat.org\/fr\/article\/wave-table\/#breadcrumb"},"inLanguage":"fr-FR","potentialAction":[{"@type":"ReadAction","target":["https:\/\/zanat.org\/fr\/article\/wave-table\/"]}]},{"@type":"ImageObject","inLanguage":"fr-FR","@id":"https:\/\/zanat.org\/fr\/article\/wave-table\/#primaryimage","url":"https:\/\/zanat.org\/wp-content\/uploads\/2021\/08\/wave-table.jpg","contentUrl":"https:\/\/zanat.org\/wp-content\/uploads\/2021\/08\/wave-table.jpg","width":2400,"height":1800},{"@type":"BreadcrumbList","@id":"https:\/\/zanat.org\/fr\/article\/wave-table\/#breadcrumb","itemListElement":[{"@type":"ListItem","position":1,"name":"Zanat","item":"https:\/\/staging.zanat.org\/fr\/"},{"@type":"ListItem","position":2,"name":"Boutique","item":"https:\/\/staging.zanat.org\/fr\/boutique\/"},{"@type":"ListItem","position":3,"name":"Tables \u00e0 manger","item":"https:\/\/zanat.org\/fr\/categorie-produit\/tables-a-manger\/"},{"@type":"ListItem","position":4,"name":"Table Wave"}]},{"@type":"WebSite","@id":"https:\/\/staging.zanat.org\/fr\/#website","url":"https:\/\/staging.zanat.org\/fr\/","name":"ZANAT","description":"Improve your home &amp; improve our world","potentialAction":[{"@type":"SearchAction","target":{"@type":"EntryPoint","urlTemplate":"https:\/\/staging.zanat.org\/fr\/?s={search_term_string}"},"query-input":{"@type":"PropertyValueSpecification","valueRequired":true,"valueName":"search_term_string"}}],"inLanguage":"fr-FR"}]}},"_links":{"self":[{"href":"https:\/\/zanat.org\/fr\/wp-json\/wp\/v2\/product\/7306","targetHints":{"allow":["GET"]}}],"collection":[{"href":"https:\/\/zanat.org\/fr\/wp-json\/wp\/v2\/product"}],"about":[{"href":"https:\/\/zanat.org\/fr\/wp-json\/wp\/v2\/types\/product"}],"wp:featuredmedia":[{"embeddable":true,"href":"https:\/\/zanat.org\/fr\/wp-json\/wp\/v2\/media\/6218"}],"wp:attachment":[{"href":"https:\/\/zanat.org\/fr\/wp-json\/wp\/v2\/media?parent=7306"}],"wp:term":[{"taxonomy":"product_brand","embeddable":true,"href":"https:\/\/zanat.org\/fr\/wp-json\/wp\/v2\/product_brand?post=7306"},{"taxonomy":"product_cat","embeddable":true,"href":"https:\/\/zanat.org\/fr\/wp-json\/wp\/v2\/product_cat?post=7306"},{"taxonomy":"product_tag","embeddable":true,"href":"https:\/\/zanat.org\/fr\/wp-json\/wp\/v2\/product_tag?post=7306"}],"curies":[{"name":"wp","href":"https:\/\/api.w.org\/{rel}","templated":true}]}}