{"id":7264,"date":"2021-08-18T15:06:02","date_gmt":"2021-08-18T13:06:02","guid":{"rendered":"https:\/\/zanat.org\/product\/table-touch\/"},"modified":"2023-01-18T11:37:03","modified_gmt":"2023-01-18T10:37:03","slug":"touch-table","status":"publish","type":"product","link":"https:\/\/zanat.org\/fr\/article\/touch-table\/","title":{"rendered":"Table Touch"},"content":{"rendered":"<p>A table Touch, con\u00e7ue par Studioilse, fait partie de la collection Touch. La qualit\u00e9 particuli\u00e8re de ce produit r\u00e9side dans la surface sculpt\u00e9e \u00e0 la main qui r\u00e9pond \u00e0 notre impulsion instinctive de sentir quelque chose et refl\u00e8te notre soif d&rsquo;un environnement plus tactile \u00e0 l&rsquo;\u00e8re du num\u00e9rique. Les gravures sur le plateau de la table lui conf\u00e8rent un caract\u00e8re tactile unique. Il faut trois jours de travail pour les r\u00e9aliser et, comme les artisans sculptent les pi\u00e8ces au hasard, sans dessin, chaque pi\u00e8ce est unique, car deux surfaces sculpt\u00e9es ne se ressemblent jamais. La table est d\u00e9lib\u00e9r\u00e9ment con\u00e7ue plus \u00e9troite pour cr\u00e9er une atmosph\u00e8re de repas confortable et intime. Malgr\u00e9 ce que l&rsquo;on pourrait croire, la surface de la table se nettoie facilement \u00e0 l&rsquo;aide d&rsquo;une \u00e9ponge de mer incluse dans la livraison de chaque table ou d&rsquo;un autre chiffon de nettoyage doux et les gravures ne diminuent pas la stabilit\u00e9 m\u00eame pour les petits verres. Une nouvelle version plus grande et plus \u00e9l\u00e9gante de la table Touch a \u00e9t\u00e9 lanc\u00e9e au Salone del Mobile 2019, pour c\u00e9l\u00e9brer la tactilit\u00e9 comme un besoin humain essentiel. Les pieds en bronze moul\u00e9 renforceront \u00e0 la fois l&rsquo;\u00e9l\u00e9gance et la tactilit\u00e9 de cette pi\u00e8ce exquise.<\/p>\n","protected":false},"excerpt":{"rendered":"<p>A table Touch, con\u00e7ue par Studioilse, fait partie de la collection Touch. La qualit\u00e9 particuli\u00e8re de ce produit r\u00e9side dans la surface sculpt\u00e9e \u00e0 la main qui r\u00e9pond \u00e0 notre impulsion instinctive de sentir quelque chose et refl\u00e8te notre soif d&rsquo;un environnement plus tactile \u00e0 l&rsquo;\u00e8re du num\u00e9rique. Les gravures sur le plateau de la [&hellip;]<\/p>\n","protected":false},"featured_media":6508,"template":"","meta":{"_acf_changed":false,"_monsterinsights_skip_tracking":false,"_monsterinsights_sitenote_active":false,"_monsterinsights_sitenote_note":"","_monsterinsights_sitenote_category":0},"product_brand":[],"product_cat":[569],"product_tag":[],"class_list":{"0":"post-7264","1":"product","2":"type-product","3":"status-publish","4":"has-post-thumbnail","6":"product_cat-tables-a-manger","8":"first","9":"outofstock","10":"taxable","11":"shipping-taxable","12":"product-type-simple"},"acf":[],"yoast_head":"<!-- This site is optimized with the Yoast SEO plugin v26.4 - https:\/\/yoast.com\/wordpress\/plugins\/seo\/ -->\n<title>Table Touch - ZANAT<\/title>\n<meta name=\"robots\" content=\"index, follow, max-snippet:-1, max-image-preview:large, max-video-preview:-1\" \/>\n<link rel=\"canonical\" href=\"https:\/\/zanat.org\/fr\/article\/touch-table\/\" \/>\n<meta property=\"og:locale\" content=\"fr_FR\" \/>\n<meta property=\"og:type\" content=\"article\" \/>\n<meta property=\"og:title\" content=\"Table Touch - ZANAT\" \/>\n<meta property=\"og:description\" content=\"A table Touch, con\u00e7ue par Studioilse, fait partie de la collection Touch. La qualit\u00e9 particuli\u00e8re de ce produit r\u00e9side dans la surface sculpt\u00e9e \u00e0 la main qui r\u00e9pond \u00e0 notre impulsion instinctive de sentir quelque chose et refl\u00e8te notre soif d&rsquo;un environnement plus tactile \u00e0 l&rsquo;\u00e8re du num\u00e9rique. Les gravures sur le plateau de la [&hellip;]\" \/>\n<meta property=\"og:url\" content=\"https:\/\/zanat.org\/fr\/article\/touch-table\/\" \/>\n<meta property=\"og:site_name\" content=\"ZANAT\" \/>\n<meta property=\"article:modified_time\" content=\"2023-01-18T10:37:03+00:00\" \/>\n<meta property=\"og:image\" content=\"https:\/\/zanat.org\/wp-content\/uploads\/2021\/08\/dsc2180-00001-touch-sana-lamp-final-dvolisnica-8bit.jpg\" \/>\n\t<meta property=\"og:image:width\" content=\"2400\" \/>\n\t<meta property=\"og:image:height\" content=\"1600\" \/>\n\t<meta property=\"og:image:type\" content=\"image\/jpeg\" \/>\n<meta name=\"twitter:card\" content=\"summary_large_image\" \/>\n<meta name=\"twitter:label1\" content=\"Dur\u00e9e de lecture estim\u00e9e\" \/>\n\t<meta name=\"twitter:data1\" content=\"1 minute\" \/>\n<script type=\"application\/ld+json\" class=\"yoast-schema-graph\">{\"@context\":\"https:\/\/schema.org\",\"@graph\":[{\"@type\":\"WebPage\",\"@id\":\"https:\/\/zanat.org\/fr\/article\/touch-table\/\",\"url\":\"https:\/\/zanat.org\/fr\/article\/touch-table\/\",\"name\":\"Table Touch - ZANAT\",\"isPartOf\":{\"@id\":\"https:\/\/staging.zanat.org\/fr\/#website\"},\"primaryImageOfPage\":{\"@id\":\"https:\/\/zanat.org\/fr\/article\/touch-table\/#primaryimage\"},\"image\":{\"@id\":\"https:\/\/zanat.org\/fr\/article\/touch-table\/#primaryimage\"},\"thumbnailUrl\":\"https:\/\/zanat.org\/wp-content\/uploads\/2021\/08\/dsc2180-00001-touch-sana-lamp-final-dvolisnica-8bit.jpg\",\"datePublished\":\"2021-08-18T13:06:02+00:00\",\"dateModified\":\"2023-01-18T10:37:03+00:00\",\"breadcrumb\":{\"@id\":\"https:\/\/zanat.org\/fr\/article\/touch-table\/#breadcrumb\"},\"inLanguage\":\"fr-FR\",\"potentialAction\":[{\"@type\":\"ReadAction\",\"target\":[\"https:\/\/zanat.org\/fr\/article\/touch-table\/\"]}]},{\"@type\":\"ImageObject\",\"inLanguage\":\"fr-FR\",\"@id\":\"https:\/\/zanat.org\/fr\/article\/touch-table\/#primaryimage\",\"url\":\"https:\/\/zanat.org\/wp-content\/uploads\/2021\/08\/dsc2180-00001-touch-sana-lamp-final-dvolisnica-8bit.jpg\",\"contentUrl\":\"https:\/\/zanat.org\/wp-content\/uploads\/2021\/08\/dsc2180-00001-touch-sana-lamp-final-dvolisnica-8bit.jpg\",\"width\":2400,\"height\":1600},{\"@type\":\"BreadcrumbList\",\"@id\":\"https:\/\/zanat.org\/fr\/article\/touch-table\/#breadcrumb\",\"itemListElement\":[{\"@type\":\"ListItem\",\"position\":1,\"name\":\"Zanat\",\"item\":\"https:\/\/staging.zanat.org\/fr\/\"},{\"@type\":\"ListItem\",\"position\":2,\"name\":\"Boutique\",\"item\":\"https:\/\/staging.zanat.org\/fr\/boutique\/\"},{\"@type\":\"ListItem\",\"position\":3,\"name\":\"Tables \u00e0 manger\",\"item\":\"https:\/\/zanat.org\/fr\/categorie-produit\/tables-a-manger\/\"},{\"@type\":\"ListItem\",\"position\":4,\"name\":\"Table Touch\"}]},{\"@type\":\"WebSite\",\"@id\":\"https:\/\/staging.zanat.org\/fr\/#website\",\"url\":\"https:\/\/staging.zanat.org\/fr\/\",\"name\":\"ZANAT\",\"description\":\"Improve your home &amp; improve our world\",\"potentialAction\":[{\"@type\":\"SearchAction\",\"target\":{\"@type\":\"EntryPoint\",\"urlTemplate\":\"https:\/\/staging.zanat.org\/fr\/?s={search_term_string}\"},\"query-input\":{\"@type\":\"PropertyValueSpecification\",\"valueRequired\":true,\"valueName\":\"search_term_string\"}}],\"inLanguage\":\"fr-FR\"}]}<\/script>\n<!-- \/ Yoast SEO plugin. -->","yoast_head_json":{"title":"Table Touch - ZANAT","robots":{"index":"index","follow":"follow","max-snippet":"max-snippet:-1","max-image-preview":"max-image-preview:large","max-video-preview":"max-video-preview:-1"},"canonical":"https:\/\/zanat.org\/fr\/article\/touch-table\/","og_locale":"fr_FR","og_type":"article","og_title":"Table Touch - ZANAT","og_description":"A table Touch, con\u00e7ue par Studioilse, fait partie de la collection Touch. La qualit\u00e9 particuli\u00e8re de ce produit r\u00e9side dans la surface sculpt\u00e9e \u00e0 la main qui r\u00e9pond \u00e0 notre impulsion instinctive de sentir quelque chose et refl\u00e8te notre soif d&rsquo;un environnement plus tactile \u00e0 l&rsquo;\u00e8re du num\u00e9rique. Les gravures sur le plateau de la [&hellip;]","og_url":"https:\/\/zanat.org\/fr\/article\/touch-table\/","og_site_name":"ZANAT","article_modified_time":"2023-01-18T10:37:03+00:00","og_image":[{"width":2400,"height":1600,"url":"https:\/\/zanat.org\/wp-content\/uploads\/2021\/08\/dsc2180-00001-touch-sana-lamp-final-dvolisnica-8bit.jpg","type":"image\/jpeg"}],"twitter_card":"summary_large_image","twitter_misc":{"Dur\u00e9e de lecture estim\u00e9e":"1 minute"},"schema":{"@context":"https:\/\/schema.org","@graph":[{"@type":"WebPage","@id":"https:\/\/zanat.org\/fr\/article\/touch-table\/","url":"https:\/\/zanat.org\/fr\/article\/touch-table\/","name":"Table Touch - ZANAT","isPartOf":{"@id":"https:\/\/staging.zanat.org\/fr\/#website"},"primaryImageOfPage":{"@id":"https:\/\/zanat.org\/fr\/article\/touch-table\/#primaryimage"},"image":{"@id":"https:\/\/zanat.org\/fr\/article\/touch-table\/#primaryimage"},"thumbnailUrl":"https:\/\/zanat.org\/wp-content\/uploads\/2021\/08\/dsc2180-00001-touch-sana-lamp-final-dvolisnica-8bit.jpg","datePublished":"2021-08-18T13:06:02+00:00","dateModified":"2023-01-18T10:37:03+00:00","breadcrumb":{"@id":"https:\/\/zanat.org\/fr\/article\/touch-table\/#breadcrumb"},"inLanguage":"fr-FR","potentialAction":[{"@type":"ReadAction","target":["https:\/\/zanat.org\/fr\/article\/touch-table\/"]}]},{"@type":"ImageObject","inLanguage":"fr-FR","@id":"https:\/\/zanat.org\/fr\/article\/touch-table\/#primaryimage","url":"https:\/\/zanat.org\/wp-content\/uploads\/2021\/08\/dsc2180-00001-touch-sana-lamp-final-dvolisnica-8bit.jpg","contentUrl":"https:\/\/zanat.org\/wp-content\/uploads\/2021\/08\/dsc2180-00001-touch-sana-lamp-final-dvolisnica-8bit.jpg","width":2400,"height":1600},{"@type":"BreadcrumbList","@id":"https:\/\/zanat.org\/fr\/article\/touch-table\/#breadcrumb","itemListElement":[{"@type":"ListItem","position":1,"name":"Zanat","item":"https:\/\/staging.zanat.org\/fr\/"},{"@type":"ListItem","position":2,"name":"Boutique","item":"https:\/\/staging.zanat.org\/fr\/boutique\/"},{"@type":"ListItem","position":3,"name":"Tables \u00e0 manger","item":"https:\/\/zanat.org\/fr\/categorie-produit\/tables-a-manger\/"},{"@type":"ListItem","position":4,"name":"Table Touch"}]},{"@type":"WebSite","@id":"https:\/\/staging.zanat.org\/fr\/#website","url":"https:\/\/staging.zanat.org\/fr\/","name":"ZANAT","description":"Improve your home &amp; improve our world","potentialAction":[{"@type":"SearchAction","target":{"@type":"EntryPoint","urlTemplate":"https:\/\/staging.zanat.org\/fr\/?s={search_term_string}"},"query-input":{"@type":"PropertyValueSpecification","valueRequired":true,"valueName":"search_term_string"}}],"inLanguage":"fr-FR"}]}},"_links":{"self":[{"href":"https:\/\/zanat.org\/fr\/wp-json\/wp\/v2\/product\/7264","targetHints":{"allow":["GET"]}}],"collection":[{"href":"https:\/\/zanat.org\/fr\/wp-json\/wp\/v2\/product"}],"about":[{"href":"https:\/\/zanat.org\/fr\/wp-json\/wp\/v2\/types\/product"}],"wp:featuredmedia":[{"embeddable":true,"href":"https:\/\/zanat.org\/fr\/wp-json\/wp\/v2\/media\/6508"}],"wp:attachment":[{"href":"https:\/\/zanat.org\/fr\/wp-json\/wp\/v2\/media?parent=7264"}],"wp:term":[{"taxonomy":"product_brand","embeddable":true,"href":"https:\/\/zanat.org\/fr\/wp-json\/wp\/v2\/product_brand?post=7264"},{"taxonomy":"product_cat","embeddable":true,"href":"https:\/\/zanat.org\/fr\/wp-json\/wp\/v2\/product_cat?post=7264"},{"taxonomy":"product_tag","embeddable":true,"href":"https:\/\/zanat.org\/fr\/wp-json\/wp\/v2\/product_tag?post=7264"}],"curies":[{"name":"wp","href":"https:\/\/api.w.org\/{rel}","templated":true}]}}