{"id":17028,"date":"2023-06-02T12:00:37","date_gmt":"2023-06-02T10:00:37","guid":{"rendered":"https:\/\/zanat.org\/?post_type=product&#038;p=17028"},"modified":"2023-06-20T10:21:02","modified_gmt":"2023-06-20T08:21:02","slug":"nera-bol-grand-rain-drops","status":"publish","type":"product","link":"https:\/\/zanat.org\/fr\/article\/nera-bol-grand-rain-drops\/","title":{"rendered":"Nera Bol grand, Rain Drops"},"content":{"rendered":"<p><span class=\"TextRun SCXW78779759 BCX0\" lang=\"BS-LATN-BA\" xml:lang=\"BS-LATN-BA\" data-contrast=\"none\"><span class=\"NormalTextRun SpellingErrorV2Themed SCXW78779759 BCX0\">Les<\/span>\u00a0<span class=\"NormalTextRun SpellingErrorV2Themed SCXW78779759 BCX0\">bols<\/span>\u00a0<span class=\"FindHit SCXW78779759 BCX0\">Nera<\/span>\u00a0<span class=\"NormalTextRun SpellingErrorV2Themed SCXW78779759 BCX0\">ont<\/span>\u00a0<span class=\"NormalTextRun SpellingErrorV2Themed SCXW78779759 BCX0\">\u00e9t\u00e9<\/span>\u00a0<span class=\"NormalTextRun SpellingErrorV2Themed SCXW78779759 BCX0\">con\u00e7us<\/span><span class=\"NormalTextRun SCXW78779759 BCX0\">\u00a0\u00e0\u00a0<\/span><span class=\"NormalTextRun SpellingErrorV2Themed SCXW78779759 BCX0\">l\u2019origine<\/span>\u00a0<span class=\"NormalTextRun SpellingErrorV2Themed SCXW78779759 BCX0\">pour<\/span>\u00a0<span class=\"NormalTextRun SpellingErrorV2Themed SCXW78779759 BCX0\">\u00eatre<\/span>\u00a0<span class=\"NormalTextRun SpellingErrorV2Themed SCXW78779759 BCX0\">vendus<\/span>\u00a0<span class=\"NormalTextRun SpellingErrorV2Themed SCXW78779759 BCX0\">aux<\/span>\u00a0<span class=\"NormalTextRun SpellingErrorV2Themed SCXW78779759 BCX0\">ench\u00e8res<\/span>\u00a0<span class=\"NormalTextRun SpellingErrorV2Themed SCXW78779759 BCX0\">lors<\/span>\u00a0<span class=\"NormalTextRun SpellingErrorV2Themed SCXW78779759 BCX0\">d\u2019un<\/span>\u00a0<span class=\"NormalTextRun SpellingErrorV2Themed SCXW78779759 BCX0\">\u00e9v\u00e9nement<\/span>\u00a0<span class=\"NormalTextRun SpellingErrorV2Themed SCXW78779759 BCX0\">caritatif<\/span>\u00a0<span class=\"NormalTextRun SpellingErrorV2Themed SCXW78779759 BCX0\">visant<\/span><span class=\"NormalTextRun SCXW78779759 BCX0\">\u00a0\u00e0\u00a0<\/span><span class=\"NormalTextRun SpellingErrorV2Themed SCXW78779759 BCX0\">prot\u00e9ger<\/span>\u00a0<span class=\"NormalTextRun SpellingErrorV2Themed SCXW78779759 BCX0\">les<\/span>\u00a0<span class=\"NormalTextRun SpellingErrorV2Themed SCXW78779759 BCX0\">truites<\/span>\u00a0<span class=\"NormalTextRun SpellingErrorV2Themed SCXW78779759 BCX0\">end\u00e9miques<\/span><span class=\"NormalTextRun SCXW78779759 BCX0\">\u00a0de\u00a0<\/span><span class=\"NormalTextRun SpellingErrorV2Themed SCXW78779759 BCX0\">la<\/span>\u00a0<span class=\"NormalTextRun SpellingErrorV2Themed SCXW78779759 BCX0\">ville<\/span>\u00a0<span class=\"NormalTextRun SpellingErrorV2Themed SCXW78779759 BCX0\">natale<\/span><span class=\"NormalTextRun SCXW78779759 BCX0\">\u00a0de Zanat.<\/span><\/span>\u00a0<span class=\"TextRun SCXW78779759 BCX0\" lang=\"BS-LATN-BA\" xml:lang=\"BS-LATN-BA\" data-contrast=\"none\"><span class=\"NormalTextRun SpellingErrorV2Themed SCXW78779759 BCX0\">Le<\/span>\u00a0<span class=\"NormalTextRun SpellingErrorV2Themed SCXW78779759 BCX0\">produit<\/span><span class=\"NormalTextRun SCXW78779759 BCX0\">\u00a0a\u00a0<\/span><span class=\"NormalTextRun SpellingErrorV2Themed SCXW78779759 BCX0\">attir\u00e9<\/span>\u00a0<span class=\"NormalTextRun SpellingErrorV2Themed SCXW78779759 BCX0\">une<\/span>\u00a0<span class=\"NormalTextRun SpellingErrorV2Themed SCXW78779759 BCX0\">attention<\/span>\u00a0<span class=\"NormalTextRun SpellingErrorV2Themed SCXW78779759 BCX0\">incroyable<\/span><span class=\"NormalTextRun SCXW78779759 BCX0\">\u00a0de\u00a0<\/span><span class=\"NormalTextRun SpellingErrorV2Themed SCXW78779759 BCX0\">la<\/span>\u00a0<span class=\"NormalTextRun SpellingErrorV2Themed SCXW78779759 BCX0\">part<\/span>\u00a0<span class=\"NormalTextRun SpellingErrorV2Themed SCXW78779759 BCX0\">des<\/span>\u00a0<span class=\"NormalTextRun SpellingErrorV2Themed SCXW78779759 BCX0\">m\u00e9dias<\/span>\u00a0<span class=\"NormalTextRun SpellingErrorV2Themed SCXW78779759 BCX0\">sp\u00e9cialis\u00e9s<\/span>\u00a0<span class=\"NormalTextRun SpellingErrorV2Themed SCXW78779759 BCX0\">dans<\/span>\u00a0<span class=\"NormalTextRun SpellingErrorV2Themed SCXW78779759 BCX0\">le<\/span><span class=\"NormalTextRun SCXW78779759 BCX0\">\u00a0design,\u00a0<\/span><span class=\"NormalTextRun SpellingErrorV2Themed SCXW78779759 BCX0\">des<\/span>\u00a0<span class=\"NormalTextRun SpellingErrorV2Themed SCXW78779759 BCX0\">clients<\/span>\u00a0<span class=\"NormalTextRun SpellingErrorV2Themed SCXW78779759 BCX0\">et<\/span><span class=\"NormalTextRun SCXW78779759 BCX0\">\u00a0de\u00a0<\/span><span class=\"NormalTextRun SpellingErrorV2Themed SCXW78779759 BCX0\">certaines<\/span>\u00a0<span class=\"NormalTextRun SpellingErrorV2Themed SCXW78779759 BCX0\">grandes<\/span>\u00a0<span class=\"NormalTextRun SpellingErrorV2Themed SCXW78779759 BCX0\">marques<\/span>\u00a0<span class=\"NormalTextRun SCXW78779759 BCX0\">de design de\u00a0<\/span><span class=\"NormalTextRun SpellingErrorV2Themed SCXW78779759 BCX0\">meubles<\/span>\u00a0<span class=\"NormalTextRun SpellingErrorV2Themed SCXW78779759 BCX0\">qui<\/span>\u00a0<span class=\"NormalTextRun SpellingErrorV2Themed SCXW78779759 BCX0\">l\u2019ont<\/span>\u00a0<span class=\"NormalTextRun SpellingErrorV2Themed SCXW78779759 BCX0\">utilis\u00e9<\/span>\u00a0<span class=\"NormalTextRun SpellingErrorV2Themed SCXW78779759 BCX0\">comme<\/span><span class=\"NormalTextRun SCXW78779759 BCX0\">\u00a0\u00e9l\u00e9ment de\u00a0<\/span><span class=\"NormalTextRun SpellingErrorV2Themed SCXW78779759 BCX0\">style<\/span>\u00a0<span class=\"NormalTextRun SpellingErrorV2Themed SCXW78779759 BCX0\">pour<\/span>\u00a0<span class=\"NormalTextRun SpellingErrorV2Themed SCXW78779759 BCX0\">leurs<\/span>\u00a0<span class=\"NormalTextRun SpellingErrorV2Themed SCXW78779759 BCX0\">catalogues<\/span>\u00a0<span class=\"NormalTextRun SpellingErrorV2Themed SCXW78779759 BCX0\">et<\/span>\u00a0<span class=\"NormalTextRun SpellingErrorV2Themed SCXW78779759 BCX0\">leurs<\/span>\u00a0<span class=\"NormalTextRun SpellingErrorV2Themed SCXW78779759 BCX0\">expositions<\/span><span class=\"NormalTextRun SCXW78779759 BCX0\">.\u00a0<\/span><span class=\"NormalTextRun SpellingErrorV2Themed SCXW78779759 BCX0\">Les<\/span>\u00a0<span class=\"NormalTextRun SpellingErrorV2Themed SCXW78779759 BCX0\">proportions<\/span>\u00a0<span class=\"NormalTextRun SpellingErrorV2Themed SCXW78779759 BCX0\">parfaites<\/span><span class=\"NormalTextRun SCXW78779759 BCX0\">,\u00a0<\/span><span class=\"NormalTextRun SpellingErrorV2Themed SCXW78779759 BCX0\">la<\/span>\u00a0<span class=\"NormalTextRun SpellingErrorV2Themed SCXW78779759 BCX0\">mat\u00e9rialit\u00e9<\/span><span class=\"NormalTextRun SCXW78779759 BCX0\">,\u00a0<\/span><span class=\"NormalTextRun SpellingErrorV2Themed SCXW78779759 BCX0\">la<\/span>\u00a0<span class=\"NormalTextRun SpellingErrorV2Themed SCXW78779759 BCX0\">l\u00e9g\u00e8ret\u00e9<\/span>\u00a0<span class=\"NormalTextRun SpellingErrorV2Themed SCXW78779759 BCX0\">et<\/span>\u00a0<span class=\"NormalTextRun SpellingErrorV2Themed SCXW78779759 BCX0\">le<\/span>\u00a0<span class=\"NormalTextRun SpellingErrorV2Themed SCXW78779759 BCX0\">raffinement<\/span>\u00a0<span class=\"NormalTextRun SpellingErrorV2Themed SCXW78779759 BCX0\">sculptural<\/span><span class=\"NormalTextRun SCXW78779759 BCX0\">,\u00a0<\/span><span class=\"NormalTextRun SpellingErrorV2Themed SCXW78779759 BCX0\">ainsi<\/span>\u00a0<span class=\"NormalTextRun SpellingErrorV2Themed SCXW78779759 BCX0\">que<\/span>\u00a0<span class=\"NormalTextRun SpellingErrorV2Themed SCXW78779759 BCX0\">les<\/span>\u00a0<span class=\"NormalTextRun SpellingErrorV2Themed SCXW78779759 BCX0\">d\u00e9tails<\/span><span class=\"NormalTextRun SCXW78779759 BCX0\">\u00a0de\u00a0<\/span><span class=\"NormalTextRun SCXW78779759 BCX0\">gravure<\/span>\u00a0<span class=\"NormalTextRun SpellingErrorV2Themed SCXW78779759 BCX0\">m\u00e9ticuleusement<\/span>\u00a0<span class=\"NormalTextRun SpellingErrorV2Themed SCXW78779759 BCX0\">ex\u00e9cut\u00e9s<\/span><span class=\"NormalTextRun SCXW78779759 BCX0\">,\u00a0<\/span><span class=\"NormalTextRun SpellingErrorV2Themed SCXW78779759 BCX0\">sont<\/span>\u00a0<span class=\"NormalTextRun SpellingErrorV2Themed SCXW78779759 BCX0\">l\u2019essence<\/span>\u00a0<span class=\"NormalTextRun SpellingErrorV2Themed SCXW78779759 BCX0\">m\u00eame<\/span><span class=\"NormalTextRun SCXW78779759 BCX0\">\u00a0de\u00a0<\/span><span class=\"NormalTextRun SpellingErrorV2Themed SCXW78779759 BCX0\">l\u2019attrait<\/span>\u00a0<span class=\"NormalTextRun SpellingErrorV2Themed SCXW78779759 BCX0\">du<\/span>\u00a0<span class=\"NormalTextRun SpellingErrorV2Themed SCXW78779759 BCX0\">produit<\/span><span class=\"NormalTextRun SCXW78779759 BCX0\">.\u00a0<\/span><span class=\"NormalTextRun SpellingErrorV2Themed SCXW78779759 BCX0\">Les<\/span>\u00a0<span class=\"NormalTextRun SpellingErrorV2Themed SCXW78779759 BCX0\">bols<\/span>\u00a0<span class=\"NormalTextRun SpellingErrorV2Themed SCXW78779759 BCX0\">existent<\/span>\u00a0<span class=\"NormalTextRun SpellingErrorV2Themed SCXW78779759 BCX0\">en<\/span>\u00a0<span class=\"NormalTextRun SpellingErrorV2Themed SCXW78779759 BCX0\">trois<\/span>\u00a0<span class=\"NormalTextRun SpellingErrorV2Themed SCXW78779759 BCX0\">tailles<\/span>\u00a0<span class=\"NormalTextRun SpellingErrorV2Themed SCXW78779759 BCX0\">diff\u00e9rentes<\/span>\u00a0<span class=\"NormalTextRun SpellingErrorV2Themed SCXW78779759 BCX0\">et<\/span>\u00a0<span class=\"NormalTextRun SpellingErrorV2Themed SCXW78779759 BCX0\">sont<\/span>\u00a0<span class=\"NormalTextRun SpellingErrorV2Themed SCXW78779759 BCX0\">disponibles<\/span>\u00a0<span class=\"NormalTextRun SpellingErrorV2Themed SCXW78779759 BCX0\">en<\/span>\u00a0<span class=\"NormalTextRun SpellingErrorV2Themed SCXW78779759 BCX0\">\u00e9rable<\/span>\u00a0<span class=\"NormalTextRun SpellingErrorV2Themed SCXW78779759 BCX0\">naturel<\/span>\u00a0<span class=\"NormalTextRun SpellingErrorV2Themed SCXW78779759 BCX0\">et<\/span>\u00a0<span class=\"NormalTextRun SpellingErrorV2Themed SCXW78779759 BCX0\">teint\u00e9<\/span>\u00a0<span class=\"NormalTextRun SpellingErrorV2Themed SCXW78779759 BCX0\">noir<\/span><span class=\"NormalTextRun SCXW78779759 BCX0\">,\u00a0<\/span><span class=\"NormalTextRun SpellingErrorV2Themed SCXW78779759 BCX0\">ainsi<\/span>\u00a0<span class=\"NormalTextRun SpellingErrorV2Themed SCXW78779759 BCX0\">qu\u2019en<\/span>\u00a0<span class=\"NormalTextRun SpellingErrorV2Themed SCXW78779759 BCX0\">noyer<\/span><span class=\"NormalTextRun SCXW78779759 BCX0\">.\u00a0<\/span><span class=\"NormalTextRun SpellingErrorV2Themed SCXW78779759 BCX0\">Les<\/span>\u00a0<span class=\"NormalTextRun SpellingErrorV2Themed SCXW78779759 BCX0\">bols<\/span>\u00a0<span class=\"NormalTextRun SpellingErrorV2Themed SCXW78779759 BCX0\">peuvent<\/span>\u00a0<span class=\"NormalTextRun SpellingErrorV2Themed SCXW78779759 BCX0\">\u00e9galement<\/span>\u00a0<span class=\"NormalTextRun SpellingErrorV2Themed SCXW78779759 BCX0\">\u00eatre<\/span>\u00a0<span class=\"NormalTextRun SpellingErrorV2Themed SCXW78779759 BCX0\">personnalis\u00e9s<\/span>\u00a0<span class=\"NormalTextRun SpellingErrorV2Themed SCXW78779759 BCX0\">avec<\/span>\u00a0<span class=\"NormalTextRun SpellingErrorV2Themed SCXW78779759 BCX0\">un<\/span>\u00a0<span class=\"NormalTextRun SpellingErrorV2Themed SCXW78779759 BCX0\">choix<\/span><span class=\"NormalTextRun SCXW78779759 BCX0\">\u00a0de\u00a0<\/span><span class=\"NormalTextRun SpellingErrorV2Themed SCXW78779759 BCX0\">diff\u00e9rents<\/span>\u00a0<span class=\"NormalTextRun SpellingErrorV2Themed SCXW78779759 BCX0\">motifs<\/span><span class=\"NormalTextRun SCXW78779759 BCX0\">\u00a0de\u00a0<\/span><span class=\"NormalTextRun SCXW78779759 BCX0\">gravure<\/span><span class=\"NormalTextRun SCXW78779759 BCX0\">.<\/span><\/span><span class=\"EOP SCXW78779759 BCX0\" data-ccp-props=\"{&quot;201341983&quot;:0,&quot;335551550&quot;:6,&quot;335551620&quot;:6,&quot;335559739&quot;:200,&quot;335559740&quot;:276}\">\u00a0<\/span><\/p>\n","protected":false},"excerpt":{"rendered":"<p>Les\u00a0bols\u00a0Nera\u00a0ont\u00a0\u00e9t\u00e9\u00a0con\u00e7us\u00a0\u00e0\u00a0l\u2019origine\u00a0pour\u00a0\u00eatre\u00a0vendus\u00a0aux\u00a0ench\u00e8res\u00a0lors\u00a0d\u2019un\u00a0\u00e9v\u00e9nement\u00a0caritatif\u00a0visant\u00a0\u00e0\u00a0prot\u00e9ger\u00a0les\u00a0truites\u00a0end\u00e9miques\u00a0de\u00a0la\u00a0ville\u00a0natale\u00a0de Zanat.\u00a0Le\u00a0produit\u00a0a\u00a0attir\u00e9\u00a0une\u00a0attention\u00a0incroyable\u00a0de\u00a0la\u00a0part\u00a0des\u00a0m\u00e9dias\u00a0sp\u00e9cialis\u00e9s\u00a0dans\u00a0le\u00a0design,\u00a0des\u00a0clients\u00a0et\u00a0de\u00a0certaines\u00a0grandes\u00a0marques\u00a0de design de\u00a0meubles\u00a0qui\u00a0l\u2019ont\u00a0utilis\u00e9\u00a0comme\u00a0\u00e9l\u00e9ment de\u00a0style\u00a0pour\u00a0leurs\u00a0catalogues\u00a0et\u00a0leurs\u00a0expositions.\u00a0Les\u00a0proportions\u00a0parfaites,\u00a0la\u00a0mat\u00e9rialit\u00e9,\u00a0la\u00a0l\u00e9g\u00e8ret\u00e9\u00a0et\u00a0le\u00a0raffinement\u00a0sculptural,\u00a0ainsi\u00a0que\u00a0les\u00a0d\u00e9tails\u00a0de\u00a0gravure\u00a0m\u00e9ticuleusement\u00a0ex\u00e9cut\u00e9s,\u00a0sont\u00a0l\u2019essence\u00a0m\u00eame\u00a0de\u00a0l\u2019attrait\u00a0du\u00a0produit.\u00a0Les\u00a0bols\u00a0existent\u00a0en\u00a0trois\u00a0tailles\u00a0diff\u00e9rentes\u00a0et\u00a0sont\u00a0disponibles\u00a0en\u00a0\u00e9rable\u00a0naturel\u00a0et\u00a0teint\u00e9\u00a0noir,\u00a0ainsi\u00a0qu\u2019en\u00a0noyer.\u00a0Les\u00a0bols\u00a0peuvent\u00a0\u00e9galement\u00a0\u00eatre\u00a0personnalis\u00e9s\u00a0avec\u00a0un\u00a0choix\u00a0de\u00a0diff\u00e9rents\u00a0motifs\u00a0de\u00a0gravure.\u00a0<\/p>\n","protected":false},"featured_media":16057,"template":"","meta":{"_acf_changed":false,"_monsterinsights_skip_tracking":false,"_monsterinsights_sitenote_active":false,"_monsterinsights_sitenote_note":"","_monsterinsights_sitenote_category":0},"product_brand":[],"product_cat":[865,874,2512],"product_tag":[],"class_list":{"0":"post-17028","1":"product","2":"type-product","3":"status-publish","4":"has-post-thumbnail","6":"product_cat-accessoires","7":"product_cat-gift-shop-fr","8":"product_cat-boules","10":"first","11":"onbackorder","12":"taxable","13":"shipping-taxable","14":"purchasable","15":"product-type-variable","16":"has-default-attributes"},"acf":[],"yoast_head":"<!-- This site is optimized with the Yoast SEO plugin v26.4 - https:\/\/yoast.com\/wordpress\/plugins\/seo\/ -->\n<title>Nera Bol grand, Rain Drops - ZANAT<\/title>\n<meta name=\"robots\" content=\"index, follow, max-snippet:-1, max-image-preview:large, max-video-preview:-1\" \/>\n<link rel=\"canonical\" href=\"https:\/\/zanat.org\/fr\/article\/nera-bol-grand-rain-drops\/\" \/>\n<meta property=\"og:locale\" content=\"fr_FR\" \/>\n<meta property=\"og:type\" content=\"article\" \/>\n<meta property=\"og:title\" content=\"Nera Bol grand, Rain Drops - ZANAT\" \/>\n<meta property=\"og:description\" content=\"Les\u00a0bols\u00a0Nera\u00a0ont\u00a0\u00e9t\u00e9\u00a0con\u00e7us\u00a0\u00e0\u00a0l\u2019origine\u00a0pour\u00a0\u00eatre\u00a0vendus\u00a0aux\u00a0ench\u00e8res\u00a0lors\u00a0d\u2019un\u00a0\u00e9v\u00e9nement\u00a0caritatif\u00a0visant\u00a0\u00e0\u00a0prot\u00e9ger\u00a0les\u00a0truites\u00a0end\u00e9miques\u00a0de\u00a0la\u00a0ville\u00a0natale\u00a0de Zanat.\u00a0Le\u00a0produit\u00a0a\u00a0attir\u00e9\u00a0une\u00a0attention\u00a0incroyable\u00a0de\u00a0la\u00a0part\u00a0des\u00a0m\u00e9dias\u00a0sp\u00e9cialis\u00e9s\u00a0dans\u00a0le\u00a0design,\u00a0des\u00a0clients\u00a0et\u00a0de\u00a0certaines\u00a0grandes\u00a0marques\u00a0de design de\u00a0meubles\u00a0qui\u00a0l\u2019ont\u00a0utilis\u00e9\u00a0comme\u00a0\u00e9l\u00e9ment de\u00a0style\u00a0pour\u00a0leurs\u00a0catalogues\u00a0et\u00a0leurs\u00a0expositions.\u00a0Les\u00a0proportions\u00a0parfaites,\u00a0la\u00a0mat\u00e9rialit\u00e9,\u00a0la\u00a0l\u00e9g\u00e8ret\u00e9\u00a0et\u00a0le\u00a0raffinement\u00a0sculptural,\u00a0ainsi\u00a0que\u00a0les\u00a0d\u00e9tails\u00a0de\u00a0gravure\u00a0m\u00e9ticuleusement\u00a0ex\u00e9cut\u00e9s,\u00a0sont\u00a0l\u2019essence\u00a0m\u00eame\u00a0de\u00a0l\u2019attrait\u00a0du\u00a0produit.\u00a0Les\u00a0bols\u00a0existent\u00a0en\u00a0trois\u00a0tailles\u00a0diff\u00e9rentes\u00a0et\u00a0sont\u00a0disponibles\u00a0en\u00a0\u00e9rable\u00a0naturel\u00a0et\u00a0teint\u00e9\u00a0noir,\u00a0ainsi\u00a0qu\u2019en\u00a0noyer.\u00a0Les\u00a0bols\u00a0peuvent\u00a0\u00e9galement\u00a0\u00eatre\u00a0personnalis\u00e9s\u00a0avec\u00a0un\u00a0choix\u00a0de\u00a0diff\u00e9rents\u00a0motifs\u00a0de\u00a0gravure.\u00a0\" \/>\n<meta property=\"og:url\" content=\"https:\/\/zanat.org\/fr\/article\/nera-bol-grand-rain-drops\/\" \/>\n<meta property=\"og:site_name\" content=\"ZANAT\" \/>\n<meta property=\"article:modified_time\" content=\"2023-06-20T08:21:02+00:00\" \/>\n<meta property=\"og:image\" content=\"https:\/\/zanat.org\/wp-content\/uploads\/2023\/06\/nera-bowl-large-forster-zanat-maple-ws-dsc8037-compress.jpg\" \/>\n\t<meta property=\"og:image:width\" content=\"2400\" \/>\n\t<meta property=\"og:image:height\" content=\"1800\" \/>\n\t<meta property=\"og:image:type\" content=\"image\/jpeg\" \/>\n<meta name=\"twitter:card\" content=\"summary_large_image\" \/>\n<meta name=\"twitter:label1\" content=\"Dur\u00e9e de lecture estim\u00e9e\" \/>\n\t<meta name=\"twitter:data1\" content=\"1 minute\" \/>\n<script type=\"application\/ld+json\" class=\"yoast-schema-graph\">{\"@context\":\"https:\/\/schema.org\",\"@graph\":[{\"@type\":\"WebPage\",\"@id\":\"https:\/\/zanat.org\/fr\/article\/nera-bol-grand-rain-drops\/\",\"url\":\"https:\/\/zanat.org\/fr\/article\/nera-bol-grand-rain-drops\/\",\"name\":\"Nera Bol grand, Rain Drops - ZANAT\",\"isPartOf\":{\"@id\":\"https:\/\/staging.zanat.org\/fr\/#website\"},\"primaryImageOfPage\":{\"@id\":\"https:\/\/zanat.org\/fr\/article\/nera-bol-grand-rain-drops\/#primaryimage\"},\"image\":{\"@id\":\"https:\/\/zanat.org\/fr\/article\/nera-bol-grand-rain-drops\/#primaryimage\"},\"thumbnailUrl\":\"https:\/\/zanat.org\/wp-content\/uploads\/2023\/06\/nera-bowl-large-forster-zanat-maple-ws-dsc8037-compress.jpg\",\"datePublished\":\"2023-06-02T10:00:37+00:00\",\"dateModified\":\"2023-06-20T08:21:02+00:00\",\"breadcrumb\":{\"@id\":\"https:\/\/zanat.org\/fr\/article\/nera-bol-grand-rain-drops\/#breadcrumb\"},\"inLanguage\":\"fr-FR\",\"potentialAction\":[{\"@type\":\"ReadAction\",\"target\":[\"https:\/\/zanat.org\/fr\/article\/nera-bol-grand-rain-drops\/\"]}]},{\"@type\":\"ImageObject\",\"inLanguage\":\"fr-FR\",\"@id\":\"https:\/\/zanat.org\/fr\/article\/nera-bol-grand-rain-drops\/#primaryimage\",\"url\":\"https:\/\/zanat.org\/wp-content\/uploads\/2023\/06\/nera-bowl-large-forster-zanat-maple-ws-dsc8037-compress.jpg\",\"contentUrl\":\"https:\/\/zanat.org\/wp-content\/uploads\/2023\/06\/nera-bowl-large-forster-zanat-maple-ws-dsc8037-compress.jpg\",\"width\":2400,\"height\":1800},{\"@type\":\"BreadcrumbList\",\"@id\":\"https:\/\/zanat.org\/fr\/article\/nera-bol-grand-rain-drops\/#breadcrumb\",\"itemListElement\":[{\"@type\":\"ListItem\",\"position\":1,\"name\":\"Zanat\",\"item\":\"https:\/\/staging.zanat.org\/fr\/\"},{\"@type\":\"ListItem\",\"position\":2,\"name\":\"Boutique\",\"item\":\"https:\/\/staging.zanat.org\/fr\/boutique\/\"},{\"@type\":\"ListItem\",\"position\":3,\"name\":\"Boutique de cadeaux\",\"item\":\"https:\/\/zanat.org\/fr\/categorie-produit\/gift-shop-fr\/\"},{\"@type\":\"ListItem\",\"position\":4,\"name\":\"Boules\",\"item\":\"https:\/\/zanat.org\/fr\/categorie-produit\/gift-shop-fr\/boules\/\"},{\"@type\":\"ListItem\",\"position\":5,\"name\":\"Nera Bol grand, Rain Drops\"}]},{\"@type\":\"WebSite\",\"@id\":\"https:\/\/staging.zanat.org\/fr\/#website\",\"url\":\"https:\/\/staging.zanat.org\/fr\/\",\"name\":\"ZANAT\",\"description\":\"Improve your home &amp; improve our world\",\"potentialAction\":[{\"@type\":\"SearchAction\",\"target\":{\"@type\":\"EntryPoint\",\"urlTemplate\":\"https:\/\/staging.zanat.org\/fr\/?s={search_term_string}\"},\"query-input\":{\"@type\":\"PropertyValueSpecification\",\"valueRequired\":true,\"valueName\":\"search_term_string\"}}],\"inLanguage\":\"fr-FR\"}]}<\/script>\n<!-- \/ Yoast SEO plugin. -->","yoast_head_json":{"title":"Nera Bol grand, Rain Drops - ZANAT","robots":{"index":"index","follow":"follow","max-snippet":"max-snippet:-1","max-image-preview":"max-image-preview:large","max-video-preview":"max-video-preview:-1"},"canonical":"https:\/\/zanat.org\/fr\/article\/nera-bol-grand-rain-drops\/","og_locale":"fr_FR","og_type":"article","og_title":"Nera Bol grand, Rain Drops - ZANAT","og_description":"Les\u00a0bols\u00a0Nera\u00a0ont\u00a0\u00e9t\u00e9\u00a0con\u00e7us\u00a0\u00e0\u00a0l\u2019origine\u00a0pour\u00a0\u00eatre\u00a0vendus\u00a0aux\u00a0ench\u00e8res\u00a0lors\u00a0d\u2019un\u00a0\u00e9v\u00e9nement\u00a0caritatif\u00a0visant\u00a0\u00e0\u00a0prot\u00e9ger\u00a0les\u00a0truites\u00a0end\u00e9miques\u00a0de\u00a0la\u00a0ville\u00a0natale\u00a0de Zanat.\u00a0Le\u00a0produit\u00a0a\u00a0attir\u00e9\u00a0une\u00a0attention\u00a0incroyable\u00a0de\u00a0la\u00a0part\u00a0des\u00a0m\u00e9dias\u00a0sp\u00e9cialis\u00e9s\u00a0dans\u00a0le\u00a0design,\u00a0des\u00a0clients\u00a0et\u00a0de\u00a0certaines\u00a0grandes\u00a0marques\u00a0de design de\u00a0meubles\u00a0qui\u00a0l\u2019ont\u00a0utilis\u00e9\u00a0comme\u00a0\u00e9l\u00e9ment de\u00a0style\u00a0pour\u00a0leurs\u00a0catalogues\u00a0et\u00a0leurs\u00a0expositions.\u00a0Les\u00a0proportions\u00a0parfaites,\u00a0la\u00a0mat\u00e9rialit\u00e9,\u00a0la\u00a0l\u00e9g\u00e8ret\u00e9\u00a0et\u00a0le\u00a0raffinement\u00a0sculptural,\u00a0ainsi\u00a0que\u00a0les\u00a0d\u00e9tails\u00a0de\u00a0gravure\u00a0m\u00e9ticuleusement\u00a0ex\u00e9cut\u00e9s,\u00a0sont\u00a0l\u2019essence\u00a0m\u00eame\u00a0de\u00a0l\u2019attrait\u00a0du\u00a0produit.\u00a0Les\u00a0bols\u00a0existent\u00a0en\u00a0trois\u00a0tailles\u00a0diff\u00e9rentes\u00a0et\u00a0sont\u00a0disponibles\u00a0en\u00a0\u00e9rable\u00a0naturel\u00a0et\u00a0teint\u00e9\u00a0noir,\u00a0ainsi\u00a0qu\u2019en\u00a0noyer.\u00a0Les\u00a0bols\u00a0peuvent\u00a0\u00e9galement\u00a0\u00eatre\u00a0personnalis\u00e9s\u00a0avec\u00a0un\u00a0choix\u00a0de\u00a0diff\u00e9rents\u00a0motifs\u00a0de\u00a0gravure.\u00a0","og_url":"https:\/\/zanat.org\/fr\/article\/nera-bol-grand-rain-drops\/","og_site_name":"ZANAT","article_modified_time":"2023-06-20T08:21:02+00:00","og_image":[{"width":2400,"height":1800,"url":"https:\/\/zanat.org\/wp-content\/uploads\/2023\/06\/nera-bowl-large-forster-zanat-maple-ws-dsc8037-compress.jpg","type":"image\/jpeg"}],"twitter_card":"summary_large_image","twitter_misc":{"Dur\u00e9e de lecture estim\u00e9e":"1 minute"},"schema":{"@context":"https:\/\/schema.org","@graph":[{"@type":"WebPage","@id":"https:\/\/zanat.org\/fr\/article\/nera-bol-grand-rain-drops\/","url":"https:\/\/zanat.org\/fr\/article\/nera-bol-grand-rain-drops\/","name":"Nera Bol grand, Rain Drops - ZANAT","isPartOf":{"@id":"https:\/\/staging.zanat.org\/fr\/#website"},"primaryImageOfPage":{"@id":"https:\/\/zanat.org\/fr\/article\/nera-bol-grand-rain-drops\/#primaryimage"},"image":{"@id":"https:\/\/zanat.org\/fr\/article\/nera-bol-grand-rain-drops\/#primaryimage"},"thumbnailUrl":"https:\/\/zanat.org\/wp-content\/uploads\/2023\/06\/nera-bowl-large-forster-zanat-maple-ws-dsc8037-compress.jpg","datePublished":"2023-06-02T10:00:37+00:00","dateModified":"2023-06-20T08:21:02+00:00","breadcrumb":{"@id":"https:\/\/zanat.org\/fr\/article\/nera-bol-grand-rain-drops\/#breadcrumb"},"inLanguage":"fr-FR","potentialAction":[{"@type":"ReadAction","target":["https:\/\/zanat.org\/fr\/article\/nera-bol-grand-rain-drops\/"]}]},{"@type":"ImageObject","inLanguage":"fr-FR","@id":"https:\/\/zanat.org\/fr\/article\/nera-bol-grand-rain-drops\/#primaryimage","url":"https:\/\/zanat.org\/wp-content\/uploads\/2023\/06\/nera-bowl-large-forster-zanat-maple-ws-dsc8037-compress.jpg","contentUrl":"https:\/\/zanat.org\/wp-content\/uploads\/2023\/06\/nera-bowl-large-forster-zanat-maple-ws-dsc8037-compress.jpg","width":2400,"height":1800},{"@type":"BreadcrumbList","@id":"https:\/\/zanat.org\/fr\/article\/nera-bol-grand-rain-drops\/#breadcrumb","itemListElement":[{"@type":"ListItem","position":1,"name":"Zanat","item":"https:\/\/staging.zanat.org\/fr\/"},{"@type":"ListItem","position":2,"name":"Boutique","item":"https:\/\/staging.zanat.org\/fr\/boutique\/"},{"@type":"ListItem","position":3,"name":"Boutique de cadeaux","item":"https:\/\/zanat.org\/fr\/categorie-produit\/gift-shop-fr\/"},{"@type":"ListItem","position":4,"name":"Boules","item":"https:\/\/zanat.org\/fr\/categorie-produit\/gift-shop-fr\/boules\/"},{"@type":"ListItem","position":5,"name":"Nera Bol grand, Rain Drops"}]},{"@type":"WebSite","@id":"https:\/\/staging.zanat.org\/fr\/#website","url":"https:\/\/staging.zanat.org\/fr\/","name":"ZANAT","description":"Improve your home &amp; improve our world","potentialAction":[{"@type":"SearchAction","target":{"@type":"EntryPoint","urlTemplate":"https:\/\/staging.zanat.org\/fr\/?s={search_term_string}"},"query-input":{"@type":"PropertyValueSpecification","valueRequired":true,"valueName":"search_term_string"}}],"inLanguage":"fr-FR"}]}},"_links":{"self":[{"href":"https:\/\/zanat.org\/fr\/wp-json\/wp\/v2\/product\/17028","targetHints":{"allow":["GET"]}}],"collection":[{"href":"https:\/\/zanat.org\/fr\/wp-json\/wp\/v2\/product"}],"about":[{"href":"https:\/\/zanat.org\/fr\/wp-json\/wp\/v2\/types\/product"}],"wp:featuredmedia":[{"embeddable":true,"href":"https:\/\/zanat.org\/fr\/wp-json\/wp\/v2\/media\/16057"}],"wp:attachment":[{"href":"https:\/\/zanat.org\/fr\/wp-json\/wp\/v2\/media?parent=17028"}],"wp:term":[{"taxonomy":"product_brand","embeddable":true,"href":"https:\/\/zanat.org\/fr\/wp-json\/wp\/v2\/product_brand?post=17028"},{"taxonomy":"product_cat","embeddable":true,"href":"https:\/\/zanat.org\/fr\/wp-json\/wp\/v2\/product_cat?post=17028"},{"taxonomy":"product_tag","embeddable":true,"href":"https:\/\/zanat.org\/fr\/wp-json\/wp\/v2\/product_tag?post=17028"}],"curies":[{"name":"wp","href":"https:\/\/api.w.org\/{rel}","templated":true}]}}