{"id":17004,"date":"2023-06-02T13:12:35","date_gmt":"2023-06-02T11:12:35","guid":{"rendered":"https:\/\/zanat.org\/?post_type=product&#038;p=17004"},"modified":"2023-06-20T10:17:13","modified_gmt":"2023-06-20T08:17:13","slug":"plateaux-touch-petit","status":"publish","type":"product","link":"https:\/\/zanat.org\/fr\/article\/plateaux-touch-petit\/","title":{"rendered":"PLATEAUX TOUCH, petit"},"content":{"rendered":"<p>Les plateaux Touch, fabriqu\u00e9s \u00e0 partir d\u2019une seule pi\u00e8ce de bois, font partie de la collection Touch, qui comprend des bancs, des plateaux et d\u2019autres objets. Leur qualit\u00e9 particuli\u00e8re r\u00e9side dans les surfaces sculpt\u00e9es \u00e0 la main qui font appel \u00e0 notre instinct de toucher quelque chose et refl\u00e8tent notre soif d\u2019un environnement plus tactile \u00e0 l\u2019\u00e8re du num\u00e9rique. \u00c9tant donn\u00e9 que les artisans sculptent les plateaux au hasard, sans dessin \u2013 chacun est unique car il n\u2019y a jamais deux surfaces sculpt\u00e9es qui se ressemblent.<\/p>\n","protected":false},"excerpt":{"rendered":"<p>Les plateaux Touch, fabriqu\u00e9s \u00e0 partir d\u2019une seule pi\u00e8ce de bois, font partie de la collection Touch, qui comprend des bancs, des plateaux et d\u2019autres objets. Leur qualit\u00e9 particuli\u00e8re r\u00e9side dans les surfaces sculpt\u00e9es \u00e0 la main qui font appel \u00e0 notre instinct de toucher quelque chose et refl\u00e8tent notre soif d\u2019un environnement plus tactile [&hellip;]<\/p>\n","protected":false},"featured_media":16089,"template":"","meta":{"_acf_changed":false,"_monsterinsights_skip_tracking":false,"_monsterinsights_sitenote_active":false,"_monsterinsights_sitenote_note":"","_monsterinsights_sitenote_category":0},"product_brand":[],"product_cat":[865,874,2513],"product_tag":[],"class_list":{"0":"post-17004","1":"product","2":"type-product","3":"status-publish","4":"has-post-thumbnail","6":"product_cat-accessoires","7":"product_cat-gift-shop-fr","8":"product_cat-plateaux","10":"first","11":"instock","12":"taxable","13":"shipping-taxable","14":"purchasable","15":"product-type-variable","16":"has-default-attributes"},"acf":[],"yoast_head":"<!-- This site is optimized with the Yoast SEO plugin v26.4 - https:\/\/yoast.com\/wordpress\/plugins\/seo\/ -->\n<title>PLATEAUX TOUCH, petit - ZANAT<\/title>\n<meta name=\"robots\" content=\"index, follow, max-snippet:-1, max-image-preview:large, max-video-preview:-1\" \/>\n<link rel=\"canonical\" href=\"https:\/\/zanat.org\/fr\/article\/plateaux-touch-petit\/\" \/>\n<meta property=\"og:locale\" content=\"fr_FR\" \/>\n<meta property=\"og:type\" content=\"article\" \/>\n<meta property=\"og:title\" content=\"PLATEAUX TOUCH, petit - ZANAT\" \/>\n<meta property=\"og:description\" content=\"Les plateaux Touch, fabriqu\u00e9s \u00e0 partir d\u2019une seule pi\u00e8ce de bois, font partie de la collection Touch, qui comprend des bancs, des plateaux et d\u2019autres objets. Leur qualit\u00e9 particuli\u00e8re r\u00e9side dans les surfaces sculpt\u00e9es \u00e0 la main qui font appel \u00e0 notre instinct de toucher quelque chose et refl\u00e8tent notre soif d\u2019un environnement plus tactile [&hellip;]\" \/>\n<meta property=\"og:url\" content=\"https:\/\/zanat.org\/fr\/article\/plateaux-touch-petit\/\" \/>\n<meta property=\"og:site_name\" content=\"ZANAT\" \/>\n<meta property=\"article:modified_time\" content=\"2023-06-20T08:17:13+00:00\" \/>\n<meta property=\"og:image\" content=\"https:\/\/zanat.org\/wp-content\/uploads\/2023\/06\/touch-tray-small-studioilse-zanat-maple-ssp-797-compress.jpg\" \/>\n\t<meta property=\"og:image:width\" content=\"2400\" \/>\n\t<meta property=\"og:image:height\" content=\"1800\" \/>\n\t<meta property=\"og:image:type\" content=\"image\/jpeg\" \/>\n<meta name=\"twitter:card\" content=\"summary_large_image\" \/>\n<meta name=\"twitter:label1\" content=\"Dur\u00e9e de lecture estim\u00e9e\" \/>\n\t<meta name=\"twitter:data1\" content=\"1 minute\" \/>\n<script type=\"application\/ld+json\" class=\"yoast-schema-graph\">{\"@context\":\"https:\/\/schema.org\",\"@graph\":[{\"@type\":\"WebPage\",\"@id\":\"https:\/\/zanat.org\/fr\/article\/plateaux-touch-petit\/\",\"url\":\"https:\/\/zanat.org\/fr\/article\/plateaux-touch-petit\/\",\"name\":\"PLATEAUX TOUCH, petit - ZANAT\",\"isPartOf\":{\"@id\":\"https:\/\/staging.zanat.org\/fr\/#website\"},\"primaryImageOfPage\":{\"@id\":\"https:\/\/zanat.org\/fr\/article\/plateaux-touch-petit\/#primaryimage\"},\"image\":{\"@id\":\"https:\/\/zanat.org\/fr\/article\/plateaux-touch-petit\/#primaryimage\"},\"thumbnailUrl\":\"https:\/\/zanat.org\/wp-content\/uploads\/2023\/06\/touch-tray-small-studioilse-zanat-maple-ssp-797-compress.jpg\",\"datePublished\":\"2023-06-02T11:12:35+00:00\",\"dateModified\":\"2023-06-20T08:17:13+00:00\",\"breadcrumb\":{\"@id\":\"https:\/\/zanat.org\/fr\/article\/plateaux-touch-petit\/#breadcrumb\"},\"inLanguage\":\"fr-FR\",\"potentialAction\":[{\"@type\":\"ReadAction\",\"target\":[\"https:\/\/zanat.org\/fr\/article\/plateaux-touch-petit\/\"]}]},{\"@type\":\"ImageObject\",\"inLanguage\":\"fr-FR\",\"@id\":\"https:\/\/zanat.org\/fr\/article\/plateaux-touch-petit\/#primaryimage\",\"url\":\"https:\/\/zanat.org\/wp-content\/uploads\/2023\/06\/touch-tray-small-studioilse-zanat-maple-ssp-797-compress.jpg\",\"contentUrl\":\"https:\/\/zanat.org\/wp-content\/uploads\/2023\/06\/touch-tray-small-studioilse-zanat-maple-ssp-797-compress.jpg\",\"width\":2400,\"height\":1800},{\"@type\":\"BreadcrumbList\",\"@id\":\"https:\/\/zanat.org\/fr\/article\/plateaux-touch-petit\/#breadcrumb\",\"itemListElement\":[{\"@type\":\"ListItem\",\"position\":1,\"name\":\"Zanat\",\"item\":\"https:\/\/staging.zanat.org\/fr\/\"},{\"@type\":\"ListItem\",\"position\":2,\"name\":\"Boutique\",\"item\":\"https:\/\/staging.zanat.org\/fr\/boutique\/\"},{\"@type\":\"ListItem\",\"position\":3,\"name\":\"Boutique de cadeaux\",\"item\":\"https:\/\/zanat.org\/fr\/categorie-produit\/gift-shop-fr\/\"},{\"@type\":\"ListItem\",\"position\":4,\"name\":\"Plateaux\",\"item\":\"https:\/\/zanat.org\/fr\/categorie-produit\/gift-shop-fr\/plateaux\/\"},{\"@type\":\"ListItem\",\"position\":5,\"name\":\"PLATEAUX TOUCH, petit\"}]},{\"@type\":\"WebSite\",\"@id\":\"https:\/\/staging.zanat.org\/fr\/#website\",\"url\":\"https:\/\/staging.zanat.org\/fr\/\",\"name\":\"ZANAT\",\"description\":\"Improve your home &amp; improve our world\",\"potentialAction\":[{\"@type\":\"SearchAction\",\"target\":{\"@type\":\"EntryPoint\",\"urlTemplate\":\"https:\/\/staging.zanat.org\/fr\/?s={search_term_string}\"},\"query-input\":{\"@type\":\"PropertyValueSpecification\",\"valueRequired\":true,\"valueName\":\"search_term_string\"}}],\"inLanguage\":\"fr-FR\"}]}<\/script>\n<!-- \/ Yoast SEO plugin. -->","yoast_head_json":{"title":"PLATEAUX TOUCH, petit - ZANAT","robots":{"index":"index","follow":"follow","max-snippet":"max-snippet:-1","max-image-preview":"max-image-preview:large","max-video-preview":"max-video-preview:-1"},"canonical":"https:\/\/zanat.org\/fr\/article\/plateaux-touch-petit\/","og_locale":"fr_FR","og_type":"article","og_title":"PLATEAUX TOUCH, petit - ZANAT","og_description":"Les plateaux Touch, fabriqu\u00e9s \u00e0 partir d\u2019une seule pi\u00e8ce de bois, font partie de la collection Touch, qui comprend des bancs, des plateaux et d\u2019autres objets. Leur qualit\u00e9 particuli\u00e8re r\u00e9side dans les surfaces sculpt\u00e9es \u00e0 la main qui font appel \u00e0 notre instinct de toucher quelque chose et refl\u00e8tent notre soif d\u2019un environnement plus tactile [&hellip;]","og_url":"https:\/\/zanat.org\/fr\/article\/plateaux-touch-petit\/","og_site_name":"ZANAT","article_modified_time":"2023-06-20T08:17:13+00:00","og_image":[{"width":2400,"height":1800,"url":"https:\/\/zanat.org\/wp-content\/uploads\/2023\/06\/touch-tray-small-studioilse-zanat-maple-ssp-797-compress.jpg","type":"image\/jpeg"}],"twitter_card":"summary_large_image","twitter_misc":{"Dur\u00e9e de lecture estim\u00e9e":"1 minute"},"schema":{"@context":"https:\/\/schema.org","@graph":[{"@type":"WebPage","@id":"https:\/\/zanat.org\/fr\/article\/plateaux-touch-petit\/","url":"https:\/\/zanat.org\/fr\/article\/plateaux-touch-petit\/","name":"PLATEAUX TOUCH, petit - ZANAT","isPartOf":{"@id":"https:\/\/staging.zanat.org\/fr\/#website"},"primaryImageOfPage":{"@id":"https:\/\/zanat.org\/fr\/article\/plateaux-touch-petit\/#primaryimage"},"image":{"@id":"https:\/\/zanat.org\/fr\/article\/plateaux-touch-petit\/#primaryimage"},"thumbnailUrl":"https:\/\/zanat.org\/wp-content\/uploads\/2023\/06\/touch-tray-small-studioilse-zanat-maple-ssp-797-compress.jpg","datePublished":"2023-06-02T11:12:35+00:00","dateModified":"2023-06-20T08:17:13+00:00","breadcrumb":{"@id":"https:\/\/zanat.org\/fr\/article\/plateaux-touch-petit\/#breadcrumb"},"inLanguage":"fr-FR","potentialAction":[{"@type":"ReadAction","target":["https:\/\/zanat.org\/fr\/article\/plateaux-touch-petit\/"]}]},{"@type":"ImageObject","inLanguage":"fr-FR","@id":"https:\/\/zanat.org\/fr\/article\/plateaux-touch-petit\/#primaryimage","url":"https:\/\/zanat.org\/wp-content\/uploads\/2023\/06\/touch-tray-small-studioilse-zanat-maple-ssp-797-compress.jpg","contentUrl":"https:\/\/zanat.org\/wp-content\/uploads\/2023\/06\/touch-tray-small-studioilse-zanat-maple-ssp-797-compress.jpg","width":2400,"height":1800},{"@type":"BreadcrumbList","@id":"https:\/\/zanat.org\/fr\/article\/plateaux-touch-petit\/#breadcrumb","itemListElement":[{"@type":"ListItem","position":1,"name":"Zanat","item":"https:\/\/staging.zanat.org\/fr\/"},{"@type":"ListItem","position":2,"name":"Boutique","item":"https:\/\/staging.zanat.org\/fr\/boutique\/"},{"@type":"ListItem","position":3,"name":"Boutique de cadeaux","item":"https:\/\/zanat.org\/fr\/categorie-produit\/gift-shop-fr\/"},{"@type":"ListItem","position":4,"name":"Plateaux","item":"https:\/\/zanat.org\/fr\/categorie-produit\/gift-shop-fr\/plateaux\/"},{"@type":"ListItem","position":5,"name":"PLATEAUX TOUCH, petit"}]},{"@type":"WebSite","@id":"https:\/\/staging.zanat.org\/fr\/#website","url":"https:\/\/staging.zanat.org\/fr\/","name":"ZANAT","description":"Improve your home &amp; improve our world","potentialAction":[{"@type":"SearchAction","target":{"@type":"EntryPoint","urlTemplate":"https:\/\/staging.zanat.org\/fr\/?s={search_term_string}"},"query-input":{"@type":"PropertyValueSpecification","valueRequired":true,"valueName":"search_term_string"}}],"inLanguage":"fr-FR"}]}},"_links":{"self":[{"href":"https:\/\/zanat.org\/fr\/wp-json\/wp\/v2\/product\/17004","targetHints":{"allow":["GET"]}}],"collection":[{"href":"https:\/\/zanat.org\/fr\/wp-json\/wp\/v2\/product"}],"about":[{"href":"https:\/\/zanat.org\/fr\/wp-json\/wp\/v2\/types\/product"}],"wp:featuredmedia":[{"embeddable":true,"href":"https:\/\/zanat.org\/fr\/wp-json\/wp\/v2\/media\/16089"}],"wp:attachment":[{"href":"https:\/\/zanat.org\/fr\/wp-json\/wp\/v2\/media?parent=17004"}],"wp:term":[{"taxonomy":"product_brand","embeddable":true,"href":"https:\/\/zanat.org\/fr\/wp-json\/wp\/v2\/product_brand?post=17004"},{"taxonomy":"product_cat","embeddable":true,"href":"https:\/\/zanat.org\/fr\/wp-json\/wp\/v2\/product_cat?post=17004"},{"taxonomy":"product_tag","embeddable":true,"href":"https:\/\/zanat.org\/fr\/wp-json\/wp\/v2\/product_tag?post=17004"}],"curies":[{"name":"wp","href":"https:\/\/api.w.org\/{rel}","templated":true}]}}