{"id":16990,"date":"2023-06-04T11:53:35","date_gmt":"2023-06-04T09:53:35","guid":{"rendered":"https:\/\/zanat.org\/?post_type=product&#038;p=16990"},"modified":"2023-06-20T10:14:21","modified_gmt":"2023-06-20T08:14:21","slug":"tabouret-stonehenge-erable-teinte-noir","status":"publish","type":"product","link":"https:\/\/zanat.org\/fr\/article\/tabouret-stonehenge-erable-teinte-noir\/","title":{"rendered":"Tabouret Stonehenge, \u00e9rable teint\u00e9 noir"},"content":{"rendered":"<p>Le tabouret Stonehenge s\u2019inspire d\u2019anciens petits tabourets que l\u2019on trouve dans diff\u00e9rentes cultures et dans une multitude de mod\u00e8les. Ces objets tactiles ont un attrait intrins\u00e8que, probablement parce qu\u2019ils permettent d\u2019acc\u00e9der aux mains et \u00e0 l\u2019\u00e2me de leur cr\u00e9ateur. L\u2019essence de ces objets a inspir\u00e9 la conception de ce tabouret, qui r\u00e9unit les arts sculpturaux et l\u2019artisanat raffin\u00e9 dans un objet qui pourrait aussi bien \u00eatre consid\u00e9r\u00e9 comme japonais, africain ou occidental, car il s\u2019adresse directement \u00e0 notre sentiment profond\u00e9ment enracin\u00e9 de maison et d\u2019appartenance.<\/p>\n","protected":false},"excerpt":{"rendered":"<p>Le tabouret Stonehenge s\u2019inspire d\u2019anciens petits tabourets que l\u2019on trouve dans diff\u00e9rentes cultures et dans une multitude de mod\u00e8les. Ces objets tactiles ont un attrait intrins\u00e8que, probablement parce qu\u2019ils permettent d\u2019acc\u00e9der aux mains et \u00e0 l\u2019\u00e2me de leur cr\u00e9ateur. L\u2019essence de ces objets a inspir\u00e9 la conception de ce tabouret, qui r\u00e9unit les arts sculpturaux [&hellip;]<\/p>\n","protected":false},"featured_media":16192,"template":"","meta":{"_acf_changed":false,"_monsterinsights_skip_tracking":false,"_monsterinsights_sitenote_active":false,"_monsterinsights_sitenote_note":"","_monsterinsights_sitenote_category":0},"product_brand":[],"product_cat":[775,874,2516],"product_tag":[],"class_list":{"0":"post-16990","1":"product","2":"type-product","3":"status-publish","4":"has-post-thumbnail","6":"product_cat-bancs-tabourets","7":"product_cat-gift-shop-fr","8":"product_cat-tabourets-fr","10":"first","11":"onbackorder","12":"taxable","13":"shipping-taxable","14":"purchasable","15":"product-type-simple"},"acf":[],"yoast_head":"<!-- This site is optimized with the Yoast SEO plugin v26.4 - https:\/\/yoast.com\/wordpress\/plugins\/seo\/ -->\n<title>Tabouret Stonehenge, \u00e9rable teint\u00e9 noir - ZANAT<\/title>\n<meta name=\"robots\" content=\"index, follow, max-snippet:-1, max-image-preview:large, max-video-preview:-1\" \/>\n<link rel=\"canonical\" href=\"https:\/\/zanat.org\/fr\/article\/tabouret-stonehenge-erable-teinte-noir\/\" \/>\n<meta property=\"og:locale\" content=\"fr_FR\" \/>\n<meta property=\"og:type\" content=\"article\" \/>\n<meta property=\"og:title\" content=\"Tabouret Stonehenge, \u00e9rable teint\u00e9 noir - ZANAT\" \/>\n<meta property=\"og:description\" content=\"Le tabouret Stonehenge s\u2019inspire d\u2019anciens petits tabourets que l\u2019on trouve dans diff\u00e9rentes cultures et dans une multitude de mod\u00e8les. Ces objets tactiles ont un attrait intrins\u00e8que, probablement parce qu\u2019ils permettent d\u2019acc\u00e9der aux mains et \u00e0 l\u2019\u00e2me de leur cr\u00e9ateur. L\u2019essence de ces objets a inspir\u00e9 la conception de ce tabouret, qui r\u00e9unit les arts sculpturaux [&hellip;]\" \/>\n<meta property=\"og:url\" content=\"https:\/\/zanat.org\/fr\/article\/tabouret-stonehenge-erable-teinte-noir\/\" \/>\n<meta property=\"og:site_name\" content=\"ZANAT\" \/>\n<meta property=\"article:modified_time\" content=\"2023-06-20T08:14:21+00:00\" \/>\n<meta property=\"og:image\" content=\"https:\/\/zanat.org\/wp-content\/uploads\/2021\/08\/stonehenge-stool-palomba-zanat-maple-ssp-828-compress.jpg\" \/>\n\t<meta property=\"og:image:width\" content=\"2400\" \/>\n\t<meta property=\"og:image:height\" content=\"1800\" \/>\n\t<meta property=\"og:image:type\" content=\"image\/jpeg\" \/>\n<meta name=\"twitter:card\" content=\"summary_large_image\" \/>\n<meta name=\"twitter:label1\" content=\"Dur\u00e9e de lecture estim\u00e9e\" \/>\n\t<meta name=\"twitter:data1\" content=\"1 minute\" \/>\n<script type=\"application\/ld+json\" class=\"yoast-schema-graph\">{\"@context\":\"https:\/\/schema.org\",\"@graph\":[{\"@type\":\"WebPage\",\"@id\":\"https:\/\/zanat.org\/fr\/article\/tabouret-stonehenge-erable-teinte-noir\/\",\"url\":\"https:\/\/zanat.org\/fr\/article\/tabouret-stonehenge-erable-teinte-noir\/\",\"name\":\"Tabouret Stonehenge, \u00e9rable teint\u00e9 noir - ZANAT\",\"isPartOf\":{\"@id\":\"https:\/\/staging.zanat.org\/fr\/#website\"},\"primaryImageOfPage\":{\"@id\":\"https:\/\/zanat.org\/fr\/article\/tabouret-stonehenge-erable-teinte-noir\/#primaryimage\"},\"image\":{\"@id\":\"https:\/\/zanat.org\/fr\/article\/tabouret-stonehenge-erable-teinte-noir\/#primaryimage\"},\"thumbnailUrl\":\"https:\/\/zanat.org\/wp-content\/uploads\/2021\/08\/stonehenge-stool-palomba-zanat-maple-ssp-828-compress.jpg\",\"datePublished\":\"2023-06-04T09:53:35+00:00\",\"dateModified\":\"2023-06-20T08:14:21+00:00\",\"breadcrumb\":{\"@id\":\"https:\/\/zanat.org\/fr\/article\/tabouret-stonehenge-erable-teinte-noir\/#breadcrumb\"},\"inLanguage\":\"fr-FR\",\"potentialAction\":[{\"@type\":\"ReadAction\",\"target\":[\"https:\/\/zanat.org\/fr\/article\/tabouret-stonehenge-erable-teinte-noir\/\"]}]},{\"@type\":\"ImageObject\",\"inLanguage\":\"fr-FR\",\"@id\":\"https:\/\/zanat.org\/fr\/article\/tabouret-stonehenge-erable-teinte-noir\/#primaryimage\",\"url\":\"https:\/\/zanat.org\/wp-content\/uploads\/2021\/08\/stonehenge-stool-palomba-zanat-maple-ssp-828-compress.jpg\",\"contentUrl\":\"https:\/\/zanat.org\/wp-content\/uploads\/2021\/08\/stonehenge-stool-palomba-zanat-maple-ssp-828-compress.jpg\",\"width\":2400,\"height\":1800},{\"@type\":\"BreadcrumbList\",\"@id\":\"https:\/\/zanat.org\/fr\/article\/tabouret-stonehenge-erable-teinte-noir\/#breadcrumb\",\"itemListElement\":[{\"@type\":\"ListItem\",\"position\":1,\"name\":\"Zanat\",\"item\":\"https:\/\/staging.zanat.org\/fr\/\"},{\"@type\":\"ListItem\",\"position\":2,\"name\":\"Boutique\",\"item\":\"https:\/\/staging.zanat.org\/fr\/boutique\/\"},{\"@type\":\"ListItem\",\"position\":3,\"name\":\"Bancs &amp; tabourets\",\"item\":\"https:\/\/zanat.org\/fr\/categorie-produit\/bancs-tabourets\/\"},{\"@type\":\"ListItem\",\"position\":4,\"name\":\"Tabouret Stonehenge, \u00e9rable teint\u00e9 noir\"}]},{\"@type\":\"WebSite\",\"@id\":\"https:\/\/staging.zanat.org\/fr\/#website\",\"url\":\"https:\/\/staging.zanat.org\/fr\/\",\"name\":\"ZANAT\",\"description\":\"Improve your home &amp; improve our world\",\"potentialAction\":[{\"@type\":\"SearchAction\",\"target\":{\"@type\":\"EntryPoint\",\"urlTemplate\":\"https:\/\/staging.zanat.org\/fr\/?s={search_term_string}\"},\"query-input\":{\"@type\":\"PropertyValueSpecification\",\"valueRequired\":true,\"valueName\":\"search_term_string\"}}],\"inLanguage\":\"fr-FR\"}]}<\/script>\n<!-- \/ Yoast SEO plugin. -->","yoast_head_json":{"title":"Tabouret Stonehenge, \u00e9rable teint\u00e9 noir - ZANAT","robots":{"index":"index","follow":"follow","max-snippet":"max-snippet:-1","max-image-preview":"max-image-preview:large","max-video-preview":"max-video-preview:-1"},"canonical":"https:\/\/zanat.org\/fr\/article\/tabouret-stonehenge-erable-teinte-noir\/","og_locale":"fr_FR","og_type":"article","og_title":"Tabouret Stonehenge, \u00e9rable teint\u00e9 noir - ZANAT","og_description":"Le tabouret Stonehenge s\u2019inspire d\u2019anciens petits tabourets que l\u2019on trouve dans diff\u00e9rentes cultures et dans une multitude de mod\u00e8les. Ces objets tactiles ont un attrait intrins\u00e8que, probablement parce qu\u2019ils permettent d\u2019acc\u00e9der aux mains et \u00e0 l\u2019\u00e2me de leur cr\u00e9ateur. L\u2019essence de ces objets a inspir\u00e9 la conception de ce tabouret, qui r\u00e9unit les arts sculpturaux [&hellip;]","og_url":"https:\/\/zanat.org\/fr\/article\/tabouret-stonehenge-erable-teinte-noir\/","og_site_name":"ZANAT","article_modified_time":"2023-06-20T08:14:21+00:00","og_image":[{"width":2400,"height":1800,"url":"https:\/\/zanat.org\/wp-content\/uploads\/2021\/08\/stonehenge-stool-palomba-zanat-maple-ssp-828-compress.jpg","type":"image\/jpeg"}],"twitter_card":"summary_large_image","twitter_misc":{"Dur\u00e9e de lecture estim\u00e9e":"1 minute"},"schema":{"@context":"https:\/\/schema.org","@graph":[{"@type":"WebPage","@id":"https:\/\/zanat.org\/fr\/article\/tabouret-stonehenge-erable-teinte-noir\/","url":"https:\/\/zanat.org\/fr\/article\/tabouret-stonehenge-erable-teinte-noir\/","name":"Tabouret Stonehenge, \u00e9rable teint\u00e9 noir - ZANAT","isPartOf":{"@id":"https:\/\/staging.zanat.org\/fr\/#website"},"primaryImageOfPage":{"@id":"https:\/\/zanat.org\/fr\/article\/tabouret-stonehenge-erable-teinte-noir\/#primaryimage"},"image":{"@id":"https:\/\/zanat.org\/fr\/article\/tabouret-stonehenge-erable-teinte-noir\/#primaryimage"},"thumbnailUrl":"https:\/\/zanat.org\/wp-content\/uploads\/2021\/08\/stonehenge-stool-palomba-zanat-maple-ssp-828-compress.jpg","datePublished":"2023-06-04T09:53:35+00:00","dateModified":"2023-06-20T08:14:21+00:00","breadcrumb":{"@id":"https:\/\/zanat.org\/fr\/article\/tabouret-stonehenge-erable-teinte-noir\/#breadcrumb"},"inLanguage":"fr-FR","potentialAction":[{"@type":"ReadAction","target":["https:\/\/zanat.org\/fr\/article\/tabouret-stonehenge-erable-teinte-noir\/"]}]},{"@type":"ImageObject","inLanguage":"fr-FR","@id":"https:\/\/zanat.org\/fr\/article\/tabouret-stonehenge-erable-teinte-noir\/#primaryimage","url":"https:\/\/zanat.org\/wp-content\/uploads\/2021\/08\/stonehenge-stool-palomba-zanat-maple-ssp-828-compress.jpg","contentUrl":"https:\/\/zanat.org\/wp-content\/uploads\/2021\/08\/stonehenge-stool-palomba-zanat-maple-ssp-828-compress.jpg","width":2400,"height":1800},{"@type":"BreadcrumbList","@id":"https:\/\/zanat.org\/fr\/article\/tabouret-stonehenge-erable-teinte-noir\/#breadcrumb","itemListElement":[{"@type":"ListItem","position":1,"name":"Zanat","item":"https:\/\/staging.zanat.org\/fr\/"},{"@type":"ListItem","position":2,"name":"Boutique","item":"https:\/\/staging.zanat.org\/fr\/boutique\/"},{"@type":"ListItem","position":3,"name":"Bancs &amp; tabourets","item":"https:\/\/zanat.org\/fr\/categorie-produit\/bancs-tabourets\/"},{"@type":"ListItem","position":4,"name":"Tabouret Stonehenge, \u00e9rable teint\u00e9 noir"}]},{"@type":"WebSite","@id":"https:\/\/staging.zanat.org\/fr\/#website","url":"https:\/\/staging.zanat.org\/fr\/","name":"ZANAT","description":"Improve your home &amp; improve our world","potentialAction":[{"@type":"SearchAction","target":{"@type":"EntryPoint","urlTemplate":"https:\/\/staging.zanat.org\/fr\/?s={search_term_string}"},"query-input":{"@type":"PropertyValueSpecification","valueRequired":true,"valueName":"search_term_string"}}],"inLanguage":"fr-FR"}]}},"_links":{"self":[{"href":"https:\/\/zanat.org\/fr\/wp-json\/wp\/v2\/product\/16990","targetHints":{"allow":["GET"]}}],"collection":[{"href":"https:\/\/zanat.org\/fr\/wp-json\/wp\/v2\/product"}],"about":[{"href":"https:\/\/zanat.org\/fr\/wp-json\/wp\/v2\/types\/product"}],"wp:featuredmedia":[{"embeddable":true,"href":"https:\/\/zanat.org\/fr\/wp-json\/wp\/v2\/media\/16192"}],"wp:attachment":[{"href":"https:\/\/zanat.org\/fr\/wp-json\/wp\/v2\/media?parent=16990"}],"wp:term":[{"taxonomy":"product_brand","embeddable":true,"href":"https:\/\/zanat.org\/fr\/wp-json\/wp\/v2\/product_brand?post=16990"},{"taxonomy":"product_cat","embeddable":true,"href":"https:\/\/zanat.org\/fr\/wp-json\/wp\/v2\/product_cat?post=16990"},{"taxonomy":"product_tag","embeddable":true,"href":"https:\/\/zanat.org\/fr\/wp-json\/wp\/v2\/product_tag?post=16990"}],"curies":[{"name":"wp","href":"https:\/\/api.w.org\/{rel}","templated":true}]}}