{"id":16988,"date":"2023-06-04T11:58:11","date_gmt":"2023-06-04T09:58:11","guid":{"rendered":"https:\/\/zanat.org\/?post_type=product&#038;p=16988"},"modified":"2023-06-20T10:13:57","modified_gmt":"2023-06-20T08:13:57","slug":"lampe-touch-petite-erable-teinte-noir","status":"publish","type":"product","link":"https:\/\/zanat.org\/fr\/article\/lampe-touch-petite-erable-teinte-noir\/","title":{"rendered":"Lampe Touch petite, \u00e9rable teint\u00e9 noir"},"content":{"rendered":"<p>Les lampes Touch font partie de la collection Touch con\u00e7ue par Studioilse. Leur qualit\u00e9 particuli\u00e8re r\u00e9side dans les surfaces sculpt\u00e9es \u00e0 la main qui font appel \u00e0 notre impulsion instinctive de ressentir quelque chose, et refl\u00e8tent notre soif d\u2019un environnement plus tactile \u00e0 l\u2019\u00e8re du num\u00e9rique. Les lampes Touch se composent d\u2019une base en bois massif tourn\u00e9, sculpt\u00e9e \u00e0 la main, et d\u2019un abat-jour en tissu de lin fin, fabriqu\u00e9 \u00e0 la main.<\/p>\n","protected":false},"excerpt":{"rendered":"<p>Les lampes Touch font partie de la collection Touch con\u00e7ue par Studioilse. Leur qualit\u00e9 particuli\u00e8re r\u00e9side dans les surfaces sculpt\u00e9es \u00e0 la main qui font appel \u00e0 notre impulsion instinctive de ressentir quelque chose, et refl\u00e8tent notre soif d\u2019un environnement plus tactile \u00e0 l\u2019\u00e8re du num\u00e9rique. Les lampes Touch se composent d\u2019une base en bois [&hellip;]<\/p>\n","protected":false},"featured_media":16213,"template":"","meta":{"_acf_changed":false,"_monsterinsights_skip_tracking":false,"_monsterinsights_sitenote_active":false,"_monsterinsights_sitenote_note":"","_monsterinsights_sitenote_category":0},"product_brand":[],"product_cat":[865,874,2515],"product_tag":[],"class_list":{"0":"post-16988","1":"product","2":"type-product","3":"status-publish","4":"has-post-thumbnail","6":"product_cat-accessoires","7":"product_cat-gift-shop-fr","8":"product_cat-lumieres","10":"first","11":"onbackorder","12":"taxable","13":"shipping-taxable","14":"purchasable","15":"product-type-simple"},"acf":[],"yoast_head":"<!-- This site is optimized with the Yoast SEO plugin v26.4 - https:\/\/yoast.com\/wordpress\/plugins\/seo\/ -->\n<title>Lampe Touch petite, \u00e9rable teint\u00e9 noir - ZANAT<\/title>\n<meta name=\"robots\" content=\"index, follow, max-snippet:-1, max-image-preview:large, max-video-preview:-1\" \/>\n<link rel=\"canonical\" href=\"https:\/\/zanat.org\/fr\/article\/lampe-touch-petite-erable-teinte-noir\/\" \/>\n<meta property=\"og:locale\" content=\"fr_FR\" \/>\n<meta property=\"og:type\" content=\"article\" \/>\n<meta property=\"og:title\" content=\"Lampe Touch petite, \u00e9rable teint\u00e9 noir - ZANAT\" \/>\n<meta property=\"og:description\" content=\"Les lampes Touch font partie de la collection Touch con\u00e7ue par Studioilse. Leur qualit\u00e9 particuli\u00e8re r\u00e9side dans les surfaces sculpt\u00e9es \u00e0 la main qui font appel \u00e0 notre impulsion instinctive de ressentir quelque chose, et refl\u00e8tent notre soif d\u2019un environnement plus tactile \u00e0 l\u2019\u00e8re du num\u00e9rique. Les lampes Touch se composent d\u2019une base en bois [&hellip;]\" \/>\n<meta property=\"og:url\" content=\"https:\/\/zanat.org\/fr\/article\/lampe-touch-petite-erable-teinte-noir\/\" \/>\n<meta property=\"og:site_name\" content=\"ZANAT\" \/>\n<meta property=\"article:modified_time\" content=\"2023-06-20T08:13:57+00:00\" \/>\n<meta property=\"og:image\" content=\"https:\/\/zanat.org\/wp-content\/uploads\/2023\/06\/touch-lamp-small-studioilse-zanat-maple-ssp-823-compress.jpg\" \/>\n\t<meta property=\"og:image:width\" content=\"2400\" \/>\n\t<meta property=\"og:image:height\" content=\"1800\" \/>\n\t<meta property=\"og:image:type\" content=\"image\/jpeg\" \/>\n<meta name=\"twitter:card\" content=\"summary_large_image\" \/>\n<meta name=\"twitter:label1\" content=\"Dur\u00e9e de lecture estim\u00e9e\" \/>\n\t<meta name=\"twitter:data1\" content=\"1 minute\" \/>\n<script type=\"application\/ld+json\" class=\"yoast-schema-graph\">{\"@context\":\"https:\/\/schema.org\",\"@graph\":[{\"@type\":\"WebPage\",\"@id\":\"https:\/\/zanat.org\/fr\/article\/lampe-touch-petite-erable-teinte-noir\/\",\"url\":\"https:\/\/zanat.org\/fr\/article\/lampe-touch-petite-erable-teinte-noir\/\",\"name\":\"Lampe Touch petite, \u00e9rable teint\u00e9 noir - ZANAT\",\"isPartOf\":{\"@id\":\"https:\/\/staging.zanat.org\/fr\/#website\"},\"primaryImageOfPage\":{\"@id\":\"https:\/\/zanat.org\/fr\/article\/lampe-touch-petite-erable-teinte-noir\/#primaryimage\"},\"image\":{\"@id\":\"https:\/\/zanat.org\/fr\/article\/lampe-touch-petite-erable-teinte-noir\/#primaryimage\"},\"thumbnailUrl\":\"https:\/\/zanat.org\/wp-content\/uploads\/2023\/06\/touch-lamp-small-studioilse-zanat-maple-ssp-823-compress.jpg\",\"datePublished\":\"2023-06-04T09:58:11+00:00\",\"dateModified\":\"2023-06-20T08:13:57+00:00\",\"breadcrumb\":{\"@id\":\"https:\/\/zanat.org\/fr\/article\/lampe-touch-petite-erable-teinte-noir\/#breadcrumb\"},\"inLanguage\":\"fr-FR\",\"potentialAction\":[{\"@type\":\"ReadAction\",\"target\":[\"https:\/\/zanat.org\/fr\/article\/lampe-touch-petite-erable-teinte-noir\/\"]}]},{\"@type\":\"ImageObject\",\"inLanguage\":\"fr-FR\",\"@id\":\"https:\/\/zanat.org\/fr\/article\/lampe-touch-petite-erable-teinte-noir\/#primaryimage\",\"url\":\"https:\/\/zanat.org\/wp-content\/uploads\/2023\/06\/touch-lamp-small-studioilse-zanat-maple-ssp-823-compress.jpg\",\"contentUrl\":\"https:\/\/zanat.org\/wp-content\/uploads\/2023\/06\/touch-lamp-small-studioilse-zanat-maple-ssp-823-compress.jpg\",\"width\":2400,\"height\":1800},{\"@type\":\"BreadcrumbList\",\"@id\":\"https:\/\/zanat.org\/fr\/article\/lampe-touch-petite-erable-teinte-noir\/#breadcrumb\",\"itemListElement\":[{\"@type\":\"ListItem\",\"position\":1,\"name\":\"Zanat\",\"item\":\"https:\/\/staging.zanat.org\/fr\/\"},{\"@type\":\"ListItem\",\"position\":2,\"name\":\"Boutique\",\"item\":\"https:\/\/staging.zanat.org\/fr\/boutique\/\"},{\"@type\":\"ListItem\",\"position\":3,\"name\":\"Boutique de cadeaux\",\"item\":\"https:\/\/zanat.org\/fr\/categorie-produit\/gift-shop-fr\/\"},{\"@type\":\"ListItem\",\"position\":4,\"name\":\"Lumi\u00e8res\",\"item\":\"https:\/\/zanat.org\/fr\/categorie-produit\/gift-shop-fr\/lumieres\/\"},{\"@type\":\"ListItem\",\"position\":5,\"name\":\"Lampe Touch petite, \u00e9rable teint\u00e9 noir\"}]},{\"@type\":\"WebSite\",\"@id\":\"https:\/\/staging.zanat.org\/fr\/#website\",\"url\":\"https:\/\/staging.zanat.org\/fr\/\",\"name\":\"ZANAT\",\"description\":\"Improve your home &amp; improve our world\",\"potentialAction\":[{\"@type\":\"SearchAction\",\"target\":{\"@type\":\"EntryPoint\",\"urlTemplate\":\"https:\/\/staging.zanat.org\/fr\/?s={search_term_string}\"},\"query-input\":{\"@type\":\"PropertyValueSpecification\",\"valueRequired\":true,\"valueName\":\"search_term_string\"}}],\"inLanguage\":\"fr-FR\"}]}<\/script>\n<!-- \/ Yoast SEO plugin. -->","yoast_head_json":{"title":"Lampe Touch petite, \u00e9rable teint\u00e9 noir - ZANAT","robots":{"index":"index","follow":"follow","max-snippet":"max-snippet:-1","max-image-preview":"max-image-preview:large","max-video-preview":"max-video-preview:-1"},"canonical":"https:\/\/zanat.org\/fr\/article\/lampe-touch-petite-erable-teinte-noir\/","og_locale":"fr_FR","og_type":"article","og_title":"Lampe Touch petite, \u00e9rable teint\u00e9 noir - ZANAT","og_description":"Les lampes Touch font partie de la collection Touch con\u00e7ue par Studioilse. Leur qualit\u00e9 particuli\u00e8re r\u00e9side dans les surfaces sculpt\u00e9es \u00e0 la main qui font appel \u00e0 notre impulsion instinctive de ressentir quelque chose, et refl\u00e8tent notre soif d\u2019un environnement plus tactile \u00e0 l\u2019\u00e8re du num\u00e9rique. Les lampes Touch se composent d\u2019une base en bois [&hellip;]","og_url":"https:\/\/zanat.org\/fr\/article\/lampe-touch-petite-erable-teinte-noir\/","og_site_name":"ZANAT","article_modified_time":"2023-06-20T08:13:57+00:00","og_image":[{"width":2400,"height":1800,"url":"https:\/\/zanat.org\/wp-content\/uploads\/2023\/06\/touch-lamp-small-studioilse-zanat-maple-ssp-823-compress.jpg","type":"image\/jpeg"}],"twitter_card":"summary_large_image","twitter_misc":{"Dur\u00e9e de lecture estim\u00e9e":"1 minute"},"schema":{"@context":"https:\/\/schema.org","@graph":[{"@type":"WebPage","@id":"https:\/\/zanat.org\/fr\/article\/lampe-touch-petite-erable-teinte-noir\/","url":"https:\/\/zanat.org\/fr\/article\/lampe-touch-petite-erable-teinte-noir\/","name":"Lampe Touch petite, \u00e9rable teint\u00e9 noir - ZANAT","isPartOf":{"@id":"https:\/\/staging.zanat.org\/fr\/#website"},"primaryImageOfPage":{"@id":"https:\/\/zanat.org\/fr\/article\/lampe-touch-petite-erable-teinte-noir\/#primaryimage"},"image":{"@id":"https:\/\/zanat.org\/fr\/article\/lampe-touch-petite-erable-teinte-noir\/#primaryimage"},"thumbnailUrl":"https:\/\/zanat.org\/wp-content\/uploads\/2023\/06\/touch-lamp-small-studioilse-zanat-maple-ssp-823-compress.jpg","datePublished":"2023-06-04T09:58:11+00:00","dateModified":"2023-06-20T08:13:57+00:00","breadcrumb":{"@id":"https:\/\/zanat.org\/fr\/article\/lampe-touch-petite-erable-teinte-noir\/#breadcrumb"},"inLanguage":"fr-FR","potentialAction":[{"@type":"ReadAction","target":["https:\/\/zanat.org\/fr\/article\/lampe-touch-petite-erable-teinte-noir\/"]}]},{"@type":"ImageObject","inLanguage":"fr-FR","@id":"https:\/\/zanat.org\/fr\/article\/lampe-touch-petite-erable-teinte-noir\/#primaryimage","url":"https:\/\/zanat.org\/wp-content\/uploads\/2023\/06\/touch-lamp-small-studioilse-zanat-maple-ssp-823-compress.jpg","contentUrl":"https:\/\/zanat.org\/wp-content\/uploads\/2023\/06\/touch-lamp-small-studioilse-zanat-maple-ssp-823-compress.jpg","width":2400,"height":1800},{"@type":"BreadcrumbList","@id":"https:\/\/zanat.org\/fr\/article\/lampe-touch-petite-erable-teinte-noir\/#breadcrumb","itemListElement":[{"@type":"ListItem","position":1,"name":"Zanat","item":"https:\/\/staging.zanat.org\/fr\/"},{"@type":"ListItem","position":2,"name":"Boutique","item":"https:\/\/staging.zanat.org\/fr\/boutique\/"},{"@type":"ListItem","position":3,"name":"Boutique de cadeaux","item":"https:\/\/zanat.org\/fr\/categorie-produit\/gift-shop-fr\/"},{"@type":"ListItem","position":4,"name":"Lumi\u00e8res","item":"https:\/\/zanat.org\/fr\/categorie-produit\/gift-shop-fr\/lumieres\/"},{"@type":"ListItem","position":5,"name":"Lampe Touch petite, \u00e9rable teint\u00e9 noir"}]},{"@type":"WebSite","@id":"https:\/\/staging.zanat.org\/fr\/#website","url":"https:\/\/staging.zanat.org\/fr\/","name":"ZANAT","description":"Improve your home &amp; improve our world","potentialAction":[{"@type":"SearchAction","target":{"@type":"EntryPoint","urlTemplate":"https:\/\/staging.zanat.org\/fr\/?s={search_term_string}"},"query-input":{"@type":"PropertyValueSpecification","valueRequired":true,"valueName":"search_term_string"}}],"inLanguage":"fr-FR"}]}},"_links":{"self":[{"href":"https:\/\/zanat.org\/fr\/wp-json\/wp\/v2\/product\/16988","targetHints":{"allow":["GET"]}}],"collection":[{"href":"https:\/\/zanat.org\/fr\/wp-json\/wp\/v2\/product"}],"about":[{"href":"https:\/\/zanat.org\/fr\/wp-json\/wp\/v2\/types\/product"}],"wp:featuredmedia":[{"embeddable":true,"href":"https:\/\/zanat.org\/fr\/wp-json\/wp\/v2\/media\/16213"}],"wp:attachment":[{"href":"https:\/\/zanat.org\/fr\/wp-json\/wp\/v2\/media?parent=16988"}],"wp:term":[{"taxonomy":"product_brand","embeddable":true,"href":"https:\/\/zanat.org\/fr\/wp-json\/wp\/v2\/product_brand?post=16988"},{"taxonomy":"product_cat","embeddable":true,"href":"https:\/\/zanat.org\/fr\/wp-json\/wp\/v2\/product_cat?post=16988"},{"taxonomy":"product_tag","embeddable":true,"href":"https:\/\/zanat.org\/fr\/wp-json\/wp\/v2\/product_tag?post=16988"}],"curies":[{"name":"wp","href":"https:\/\/api.w.org\/{rel}","templated":true}]}}