{"id":16979,"date":"2023-06-09T17:32:04","date_gmt":"2023-06-09T15:32:04","guid":{"rendered":"https:\/\/zanat.org\/?post_type=product&#038;p=16979"},"modified":"2023-06-20T10:02:40","modified_gmt":"2023-06-20T08:02:40","slug":"bol-nera-erable-noir","status":"publish","type":"product","link":"https:\/\/zanat.org\/fr\/article\/bol-nera-erable-noir\/","title":{"rendered":"Bol Nera,  \u00e9rable noir"},"content":{"rendered":"<p><span class=\"TextRun SCXW78779759 BCX0\" lang=\"BS-LATN-BA\" xml:lang=\"BS-LATN-BA\" data-contrast=\"none\"><span class=\"NormalTextRun SpellingErrorV2Themed SCXW78779759 BCX0\">Les<\/span> <span class=\"NormalTextRun SpellingErrorV2Themed SCXW78779759 BCX0\">bols<\/span> <span class=\"FindHit SCXW78779759 BCX0\">Nera<\/span> <span class=\"NormalTextRun SpellingErrorV2Themed SCXW78779759 BCX0\">ont<\/span> <span class=\"NormalTextRun SpellingErrorV2Themed SCXW78779759 BCX0\">\u00e9t\u00e9<\/span> <span class=\"NormalTextRun SpellingErrorV2Themed SCXW78779759 BCX0\">con\u00e7us<\/span><span class=\"NormalTextRun SCXW78779759 BCX0\"> \u00e0 <\/span><span class=\"NormalTextRun SpellingErrorV2Themed SCXW78779759 BCX0\">l&rsquo;origine<\/span> <span class=\"NormalTextRun SpellingErrorV2Themed SCXW78779759 BCX0\">pour<\/span> <span class=\"NormalTextRun SpellingErrorV2Themed SCXW78779759 BCX0\">\u00eatre<\/span> <span class=\"NormalTextRun SpellingErrorV2Themed SCXW78779759 BCX0\">vendus<\/span> <span class=\"NormalTextRun SpellingErrorV2Themed SCXW78779759 BCX0\">aux<\/span> <span class=\"NormalTextRun SpellingErrorV2Themed SCXW78779759 BCX0\">ench\u00e8res<\/span> <span class=\"NormalTextRun SpellingErrorV2Themed SCXW78779759 BCX0\">lors<\/span> <span class=\"NormalTextRun SpellingErrorV2Themed SCXW78779759 BCX0\">d&rsquo;un<\/span> <span class=\"NormalTextRun SpellingErrorV2Themed SCXW78779759 BCX0\">\u00e9v\u00e9nement<\/span> <span class=\"NormalTextRun SpellingErrorV2Themed SCXW78779759 BCX0\">caritatif<\/span> <span class=\"NormalTextRun SpellingErrorV2Themed SCXW78779759 BCX0\">visant<\/span><span class=\"NormalTextRun SCXW78779759 BCX0\"> \u00e0 <\/span><span class=\"NormalTextRun SpellingErrorV2Themed SCXW78779759 BCX0\">prot\u00e9ger<\/span> <span class=\"NormalTextRun SpellingErrorV2Themed SCXW78779759 BCX0\">les<\/span> <span class=\"NormalTextRun SpellingErrorV2Themed SCXW78779759 BCX0\">truites<\/span> <span class=\"NormalTextRun SpellingErrorV2Themed SCXW78779759 BCX0\">end\u00e9miques<\/span><span class=\"NormalTextRun SCXW78779759 BCX0\"> de <\/span><span class=\"NormalTextRun SpellingErrorV2Themed SCXW78779759 BCX0\">la<\/span> <span class=\"NormalTextRun SpellingErrorV2Themed SCXW78779759 BCX0\">ville<\/span> <span class=\"NormalTextRun SpellingErrorV2Themed SCXW78779759 BCX0\">natale<\/span><span class=\"NormalTextRun SCXW78779759 BCX0\"> de Zanat.<\/span><\/span> <span class=\"TextRun SCXW78779759 BCX0\" lang=\"BS-LATN-BA\" xml:lang=\"BS-LATN-BA\" data-contrast=\"none\"><span class=\"NormalTextRun SpellingErrorV2Themed SCXW78779759 BCX0\">Le<\/span> <span class=\"NormalTextRun SpellingErrorV2Themed SCXW78779759 BCX0\">produit<\/span><span class=\"NormalTextRun SCXW78779759 BCX0\"> a <\/span><span class=\"NormalTextRun SpellingErrorV2Themed SCXW78779759 BCX0\">attir\u00e9<\/span> <span class=\"NormalTextRun SpellingErrorV2Themed SCXW78779759 BCX0\">une<\/span> <span class=\"NormalTextRun SpellingErrorV2Themed SCXW78779759 BCX0\">attention<\/span> <span class=\"NormalTextRun SpellingErrorV2Themed SCXW78779759 BCX0\">incroyable<\/span><span class=\"NormalTextRun SCXW78779759 BCX0\"> de <\/span><span class=\"NormalTextRun SpellingErrorV2Themed SCXW78779759 BCX0\">la<\/span> <span class=\"NormalTextRun SpellingErrorV2Themed SCXW78779759 BCX0\">part<\/span> <span class=\"NormalTextRun SpellingErrorV2Themed SCXW78779759 BCX0\">des<\/span> <span class=\"NormalTextRun SpellingErrorV2Themed SCXW78779759 BCX0\">m\u00e9dias<\/span> <span class=\"NormalTextRun SpellingErrorV2Themed SCXW78779759 BCX0\">sp\u00e9cialis\u00e9s<\/span> <span class=\"NormalTextRun SpellingErrorV2Themed SCXW78779759 BCX0\">dans<\/span> <span class=\"NormalTextRun SpellingErrorV2Themed SCXW78779759 BCX0\">le<\/span><span class=\"NormalTextRun SCXW78779759 BCX0\"> design, <\/span><span class=\"NormalTextRun SpellingErrorV2Themed SCXW78779759 BCX0\">des<\/span> <span class=\"NormalTextRun SpellingErrorV2Themed SCXW78779759 BCX0\">clients<\/span> <span class=\"NormalTextRun SpellingErrorV2Themed SCXW78779759 BCX0\">et<\/span><span class=\"NormalTextRun SCXW78779759 BCX0\"> de <\/span><span class=\"NormalTextRun SpellingErrorV2Themed SCXW78779759 BCX0\">certaines<\/span> <span class=\"NormalTextRun SpellingErrorV2Themed SCXW78779759 BCX0\">grandes<\/span> <span class=\"NormalTextRun SpellingErrorV2Themed SCXW78779759 BCX0\">marques<\/span> <span class=\"NormalTextRun SCXW78779759 BCX0\">de design de <\/span><span class=\"NormalTextRun SpellingErrorV2Themed SCXW78779759 BCX0\">meubles<\/span> <span class=\"NormalTextRun SpellingErrorV2Themed SCXW78779759 BCX0\">qui<\/span> <span class=\"NormalTextRun SpellingErrorV2Themed SCXW78779759 BCX0\">l&rsquo;ont<\/span> <span class=\"NormalTextRun SpellingErrorV2Themed SCXW78779759 BCX0\">utilis\u00e9<\/span> <span class=\"NormalTextRun SpellingErrorV2Themed SCXW78779759 BCX0\">comme<\/span><span class=\"NormalTextRun SCXW78779759 BCX0\"> \u00e9l\u00e9ment de <\/span><span class=\"NormalTextRun SpellingErrorV2Themed SCXW78779759 BCX0\">style<\/span> <span class=\"NormalTextRun SpellingErrorV2Themed SCXW78779759 BCX0\">pour<\/span> <span class=\"NormalTextRun SpellingErrorV2Themed SCXW78779759 BCX0\">leurs<\/span> <span class=\"NormalTextRun SpellingErrorV2Themed SCXW78779759 BCX0\">catalogues<\/span> <span class=\"NormalTextRun SpellingErrorV2Themed SCXW78779759 BCX0\">et<\/span> <span class=\"NormalTextRun SpellingErrorV2Themed SCXW78779759 BCX0\">leurs<\/span> <span class=\"NormalTextRun SpellingErrorV2Themed SCXW78779759 BCX0\">expositions<\/span><span class=\"NormalTextRun SCXW78779759 BCX0\">. <\/span><span class=\"NormalTextRun SpellingErrorV2Themed SCXW78779759 BCX0\">Les<\/span> <span class=\"NormalTextRun SpellingErrorV2Themed SCXW78779759 BCX0\">proportions<\/span> <span class=\"NormalTextRun SpellingErrorV2Themed SCXW78779759 BCX0\">parfaites<\/span><span class=\"NormalTextRun SCXW78779759 BCX0\">, <\/span><span class=\"NormalTextRun SpellingErrorV2Themed SCXW78779759 BCX0\">la<\/span> <span class=\"NormalTextRun SpellingErrorV2Themed SCXW78779759 BCX0\">mat\u00e9rialit\u00e9<\/span><span class=\"NormalTextRun SCXW78779759 BCX0\">, <\/span><span class=\"NormalTextRun SpellingErrorV2Themed SCXW78779759 BCX0\">la<\/span> <span class=\"NormalTextRun SpellingErrorV2Themed SCXW78779759 BCX0\">l\u00e9g\u00e8ret\u00e9<\/span> <span class=\"NormalTextRun SpellingErrorV2Themed SCXW78779759 BCX0\">et<\/span> <span class=\"NormalTextRun SpellingErrorV2Themed SCXW78779759 BCX0\">le<\/span> <span class=\"NormalTextRun SpellingErrorV2Themed SCXW78779759 BCX0\">raffinement<\/span> <span class=\"NormalTextRun SpellingErrorV2Themed SCXW78779759 BCX0\">sculptural<\/span><span class=\"NormalTextRun SCXW78779759 BCX0\">, <\/span><span class=\"NormalTextRun SpellingErrorV2Themed SCXW78779759 BCX0\">ainsi<\/span> <span class=\"NormalTextRun SpellingErrorV2Themed SCXW78779759 BCX0\">que<\/span> <span class=\"NormalTextRun SpellingErrorV2Themed SCXW78779759 BCX0\">les<\/span> <span class=\"NormalTextRun SpellingErrorV2Themed SCXW78779759 BCX0\">d\u00e9tails<\/span><span class=\"NormalTextRun SCXW78779759 BCX0\"> de <\/span><span class=\"NormalTextRun SCXW78779759 BCX0\">gravure<\/span> <span class=\"NormalTextRun SpellingErrorV2Themed SCXW78779759 BCX0\">m\u00e9ticuleusement<\/span> <span class=\"NormalTextRun SpellingErrorV2Themed SCXW78779759 BCX0\">ex\u00e9cut\u00e9s<\/span><span class=\"NormalTextRun SCXW78779759 BCX0\">, <\/span><span class=\"NormalTextRun SpellingErrorV2Themed SCXW78779759 BCX0\">sont<\/span> <span class=\"NormalTextRun SpellingErrorV2Themed SCXW78779759 BCX0\">l&rsquo;essence<\/span> <span class=\"NormalTextRun SpellingErrorV2Themed SCXW78779759 BCX0\">m\u00eame<\/span><span class=\"NormalTextRun SCXW78779759 BCX0\"> de <\/span><span class=\"NormalTextRun SpellingErrorV2Themed SCXW78779759 BCX0\">l&rsquo;attrait<\/span> <span class=\"NormalTextRun SpellingErrorV2Themed SCXW78779759 BCX0\">du<\/span> <span class=\"NormalTextRun SpellingErrorV2Themed SCXW78779759 BCX0\">produit<\/span><span class=\"NormalTextRun SCXW78779759 BCX0\">. <\/span><span class=\"NormalTextRun SpellingErrorV2Themed SCXW78779759 BCX0\">Les<\/span> <span class=\"NormalTextRun SpellingErrorV2Themed SCXW78779759 BCX0\">bols<\/span> <span class=\"NormalTextRun SpellingErrorV2Themed SCXW78779759 BCX0\">existent<\/span> <span class=\"NormalTextRun SpellingErrorV2Themed SCXW78779759 BCX0\">en<\/span> <span class=\"NormalTextRun SpellingErrorV2Themed SCXW78779759 BCX0\">trois<\/span> <span class=\"NormalTextRun SpellingErrorV2Themed SCXW78779759 BCX0\">tailles<\/span> <span class=\"NormalTextRun SpellingErrorV2Themed SCXW78779759 BCX0\">diff\u00e9rentes<\/span> <span class=\"NormalTextRun SpellingErrorV2Themed SCXW78779759 BCX0\">et<\/span> <span class=\"NormalTextRun SpellingErrorV2Themed SCXW78779759 BCX0\">sont<\/span> <span class=\"NormalTextRun SpellingErrorV2Themed SCXW78779759 BCX0\">disponibles<\/span> <span class=\"NormalTextRun SpellingErrorV2Themed SCXW78779759 BCX0\">en<\/span> <span class=\"NormalTextRun SpellingErrorV2Themed SCXW78779759 BCX0\">\u00e9rable<\/span> <span class=\"NormalTextRun SpellingErrorV2Themed SCXW78779759 BCX0\">naturel<\/span> <span class=\"NormalTextRun SpellingErrorV2Themed SCXW78779759 BCX0\">et<\/span> <span class=\"NormalTextRun SpellingErrorV2Themed SCXW78779759 BCX0\">teint\u00e9<\/span> <span class=\"NormalTextRun SpellingErrorV2Themed SCXW78779759 BCX0\">noir<\/span><span class=\"NormalTextRun SCXW78779759 BCX0\">, <\/span><span class=\"NormalTextRun SpellingErrorV2Themed SCXW78779759 BCX0\">ainsi<\/span> <span class=\"NormalTextRun SpellingErrorV2Themed SCXW78779759 BCX0\">qu&rsquo;en<\/span> <span class=\"NormalTextRun SpellingErrorV2Themed SCXW78779759 BCX0\">noyer<\/span><span class=\"NormalTextRun SCXW78779759 BCX0\">. <\/span><span class=\"NormalTextRun SpellingErrorV2Themed SCXW78779759 BCX0\">Les<\/span> <span class=\"NormalTextRun SpellingErrorV2Themed SCXW78779759 BCX0\">bols<\/span> <span class=\"NormalTextRun SpellingErrorV2Themed SCXW78779759 BCX0\">peuvent<\/span> <span class=\"NormalTextRun SpellingErrorV2Themed SCXW78779759 BCX0\">\u00e9galement<\/span> <span class=\"NormalTextRun SpellingErrorV2Themed SCXW78779759 BCX0\">\u00eatre<\/span> <span class=\"NormalTextRun SpellingErrorV2Themed SCXW78779759 BCX0\">personnalis\u00e9s<\/span> <span class=\"NormalTextRun SpellingErrorV2Themed SCXW78779759 BCX0\">avec<\/span> <span class=\"NormalTextRun SpellingErrorV2Themed SCXW78779759 BCX0\">un<\/span> <span class=\"NormalTextRun SpellingErrorV2Themed SCXW78779759 BCX0\">choix<\/span><span class=\"NormalTextRun SCXW78779759 BCX0\"> de <\/span><span class=\"NormalTextRun SpellingErrorV2Themed SCXW78779759 BCX0\">diff\u00e9rents<\/span> <span class=\"NormalTextRun SpellingErrorV2Themed SCXW78779759 BCX0\">motifs<\/span><span class=\"NormalTextRun SCXW78779759 BCX0\"> de <\/span><span class=\"NormalTextRun SCXW78779759 BCX0\">gravure<\/span><span class=\"NormalTextRun SCXW78779759 BCX0\">.<\/span><\/span><span class=\"EOP SCXW78779759 BCX0\" data-ccp-props=\"{&quot;201341983&quot;:0,&quot;335551550&quot;:6,&quot;335551620&quot;:6,&quot;335559739&quot;:200,&quot;335559740&quot;:276}\">\u00a0<\/span><\/p>\n","protected":false},"excerpt":{"rendered":"<p>Les bols Nera ont \u00e9t\u00e9 con\u00e7us \u00e0 l&rsquo;origine pour \u00eatre vendus aux ench\u00e8res lors d&rsquo;un \u00e9v\u00e9nement caritatif visant \u00e0 prot\u00e9ger les truites end\u00e9miques de la ville natale de Zanat. Le produit a attir\u00e9 une attention incroyable de la part des m\u00e9dias sp\u00e9cialis\u00e9s dans le design, des clients et de certaines grandes marques de design de [&hellip;]<\/p>\n","protected":false},"featured_media":16161,"template":"","meta":{"_acf_changed":false,"_monsterinsights_skip_tracking":false,"_monsterinsights_sitenote_active":false,"_monsterinsights_sitenote_note":"","_monsterinsights_sitenote_category":0},"product_brand":[],"product_cat":[775,874,2516],"product_tag":[],"class_list":{"0":"post-16979","1":"product","2":"type-product","3":"status-publish","4":"has-post-thumbnail","6":"product_cat-bancs-tabourets","7":"product_cat-gift-shop-fr","8":"product_cat-tabourets-fr","10":"first","11":"onbackorder","12":"taxable","13":"shipping-taxable","14":"purchasable","15":"product-type-variable","16":"has-default-attributes"},"acf":[],"yoast_head":"<!-- This site is optimized with the Yoast SEO plugin v26.4 - https:\/\/yoast.com\/wordpress\/plugins\/seo\/ -->\n<title>Bol Nera, \u00e9rable noir - ZANAT<\/title>\n<meta name=\"robots\" content=\"index, follow, max-snippet:-1, max-image-preview:large, max-video-preview:-1\" \/>\n<link rel=\"canonical\" href=\"https:\/\/zanat.org\/fr\/article\/bol-nera-erable-noir\/\" \/>\n<meta property=\"og:locale\" content=\"fr_FR\" \/>\n<meta property=\"og:type\" content=\"article\" \/>\n<meta property=\"og:title\" content=\"Bol Nera, \u00e9rable noir - ZANAT\" \/>\n<meta property=\"og:description\" content=\"Les bols Nera ont \u00e9t\u00e9 con\u00e7us \u00e0 l&rsquo;origine pour \u00eatre vendus aux ench\u00e8res lors d&rsquo;un \u00e9v\u00e9nement caritatif visant \u00e0 prot\u00e9ger les truites end\u00e9miques de la ville natale de Zanat. Le produit a attir\u00e9 une attention incroyable de la part des m\u00e9dias sp\u00e9cialis\u00e9s dans le design, des clients et de certaines grandes marques de design de [&hellip;]\" \/>\n<meta property=\"og:url\" content=\"https:\/\/zanat.org\/fr\/article\/bol-nera-erable-noir\/\" \/>\n<meta property=\"og:site_name\" content=\"ZANAT\" \/>\n<meta property=\"article:modified_time\" content=\"2023-06-20T08:02:40+00:00\" \/>\n<meta property=\"og:image\" content=\"https:\/\/zanat.org\/wp-content\/uploads\/2021\/08\/nera-stool-maple-black-3-rows-carved-compress.jpg\" \/>\n\t<meta property=\"og:image:width\" content=\"2400\" \/>\n\t<meta property=\"og:image:height\" content=\"1800\" \/>\n\t<meta property=\"og:image:type\" content=\"image\/jpeg\" \/>\n<meta name=\"twitter:card\" content=\"summary_large_image\" \/>\n<meta name=\"twitter:label1\" content=\"Dur\u00e9e de lecture estim\u00e9e\" \/>\n\t<meta name=\"twitter:data1\" content=\"1 minute\" \/>\n<script type=\"application\/ld+json\" class=\"yoast-schema-graph\">{\"@context\":\"https:\/\/schema.org\",\"@graph\":[{\"@type\":\"WebPage\",\"@id\":\"https:\/\/zanat.org\/fr\/article\/bol-nera-erable-noir\/\",\"url\":\"https:\/\/zanat.org\/fr\/article\/bol-nera-erable-noir\/\",\"name\":\"Bol Nera, \u00e9rable noir - ZANAT\",\"isPartOf\":{\"@id\":\"https:\/\/staging.zanat.org\/fr\/#website\"},\"primaryImageOfPage\":{\"@id\":\"https:\/\/zanat.org\/fr\/article\/bol-nera-erable-noir\/#primaryimage\"},\"image\":{\"@id\":\"https:\/\/zanat.org\/fr\/article\/bol-nera-erable-noir\/#primaryimage\"},\"thumbnailUrl\":\"https:\/\/zanat.org\/wp-content\/uploads\/2021\/08\/nera-stool-maple-black-3-rows-carved-compress.jpg\",\"datePublished\":\"2023-06-09T15:32:04+00:00\",\"dateModified\":\"2023-06-20T08:02:40+00:00\",\"breadcrumb\":{\"@id\":\"https:\/\/zanat.org\/fr\/article\/bol-nera-erable-noir\/#breadcrumb\"},\"inLanguage\":\"fr-FR\",\"potentialAction\":[{\"@type\":\"ReadAction\",\"target\":[\"https:\/\/zanat.org\/fr\/article\/bol-nera-erable-noir\/\"]}]},{\"@type\":\"ImageObject\",\"inLanguage\":\"fr-FR\",\"@id\":\"https:\/\/zanat.org\/fr\/article\/bol-nera-erable-noir\/#primaryimage\",\"url\":\"https:\/\/zanat.org\/wp-content\/uploads\/2021\/08\/nera-stool-maple-black-3-rows-carved-compress.jpg\",\"contentUrl\":\"https:\/\/zanat.org\/wp-content\/uploads\/2021\/08\/nera-stool-maple-black-3-rows-carved-compress.jpg\",\"width\":2400,\"height\":1800},{\"@type\":\"BreadcrumbList\",\"@id\":\"https:\/\/zanat.org\/fr\/article\/bol-nera-erable-noir\/#breadcrumb\",\"itemListElement\":[{\"@type\":\"ListItem\",\"position\":1,\"name\":\"Zanat\",\"item\":\"https:\/\/staging.zanat.org\/fr\/\"},{\"@type\":\"ListItem\",\"position\":2,\"name\":\"Boutique\",\"item\":\"https:\/\/staging.zanat.org\/fr\/boutique\/\"},{\"@type\":\"ListItem\",\"position\":3,\"name\":\"Boutique de cadeaux\",\"item\":\"https:\/\/zanat.org\/fr\/categorie-produit\/gift-shop-fr\/\"},{\"@type\":\"ListItem\",\"position\":4,\"name\":\"Tabourets\",\"item\":\"https:\/\/zanat.org\/fr\/categorie-produit\/gift-shop-fr\/tabourets-fr\/\"},{\"@type\":\"ListItem\",\"position\":5,\"name\":\"Bol Nera, \u00e9rable noir\"}]},{\"@type\":\"WebSite\",\"@id\":\"https:\/\/staging.zanat.org\/fr\/#website\",\"url\":\"https:\/\/staging.zanat.org\/fr\/\",\"name\":\"ZANAT\",\"description\":\"Improve your home &amp; improve our world\",\"potentialAction\":[{\"@type\":\"SearchAction\",\"target\":{\"@type\":\"EntryPoint\",\"urlTemplate\":\"https:\/\/staging.zanat.org\/fr\/?s={search_term_string}\"},\"query-input\":{\"@type\":\"PropertyValueSpecification\",\"valueRequired\":true,\"valueName\":\"search_term_string\"}}],\"inLanguage\":\"fr-FR\"}]}<\/script>\n<!-- \/ Yoast SEO plugin. -->","yoast_head_json":{"title":"Bol Nera, \u00e9rable noir - ZANAT","robots":{"index":"index","follow":"follow","max-snippet":"max-snippet:-1","max-image-preview":"max-image-preview:large","max-video-preview":"max-video-preview:-1"},"canonical":"https:\/\/zanat.org\/fr\/article\/bol-nera-erable-noir\/","og_locale":"fr_FR","og_type":"article","og_title":"Bol Nera, \u00e9rable noir - ZANAT","og_description":"Les bols Nera ont \u00e9t\u00e9 con\u00e7us \u00e0 l&rsquo;origine pour \u00eatre vendus aux ench\u00e8res lors d&rsquo;un \u00e9v\u00e9nement caritatif visant \u00e0 prot\u00e9ger les truites end\u00e9miques de la ville natale de Zanat. Le produit a attir\u00e9 une attention incroyable de la part des m\u00e9dias sp\u00e9cialis\u00e9s dans le design, des clients et de certaines grandes marques de design de [&hellip;]","og_url":"https:\/\/zanat.org\/fr\/article\/bol-nera-erable-noir\/","og_site_name":"ZANAT","article_modified_time":"2023-06-20T08:02:40+00:00","og_image":[{"width":2400,"height":1800,"url":"https:\/\/zanat.org\/wp-content\/uploads\/2021\/08\/nera-stool-maple-black-3-rows-carved-compress.jpg","type":"image\/jpeg"}],"twitter_card":"summary_large_image","twitter_misc":{"Dur\u00e9e de lecture estim\u00e9e":"1 minute"},"schema":{"@context":"https:\/\/schema.org","@graph":[{"@type":"WebPage","@id":"https:\/\/zanat.org\/fr\/article\/bol-nera-erable-noir\/","url":"https:\/\/zanat.org\/fr\/article\/bol-nera-erable-noir\/","name":"Bol Nera, \u00e9rable noir - ZANAT","isPartOf":{"@id":"https:\/\/staging.zanat.org\/fr\/#website"},"primaryImageOfPage":{"@id":"https:\/\/zanat.org\/fr\/article\/bol-nera-erable-noir\/#primaryimage"},"image":{"@id":"https:\/\/zanat.org\/fr\/article\/bol-nera-erable-noir\/#primaryimage"},"thumbnailUrl":"https:\/\/zanat.org\/wp-content\/uploads\/2021\/08\/nera-stool-maple-black-3-rows-carved-compress.jpg","datePublished":"2023-06-09T15:32:04+00:00","dateModified":"2023-06-20T08:02:40+00:00","breadcrumb":{"@id":"https:\/\/zanat.org\/fr\/article\/bol-nera-erable-noir\/#breadcrumb"},"inLanguage":"fr-FR","potentialAction":[{"@type":"ReadAction","target":["https:\/\/zanat.org\/fr\/article\/bol-nera-erable-noir\/"]}]},{"@type":"ImageObject","inLanguage":"fr-FR","@id":"https:\/\/zanat.org\/fr\/article\/bol-nera-erable-noir\/#primaryimage","url":"https:\/\/zanat.org\/wp-content\/uploads\/2021\/08\/nera-stool-maple-black-3-rows-carved-compress.jpg","contentUrl":"https:\/\/zanat.org\/wp-content\/uploads\/2021\/08\/nera-stool-maple-black-3-rows-carved-compress.jpg","width":2400,"height":1800},{"@type":"BreadcrumbList","@id":"https:\/\/zanat.org\/fr\/article\/bol-nera-erable-noir\/#breadcrumb","itemListElement":[{"@type":"ListItem","position":1,"name":"Zanat","item":"https:\/\/staging.zanat.org\/fr\/"},{"@type":"ListItem","position":2,"name":"Boutique","item":"https:\/\/staging.zanat.org\/fr\/boutique\/"},{"@type":"ListItem","position":3,"name":"Boutique de cadeaux","item":"https:\/\/zanat.org\/fr\/categorie-produit\/gift-shop-fr\/"},{"@type":"ListItem","position":4,"name":"Tabourets","item":"https:\/\/zanat.org\/fr\/categorie-produit\/gift-shop-fr\/tabourets-fr\/"},{"@type":"ListItem","position":5,"name":"Bol Nera, \u00e9rable noir"}]},{"@type":"WebSite","@id":"https:\/\/staging.zanat.org\/fr\/#website","url":"https:\/\/staging.zanat.org\/fr\/","name":"ZANAT","description":"Improve your home &amp; improve our world","potentialAction":[{"@type":"SearchAction","target":{"@type":"EntryPoint","urlTemplate":"https:\/\/staging.zanat.org\/fr\/?s={search_term_string}"},"query-input":{"@type":"PropertyValueSpecification","valueRequired":true,"valueName":"search_term_string"}}],"inLanguage":"fr-FR"}]}},"_links":{"self":[{"href":"https:\/\/zanat.org\/fr\/wp-json\/wp\/v2\/product\/16979","targetHints":{"allow":["GET"]}}],"collection":[{"href":"https:\/\/zanat.org\/fr\/wp-json\/wp\/v2\/product"}],"about":[{"href":"https:\/\/zanat.org\/fr\/wp-json\/wp\/v2\/types\/product"}],"wp:featuredmedia":[{"embeddable":true,"href":"https:\/\/zanat.org\/fr\/wp-json\/wp\/v2\/media\/16161"}],"wp:attachment":[{"href":"https:\/\/zanat.org\/fr\/wp-json\/wp\/v2\/media?parent=16979"}],"wp:term":[{"taxonomy":"product_brand","embeddable":true,"href":"https:\/\/zanat.org\/fr\/wp-json\/wp\/v2\/product_brand?post=16979"},{"taxonomy":"product_cat","embeddable":true,"href":"https:\/\/zanat.org\/fr\/wp-json\/wp\/v2\/product_cat?post=16979"},{"taxonomy":"product_tag","embeddable":true,"href":"https:\/\/zanat.org\/fr\/wp-json\/wp\/v2\/product_tag?post=16979"}],"curies":[{"name":"wp","href":"https:\/\/api.w.org\/{rel}","templated":true}]}}