{"id":16769,"date":"2023-06-09T15:15:48","date_gmt":"2023-06-09T13:15:48","guid":{"rendered":"https:\/\/zanat.org\/?post_type=product&#038;p=16769"},"modified":"2023-06-20T10:04:17","modified_gmt":"2023-06-20T08:04:17","slug":"tabouret-quiet-copy","status":"publish","type":"product","link":"https:\/\/zanat.org\/fr\/article\/tabouret-quiet-copy\/","title":{"rendered":"Tabouret Quiet \u00c9rable, teinte noire"},"content":{"rendered":"<p>Le tabouret Quiet occupe une place particuli\u00e8re dans nos c\u0153urs car il s&rsquo;agit de l&rsquo;un des premiers mod\u00e8les contemporains que nous avons d\u00e9velopp\u00e9s. Le plateau en forme de bo\u00eete et les pieds carr\u00e9s et l\u00e9gers donnent l&rsquo;impression que le tabouret a \u00e9t\u00e9 sculpt\u00e9 dans un mandrin de bois. Le motif sculpt\u00e9 \u00e0 la main a \u00e9t\u00e9 con\u00e7u et r\u00e9alis\u00e9 de mani\u00e8re \u00e0 donner au tabouret une vocation particuli\u00e8re de construction de motifs. Lorsque l&rsquo;on aligne des tabourets Quiet, les motifs sculpt\u00e9s \u00e0 la main des tabourets adjacents s&rsquo;accordent et cr\u00e9ent ce qui devient visuellement une seule pi\u00e8ce, o\u00f9 chacun est une partie du grand puzzle.<\/p>\n","protected":false},"excerpt":{"rendered":"<p>Le tabouret Quiet occupe une place particuli\u00e8re dans nos c\u0153urs car il s&rsquo;agit de l&rsquo;un des premiers mod\u00e8les contemporains que nous avons d\u00e9velopp\u00e9s. Le plateau en forme de bo\u00eete et les pieds carr\u00e9s et l\u00e9gers donnent l&rsquo;impression que le tabouret a \u00e9t\u00e9 sculpt\u00e9 dans un mandrin de bois. Le motif sculpt\u00e9 \u00e0 la main a [&hellip;]<\/p>\n","protected":false},"featured_media":16759,"template":"","meta":{"_acf_changed":false,"_monsterinsights_skip_tracking":false,"_monsterinsights_sitenote_active":false,"_monsterinsights_sitenote_note":"","_monsterinsights_sitenote_category":0},"product_brand":[],"product_cat":[775,874,2516],"product_tag":[],"class_list":{"0":"post-16769","1":"product","2":"type-product","3":"status-publish","4":"has-post-thumbnail","6":"product_cat-bancs-tabourets","7":"product_cat-gift-shop-fr","8":"product_cat-tabourets-fr","10":"first","11":"onbackorder","12":"taxable","13":"shipping-taxable","14":"purchasable","15":"product-type-simple"},"acf":[],"yoast_head":"<!-- This site is optimized with the Yoast SEO plugin v26.4 - https:\/\/yoast.com\/wordpress\/plugins\/seo\/ -->\n<title>Tabouret Quiet \u00c9rable, teinte noire - ZANAT<\/title>\n<meta name=\"robots\" content=\"index, follow, max-snippet:-1, max-image-preview:large, max-video-preview:-1\" \/>\n<link rel=\"canonical\" href=\"https:\/\/zanat.org\/fr\/article\/tabouret-quiet-copy\/\" \/>\n<meta property=\"og:locale\" content=\"fr_FR\" \/>\n<meta property=\"og:type\" content=\"article\" \/>\n<meta property=\"og:title\" content=\"Tabouret Quiet \u00c9rable, teinte noire - ZANAT\" \/>\n<meta property=\"og:description\" content=\"Le tabouret Quiet occupe une place particuli\u00e8re dans nos c\u0153urs car il s&rsquo;agit de l&rsquo;un des premiers mod\u00e8les contemporains que nous avons d\u00e9velopp\u00e9s. Le plateau en forme de bo\u00eete et les pieds carr\u00e9s et l\u00e9gers donnent l&rsquo;impression que le tabouret a \u00e9t\u00e9 sculpt\u00e9 dans un mandrin de bois. Le motif sculpt\u00e9 \u00e0 la main a [&hellip;]\" \/>\n<meta property=\"og:url\" content=\"https:\/\/zanat.org\/fr\/article\/tabouret-quiet-copy\/\" \/>\n<meta property=\"og:site_name\" content=\"ZANAT\" \/>\n<meta property=\"article:modified_time\" content=\"2023-06-20T08:04:17+00:00\" \/>\n<meta property=\"og:image\" content=\"https:\/\/zanat.org\/wp-content\/uploads\/2021\/08\/quiet-stool-jasna-mujkic-zanat-maple-dsc4462-compress.jpg\" \/>\n\t<meta property=\"og:image:width\" content=\"2400\" \/>\n\t<meta property=\"og:image:height\" content=\"1800\" \/>\n\t<meta property=\"og:image:type\" content=\"image\/jpeg\" \/>\n<meta name=\"twitter:card\" content=\"summary_large_image\" \/>\n<meta name=\"twitter:label1\" content=\"Dur\u00e9e de lecture estim\u00e9e\" \/>\n\t<meta name=\"twitter:data1\" content=\"1 minute\" \/>\n<script type=\"application\/ld+json\" class=\"yoast-schema-graph\">{\"@context\":\"https:\/\/schema.org\",\"@graph\":[{\"@type\":\"WebPage\",\"@id\":\"https:\/\/zanat.org\/fr\/article\/tabouret-quiet-copy\/\",\"url\":\"https:\/\/zanat.org\/fr\/article\/tabouret-quiet-copy\/\",\"name\":\"Tabouret Quiet \u00c9rable, teinte noire - ZANAT\",\"isPartOf\":{\"@id\":\"https:\/\/staging.zanat.org\/fr\/#website\"},\"primaryImageOfPage\":{\"@id\":\"https:\/\/zanat.org\/fr\/article\/tabouret-quiet-copy\/#primaryimage\"},\"image\":{\"@id\":\"https:\/\/zanat.org\/fr\/article\/tabouret-quiet-copy\/#primaryimage\"},\"thumbnailUrl\":\"https:\/\/zanat.org\/wp-content\/uploads\/2021\/08\/quiet-stool-jasna-mujkic-zanat-maple-dsc4462-compress.jpg\",\"datePublished\":\"2023-06-09T13:15:48+00:00\",\"dateModified\":\"2023-06-20T08:04:17+00:00\",\"breadcrumb\":{\"@id\":\"https:\/\/zanat.org\/fr\/article\/tabouret-quiet-copy\/#breadcrumb\"},\"inLanguage\":\"fr-FR\",\"potentialAction\":[{\"@type\":\"ReadAction\",\"target\":[\"https:\/\/zanat.org\/fr\/article\/tabouret-quiet-copy\/\"]}]},{\"@type\":\"ImageObject\",\"inLanguage\":\"fr-FR\",\"@id\":\"https:\/\/zanat.org\/fr\/article\/tabouret-quiet-copy\/#primaryimage\",\"url\":\"https:\/\/zanat.org\/wp-content\/uploads\/2021\/08\/quiet-stool-jasna-mujkic-zanat-maple-dsc4462-compress.jpg\",\"contentUrl\":\"https:\/\/zanat.org\/wp-content\/uploads\/2021\/08\/quiet-stool-jasna-mujkic-zanat-maple-dsc4462-compress.jpg\",\"width\":2400,\"height\":1800},{\"@type\":\"BreadcrumbList\",\"@id\":\"https:\/\/zanat.org\/fr\/article\/tabouret-quiet-copy\/#breadcrumb\",\"itemListElement\":[{\"@type\":\"ListItem\",\"position\":1,\"name\":\"Zanat\",\"item\":\"https:\/\/staging.zanat.org\/fr\/\"},{\"@type\":\"ListItem\",\"position\":2,\"name\":\"Boutique\",\"item\":\"https:\/\/staging.zanat.org\/fr\/boutique\/\"},{\"@type\":\"ListItem\",\"position\":3,\"name\":\"Boutique de cadeaux\",\"item\":\"https:\/\/zanat.org\/fr\/categorie-produit\/gift-shop-fr\/\"},{\"@type\":\"ListItem\",\"position\":4,\"name\":\"Tabourets\",\"item\":\"https:\/\/zanat.org\/fr\/categorie-produit\/gift-shop-fr\/tabourets-fr\/\"},{\"@type\":\"ListItem\",\"position\":5,\"name\":\"Tabouret Quiet \u00c9rable, teinte noire\"}]},{\"@type\":\"WebSite\",\"@id\":\"https:\/\/staging.zanat.org\/fr\/#website\",\"url\":\"https:\/\/staging.zanat.org\/fr\/\",\"name\":\"ZANAT\",\"description\":\"Improve your home &amp; improve our world\",\"potentialAction\":[{\"@type\":\"SearchAction\",\"target\":{\"@type\":\"EntryPoint\",\"urlTemplate\":\"https:\/\/staging.zanat.org\/fr\/?s={search_term_string}\"},\"query-input\":{\"@type\":\"PropertyValueSpecification\",\"valueRequired\":true,\"valueName\":\"search_term_string\"}}],\"inLanguage\":\"fr-FR\"}]}<\/script>\n<!-- \/ Yoast SEO plugin. -->","yoast_head_json":{"title":"Tabouret Quiet \u00c9rable, teinte noire - ZANAT","robots":{"index":"index","follow":"follow","max-snippet":"max-snippet:-1","max-image-preview":"max-image-preview:large","max-video-preview":"max-video-preview:-1"},"canonical":"https:\/\/zanat.org\/fr\/article\/tabouret-quiet-copy\/","og_locale":"fr_FR","og_type":"article","og_title":"Tabouret Quiet \u00c9rable, teinte noire - ZANAT","og_description":"Le tabouret Quiet occupe une place particuli\u00e8re dans nos c\u0153urs car il s&rsquo;agit de l&rsquo;un des premiers mod\u00e8les contemporains que nous avons d\u00e9velopp\u00e9s. Le plateau en forme de bo\u00eete et les pieds carr\u00e9s et l\u00e9gers donnent l&rsquo;impression que le tabouret a \u00e9t\u00e9 sculpt\u00e9 dans un mandrin de bois. Le motif sculpt\u00e9 \u00e0 la main a [&hellip;]","og_url":"https:\/\/zanat.org\/fr\/article\/tabouret-quiet-copy\/","og_site_name":"ZANAT","article_modified_time":"2023-06-20T08:04:17+00:00","og_image":[{"width":2400,"height":1800,"url":"https:\/\/zanat.org\/wp-content\/uploads\/2021\/08\/quiet-stool-jasna-mujkic-zanat-maple-dsc4462-compress.jpg","type":"image\/jpeg"}],"twitter_card":"summary_large_image","twitter_misc":{"Dur\u00e9e de lecture estim\u00e9e":"1 minute"},"schema":{"@context":"https:\/\/schema.org","@graph":[{"@type":"WebPage","@id":"https:\/\/zanat.org\/fr\/article\/tabouret-quiet-copy\/","url":"https:\/\/zanat.org\/fr\/article\/tabouret-quiet-copy\/","name":"Tabouret Quiet \u00c9rable, teinte noire - ZANAT","isPartOf":{"@id":"https:\/\/staging.zanat.org\/fr\/#website"},"primaryImageOfPage":{"@id":"https:\/\/zanat.org\/fr\/article\/tabouret-quiet-copy\/#primaryimage"},"image":{"@id":"https:\/\/zanat.org\/fr\/article\/tabouret-quiet-copy\/#primaryimage"},"thumbnailUrl":"https:\/\/zanat.org\/wp-content\/uploads\/2021\/08\/quiet-stool-jasna-mujkic-zanat-maple-dsc4462-compress.jpg","datePublished":"2023-06-09T13:15:48+00:00","dateModified":"2023-06-20T08:04:17+00:00","breadcrumb":{"@id":"https:\/\/zanat.org\/fr\/article\/tabouret-quiet-copy\/#breadcrumb"},"inLanguage":"fr-FR","potentialAction":[{"@type":"ReadAction","target":["https:\/\/zanat.org\/fr\/article\/tabouret-quiet-copy\/"]}]},{"@type":"ImageObject","inLanguage":"fr-FR","@id":"https:\/\/zanat.org\/fr\/article\/tabouret-quiet-copy\/#primaryimage","url":"https:\/\/zanat.org\/wp-content\/uploads\/2021\/08\/quiet-stool-jasna-mujkic-zanat-maple-dsc4462-compress.jpg","contentUrl":"https:\/\/zanat.org\/wp-content\/uploads\/2021\/08\/quiet-stool-jasna-mujkic-zanat-maple-dsc4462-compress.jpg","width":2400,"height":1800},{"@type":"BreadcrumbList","@id":"https:\/\/zanat.org\/fr\/article\/tabouret-quiet-copy\/#breadcrumb","itemListElement":[{"@type":"ListItem","position":1,"name":"Zanat","item":"https:\/\/staging.zanat.org\/fr\/"},{"@type":"ListItem","position":2,"name":"Boutique","item":"https:\/\/staging.zanat.org\/fr\/boutique\/"},{"@type":"ListItem","position":3,"name":"Boutique de cadeaux","item":"https:\/\/zanat.org\/fr\/categorie-produit\/gift-shop-fr\/"},{"@type":"ListItem","position":4,"name":"Tabourets","item":"https:\/\/zanat.org\/fr\/categorie-produit\/gift-shop-fr\/tabourets-fr\/"},{"@type":"ListItem","position":5,"name":"Tabouret Quiet \u00c9rable, teinte noire"}]},{"@type":"WebSite","@id":"https:\/\/staging.zanat.org\/fr\/#website","url":"https:\/\/staging.zanat.org\/fr\/","name":"ZANAT","description":"Improve your home &amp; improve our world","potentialAction":[{"@type":"SearchAction","target":{"@type":"EntryPoint","urlTemplate":"https:\/\/staging.zanat.org\/fr\/?s={search_term_string}"},"query-input":{"@type":"PropertyValueSpecification","valueRequired":true,"valueName":"search_term_string"}}],"inLanguage":"fr-FR"}]}},"_links":{"self":[{"href":"https:\/\/zanat.org\/fr\/wp-json\/wp\/v2\/product\/16769","targetHints":{"allow":["GET"]}}],"collection":[{"href":"https:\/\/zanat.org\/fr\/wp-json\/wp\/v2\/product"}],"about":[{"href":"https:\/\/zanat.org\/fr\/wp-json\/wp\/v2\/types\/product"}],"wp:featuredmedia":[{"embeddable":true,"href":"https:\/\/zanat.org\/fr\/wp-json\/wp\/v2\/media\/16759"}],"wp:attachment":[{"href":"https:\/\/zanat.org\/fr\/wp-json\/wp\/v2\/media?parent=16769"}],"wp:term":[{"taxonomy":"product_brand","embeddable":true,"href":"https:\/\/zanat.org\/fr\/wp-json\/wp\/v2\/product_brand?post=16769"},{"taxonomy":"product_cat","embeddable":true,"href":"https:\/\/zanat.org\/fr\/wp-json\/wp\/v2\/product_cat?post=16769"},{"taxonomy":"product_tag","embeddable":true,"href":"https:\/\/zanat.org\/fr\/wp-json\/wp\/v2\/product_tag?post=16769"}],"curies":[{"name":"wp","href":"https:\/\/api.w.org\/{rel}","templated":true}]}}