{"id":16556,"date":"2023-06-05T15:29:16","date_gmt":"2023-06-05T13:29:16","guid":{"rendered":"https:\/\/zanat.org\/?post_type=product&#038;p=16556"},"modified":"2023-06-20T10:05:11","modified_gmt":"2023-06-20T08:05:11","slug":"miroir-mural-eclipse-copy-copy","status":"publish","type":"product","link":"https:\/\/zanat.org\/fr\/article\/miroir-mural-eclipse-copy-copy\/","title":{"rendered":"Miroir mural Eclipse"},"content":{"rendered":"<p>Eclipse est un puzzle artistique compos\u00e9 de trois miroirs de formes diff\u00e9rentes qui peuvent \u00eatre appr\u00e9ci\u00e9s comme des pi\u00e8ces autonomes ou tous ensemble. La beaut\u00e9 de ces miroirs ne d\u00e9pend pas de ce qu&rsquo;ils refl\u00e8tent. Eclipse est fix\u00e9 \u00e0 une plaque arrondie, qui repose sur le dessus et \u00ab\u00a0\u00e9clipse\u00a0\u00bb une plaque inf\u00e9rieure plus grande. La surface des plaques inf\u00e9rieures est sculpt\u00e9e \u00e0 la main par les ma\u00eetres sculpteurs de Zanat \u00e0 partir d&rsquo;adorables dessins abstraits sign\u00e9s par Monica F\u00f6rster. Les miroirs existent en trois tailles et formes diff\u00e9rentes, ce qui permet de cr\u00e9er des installations artistiques vari\u00e9es avec diff\u00e9rentes combinaisons de miroirs sur le mur.<\/p>\n","protected":false},"excerpt":{"rendered":"<p>Eclipse est un puzzle artistique compos\u00e9 de trois miroirs de formes diff\u00e9rentes qui peuvent \u00eatre appr\u00e9ci\u00e9s comme des pi\u00e8ces autonomes ou tous ensemble. La beaut\u00e9 de ces miroirs ne d\u00e9pend pas de ce qu&rsquo;ils refl\u00e8tent. Eclipse est fix\u00e9 \u00e0 une plaque arrondie, qui repose sur le dessus et \u00ab\u00a0\u00e9clipse\u00a0\u00bb une plaque inf\u00e9rieure plus grande. La [&hellip;]<\/p>\n","protected":false},"featured_media":17189,"template":"","meta":{"_acf_changed":false,"_monsterinsights_skip_tracking":false,"_monsterinsights_sitenote_active":false,"_monsterinsights_sitenote_note":"","_monsterinsights_sitenote_category":0},"product_brand":[],"product_cat":[874,2510,852],"product_tag":[],"class_list":{"0":"post-16556","1":"product","2":"type-product","3":"status-publish","4":"has-post-thumbnail","6":"product_cat-gift-shop-fr","7":"product_cat-miroirs-fr","8":"product_cat-miroirs","10":"first","11":"onbackorder","12":"taxable","13":"shipping-taxable","14":"purchasable","15":"product-type-variable","16":"has-default-attributes"},"acf":[],"yoast_head":"<!-- This site is optimized with the Yoast SEO plugin v26.4 - https:\/\/yoast.com\/wordpress\/plugins\/seo\/ -->\n<title>Miroir mural Eclipse - ZANAT<\/title>\n<meta name=\"robots\" content=\"index, follow, max-snippet:-1, max-image-preview:large, max-video-preview:-1\" \/>\n<link rel=\"canonical\" href=\"https:\/\/zanat.org\/fr\/article\/miroir-mural-eclipse-copy-copy\/\" \/>\n<meta property=\"og:locale\" content=\"fr_FR\" \/>\n<meta property=\"og:type\" content=\"article\" \/>\n<meta property=\"og:title\" content=\"Miroir mural Eclipse - ZANAT\" \/>\n<meta property=\"og:description\" content=\"Eclipse est un puzzle artistique compos\u00e9 de trois miroirs de formes diff\u00e9rentes qui peuvent \u00eatre appr\u00e9ci\u00e9s comme des pi\u00e8ces autonomes ou tous ensemble. La beaut\u00e9 de ces miroirs ne d\u00e9pend pas de ce qu&rsquo;ils refl\u00e8tent. Eclipse est fix\u00e9 \u00e0 une plaque arrondie, qui repose sur le dessus et \u00ab\u00a0\u00e9clipse\u00a0\u00bb une plaque inf\u00e9rieure plus grande. La [&hellip;]\" \/>\n<meta property=\"og:url\" content=\"https:\/\/zanat.org\/fr\/article\/miroir-mural-eclipse-copy-copy\/\" \/>\n<meta property=\"og:site_name\" content=\"ZANAT\" \/>\n<meta property=\"article:modified_time\" content=\"2023-06-20T08:05:11+00:00\" \/>\n<meta property=\"og:image\" content=\"https:\/\/zanat.org\/wp-content\/uploads\/2021\/08\/eclipse-mirror-small-forster-zanat-maple-ws-dsc9033-compress.jpg\" \/>\n\t<meta property=\"og:image:width\" content=\"2400\" \/>\n\t<meta property=\"og:image:height\" content=\"1800\" \/>\n\t<meta property=\"og:image:type\" content=\"image\/jpeg\" \/>\n<meta name=\"twitter:card\" content=\"summary_large_image\" \/>\n<meta name=\"twitter:label1\" content=\"Dur\u00e9e de lecture estim\u00e9e\" \/>\n\t<meta name=\"twitter:data1\" content=\"1 minute\" \/>\n<script type=\"application\/ld+json\" class=\"yoast-schema-graph\">{\"@context\":\"https:\/\/schema.org\",\"@graph\":[{\"@type\":\"WebPage\",\"@id\":\"https:\/\/zanat.org\/fr\/article\/miroir-mural-eclipse-copy-copy\/\",\"url\":\"https:\/\/zanat.org\/fr\/article\/miroir-mural-eclipse-copy-copy\/\",\"name\":\"Miroir mural Eclipse - ZANAT\",\"isPartOf\":{\"@id\":\"https:\/\/staging.zanat.org\/fr\/#website\"},\"primaryImageOfPage\":{\"@id\":\"https:\/\/zanat.org\/fr\/article\/miroir-mural-eclipse-copy-copy\/#primaryimage\"},\"image\":{\"@id\":\"https:\/\/zanat.org\/fr\/article\/miroir-mural-eclipse-copy-copy\/#primaryimage\"},\"thumbnailUrl\":\"https:\/\/zanat.org\/wp-content\/uploads\/2021\/08\/eclipse-mirror-small-forster-zanat-maple-ws-dsc9033-compress.jpg\",\"datePublished\":\"2023-06-05T13:29:16+00:00\",\"dateModified\":\"2023-06-20T08:05:11+00:00\",\"breadcrumb\":{\"@id\":\"https:\/\/zanat.org\/fr\/article\/miroir-mural-eclipse-copy-copy\/#breadcrumb\"},\"inLanguage\":\"fr-FR\",\"potentialAction\":[{\"@type\":\"ReadAction\",\"target\":[\"https:\/\/zanat.org\/fr\/article\/miroir-mural-eclipse-copy-copy\/\"]}]},{\"@type\":\"ImageObject\",\"inLanguage\":\"fr-FR\",\"@id\":\"https:\/\/zanat.org\/fr\/article\/miroir-mural-eclipse-copy-copy\/#primaryimage\",\"url\":\"https:\/\/zanat.org\/wp-content\/uploads\/2021\/08\/eclipse-mirror-small-forster-zanat-maple-ws-dsc9033-compress.jpg\",\"contentUrl\":\"https:\/\/zanat.org\/wp-content\/uploads\/2021\/08\/eclipse-mirror-small-forster-zanat-maple-ws-dsc9033-compress.jpg\",\"width\":2400,\"height\":1800},{\"@type\":\"BreadcrumbList\",\"@id\":\"https:\/\/zanat.org\/fr\/article\/miroir-mural-eclipse-copy-copy\/#breadcrumb\",\"itemListElement\":[{\"@type\":\"ListItem\",\"position\":1,\"name\":\"Zanat\",\"item\":\"https:\/\/staging.zanat.org\/fr\/\"},{\"@type\":\"ListItem\",\"position\":2,\"name\":\"Boutique\",\"item\":\"https:\/\/staging.zanat.org\/fr\/boutique\/\"},{\"@type\":\"ListItem\",\"position\":3,\"name\":\"Boutique de cadeaux\",\"item\":\"https:\/\/zanat.org\/fr\/categorie-produit\/gift-shop-fr\/\"},{\"@type\":\"ListItem\",\"position\":4,\"name\":\"Miroir mural Eclipse\"}]},{\"@type\":\"WebSite\",\"@id\":\"https:\/\/staging.zanat.org\/fr\/#website\",\"url\":\"https:\/\/staging.zanat.org\/fr\/\",\"name\":\"ZANAT\",\"description\":\"Improve your home &amp; improve our world\",\"potentialAction\":[{\"@type\":\"SearchAction\",\"target\":{\"@type\":\"EntryPoint\",\"urlTemplate\":\"https:\/\/staging.zanat.org\/fr\/?s={search_term_string}\"},\"query-input\":{\"@type\":\"PropertyValueSpecification\",\"valueRequired\":true,\"valueName\":\"search_term_string\"}}],\"inLanguage\":\"fr-FR\"}]}<\/script>\n<!-- \/ Yoast SEO plugin. -->","yoast_head_json":{"title":"Miroir mural Eclipse - ZANAT","robots":{"index":"index","follow":"follow","max-snippet":"max-snippet:-1","max-image-preview":"max-image-preview:large","max-video-preview":"max-video-preview:-1"},"canonical":"https:\/\/zanat.org\/fr\/article\/miroir-mural-eclipse-copy-copy\/","og_locale":"fr_FR","og_type":"article","og_title":"Miroir mural Eclipse - ZANAT","og_description":"Eclipse est un puzzle artistique compos\u00e9 de trois miroirs de formes diff\u00e9rentes qui peuvent \u00eatre appr\u00e9ci\u00e9s comme des pi\u00e8ces autonomes ou tous ensemble. La beaut\u00e9 de ces miroirs ne d\u00e9pend pas de ce qu&rsquo;ils refl\u00e8tent. Eclipse est fix\u00e9 \u00e0 une plaque arrondie, qui repose sur le dessus et \u00ab\u00a0\u00e9clipse\u00a0\u00bb une plaque inf\u00e9rieure plus grande. La [&hellip;]","og_url":"https:\/\/zanat.org\/fr\/article\/miroir-mural-eclipse-copy-copy\/","og_site_name":"ZANAT","article_modified_time":"2023-06-20T08:05:11+00:00","og_image":[{"width":2400,"height":1800,"url":"https:\/\/zanat.org\/wp-content\/uploads\/2021\/08\/eclipse-mirror-small-forster-zanat-maple-ws-dsc9033-compress.jpg","type":"image\/jpeg"}],"twitter_card":"summary_large_image","twitter_misc":{"Dur\u00e9e de lecture estim\u00e9e":"1 minute"},"schema":{"@context":"https:\/\/schema.org","@graph":[{"@type":"WebPage","@id":"https:\/\/zanat.org\/fr\/article\/miroir-mural-eclipse-copy-copy\/","url":"https:\/\/zanat.org\/fr\/article\/miroir-mural-eclipse-copy-copy\/","name":"Miroir mural Eclipse - ZANAT","isPartOf":{"@id":"https:\/\/staging.zanat.org\/fr\/#website"},"primaryImageOfPage":{"@id":"https:\/\/zanat.org\/fr\/article\/miroir-mural-eclipse-copy-copy\/#primaryimage"},"image":{"@id":"https:\/\/zanat.org\/fr\/article\/miroir-mural-eclipse-copy-copy\/#primaryimage"},"thumbnailUrl":"https:\/\/zanat.org\/wp-content\/uploads\/2021\/08\/eclipse-mirror-small-forster-zanat-maple-ws-dsc9033-compress.jpg","datePublished":"2023-06-05T13:29:16+00:00","dateModified":"2023-06-20T08:05:11+00:00","breadcrumb":{"@id":"https:\/\/zanat.org\/fr\/article\/miroir-mural-eclipse-copy-copy\/#breadcrumb"},"inLanguage":"fr-FR","potentialAction":[{"@type":"ReadAction","target":["https:\/\/zanat.org\/fr\/article\/miroir-mural-eclipse-copy-copy\/"]}]},{"@type":"ImageObject","inLanguage":"fr-FR","@id":"https:\/\/zanat.org\/fr\/article\/miroir-mural-eclipse-copy-copy\/#primaryimage","url":"https:\/\/zanat.org\/wp-content\/uploads\/2021\/08\/eclipse-mirror-small-forster-zanat-maple-ws-dsc9033-compress.jpg","contentUrl":"https:\/\/zanat.org\/wp-content\/uploads\/2021\/08\/eclipse-mirror-small-forster-zanat-maple-ws-dsc9033-compress.jpg","width":2400,"height":1800},{"@type":"BreadcrumbList","@id":"https:\/\/zanat.org\/fr\/article\/miroir-mural-eclipse-copy-copy\/#breadcrumb","itemListElement":[{"@type":"ListItem","position":1,"name":"Zanat","item":"https:\/\/staging.zanat.org\/fr\/"},{"@type":"ListItem","position":2,"name":"Boutique","item":"https:\/\/staging.zanat.org\/fr\/boutique\/"},{"@type":"ListItem","position":3,"name":"Boutique de cadeaux","item":"https:\/\/zanat.org\/fr\/categorie-produit\/gift-shop-fr\/"},{"@type":"ListItem","position":4,"name":"Miroir mural Eclipse"}]},{"@type":"WebSite","@id":"https:\/\/staging.zanat.org\/fr\/#website","url":"https:\/\/staging.zanat.org\/fr\/","name":"ZANAT","description":"Improve your home &amp; improve our world","potentialAction":[{"@type":"SearchAction","target":{"@type":"EntryPoint","urlTemplate":"https:\/\/staging.zanat.org\/fr\/?s={search_term_string}"},"query-input":{"@type":"PropertyValueSpecification","valueRequired":true,"valueName":"search_term_string"}}],"inLanguage":"fr-FR"}]}},"_links":{"self":[{"href":"https:\/\/zanat.org\/fr\/wp-json\/wp\/v2\/product\/16556","targetHints":{"allow":["GET"]}}],"collection":[{"href":"https:\/\/zanat.org\/fr\/wp-json\/wp\/v2\/product"}],"about":[{"href":"https:\/\/zanat.org\/fr\/wp-json\/wp\/v2\/types\/product"}],"wp:featuredmedia":[{"embeddable":true,"href":"https:\/\/zanat.org\/fr\/wp-json\/wp\/v2\/media\/17189"}],"wp:attachment":[{"href":"https:\/\/zanat.org\/fr\/wp-json\/wp\/v2\/media?parent=16556"}],"wp:term":[{"taxonomy":"product_brand","embeddable":true,"href":"https:\/\/zanat.org\/fr\/wp-json\/wp\/v2\/product_brand?post=16556"},{"taxonomy":"product_cat","embeddable":true,"href":"https:\/\/zanat.org\/fr\/wp-json\/wp\/v2\/product_cat?post=16556"},{"taxonomy":"product_tag","embeddable":true,"href":"https:\/\/zanat.org\/fr\/wp-json\/wp\/v2\/product_tag?post=16556"}],"curies":[{"name":"wp","href":"https:\/\/api.w.org\/{rel}","templated":true}]}}