{"id":16502,"date":"2023-06-05T13:42:13","date_gmt":"2023-06-05T11:42:13","guid":{"rendered":"https:\/\/zanat.org\/?post_type=product&#038;p=16502"},"modified":"2023-06-20T11:26:25","modified_gmt":"2023-06-20T09:26:25","slug":"bol-nera-grand-copy","status":"publish","type":"product","link":"https:\/\/zanat.org\/fr\/article\/bol-nera-grand-copy\/","title":{"rendered":"Bol Nera grand"},"content":{"rendered":"<p>Les bols Nera ont \u00e9t\u00e9 con\u00e7us \u00e0 l&rsquo;origine pour \u00eatre vendus aux ench\u00e8res lors d&rsquo;un \u00e9v\u00e9nement caritatif visant \u00e0 prot\u00e9ger les truites end\u00e9miques de la ville natale de Zanat. Le produit a attir\u00e9 une attention incroyable de la part des m\u00e9dias sp\u00e9cialis\u00e9s dans le design, des clients et de certaines grandes marques de design de meubles qui l&rsquo;ont utilis\u00e9 comme \u00e9l\u00e9ment de style pour leurs catalogues et leurs expositions. Les proportions parfaites, la mat\u00e9rialit\u00e9, la l\u00e9g\u00e8ret\u00e9 et le raffinement sculptural, ainsi que les d\u00e9tails de gravure m\u00e9ticuleusement ex\u00e9cut\u00e9s, sont l&rsquo;essence m\u00eame de l&rsquo;attrait du produit. Les bols existent en trois tailles diff\u00e9rentes et sont disponibles en \u00e9rable naturel et teint\u00e9 noir, ainsi qu&rsquo;en noyer. Les bols peuvent \u00e9galement \u00eatre personnalis\u00e9s avec un choix de diff\u00e9rents motifs de gravure.<\/p>\n","protected":false},"excerpt":{"rendered":"<p>Les bols Nera ont \u00e9t\u00e9 con\u00e7us \u00e0 l&rsquo;origine pour \u00eatre vendus aux ench\u00e8res lors d&rsquo;un \u00e9v\u00e9nement caritatif visant \u00e0 prot\u00e9ger les truites end\u00e9miques de la ville natale de Zanat. Le produit a attir\u00e9 une attention incroyable de la part des m\u00e9dias sp\u00e9cialis\u00e9s dans le design, des clients et de certaines grandes marques de design de [&hellip;]<\/p>\n","protected":false},"featured_media":16512,"template":"","meta":{"_acf_changed":false,"_monsterinsights_skip_tracking":false,"_monsterinsights_sitenote_active":false,"_monsterinsights_sitenote_note":"","_monsterinsights_sitenote_category":0},"product_brand":[],"product_cat":[865,874,2512],"product_tag":[],"class_list":{"0":"post-16502","1":"product","2":"type-product","3":"status-publish","4":"has-post-thumbnail","6":"product_cat-accessoires","7":"product_cat-gift-shop-fr","8":"product_cat-boules","10":"first","11":"onbackorder","12":"taxable","13":"shipping-taxable","14":"purchasable","15":"product-type-variable","16":"has-default-attributes"},"acf":[],"yoast_head":"<!-- This site is optimized with the Yoast SEO plugin v26.4 - https:\/\/yoast.com\/wordpress\/plugins\/seo\/ -->\n<title>Bol Nera grand - ZANAT<\/title>\n<meta name=\"robots\" content=\"index, follow, max-snippet:-1, max-image-preview:large, max-video-preview:-1\" \/>\n<link rel=\"canonical\" href=\"https:\/\/zanat.org\/fr\/article\/bol-nera-grand-copy\/\" \/>\n<meta property=\"og:locale\" content=\"fr_FR\" \/>\n<meta property=\"og:type\" content=\"article\" \/>\n<meta property=\"og:title\" content=\"Bol Nera grand - ZANAT\" \/>\n<meta property=\"og:description\" content=\"Les bols Nera ont \u00e9t\u00e9 con\u00e7us \u00e0 l&rsquo;origine pour \u00eatre vendus aux ench\u00e8res lors d&rsquo;un \u00e9v\u00e9nement caritatif visant \u00e0 prot\u00e9ger les truites end\u00e9miques de la ville natale de Zanat. Le produit a attir\u00e9 une attention incroyable de la part des m\u00e9dias sp\u00e9cialis\u00e9s dans le design, des clients et de certaines grandes marques de design de [&hellip;]\" \/>\n<meta property=\"og:url\" content=\"https:\/\/zanat.org\/fr\/article\/bol-nera-grand-copy\/\" \/>\n<meta property=\"og:site_name\" content=\"ZANAT\" \/>\n<meta property=\"article:modified_time\" content=\"2023-06-20T09:26:25+00:00\" \/>\n<meta property=\"og:image\" content=\"https:\/\/zanat.org\/wp-content\/uploads\/2023\/06\/nera-bowl-large-forster-zanat-walnut-ssp-482-1-compress.jpg\" \/>\n\t<meta property=\"og:image:width\" content=\"2400\" \/>\n\t<meta property=\"og:image:height\" content=\"1800\" \/>\n\t<meta property=\"og:image:type\" content=\"image\/jpeg\" \/>\n<meta name=\"twitter:card\" content=\"summary_large_image\" \/>\n<meta name=\"twitter:label1\" content=\"Dur\u00e9e de lecture estim\u00e9e\" \/>\n\t<meta name=\"twitter:data1\" content=\"1 minute\" \/>\n<script type=\"application\/ld+json\" class=\"yoast-schema-graph\">{\"@context\":\"https:\/\/schema.org\",\"@graph\":[{\"@type\":\"WebPage\",\"@id\":\"https:\/\/zanat.org\/fr\/article\/bol-nera-grand-copy\/\",\"url\":\"https:\/\/zanat.org\/fr\/article\/bol-nera-grand-copy\/\",\"name\":\"Bol Nera grand - ZANAT\",\"isPartOf\":{\"@id\":\"https:\/\/staging.zanat.org\/fr\/#website\"},\"primaryImageOfPage\":{\"@id\":\"https:\/\/zanat.org\/fr\/article\/bol-nera-grand-copy\/#primaryimage\"},\"image\":{\"@id\":\"https:\/\/zanat.org\/fr\/article\/bol-nera-grand-copy\/#primaryimage\"},\"thumbnailUrl\":\"https:\/\/zanat.org\/wp-content\/uploads\/2023\/06\/nera-bowl-large-forster-zanat-walnut-ssp-482-1-compress.jpg\",\"datePublished\":\"2023-06-05T11:42:13+00:00\",\"dateModified\":\"2023-06-20T09:26:25+00:00\",\"breadcrumb\":{\"@id\":\"https:\/\/zanat.org\/fr\/article\/bol-nera-grand-copy\/#breadcrumb\"},\"inLanguage\":\"fr-FR\",\"potentialAction\":[{\"@type\":\"ReadAction\",\"target\":[\"https:\/\/zanat.org\/fr\/article\/bol-nera-grand-copy\/\"]}]},{\"@type\":\"ImageObject\",\"inLanguage\":\"fr-FR\",\"@id\":\"https:\/\/zanat.org\/fr\/article\/bol-nera-grand-copy\/#primaryimage\",\"url\":\"https:\/\/zanat.org\/wp-content\/uploads\/2023\/06\/nera-bowl-large-forster-zanat-walnut-ssp-482-1-compress.jpg\",\"contentUrl\":\"https:\/\/zanat.org\/wp-content\/uploads\/2023\/06\/nera-bowl-large-forster-zanat-walnut-ssp-482-1-compress.jpg\",\"width\":2400,\"height\":1800},{\"@type\":\"BreadcrumbList\",\"@id\":\"https:\/\/zanat.org\/fr\/article\/bol-nera-grand-copy\/#breadcrumb\",\"itemListElement\":[{\"@type\":\"ListItem\",\"position\":1,\"name\":\"Zanat\",\"item\":\"https:\/\/staging.zanat.org\/fr\/\"},{\"@type\":\"ListItem\",\"position\":2,\"name\":\"Boutique\",\"item\":\"https:\/\/staging.zanat.org\/fr\/boutique\/\"},{\"@type\":\"ListItem\",\"position\":3,\"name\":\"Boutique de cadeaux\",\"item\":\"https:\/\/zanat.org\/fr\/categorie-produit\/gift-shop-fr\/\"},{\"@type\":\"ListItem\",\"position\":4,\"name\":\"Bol Nera grand\"}]},{\"@type\":\"WebSite\",\"@id\":\"https:\/\/staging.zanat.org\/fr\/#website\",\"url\":\"https:\/\/staging.zanat.org\/fr\/\",\"name\":\"ZANAT\",\"description\":\"Improve your home &amp; improve our world\",\"potentialAction\":[{\"@type\":\"SearchAction\",\"target\":{\"@type\":\"EntryPoint\",\"urlTemplate\":\"https:\/\/staging.zanat.org\/fr\/?s={search_term_string}\"},\"query-input\":{\"@type\":\"PropertyValueSpecification\",\"valueRequired\":true,\"valueName\":\"search_term_string\"}}],\"inLanguage\":\"fr-FR\"}]}<\/script>\n<!-- \/ Yoast SEO plugin. -->","yoast_head_json":{"title":"Bol Nera grand - ZANAT","robots":{"index":"index","follow":"follow","max-snippet":"max-snippet:-1","max-image-preview":"max-image-preview:large","max-video-preview":"max-video-preview:-1"},"canonical":"https:\/\/zanat.org\/fr\/article\/bol-nera-grand-copy\/","og_locale":"fr_FR","og_type":"article","og_title":"Bol Nera grand - ZANAT","og_description":"Les bols Nera ont \u00e9t\u00e9 con\u00e7us \u00e0 l&rsquo;origine pour \u00eatre vendus aux ench\u00e8res lors d&rsquo;un \u00e9v\u00e9nement caritatif visant \u00e0 prot\u00e9ger les truites end\u00e9miques de la ville natale de Zanat. Le produit a attir\u00e9 une attention incroyable de la part des m\u00e9dias sp\u00e9cialis\u00e9s dans le design, des clients et de certaines grandes marques de design de [&hellip;]","og_url":"https:\/\/zanat.org\/fr\/article\/bol-nera-grand-copy\/","og_site_name":"ZANAT","article_modified_time":"2023-06-20T09:26:25+00:00","og_image":[{"width":2400,"height":1800,"url":"https:\/\/zanat.org\/wp-content\/uploads\/2023\/06\/nera-bowl-large-forster-zanat-walnut-ssp-482-1-compress.jpg","type":"image\/jpeg"}],"twitter_card":"summary_large_image","twitter_misc":{"Dur\u00e9e de lecture estim\u00e9e":"1 minute"},"schema":{"@context":"https:\/\/schema.org","@graph":[{"@type":"WebPage","@id":"https:\/\/zanat.org\/fr\/article\/bol-nera-grand-copy\/","url":"https:\/\/zanat.org\/fr\/article\/bol-nera-grand-copy\/","name":"Bol Nera grand - ZANAT","isPartOf":{"@id":"https:\/\/staging.zanat.org\/fr\/#website"},"primaryImageOfPage":{"@id":"https:\/\/zanat.org\/fr\/article\/bol-nera-grand-copy\/#primaryimage"},"image":{"@id":"https:\/\/zanat.org\/fr\/article\/bol-nera-grand-copy\/#primaryimage"},"thumbnailUrl":"https:\/\/zanat.org\/wp-content\/uploads\/2023\/06\/nera-bowl-large-forster-zanat-walnut-ssp-482-1-compress.jpg","datePublished":"2023-06-05T11:42:13+00:00","dateModified":"2023-06-20T09:26:25+00:00","breadcrumb":{"@id":"https:\/\/zanat.org\/fr\/article\/bol-nera-grand-copy\/#breadcrumb"},"inLanguage":"fr-FR","potentialAction":[{"@type":"ReadAction","target":["https:\/\/zanat.org\/fr\/article\/bol-nera-grand-copy\/"]}]},{"@type":"ImageObject","inLanguage":"fr-FR","@id":"https:\/\/zanat.org\/fr\/article\/bol-nera-grand-copy\/#primaryimage","url":"https:\/\/zanat.org\/wp-content\/uploads\/2023\/06\/nera-bowl-large-forster-zanat-walnut-ssp-482-1-compress.jpg","contentUrl":"https:\/\/zanat.org\/wp-content\/uploads\/2023\/06\/nera-bowl-large-forster-zanat-walnut-ssp-482-1-compress.jpg","width":2400,"height":1800},{"@type":"BreadcrumbList","@id":"https:\/\/zanat.org\/fr\/article\/bol-nera-grand-copy\/#breadcrumb","itemListElement":[{"@type":"ListItem","position":1,"name":"Zanat","item":"https:\/\/staging.zanat.org\/fr\/"},{"@type":"ListItem","position":2,"name":"Boutique","item":"https:\/\/staging.zanat.org\/fr\/boutique\/"},{"@type":"ListItem","position":3,"name":"Boutique de cadeaux","item":"https:\/\/zanat.org\/fr\/categorie-produit\/gift-shop-fr\/"},{"@type":"ListItem","position":4,"name":"Bol Nera grand"}]},{"@type":"WebSite","@id":"https:\/\/staging.zanat.org\/fr\/#website","url":"https:\/\/staging.zanat.org\/fr\/","name":"ZANAT","description":"Improve your home &amp; improve our world","potentialAction":[{"@type":"SearchAction","target":{"@type":"EntryPoint","urlTemplate":"https:\/\/staging.zanat.org\/fr\/?s={search_term_string}"},"query-input":{"@type":"PropertyValueSpecification","valueRequired":true,"valueName":"search_term_string"}}],"inLanguage":"fr-FR"}]}},"_links":{"self":[{"href":"https:\/\/zanat.org\/fr\/wp-json\/wp\/v2\/product\/16502","targetHints":{"allow":["GET"]}}],"collection":[{"href":"https:\/\/zanat.org\/fr\/wp-json\/wp\/v2\/product"}],"about":[{"href":"https:\/\/zanat.org\/fr\/wp-json\/wp\/v2\/types\/product"}],"wp:featuredmedia":[{"embeddable":true,"href":"https:\/\/zanat.org\/fr\/wp-json\/wp\/v2\/media\/16512"}],"wp:attachment":[{"href":"https:\/\/zanat.org\/fr\/wp-json\/wp\/v2\/media?parent=16502"}],"wp:term":[{"taxonomy":"product_brand","embeddable":true,"href":"https:\/\/zanat.org\/fr\/wp-json\/wp\/v2\/product_brand?post=16502"},{"taxonomy":"product_cat","embeddable":true,"href":"https:\/\/zanat.org\/fr\/wp-json\/wp\/v2\/product_cat?post=16502"},{"taxonomy":"product_tag","embeddable":true,"href":"https:\/\/zanat.org\/fr\/wp-json\/wp\/v2\/product_tag?post=16502"}],"curies":[{"name":"wp","href":"https:\/\/api.w.org\/{rel}","templated":true}]}}