{"id":16407,"date":"2023-06-05T12:20:51","date_gmt":"2023-06-05T10:20:51","guid":{"rendered":"https:\/\/zanat.org\/?post_type=product&#038;p=16407"},"modified":"2023-06-20T10:07:04","modified_gmt":"2023-06-20T08:07:04","slug":"tabouret-tattoo-simple-copy-3","status":"publish","type":"product","link":"https:\/\/zanat.org\/fr\/article\/tabouret-tattoo-simple-copy-3\/","title":{"rendered":"Tattoo Stool Plain (3), huile de fr\u00eane blanc"},"content":{"rendered":"<p>Le tabouret Tattoo est un tabouret soign\u00e9, l\u00e9ger, stable et empilable avec de belles gravures ludiques, disponible en version \u00e0 trois ou quatre pieds. Les trous sur le dessus ajoutent au caract\u00e8re du tabouret et permettent de le saisir et de le transporter facilement. Les tabourets peuvent \u00eatre tatou\u00e9s de la t\u00eate aux pieds ou de mani\u00e8re tr\u00e8s discr\u00e8te. Ils peuvent \u00eatre choisis dans diff\u00e9rents types de bois, de couleurs, teint\u00e9s ou laqu\u00e9s. La symbolique des graphismes est \u00e0 cr\u00e9er dans l&rsquo;\u0153il de celui qui regarde. Pour les cr\u00e9ateurs, les tatouages repr\u00e9sentent les contrastes de la vie, l&rsquo;amour, la joie, le chagrin et la douleur.<\/p>\n","protected":false},"excerpt":{"rendered":"<p>Le tabouret Tattoo est un tabouret soign\u00e9, l\u00e9ger, stable et empilable avec de belles gravures ludiques, disponible en version \u00e0 trois ou quatre pieds. Les trous sur le dessus ajoutent au caract\u00e8re du tabouret et permettent de le saisir et de le transporter facilement. Les tabourets peuvent \u00eatre tatou\u00e9s de la t\u00eate aux pieds ou [&hellip;]<\/p>\n","protected":false},"featured_media":16413,"template":"","meta":{"_acf_changed":false,"_monsterinsights_skip_tracking":false,"_monsterinsights_sitenote_active":false,"_monsterinsights_sitenote_note":"","_monsterinsights_sitenote_category":0},"product_brand":[],"product_cat":[775,874,2516],"product_tag":[],"class_list":{"0":"post-16407","1":"product","2":"type-product","3":"status-publish","4":"has-post-thumbnail","6":"product_cat-bancs-tabourets","7":"product_cat-gift-shop-fr","8":"product_cat-tabourets-fr","10":"first","11":"onbackorder","12":"taxable","13":"shipping-taxable","14":"purchasable","15":"product-type-simple"},"acf":[],"yoast_head":"<!-- This site is optimized with the Yoast SEO plugin v26.4 - https:\/\/yoast.com\/wordpress\/plugins\/seo\/ -->\n<title>Tattoo Stool Plain (3), huile de fr\u00eane blanc - ZANAT<\/title>\n<meta name=\"robots\" content=\"index, follow, max-snippet:-1, max-image-preview:large, max-video-preview:-1\" \/>\n<link rel=\"canonical\" href=\"https:\/\/zanat.org\/fr\/article\/tabouret-tattoo-simple-copy-3\/\" \/>\n<meta property=\"og:locale\" content=\"fr_FR\" \/>\n<meta property=\"og:type\" content=\"article\" \/>\n<meta property=\"og:title\" content=\"Tattoo Stool Plain (3), huile de fr\u00eane blanc - ZANAT\" \/>\n<meta property=\"og:description\" content=\"Le tabouret Tattoo est un tabouret soign\u00e9, l\u00e9ger, stable et empilable avec de belles gravures ludiques, disponible en version \u00e0 trois ou quatre pieds. Les trous sur le dessus ajoutent au caract\u00e8re du tabouret et permettent de le saisir et de le transporter facilement. Les tabourets peuvent \u00eatre tatou\u00e9s de la t\u00eate aux pieds ou [&hellip;]\" \/>\n<meta property=\"og:url\" content=\"https:\/\/zanat.org\/fr\/article\/tabouret-tattoo-simple-copy-3\/\" \/>\n<meta property=\"og:site_name\" content=\"ZANAT\" \/>\n<meta property=\"article:modified_time\" content=\"2023-06-20T08:07:04+00:00\" \/>\n<meta property=\"og:image\" content=\"https:\/\/zanat.org\/wp-content\/uploads\/2023\/06\/tattoo-stool-ash-white-oil2-compress.jpg\" \/>\n\t<meta property=\"og:image:width\" content=\"2400\" \/>\n\t<meta property=\"og:image:height\" content=\"1800\" \/>\n\t<meta property=\"og:image:type\" content=\"image\/jpeg\" \/>\n<meta name=\"twitter:card\" content=\"summary_large_image\" \/>\n<meta name=\"twitter:label1\" content=\"Dur\u00e9e de lecture estim\u00e9e\" \/>\n\t<meta name=\"twitter:data1\" content=\"1 minute\" \/>\n<script type=\"application\/ld+json\" class=\"yoast-schema-graph\">{\"@context\":\"https:\/\/schema.org\",\"@graph\":[{\"@type\":\"WebPage\",\"@id\":\"https:\/\/zanat.org\/fr\/article\/tabouret-tattoo-simple-copy-3\/\",\"url\":\"https:\/\/zanat.org\/fr\/article\/tabouret-tattoo-simple-copy-3\/\",\"name\":\"Tattoo Stool Plain (3), huile de fr\u00eane blanc - ZANAT\",\"isPartOf\":{\"@id\":\"https:\/\/staging.zanat.org\/fr\/#website\"},\"primaryImageOfPage\":{\"@id\":\"https:\/\/zanat.org\/fr\/article\/tabouret-tattoo-simple-copy-3\/#primaryimage\"},\"image\":{\"@id\":\"https:\/\/zanat.org\/fr\/article\/tabouret-tattoo-simple-copy-3\/#primaryimage\"},\"thumbnailUrl\":\"https:\/\/zanat.org\/wp-content\/uploads\/2023\/06\/tattoo-stool-ash-white-oil2-compress.jpg\",\"datePublished\":\"2023-06-05T10:20:51+00:00\",\"dateModified\":\"2023-06-20T08:07:04+00:00\",\"breadcrumb\":{\"@id\":\"https:\/\/zanat.org\/fr\/article\/tabouret-tattoo-simple-copy-3\/#breadcrumb\"},\"inLanguage\":\"fr-FR\",\"potentialAction\":[{\"@type\":\"ReadAction\",\"target\":[\"https:\/\/zanat.org\/fr\/article\/tabouret-tattoo-simple-copy-3\/\"]}]},{\"@type\":\"ImageObject\",\"inLanguage\":\"fr-FR\",\"@id\":\"https:\/\/zanat.org\/fr\/article\/tabouret-tattoo-simple-copy-3\/#primaryimage\",\"url\":\"https:\/\/zanat.org\/wp-content\/uploads\/2023\/06\/tattoo-stool-ash-white-oil2-compress.jpg\",\"contentUrl\":\"https:\/\/zanat.org\/wp-content\/uploads\/2023\/06\/tattoo-stool-ash-white-oil2-compress.jpg\",\"width\":2400,\"height\":1800},{\"@type\":\"BreadcrumbList\",\"@id\":\"https:\/\/zanat.org\/fr\/article\/tabouret-tattoo-simple-copy-3\/#breadcrumb\",\"itemListElement\":[{\"@type\":\"ListItem\",\"position\":1,\"name\":\"Zanat\",\"item\":\"https:\/\/staging.zanat.org\/fr\/\"},{\"@type\":\"ListItem\",\"position\":2,\"name\":\"Boutique\",\"item\":\"https:\/\/staging.zanat.org\/fr\/boutique\/\"},{\"@type\":\"ListItem\",\"position\":3,\"name\":\"Boutique de cadeaux\",\"item\":\"https:\/\/zanat.org\/fr\/categorie-produit\/gift-shop-fr\/\"},{\"@type\":\"ListItem\",\"position\":4,\"name\":\"Tabourets\",\"item\":\"https:\/\/zanat.org\/fr\/categorie-produit\/gift-shop-fr\/tabourets-fr\/\"},{\"@type\":\"ListItem\",\"position\":5,\"name\":\"Tattoo Stool Plain (3), huile de fr\u00eane blanc\"}]},{\"@type\":\"WebSite\",\"@id\":\"https:\/\/staging.zanat.org\/fr\/#website\",\"url\":\"https:\/\/staging.zanat.org\/fr\/\",\"name\":\"ZANAT\",\"description\":\"Improve your home &amp; improve our world\",\"potentialAction\":[{\"@type\":\"SearchAction\",\"target\":{\"@type\":\"EntryPoint\",\"urlTemplate\":\"https:\/\/staging.zanat.org\/fr\/?s={search_term_string}\"},\"query-input\":{\"@type\":\"PropertyValueSpecification\",\"valueRequired\":true,\"valueName\":\"search_term_string\"}}],\"inLanguage\":\"fr-FR\"}]}<\/script>\n<!-- \/ Yoast SEO plugin. -->","yoast_head_json":{"title":"Tattoo Stool Plain (3), huile de fr\u00eane blanc - ZANAT","robots":{"index":"index","follow":"follow","max-snippet":"max-snippet:-1","max-image-preview":"max-image-preview:large","max-video-preview":"max-video-preview:-1"},"canonical":"https:\/\/zanat.org\/fr\/article\/tabouret-tattoo-simple-copy-3\/","og_locale":"fr_FR","og_type":"article","og_title":"Tattoo Stool Plain (3), huile de fr\u00eane blanc - ZANAT","og_description":"Le tabouret Tattoo est un tabouret soign\u00e9, l\u00e9ger, stable et empilable avec de belles gravures ludiques, disponible en version \u00e0 trois ou quatre pieds. Les trous sur le dessus ajoutent au caract\u00e8re du tabouret et permettent de le saisir et de le transporter facilement. Les tabourets peuvent \u00eatre tatou\u00e9s de la t\u00eate aux pieds ou [&hellip;]","og_url":"https:\/\/zanat.org\/fr\/article\/tabouret-tattoo-simple-copy-3\/","og_site_name":"ZANAT","article_modified_time":"2023-06-20T08:07:04+00:00","og_image":[{"width":2400,"height":1800,"url":"https:\/\/zanat.org\/wp-content\/uploads\/2023\/06\/tattoo-stool-ash-white-oil2-compress.jpg","type":"image\/jpeg"}],"twitter_card":"summary_large_image","twitter_misc":{"Dur\u00e9e de lecture estim\u00e9e":"1 minute"},"schema":{"@context":"https:\/\/schema.org","@graph":[{"@type":"WebPage","@id":"https:\/\/zanat.org\/fr\/article\/tabouret-tattoo-simple-copy-3\/","url":"https:\/\/zanat.org\/fr\/article\/tabouret-tattoo-simple-copy-3\/","name":"Tattoo Stool Plain (3), huile de fr\u00eane blanc - ZANAT","isPartOf":{"@id":"https:\/\/staging.zanat.org\/fr\/#website"},"primaryImageOfPage":{"@id":"https:\/\/zanat.org\/fr\/article\/tabouret-tattoo-simple-copy-3\/#primaryimage"},"image":{"@id":"https:\/\/zanat.org\/fr\/article\/tabouret-tattoo-simple-copy-3\/#primaryimage"},"thumbnailUrl":"https:\/\/zanat.org\/wp-content\/uploads\/2023\/06\/tattoo-stool-ash-white-oil2-compress.jpg","datePublished":"2023-06-05T10:20:51+00:00","dateModified":"2023-06-20T08:07:04+00:00","breadcrumb":{"@id":"https:\/\/zanat.org\/fr\/article\/tabouret-tattoo-simple-copy-3\/#breadcrumb"},"inLanguage":"fr-FR","potentialAction":[{"@type":"ReadAction","target":["https:\/\/zanat.org\/fr\/article\/tabouret-tattoo-simple-copy-3\/"]}]},{"@type":"ImageObject","inLanguage":"fr-FR","@id":"https:\/\/zanat.org\/fr\/article\/tabouret-tattoo-simple-copy-3\/#primaryimage","url":"https:\/\/zanat.org\/wp-content\/uploads\/2023\/06\/tattoo-stool-ash-white-oil2-compress.jpg","contentUrl":"https:\/\/zanat.org\/wp-content\/uploads\/2023\/06\/tattoo-stool-ash-white-oil2-compress.jpg","width":2400,"height":1800},{"@type":"BreadcrumbList","@id":"https:\/\/zanat.org\/fr\/article\/tabouret-tattoo-simple-copy-3\/#breadcrumb","itemListElement":[{"@type":"ListItem","position":1,"name":"Zanat","item":"https:\/\/staging.zanat.org\/fr\/"},{"@type":"ListItem","position":2,"name":"Boutique","item":"https:\/\/staging.zanat.org\/fr\/boutique\/"},{"@type":"ListItem","position":3,"name":"Boutique de cadeaux","item":"https:\/\/zanat.org\/fr\/categorie-produit\/gift-shop-fr\/"},{"@type":"ListItem","position":4,"name":"Tabourets","item":"https:\/\/zanat.org\/fr\/categorie-produit\/gift-shop-fr\/tabourets-fr\/"},{"@type":"ListItem","position":5,"name":"Tattoo Stool Plain (3), huile de fr\u00eane blanc"}]},{"@type":"WebSite","@id":"https:\/\/staging.zanat.org\/fr\/#website","url":"https:\/\/staging.zanat.org\/fr\/","name":"ZANAT","description":"Improve your home &amp; improve our world","potentialAction":[{"@type":"SearchAction","target":{"@type":"EntryPoint","urlTemplate":"https:\/\/staging.zanat.org\/fr\/?s={search_term_string}"},"query-input":{"@type":"PropertyValueSpecification","valueRequired":true,"valueName":"search_term_string"}}],"inLanguage":"fr-FR"}]}},"_links":{"self":[{"href":"https:\/\/zanat.org\/fr\/wp-json\/wp\/v2\/product\/16407","targetHints":{"allow":["GET"]}}],"collection":[{"href":"https:\/\/zanat.org\/fr\/wp-json\/wp\/v2\/product"}],"about":[{"href":"https:\/\/zanat.org\/fr\/wp-json\/wp\/v2\/types\/product"}],"wp:featuredmedia":[{"embeddable":true,"href":"https:\/\/zanat.org\/fr\/wp-json\/wp\/v2\/media\/16413"}],"wp:attachment":[{"href":"https:\/\/zanat.org\/fr\/wp-json\/wp\/v2\/media?parent=16407"}],"wp:term":[{"taxonomy":"product_brand","embeddable":true,"href":"https:\/\/zanat.org\/fr\/wp-json\/wp\/v2\/product_brand?post=16407"},{"taxonomy":"product_cat","embeddable":true,"href":"https:\/\/zanat.org\/fr\/wp-json\/wp\/v2\/product_cat?post=16407"},{"taxonomy":"product_tag","embeddable":true,"href":"https:\/\/zanat.org\/fr\/wp-json\/wp\/v2\/product_tag?post=16407"}],"curies":[{"name":"wp","href":"https:\/\/api.w.org\/{rel}","templated":true}]}}