{"id":16378,"date":"2023-06-05T11:20:58","date_gmt":"2023-06-05T09:20:58","guid":{"rendered":"https:\/\/zanat.org\/?post_type=product&#038;p=16378"},"modified":"2023-06-20T10:10:48","modified_gmt":"2023-06-20T08:10:48","slug":"boites-branco-copy-copy-2","status":"publish","type":"product","link":"https:\/\/zanat.org\/fr\/article\/boites-branco-copy-copy-2\/","title":{"rendered":"Bo\u00eete Branco grande"},"content":{"rendered":"<p>Les bo\u00eetes Branco existent en trois tailles diff\u00e9rentes et en plusieurs motifs de gravure. Le design rend hommage \u00e0 Constantin Brancusi et \u00e0 ses gravures. En tant que l&rsquo;un des p\u00e8res du modernisme, Brancusi \u00e9tait non seulement sculpteur, peintre et photographe, mais aussi sculpteur sur bois. Ces bo\u00eetes d\u00e9coratives sculpt\u00e9es \u00e0 la main, r\u00e9alis\u00e9es en \u00e9rable massif, sont aussi extraordinairement polyvalentes et peuvent \u00eatre utilis\u00e9es comme bo\u00eetes de rangement sur des \u00e9tag\u00e8res ouvertes, comme tables d&rsquo;appoint, combin\u00e9es en table basse, empil\u00e9es les unes sur les autres comme \u00e9l\u00e9ment sculptural. La fa\u00e7on de les combiner et de les utiliser rel\u00e8ve de l&rsquo;imagination de chacun.<\/p>\n","protected":false},"excerpt":{"rendered":"<p>Les bo\u00eetes Branco existent en trois tailles diff\u00e9rentes et en plusieurs motifs de gravure. Le design rend hommage \u00e0 Constantin Brancusi et \u00e0 ses gravures. En tant que l&rsquo;un des p\u00e8res du modernisme, Brancusi \u00e9tait non seulement sculpteur, peintre et photographe, mais aussi sculpteur sur bois. Ces bo\u00eetes d\u00e9coratives sculpt\u00e9es \u00e0 la main, r\u00e9alis\u00e9es en [&hellip;]<\/p>\n","protected":false},"featured_media":16390,"template":"","meta":{"_acf_changed":false,"_monsterinsights_skip_tracking":false,"_monsterinsights_sitenote_active":false,"_monsterinsights_sitenote_note":"","_monsterinsights_sitenote_category":0},"product_brand":[],"product_cat":[865,874,2519],"product_tag":[],"class_list":{"0":"post-16378","1":"product","2":"type-product","3":"status-publish","4":"has-post-thumbnail","6":"product_cat-accessoires","7":"product_cat-gift-shop-fr","8":"product_cat-boites-et-conteneurs","10":"first","11":"onbackorder","12":"taxable","13":"shipping-taxable","14":"purchasable","15":"product-type-simple"},"acf":[],"yoast_head":"<!-- This site is optimized with the Yoast SEO plugin v26.4 - https:\/\/yoast.com\/wordpress\/plugins\/seo\/ -->\n<title>Bo\u00eete Branco grande - ZANAT<\/title>\n<meta name=\"robots\" content=\"index, follow, max-snippet:-1, max-image-preview:large, max-video-preview:-1\" \/>\n<link rel=\"canonical\" href=\"https:\/\/zanat.org\/fr\/article\/boites-branco-copy-copy-2\/\" \/>\n<meta property=\"og:locale\" content=\"fr_FR\" \/>\n<meta property=\"og:type\" content=\"article\" \/>\n<meta property=\"og:title\" content=\"Bo\u00eete Branco grande - ZANAT\" \/>\n<meta property=\"og:description\" content=\"Les bo\u00eetes Branco existent en trois tailles diff\u00e9rentes et en plusieurs motifs de gravure. Le design rend hommage \u00e0 Constantin Brancusi et \u00e0 ses gravures. En tant que l&rsquo;un des p\u00e8res du modernisme, Brancusi \u00e9tait non seulement sculpteur, peintre et photographe, mais aussi sculpteur sur bois. Ces bo\u00eetes d\u00e9coratives sculpt\u00e9es \u00e0 la main, r\u00e9alis\u00e9es en [&hellip;]\" \/>\n<meta property=\"og:url\" content=\"https:\/\/zanat.org\/fr\/article\/boites-branco-copy-copy-2\/\" \/>\n<meta property=\"og:site_name\" content=\"ZANAT\" \/>\n<meta property=\"article:modified_time\" content=\"2023-06-20T08:10:48+00:00\" \/>\n<meta property=\"og:image\" content=\"https:\/\/zanat.org\/wp-content\/uploads\/2023\/06\/branco-box-large-forster-zanat-maple-ssp-342-compress.jpg\" \/>\n\t<meta property=\"og:image:width\" content=\"2400\" \/>\n\t<meta property=\"og:image:height\" content=\"1800\" \/>\n\t<meta property=\"og:image:type\" content=\"image\/jpeg\" \/>\n<meta name=\"twitter:card\" content=\"summary_large_image\" \/>\n<meta name=\"twitter:label1\" content=\"Dur\u00e9e de lecture estim\u00e9e\" \/>\n\t<meta name=\"twitter:data1\" content=\"1 minute\" \/>\n<script type=\"application\/ld+json\" class=\"yoast-schema-graph\">{\"@context\":\"https:\/\/schema.org\",\"@graph\":[{\"@type\":\"WebPage\",\"@id\":\"https:\/\/zanat.org\/fr\/article\/boites-branco-copy-copy-2\/\",\"url\":\"https:\/\/zanat.org\/fr\/article\/boites-branco-copy-copy-2\/\",\"name\":\"Bo\u00eete Branco grande - ZANAT\",\"isPartOf\":{\"@id\":\"https:\/\/staging.zanat.org\/fr\/#website\"},\"primaryImageOfPage\":{\"@id\":\"https:\/\/zanat.org\/fr\/article\/boites-branco-copy-copy-2\/#primaryimage\"},\"image\":{\"@id\":\"https:\/\/zanat.org\/fr\/article\/boites-branco-copy-copy-2\/#primaryimage\"},\"thumbnailUrl\":\"https:\/\/zanat.org\/wp-content\/uploads\/2023\/06\/branco-box-large-forster-zanat-maple-ssp-342-compress.jpg\",\"datePublished\":\"2023-06-05T09:20:58+00:00\",\"dateModified\":\"2023-06-20T08:10:48+00:00\",\"breadcrumb\":{\"@id\":\"https:\/\/zanat.org\/fr\/article\/boites-branco-copy-copy-2\/#breadcrumb\"},\"inLanguage\":\"fr-FR\",\"potentialAction\":[{\"@type\":\"ReadAction\",\"target\":[\"https:\/\/zanat.org\/fr\/article\/boites-branco-copy-copy-2\/\"]}]},{\"@type\":\"ImageObject\",\"inLanguage\":\"fr-FR\",\"@id\":\"https:\/\/zanat.org\/fr\/article\/boites-branco-copy-copy-2\/#primaryimage\",\"url\":\"https:\/\/zanat.org\/wp-content\/uploads\/2023\/06\/branco-box-large-forster-zanat-maple-ssp-342-compress.jpg\",\"contentUrl\":\"https:\/\/zanat.org\/wp-content\/uploads\/2023\/06\/branco-box-large-forster-zanat-maple-ssp-342-compress.jpg\",\"width\":2400,\"height\":1800},{\"@type\":\"BreadcrumbList\",\"@id\":\"https:\/\/zanat.org\/fr\/article\/boites-branco-copy-copy-2\/#breadcrumb\",\"itemListElement\":[{\"@type\":\"ListItem\",\"position\":1,\"name\":\"Zanat\",\"item\":\"https:\/\/staging.zanat.org\/fr\/\"},{\"@type\":\"ListItem\",\"position\":2,\"name\":\"Boutique\",\"item\":\"https:\/\/staging.zanat.org\/fr\/boutique\/\"},{\"@type\":\"ListItem\",\"position\":3,\"name\":\"Boutique de cadeaux\",\"item\":\"https:\/\/zanat.org\/fr\/categorie-produit\/gift-shop-fr\/\"},{\"@type\":\"ListItem\",\"position\":4,\"name\":\"Boites et conteneurs\",\"item\":\"https:\/\/zanat.org\/fr\/categorie-produit\/gift-shop-fr\/boites-et-conteneurs\/\"},{\"@type\":\"ListItem\",\"position\":5,\"name\":\"Bo\u00eete Branco grande\"}]},{\"@type\":\"WebSite\",\"@id\":\"https:\/\/staging.zanat.org\/fr\/#website\",\"url\":\"https:\/\/staging.zanat.org\/fr\/\",\"name\":\"ZANAT\",\"description\":\"Improve your home &amp; improve our world\",\"potentialAction\":[{\"@type\":\"SearchAction\",\"target\":{\"@type\":\"EntryPoint\",\"urlTemplate\":\"https:\/\/staging.zanat.org\/fr\/?s={search_term_string}\"},\"query-input\":{\"@type\":\"PropertyValueSpecification\",\"valueRequired\":true,\"valueName\":\"search_term_string\"}}],\"inLanguage\":\"fr-FR\"}]}<\/script>\n<!-- \/ Yoast SEO plugin. -->","yoast_head_json":{"title":"Bo\u00eete Branco grande - ZANAT","robots":{"index":"index","follow":"follow","max-snippet":"max-snippet:-1","max-image-preview":"max-image-preview:large","max-video-preview":"max-video-preview:-1"},"canonical":"https:\/\/zanat.org\/fr\/article\/boites-branco-copy-copy-2\/","og_locale":"fr_FR","og_type":"article","og_title":"Bo\u00eete Branco grande - ZANAT","og_description":"Les bo\u00eetes Branco existent en trois tailles diff\u00e9rentes et en plusieurs motifs de gravure. Le design rend hommage \u00e0 Constantin Brancusi et \u00e0 ses gravures. En tant que l&rsquo;un des p\u00e8res du modernisme, Brancusi \u00e9tait non seulement sculpteur, peintre et photographe, mais aussi sculpteur sur bois. Ces bo\u00eetes d\u00e9coratives sculpt\u00e9es \u00e0 la main, r\u00e9alis\u00e9es en [&hellip;]","og_url":"https:\/\/zanat.org\/fr\/article\/boites-branco-copy-copy-2\/","og_site_name":"ZANAT","article_modified_time":"2023-06-20T08:10:48+00:00","og_image":[{"width":2400,"height":1800,"url":"https:\/\/zanat.org\/wp-content\/uploads\/2023\/06\/branco-box-large-forster-zanat-maple-ssp-342-compress.jpg","type":"image\/jpeg"}],"twitter_card":"summary_large_image","twitter_misc":{"Dur\u00e9e de lecture estim\u00e9e":"1 minute"},"schema":{"@context":"https:\/\/schema.org","@graph":[{"@type":"WebPage","@id":"https:\/\/zanat.org\/fr\/article\/boites-branco-copy-copy-2\/","url":"https:\/\/zanat.org\/fr\/article\/boites-branco-copy-copy-2\/","name":"Bo\u00eete Branco grande - ZANAT","isPartOf":{"@id":"https:\/\/staging.zanat.org\/fr\/#website"},"primaryImageOfPage":{"@id":"https:\/\/zanat.org\/fr\/article\/boites-branco-copy-copy-2\/#primaryimage"},"image":{"@id":"https:\/\/zanat.org\/fr\/article\/boites-branco-copy-copy-2\/#primaryimage"},"thumbnailUrl":"https:\/\/zanat.org\/wp-content\/uploads\/2023\/06\/branco-box-large-forster-zanat-maple-ssp-342-compress.jpg","datePublished":"2023-06-05T09:20:58+00:00","dateModified":"2023-06-20T08:10:48+00:00","breadcrumb":{"@id":"https:\/\/zanat.org\/fr\/article\/boites-branco-copy-copy-2\/#breadcrumb"},"inLanguage":"fr-FR","potentialAction":[{"@type":"ReadAction","target":["https:\/\/zanat.org\/fr\/article\/boites-branco-copy-copy-2\/"]}]},{"@type":"ImageObject","inLanguage":"fr-FR","@id":"https:\/\/zanat.org\/fr\/article\/boites-branco-copy-copy-2\/#primaryimage","url":"https:\/\/zanat.org\/wp-content\/uploads\/2023\/06\/branco-box-large-forster-zanat-maple-ssp-342-compress.jpg","contentUrl":"https:\/\/zanat.org\/wp-content\/uploads\/2023\/06\/branco-box-large-forster-zanat-maple-ssp-342-compress.jpg","width":2400,"height":1800},{"@type":"BreadcrumbList","@id":"https:\/\/zanat.org\/fr\/article\/boites-branco-copy-copy-2\/#breadcrumb","itemListElement":[{"@type":"ListItem","position":1,"name":"Zanat","item":"https:\/\/staging.zanat.org\/fr\/"},{"@type":"ListItem","position":2,"name":"Boutique","item":"https:\/\/staging.zanat.org\/fr\/boutique\/"},{"@type":"ListItem","position":3,"name":"Boutique de cadeaux","item":"https:\/\/zanat.org\/fr\/categorie-produit\/gift-shop-fr\/"},{"@type":"ListItem","position":4,"name":"Boites et conteneurs","item":"https:\/\/zanat.org\/fr\/categorie-produit\/gift-shop-fr\/boites-et-conteneurs\/"},{"@type":"ListItem","position":5,"name":"Bo\u00eete Branco grande"}]},{"@type":"WebSite","@id":"https:\/\/staging.zanat.org\/fr\/#website","url":"https:\/\/staging.zanat.org\/fr\/","name":"ZANAT","description":"Improve your home &amp; improve our world","potentialAction":[{"@type":"SearchAction","target":{"@type":"EntryPoint","urlTemplate":"https:\/\/staging.zanat.org\/fr\/?s={search_term_string}"},"query-input":{"@type":"PropertyValueSpecification","valueRequired":true,"valueName":"search_term_string"}}],"inLanguage":"fr-FR"}]}},"_links":{"self":[{"href":"https:\/\/zanat.org\/fr\/wp-json\/wp\/v2\/product\/16378","targetHints":{"allow":["GET"]}}],"collection":[{"href":"https:\/\/zanat.org\/fr\/wp-json\/wp\/v2\/product"}],"about":[{"href":"https:\/\/zanat.org\/fr\/wp-json\/wp\/v2\/types\/product"}],"wp:featuredmedia":[{"embeddable":true,"href":"https:\/\/zanat.org\/fr\/wp-json\/wp\/v2\/media\/16390"}],"wp:attachment":[{"href":"https:\/\/zanat.org\/fr\/wp-json\/wp\/v2\/media?parent=16378"}],"wp:term":[{"taxonomy":"product_brand","embeddable":true,"href":"https:\/\/zanat.org\/fr\/wp-json\/wp\/v2\/product_brand?post=16378"},{"taxonomy":"product_cat","embeddable":true,"href":"https:\/\/zanat.org\/fr\/wp-json\/wp\/v2\/product_cat?post=16378"},{"taxonomy":"product_tag","embeddable":true,"href":"https:\/\/zanat.org\/fr\/wp-json\/wp\/v2\/product_tag?post=16378"}],"curies":[{"name":"wp","href":"https:\/\/api.w.org\/{rel}","templated":true}]}}