{"id":16251,"date":"2023-06-05T10:36:14","date_gmt":"2023-06-05T08:36:14","guid":{"rendered":"https:\/\/zanat.org\/?post_type=product&#038;p=16251"},"modified":"2023-06-20T10:13:13","modified_gmt":"2023-06-20T08:13:13","slug":"plateaux-mati-copy-copy","status":"publish","type":"product","link":"https:\/\/zanat.org\/fr\/article\/plateaux-mati-copy-copy\/","title":{"rendered":"Mati Plateau grand, sculpture sur les pieds et au centre, \u00e9rable teint\u00e9 noir"},"content":{"rendered":"<p>Les plateaux Mati sont de petits objets en bois sophistiqu\u00e9s dont le plateau \u00ab\u00a0en l\u00e9vitation\u00a0\u00bb est soutenu par trois pieds sculpt\u00e9s \u00e0 la main, \u00e9galement r\u00e9alis\u00e9s dans de fines plaques de bois massif. Le motif de la gravure s&rsquo;inspire de la vue microscopique du bois, qui r\u00e9v\u00e8le sa structure cellulaire \u00e9tonnante. Le plateau Mati est encore plus sp\u00e9cial avec les gravures optionnelles \u00e0 l&rsquo;int\u00e9rieur.<\/p>\n","protected":false},"excerpt":{"rendered":"<p>Les plateaux Mati sont de petits objets en bois sophistiqu\u00e9s dont le plateau \u00ab\u00a0en l\u00e9vitation\u00a0\u00bb est soutenu par trois pieds sculpt\u00e9s \u00e0 la main, \u00e9galement r\u00e9alis\u00e9s dans de fines plaques de bois massif. Le motif de la gravure s&rsquo;inspire de la vue microscopique du bois, qui r\u00e9v\u00e8le sa structure cellulaire \u00e9tonnante. Le plateau Mati est [&hellip;]<\/p>\n","protected":false},"featured_media":17191,"template":"","meta":{"_acf_changed":false,"_monsterinsights_skip_tracking":false,"_monsterinsights_sitenote_active":false,"_monsterinsights_sitenote_note":"","_monsterinsights_sitenote_category":0},"product_brand":[],"product_cat":[865,874,2513],"product_tag":[],"class_list":{"0":"post-16251","1":"product","2":"type-product","3":"status-publish","4":"has-post-thumbnail","6":"product_cat-accessoires","7":"product_cat-gift-shop-fr","8":"product_cat-plateaux","10":"first","11":"onbackorder","12":"taxable","13":"shipping-taxable","14":"purchasable","15":"product-type-simple"},"acf":[],"yoast_head":"<!-- This site is optimized with the Yoast SEO plugin v26.4 - https:\/\/yoast.com\/wordpress\/plugins\/seo\/ -->\n<title>Mati Plateau grand, sculpture sur les pieds et au centre, \u00e9rable teint\u00e9 noir - ZANAT<\/title>\n<meta name=\"robots\" content=\"index, follow, max-snippet:-1, max-image-preview:large, max-video-preview:-1\" \/>\n<link rel=\"canonical\" href=\"https:\/\/zanat.org\/fr\/article\/plateaux-mati-copy-copy\/\" \/>\n<meta property=\"og:locale\" content=\"fr_FR\" \/>\n<meta property=\"og:type\" content=\"article\" \/>\n<meta property=\"og:title\" content=\"Mati Plateau grand, sculpture sur les pieds et au centre, \u00e9rable teint\u00e9 noir - ZANAT\" \/>\n<meta property=\"og:description\" content=\"Les plateaux Mati sont de petits objets en bois sophistiqu\u00e9s dont le plateau \u00ab\u00a0en l\u00e9vitation\u00a0\u00bb est soutenu par trois pieds sculpt\u00e9s \u00e0 la main, \u00e9galement r\u00e9alis\u00e9s dans de fines plaques de bois massif. Le motif de la gravure s&rsquo;inspire de la vue microscopique du bois, qui r\u00e9v\u00e8le sa structure cellulaire \u00e9tonnante. Le plateau Mati est [&hellip;]\" \/>\n<meta property=\"og:url\" content=\"https:\/\/zanat.org\/fr\/article\/plateaux-mati-copy-copy\/\" \/>\n<meta property=\"og:site_name\" content=\"ZANAT\" \/>\n<meta property=\"article:modified_time\" content=\"2023-06-20T08:13:13+00:00\" \/>\n<meta property=\"og:image\" content=\"https:\/\/zanat.org\/wp-content\/uploads\/2021\/08\/mati-tray-large-sebastian-herkner-zanat-maple-ssp-779-1-compress.jpg\" \/>\n\t<meta property=\"og:image:width\" content=\"2400\" \/>\n\t<meta property=\"og:image:height\" content=\"1800\" \/>\n\t<meta property=\"og:image:type\" content=\"image\/jpeg\" \/>\n<meta name=\"twitter:card\" content=\"summary_large_image\" \/>\n<meta name=\"twitter:label1\" content=\"Dur\u00e9e de lecture estim\u00e9e\" \/>\n\t<meta name=\"twitter:data1\" content=\"1 minute\" \/>\n<script type=\"application\/ld+json\" class=\"yoast-schema-graph\">{\"@context\":\"https:\/\/schema.org\",\"@graph\":[{\"@type\":\"WebPage\",\"@id\":\"https:\/\/zanat.org\/fr\/article\/plateaux-mati-copy-copy\/\",\"url\":\"https:\/\/zanat.org\/fr\/article\/plateaux-mati-copy-copy\/\",\"name\":\"Mati Plateau grand, sculpture sur les pieds et au centre, \u00e9rable teint\u00e9 noir - ZANAT\",\"isPartOf\":{\"@id\":\"https:\/\/staging.zanat.org\/fr\/#website\"},\"primaryImageOfPage\":{\"@id\":\"https:\/\/zanat.org\/fr\/article\/plateaux-mati-copy-copy\/#primaryimage\"},\"image\":{\"@id\":\"https:\/\/zanat.org\/fr\/article\/plateaux-mati-copy-copy\/#primaryimage\"},\"thumbnailUrl\":\"https:\/\/zanat.org\/wp-content\/uploads\/2021\/08\/mati-tray-large-sebastian-herkner-zanat-maple-ssp-779-1-compress.jpg\",\"datePublished\":\"2023-06-05T08:36:14+00:00\",\"dateModified\":\"2023-06-20T08:13:13+00:00\",\"breadcrumb\":{\"@id\":\"https:\/\/zanat.org\/fr\/article\/plateaux-mati-copy-copy\/#breadcrumb\"},\"inLanguage\":\"fr-FR\",\"potentialAction\":[{\"@type\":\"ReadAction\",\"target\":[\"https:\/\/zanat.org\/fr\/article\/plateaux-mati-copy-copy\/\"]}]},{\"@type\":\"ImageObject\",\"inLanguage\":\"fr-FR\",\"@id\":\"https:\/\/zanat.org\/fr\/article\/plateaux-mati-copy-copy\/#primaryimage\",\"url\":\"https:\/\/zanat.org\/wp-content\/uploads\/2021\/08\/mati-tray-large-sebastian-herkner-zanat-maple-ssp-779-1-compress.jpg\",\"contentUrl\":\"https:\/\/zanat.org\/wp-content\/uploads\/2021\/08\/mati-tray-large-sebastian-herkner-zanat-maple-ssp-779-1-compress.jpg\",\"width\":2400,\"height\":1800},{\"@type\":\"BreadcrumbList\",\"@id\":\"https:\/\/zanat.org\/fr\/article\/plateaux-mati-copy-copy\/#breadcrumb\",\"itemListElement\":[{\"@type\":\"ListItem\",\"position\":1,\"name\":\"Zanat\",\"item\":\"https:\/\/staging.zanat.org\/fr\/\"},{\"@type\":\"ListItem\",\"position\":2,\"name\":\"Boutique\",\"item\":\"https:\/\/staging.zanat.org\/fr\/boutique\/\"},{\"@type\":\"ListItem\",\"position\":3,\"name\":\"Boutique de cadeaux\",\"item\":\"https:\/\/zanat.org\/fr\/categorie-produit\/gift-shop-fr\/\"},{\"@type\":\"ListItem\",\"position\":4,\"name\":\"Plateaux\",\"item\":\"https:\/\/zanat.org\/fr\/categorie-produit\/gift-shop-fr\/plateaux\/\"},{\"@type\":\"ListItem\",\"position\":5,\"name\":\"Mati Plateau grand, sculpture sur les pieds et au centre, \u00e9rable teint\u00e9 noir\"}]},{\"@type\":\"WebSite\",\"@id\":\"https:\/\/staging.zanat.org\/fr\/#website\",\"url\":\"https:\/\/staging.zanat.org\/fr\/\",\"name\":\"ZANAT\",\"description\":\"Improve your home &amp; improve our world\",\"potentialAction\":[{\"@type\":\"SearchAction\",\"target\":{\"@type\":\"EntryPoint\",\"urlTemplate\":\"https:\/\/staging.zanat.org\/fr\/?s={search_term_string}\"},\"query-input\":{\"@type\":\"PropertyValueSpecification\",\"valueRequired\":true,\"valueName\":\"search_term_string\"}}],\"inLanguage\":\"fr-FR\"}]}<\/script>\n<!-- \/ Yoast SEO plugin. -->","yoast_head_json":{"title":"Mati Plateau grand, sculpture sur les pieds et au centre, \u00e9rable teint\u00e9 noir - ZANAT","robots":{"index":"index","follow":"follow","max-snippet":"max-snippet:-1","max-image-preview":"max-image-preview:large","max-video-preview":"max-video-preview:-1"},"canonical":"https:\/\/zanat.org\/fr\/article\/plateaux-mati-copy-copy\/","og_locale":"fr_FR","og_type":"article","og_title":"Mati Plateau grand, sculpture sur les pieds et au centre, \u00e9rable teint\u00e9 noir - ZANAT","og_description":"Les plateaux Mati sont de petits objets en bois sophistiqu\u00e9s dont le plateau \u00ab\u00a0en l\u00e9vitation\u00a0\u00bb est soutenu par trois pieds sculpt\u00e9s \u00e0 la main, \u00e9galement r\u00e9alis\u00e9s dans de fines plaques de bois massif. Le motif de la gravure s&rsquo;inspire de la vue microscopique du bois, qui r\u00e9v\u00e8le sa structure cellulaire \u00e9tonnante. Le plateau Mati est [&hellip;]","og_url":"https:\/\/zanat.org\/fr\/article\/plateaux-mati-copy-copy\/","og_site_name":"ZANAT","article_modified_time":"2023-06-20T08:13:13+00:00","og_image":[{"width":2400,"height":1800,"url":"https:\/\/zanat.org\/wp-content\/uploads\/2021\/08\/mati-tray-large-sebastian-herkner-zanat-maple-ssp-779-1-compress.jpg","type":"image\/jpeg"}],"twitter_card":"summary_large_image","twitter_misc":{"Dur\u00e9e de lecture estim\u00e9e":"1 minute"},"schema":{"@context":"https:\/\/schema.org","@graph":[{"@type":"WebPage","@id":"https:\/\/zanat.org\/fr\/article\/plateaux-mati-copy-copy\/","url":"https:\/\/zanat.org\/fr\/article\/plateaux-mati-copy-copy\/","name":"Mati Plateau grand, sculpture sur les pieds et au centre, \u00e9rable teint\u00e9 noir - ZANAT","isPartOf":{"@id":"https:\/\/staging.zanat.org\/fr\/#website"},"primaryImageOfPage":{"@id":"https:\/\/zanat.org\/fr\/article\/plateaux-mati-copy-copy\/#primaryimage"},"image":{"@id":"https:\/\/zanat.org\/fr\/article\/plateaux-mati-copy-copy\/#primaryimage"},"thumbnailUrl":"https:\/\/zanat.org\/wp-content\/uploads\/2021\/08\/mati-tray-large-sebastian-herkner-zanat-maple-ssp-779-1-compress.jpg","datePublished":"2023-06-05T08:36:14+00:00","dateModified":"2023-06-20T08:13:13+00:00","breadcrumb":{"@id":"https:\/\/zanat.org\/fr\/article\/plateaux-mati-copy-copy\/#breadcrumb"},"inLanguage":"fr-FR","potentialAction":[{"@type":"ReadAction","target":["https:\/\/zanat.org\/fr\/article\/plateaux-mati-copy-copy\/"]}]},{"@type":"ImageObject","inLanguage":"fr-FR","@id":"https:\/\/zanat.org\/fr\/article\/plateaux-mati-copy-copy\/#primaryimage","url":"https:\/\/zanat.org\/wp-content\/uploads\/2021\/08\/mati-tray-large-sebastian-herkner-zanat-maple-ssp-779-1-compress.jpg","contentUrl":"https:\/\/zanat.org\/wp-content\/uploads\/2021\/08\/mati-tray-large-sebastian-herkner-zanat-maple-ssp-779-1-compress.jpg","width":2400,"height":1800},{"@type":"BreadcrumbList","@id":"https:\/\/zanat.org\/fr\/article\/plateaux-mati-copy-copy\/#breadcrumb","itemListElement":[{"@type":"ListItem","position":1,"name":"Zanat","item":"https:\/\/staging.zanat.org\/fr\/"},{"@type":"ListItem","position":2,"name":"Boutique","item":"https:\/\/staging.zanat.org\/fr\/boutique\/"},{"@type":"ListItem","position":3,"name":"Boutique de cadeaux","item":"https:\/\/zanat.org\/fr\/categorie-produit\/gift-shop-fr\/"},{"@type":"ListItem","position":4,"name":"Plateaux","item":"https:\/\/zanat.org\/fr\/categorie-produit\/gift-shop-fr\/plateaux\/"},{"@type":"ListItem","position":5,"name":"Mati Plateau grand, sculpture sur les pieds et au centre, \u00e9rable teint\u00e9 noir"}]},{"@type":"WebSite","@id":"https:\/\/staging.zanat.org\/fr\/#website","url":"https:\/\/staging.zanat.org\/fr\/","name":"ZANAT","description":"Improve your home &amp; improve our world","potentialAction":[{"@type":"SearchAction","target":{"@type":"EntryPoint","urlTemplate":"https:\/\/staging.zanat.org\/fr\/?s={search_term_string}"},"query-input":{"@type":"PropertyValueSpecification","valueRequired":true,"valueName":"search_term_string"}}],"inLanguage":"fr-FR"}]}},"_links":{"self":[{"href":"https:\/\/zanat.org\/fr\/wp-json\/wp\/v2\/product\/16251","targetHints":{"allow":["GET"]}}],"collection":[{"href":"https:\/\/zanat.org\/fr\/wp-json\/wp\/v2\/product"}],"about":[{"href":"https:\/\/zanat.org\/fr\/wp-json\/wp\/v2\/types\/product"}],"wp:featuredmedia":[{"embeddable":true,"href":"https:\/\/zanat.org\/fr\/wp-json\/wp\/v2\/media\/17191"}],"wp:attachment":[{"href":"https:\/\/zanat.org\/fr\/wp-json\/wp\/v2\/media?parent=16251"}],"wp:term":[{"taxonomy":"product_brand","embeddable":true,"href":"https:\/\/zanat.org\/fr\/wp-json\/wp\/v2\/product_brand?post=16251"},{"taxonomy":"product_cat","embeddable":true,"href":"https:\/\/zanat.org\/fr\/wp-json\/wp\/v2\/product_cat?post=16251"},{"taxonomy":"product_tag","embeddable":true,"href":"https:\/\/zanat.org\/fr\/wp-json\/wp\/v2\/product_tag?post=16251"}],"curies":[{"name":"wp","href":"https:\/\/api.w.org\/{rel}","templated":true}]}}