{"id":7216,"date":"2021-07-13T12:59:57","date_gmt":"2021-07-13T10:59:57","guid":{"rendered":"https:\/\/zanat.org\/musee-de-la-gravure-sur-bois\/"},"modified":"2023-06-19T16:42:26","modified_gmt":"2023-06-19T14:42:26","slug":"musee-de-la-gravure-sur-bois","status":"publish","type":"page","link":"https:\/\/zanat.org\/fr\/a-propos-de-nous\/musee-de-la-gravure-sur-bois\/","title":{"rendered":"Mus\u00e9e de la gravure sur bois"},"content":{"rendered":"\t\t<div data-elementor-type=\"wp-page\" data-elementor-id=\"7216\" class=\"elementor elementor-7216 elementor-29\" data-elementor-post-type=\"page\">\n\t\t\t\t\t\t<div class=\"elementor-inner\">\n\t\t\t\t<div class=\"elementor-section-wrap\">\n\t\t\t\t\t\t\t\t\t<section class=\"elementor-section elementor-top-section elementor-element elementor-element-afc68d3 elementor-section-boxed elementor-section-height-default elementor-section-height-default\" data-id=\"afc68d3\" data-element_type=\"section\" data-settings=\"{&quot;jet_parallax_layout_list&quot;:[{&quot;jet_parallax_layout_image&quot;:{&quot;url&quot;:&quot;&quot;,&quot;id&quot;:&quot;&quot;,&quot;size&quot;:&quot;&quot;},&quot;_id&quot;:&quot;f00e144&quot;,&quot;jet_parallax_layout_image_tablet&quot;:{&quot;url&quot;:&quot;&quot;,&quot;id&quot;:&quot;&quot;,&quot;size&quot;:&quot;&quot;},&quot;jet_parallax_layout_image_mobile&quot;:{&quot;url&quot;:&quot;&quot;,&quot;id&quot;:&quot;&quot;,&quot;size&quot;:&quot;&quot;},&quot;jet_parallax_layout_speed&quot;:{&quot;unit&quot;:&quot;%&quot;,&quot;size&quot;:50,&quot;sizes&quot;:[]},&quot;jet_parallax_layout_type&quot;:&quot;scroll&quot;,&quot;jet_parallax_layout_direction&quot;:null,&quot;jet_parallax_layout_fx_direction&quot;:null,&quot;jet_parallax_layout_z_index&quot;:&quot;&quot;,&quot;jet_parallax_layout_bg_x&quot;:50,&quot;jet_parallax_layout_bg_x_tablet&quot;:&quot;&quot;,&quot;jet_parallax_layout_bg_x_mobile&quot;:&quot;&quot;,&quot;jet_parallax_layout_bg_y&quot;:50,&quot;jet_parallax_layout_bg_y_tablet&quot;:&quot;&quot;,&quot;jet_parallax_layout_bg_y_mobile&quot;:&quot;&quot;,&quot;jet_parallax_layout_bg_size&quot;:&quot;auto&quot;,&quot;jet_parallax_layout_bg_size_tablet&quot;:&quot;&quot;,&quot;jet_parallax_layout_bg_size_mobile&quot;:&quot;&quot;,&quot;jet_parallax_layout_animation_prop&quot;:&quot;transform&quot;,&quot;jet_parallax_layout_on&quot;:[&quot;desktop&quot;,&quot;tablet&quot;]}]}\">\n\t\t\t\t\t\t<div class=\"elementor-container elementor-column-gap-default\">\n\t\t\t\t\t\t\t<div class=\"elementor-row\">\n\t\t\t\t\t<div class=\"elementor-column elementor-col-100 elementor-top-column elementor-element elementor-element-440bdb3\" data-id=\"440bdb3\" data-element_type=\"column\">\n\t\t\t<div class=\"elementor-column-wrap elementor-element-populated\">\n\t\t\t\t\t\t\t<div class=\"elementor-widget-wrap\">\n\t\t\t\t\t\t<div class=\"elementor-element elementor-element-77049f3 elementor-widget elementor-widget-text-editor\" data-id=\"77049f3\" data-element_type=\"widget\" data-widget_type=\"text-editor.default\">\n\t\t\t\t<div class=\"elementor-widget-container\">\n\t\t\t\t\t\t\t\t<div class=\"elementor-text-editor elementor-clearfix\">\n\t\t\t\t<p>En juin 2019, la famille Nik\u0161i\u0107, fondatrice de Zanat, a ouvert le mus\u00e9e de la gravure sur bois \u00e0 Konjic pour inaugurer l&rsquo;inscription de cet artisanat \u00e0 l&rsquo;UNESCO.<\/p>\t\t\t\t\t<\/div>\n\t\t\t\t\t\t<\/div>\n\t\t\t\t<\/div>\n\t\t\t\t\t\t<\/div>\n\t\t\t\t\t<\/div>\n\t\t<\/div>\n\t\t\t\t\t\t\t\t<\/div>\n\t\t\t\t\t<\/div>\n\t\t<\/section>\n\t\t\t\t<section class=\"elementor-section elementor-top-section elementor-element elementor-element-300df1e elementor-section-full_width elementor-section-height-min-height elementor-section-stretched elementor-section-height-default elementor-section-items-middle\" data-id=\"300df1e\" data-element_type=\"section\" data-settings=\"{&quot;stretch_section&quot;:&quot;section-stretched&quot;,&quot;jet_parallax_layout_list&quot;:[{&quot;jet_parallax_layout_image&quot;:{&quot;url&quot;:&quot;&quot;,&quot;id&quot;:&quot;&quot;,&quot;size&quot;:&quot;&quot;},&quot;_id&quot;:&quot;7a63fd8&quot;,&quot;jet_parallax_layout_image_tablet&quot;:{&quot;url&quot;:&quot;&quot;,&quot;id&quot;:&quot;&quot;,&quot;size&quot;:&quot;&quot;},&quot;jet_parallax_layout_image_mobile&quot;:{&quot;url&quot;:&quot;&quot;,&quot;id&quot;:&quot;&quot;,&quot;size&quot;:&quot;&quot;},&quot;jet_parallax_layout_speed&quot;:{&quot;unit&quot;:&quot;%&quot;,&quot;size&quot;:50,&quot;sizes&quot;:[]},&quot;jet_parallax_layout_type&quot;:&quot;scroll&quot;,&quot;jet_parallax_layout_direction&quot;:null,&quot;jet_parallax_layout_fx_direction&quot;:null,&quot;jet_parallax_layout_z_index&quot;:&quot;&quot;,&quot;jet_parallax_layout_bg_x&quot;:50,&quot;jet_parallax_layout_bg_x_tablet&quot;:&quot;&quot;,&quot;jet_parallax_layout_bg_x_mobile&quot;:&quot;&quot;,&quot;jet_parallax_layout_bg_y&quot;:50,&quot;jet_parallax_layout_bg_y_tablet&quot;:&quot;&quot;,&quot;jet_parallax_layout_bg_y_mobile&quot;:&quot;&quot;,&quot;jet_parallax_layout_bg_size&quot;:&quot;auto&quot;,&quot;jet_parallax_layout_bg_size_tablet&quot;:&quot;&quot;,&quot;jet_parallax_layout_bg_size_mobile&quot;:&quot;&quot;,&quot;jet_parallax_layout_animation_prop&quot;:&quot;transform&quot;,&quot;jet_parallax_layout_on&quot;:[&quot;desktop&quot;,&quot;tablet&quot;]}],&quot;background_background&quot;:&quot;slideshow&quot;,&quot;background_slideshow_gallery&quot;:[{&quot;id&quot;:3961,&quot;url&quot;:&quot;https:\\\/\\\/zanat.org\\\/wp-content\\\/uploads\\\/2021\\\/11\\\/zanat-woodcarving-museum-01.jpg&quot;},{&quot;id&quot;:3962,&quot;url&quot;:&quot;https:\\\/\\\/zanat.org\\\/wp-content\\\/uploads\\\/2021\\\/11\\\/zanat-woodcarving-museum-02.jpg&quot;},{&quot;id&quot;:3977,&quot;url&quot;:&quot;https:\\\/\\\/zanat.org\\\/wp-content\\\/uploads\\\/2021\\\/11\\\/zanat-woodcarving-museum-03.jpg&quot;}],&quot;background_slideshow_ken_burns&quot;:&quot;yes&quot;,&quot;background_slideshow_loop&quot;:&quot;yes&quot;,&quot;background_slideshow_slide_duration&quot;:5000,&quot;background_slideshow_slide_transition&quot;:&quot;fade&quot;,&quot;background_slideshow_transition_duration&quot;:500,&quot;background_slideshow_ken_burns_zoom_direction&quot;:&quot;in&quot;}\">\n\t\t\t\t\t\t<div class=\"elementor-container elementor-column-gap-no\">\n\t\t\t\t\t\t\t<div class=\"elementor-row\">\n\t\t\t\t\t<div class=\"elementor-column elementor-col-100 elementor-top-column elementor-element elementor-element-9584e1f\" data-id=\"9584e1f\" data-element_type=\"column\">\n\t\t\t<div class=\"elementor-column-wrap\">\n\t\t\t\t\t\t\t<div class=\"elementor-widget-wrap\">\n\t\t\t\t\t\t\t\t<\/div>\n\t\t\t\t\t<\/div>\n\t\t<\/div>\n\t\t\t\t\t\t\t\t<\/div>\n\t\t\t\t\t<\/div>\n\t\t<\/section>\n\t\t\t\t<section class=\"elementor-section elementor-top-section elementor-element elementor-element-f0e7597 elementor-section-boxed elementor-section-height-default elementor-section-height-default\" data-id=\"f0e7597\" data-element_type=\"section\" data-settings=\"{&quot;jet_parallax_layout_list&quot;:[{&quot;jet_parallax_layout_image&quot;:{&quot;url&quot;:&quot;&quot;,&quot;id&quot;:&quot;&quot;,&quot;size&quot;:&quot;&quot;},&quot;_id&quot;:&quot;f58556a&quot;,&quot;jet_parallax_layout_image_tablet&quot;:{&quot;url&quot;:&quot;&quot;,&quot;id&quot;:&quot;&quot;,&quot;size&quot;:&quot;&quot;},&quot;jet_parallax_layout_image_mobile&quot;:{&quot;url&quot;:&quot;&quot;,&quot;id&quot;:&quot;&quot;,&quot;size&quot;:&quot;&quot;},&quot;jet_parallax_layout_speed&quot;:{&quot;unit&quot;:&quot;%&quot;,&quot;size&quot;:50,&quot;sizes&quot;:[]},&quot;jet_parallax_layout_type&quot;:&quot;scroll&quot;,&quot;jet_parallax_layout_direction&quot;:null,&quot;jet_parallax_layout_fx_direction&quot;:null,&quot;jet_parallax_layout_z_index&quot;:&quot;&quot;,&quot;jet_parallax_layout_bg_x&quot;:50,&quot;jet_parallax_layout_bg_x_tablet&quot;:&quot;&quot;,&quot;jet_parallax_layout_bg_x_mobile&quot;:&quot;&quot;,&quot;jet_parallax_layout_bg_y&quot;:50,&quot;jet_parallax_layout_bg_y_tablet&quot;:&quot;&quot;,&quot;jet_parallax_layout_bg_y_mobile&quot;:&quot;&quot;,&quot;jet_parallax_layout_bg_size&quot;:&quot;auto&quot;,&quot;jet_parallax_layout_bg_size_tablet&quot;:&quot;&quot;,&quot;jet_parallax_layout_bg_size_mobile&quot;:&quot;&quot;,&quot;jet_parallax_layout_animation_prop&quot;:&quot;transform&quot;,&quot;jet_parallax_layout_on&quot;:[&quot;desktop&quot;,&quot;tablet&quot;]}]}\">\n\t\t\t\t\t\t<div class=\"elementor-container elementor-column-gap-wider\">\n\t\t\t\t\t\t\t<div class=\"elementor-row\">\n\t\t\t\t\t<div class=\"elementor-column elementor-col-33 elementor-top-column elementor-element elementor-element-3d66b989\" data-id=\"3d66b989\" data-element_type=\"column\">\n\t\t\t<div class=\"elementor-column-wrap elementor-element-populated\">\n\t\t\t\t\t\t\t<div class=\"elementor-widget-wrap\">\n\t\t\t\t\t\t<div class=\"elementor-element elementor-element-0b117a8 elementor-widget elementor-widget-image\" data-id=\"0b117a8\" data-element_type=\"widget\" data-widget_type=\"image.default\">\n\t\t\t\t<div class=\"elementor-widget-container\">\n\t\t\t\t\t\t\t\t<div class=\"elementor-image\">\n\t\t\t\t\t\t\t\t\t\t\t\t<img fetchpriority=\"high\" decoding=\"async\" width=\"637\" height=\"371\" src=\"https:\/\/zanat.org\/wp-content\/uploads\/2023\/06\/unesco-intangible-cultural-heritage-logo.svg\" class=\"attachment-large size-large wp-image-16843\" alt=\"\" \/>\t\t\t\t\t\t\t\t\t\t\t\t\t\t<\/div>\n\t\t\t\t\t\t<\/div>\n\t\t\t\t<\/div>\n\t\t\t\t\t\t<\/div>\n\t\t\t\t\t<\/div>\n\t\t<\/div>\n\t\t\t\t<div class=\"elementor-column elementor-col-66 elementor-top-column elementor-element elementor-element-a5cd72e\" data-id=\"a5cd72e\" data-element_type=\"column\">\n\t\t\t<div class=\"elementor-column-wrap elementor-element-populated\">\n\t\t\t\t\t\t\t<div class=\"elementor-widget-wrap\">\n\t\t\t\t\t\t<div class=\"elementor-element elementor-element-ea7bb69 elementor-widget elementor-widget-text-editor\" data-id=\"ea7bb69\" data-element_type=\"widget\" data-widget_type=\"text-editor.default\">\n\t\t\t\t<div class=\"elementor-widget-container\">\n\t\t\t\t\t\t\t\t<div class=\"elementor-text-editor elementor-clearfix\">\n\t\t\t\t<p>En 2019, nous avons ouvert les portes du mus\u00e9e de la gravure sur bois. Zanat pr\u00e9serve les souvenirs historiques de la tradition de la gravure sur bois \u00e0 Konjic, y compris la m\u00e9moire de plusieurs g\u00e9n\u00e9rations d&rsquo;artisans et de propri\u00e9taires de magasins qui ont transmis les comp\u00e9tences \u00e0 leurs h\u00e9ritiers. Le mus\u00e9e a rendu ces souvenirs accessibles aux \u00e9tudiants et aux \u00e9ducateurs, aux touristes et \u00e0 toute personne curieuse d&rsquo;en savoir plus sur la vie et les actions des sculpteurs sur bois de Konjic, sur les outils et les techniques qu&rsquo;ils utilisent, sur l&rsquo;ing\u00e9niosit\u00e9 entrepreneuriale qui a permis \u00e0 l&rsquo;artisanat de survivre \u00e0 deux guerres mondiales, \u00e0 la nationalisation et \u00e0 la prohibition pendant la Yougoslavie socialiste et \u00e0 la guerre des ann\u00e9es 1990 en Bosnie.<\/p><p>Nous sommes extr\u00eamement fiers que notre mus\u00e9e de la sculpture sur bois ait remport\u00e9 le prix \u017diva 2022 dans la cat\u00e9gorie du meilleur mus\u00e9e slave pr\u00e9sent\u00e9 par le Forum des cultures slaves et le laur\u00e9at du premier prix pr\u00e9sent\u00e9 par l&rsquo;Acad\u00e9mie europ\u00e9enne des mus\u00e9es, le prix Luiggi Micheletti 2022.<\/p><pre id=\"tw-target-text\" class=\"tw-data-text tw-text-large tw-ta\" dir=\"ltr\" data-placeholder=\"Prijevod\">\u00a0<\/pre><p>Architecture du mus\u00e9e : <a href=\"https:\/\/normal.ba\" target=\"_blank\" rel=\"noopener\">Normal Arhitektura<\/a><\/p>\t\t\t\t\t<\/div>\n\t\t\t\t\t\t<\/div>\n\t\t\t\t<\/div>\n\t\t\t\t\t\t<\/div>\n\t\t\t\t\t<\/div>\n\t\t<\/div>\n\t\t\t\t\t\t\t\t<\/div>\n\t\t\t\t\t<\/div>\n\t\t<\/section>\n\t\t\t\t\t\t\t\t\t<\/div>\n\t\t\t<\/div>\n\t\t\t\t\t<\/div>\n\t\t","protected":false},"excerpt":{"rendered":"<p>En juin 2019, la famille Nik\u0161i\u0107, fondatrice de Zanat, a ouvert le mus\u00e9e de la gravure sur bois \u00e0 Konjic pour inaugurer l&rsquo;inscription de cet artisanat \u00e0 l&rsquo;UNESCO. En 2019, nous avons ouvert les portes du mus\u00e9e de la gravure sur bois. Zanat pr\u00e9serve les souvenirs historiques de la tradition de la gravure sur bois [&hellip;]<\/p>\n","protected":false},"author":1,"featured_media":6139,"parent":8162,"menu_order":3,"comment_status":"closed","ping_status":"closed","template":"","meta":{"_acf_changed":false,"_monsterinsights_skip_tracking":false,"_monsterinsights_sitenote_active":false,"_monsterinsights_sitenote_note":"","_monsterinsights_sitenote_category":0,"footnotes":""},"class_list":["post-7216","page","type-page","status-publish","has-post-thumbnail","hentry"],"acf":[],"yoast_head":"<!-- This site is optimized with the Yoast SEO plugin v26.4 - https:\/\/yoast.com\/wordpress\/plugins\/seo\/ -->\n<title>Mus\u00e9e de la gravure sur bois - ZANAT<\/title>\n<meta name=\"robots\" content=\"index, follow, max-snippet:-1, max-image-preview:large, max-video-preview:-1\" \/>\n<link rel=\"canonical\" href=\"https:\/\/zanat.org\/fr\/a-propos-de-nous\/musee-de-la-gravure-sur-bois\/\" \/>\n<meta property=\"og:locale\" content=\"fr_FR\" \/>\n<meta property=\"og:type\" content=\"article\" \/>\n<meta property=\"og:title\" content=\"Mus\u00e9e de la gravure sur bois - ZANAT\" \/>\n<meta property=\"og:description\" content=\"En juin 2019, la famille Nik\u0161i\u0107, fondatrice de Zanat, a ouvert le mus\u00e9e de la gravure sur bois \u00e0 Konjic pour inaugurer l&rsquo;inscription de cet artisanat \u00e0 l&rsquo;UNESCO. En 2019, nous avons ouvert les portes du mus\u00e9e de la gravure sur bois. Zanat pr\u00e9serve les souvenirs historiques de la tradition de la gravure sur bois [&hellip;]\" \/>\n<meta property=\"og:url\" content=\"https:\/\/zanat.org\/fr\/a-propos-de-nous\/musee-de-la-gravure-sur-bois\/\" \/>\n<meta property=\"og:site_name\" content=\"ZANAT\" \/>\n<meta property=\"article:modified_time\" content=\"2023-06-19T14:42:26+00:00\" \/>\n<meta property=\"og:image\" content=\"https:\/\/zanat.org\/wp-content\/uploads\/2021\/09\/zanat-museum-compress.jpg\" \/>\n\t<meta property=\"og:image:width\" content=\"2400\" \/>\n\t<meta property=\"og:image:height\" content=\"1600\" \/>\n\t<meta property=\"og:image:type\" content=\"image\/jpeg\" \/>\n<meta name=\"twitter:card\" content=\"summary_large_image\" \/>\n<meta name=\"twitter:label1\" content=\"Dur\u00e9e de lecture estim\u00e9e\" \/>\n\t<meta name=\"twitter:data1\" content=\"2 minutes\" \/>\n<script type=\"application\/ld+json\" class=\"yoast-schema-graph\">{\"@context\":\"https:\/\/schema.org\",\"@graph\":[{\"@type\":\"WebPage\",\"@id\":\"https:\/\/zanat.org\/fr\/a-propos-de-nous\/musee-de-la-gravure-sur-bois\/\",\"url\":\"https:\/\/zanat.org\/fr\/a-propos-de-nous\/musee-de-la-gravure-sur-bois\/\",\"name\":\"Mus\u00e9e de la gravure sur bois - ZANAT\",\"isPartOf\":{\"@id\":\"https:\/\/staging.zanat.org\/fr\/#website\"},\"primaryImageOfPage\":{\"@id\":\"https:\/\/zanat.org\/fr\/a-propos-de-nous\/musee-de-la-gravure-sur-bois\/#primaryimage\"},\"image\":{\"@id\":\"https:\/\/zanat.org\/fr\/a-propos-de-nous\/musee-de-la-gravure-sur-bois\/#primaryimage\"},\"thumbnailUrl\":\"https:\/\/zanat.org\/wp-content\/uploads\/2021\/09\/zanat-museum-compress.jpg\",\"datePublished\":\"2021-07-13T10:59:57+00:00\",\"dateModified\":\"2023-06-19T14:42:26+00:00\",\"breadcrumb\":{\"@id\":\"https:\/\/zanat.org\/fr\/a-propos-de-nous\/musee-de-la-gravure-sur-bois\/#breadcrumb\"},\"inLanguage\":\"fr-FR\",\"potentialAction\":[{\"@type\":\"ReadAction\",\"target\":[\"https:\/\/zanat.org\/fr\/a-propos-de-nous\/musee-de-la-gravure-sur-bois\/\"]}]},{\"@type\":\"ImageObject\",\"inLanguage\":\"fr-FR\",\"@id\":\"https:\/\/zanat.org\/fr\/a-propos-de-nous\/musee-de-la-gravure-sur-bois\/#primaryimage\",\"url\":\"https:\/\/zanat.org\/wp-content\/uploads\/2021\/09\/zanat-museum-compress.jpg\",\"contentUrl\":\"https:\/\/zanat.org\/wp-content\/uploads\/2021\/09\/zanat-museum-compress.jpg\",\"width\":2400,\"height\":1600},{\"@type\":\"BreadcrumbList\",\"@id\":\"https:\/\/zanat.org\/fr\/a-propos-de-nous\/musee-de-la-gravure-sur-bois\/#breadcrumb\",\"itemListElement\":[{\"@type\":\"ListItem\",\"position\":1,\"name\":\"Zanat\",\"item\":\"https:\/\/staging.zanat.org\/fr\/\"},{\"@type\":\"ListItem\",\"position\":2,\"name\":\"\u00c0 propos de nous\",\"item\":\"https:\/\/zanat.org\/fr\/a-propos-de-nous\/\"},{\"@type\":\"ListItem\",\"position\":3,\"name\":\"Mus\u00e9e de la gravure sur bois\"}]},{\"@type\":\"WebSite\",\"@id\":\"https:\/\/staging.zanat.org\/fr\/#website\",\"url\":\"https:\/\/staging.zanat.org\/fr\/\",\"name\":\"ZANAT\",\"description\":\"Improve your home &amp; improve our world\",\"potentialAction\":[{\"@type\":\"SearchAction\",\"target\":{\"@type\":\"EntryPoint\",\"urlTemplate\":\"https:\/\/staging.zanat.org\/fr\/?s={search_term_string}\"},\"query-input\":{\"@type\":\"PropertyValueSpecification\",\"valueRequired\":true,\"valueName\":\"search_term_string\"}}],\"inLanguage\":\"fr-FR\"}]}<\/script>\n<!-- \/ Yoast SEO plugin. -->","yoast_head_json":{"title":"Mus\u00e9e de la gravure sur bois - ZANAT","robots":{"index":"index","follow":"follow","max-snippet":"max-snippet:-1","max-image-preview":"max-image-preview:large","max-video-preview":"max-video-preview:-1"},"canonical":"https:\/\/zanat.org\/fr\/a-propos-de-nous\/musee-de-la-gravure-sur-bois\/","og_locale":"fr_FR","og_type":"article","og_title":"Mus\u00e9e de la gravure sur bois - ZANAT","og_description":"En juin 2019, la famille Nik\u0161i\u0107, fondatrice de Zanat, a ouvert le mus\u00e9e de la gravure sur bois \u00e0 Konjic pour inaugurer l&rsquo;inscription de cet artisanat \u00e0 l&rsquo;UNESCO. En 2019, nous avons ouvert les portes du mus\u00e9e de la gravure sur bois. Zanat pr\u00e9serve les souvenirs historiques de la tradition de la gravure sur bois [&hellip;]","og_url":"https:\/\/zanat.org\/fr\/a-propos-de-nous\/musee-de-la-gravure-sur-bois\/","og_site_name":"ZANAT","article_modified_time":"2023-06-19T14:42:26+00:00","og_image":[{"width":2400,"height":1600,"url":"https:\/\/zanat.org\/wp-content\/uploads\/2021\/09\/zanat-museum-compress.jpg","type":"image\/jpeg"}],"twitter_card":"summary_large_image","twitter_misc":{"Dur\u00e9e de lecture estim\u00e9e":"2 minutes"},"schema":{"@context":"https:\/\/schema.org","@graph":[{"@type":"WebPage","@id":"https:\/\/zanat.org\/fr\/a-propos-de-nous\/musee-de-la-gravure-sur-bois\/","url":"https:\/\/zanat.org\/fr\/a-propos-de-nous\/musee-de-la-gravure-sur-bois\/","name":"Mus\u00e9e de la gravure sur bois - ZANAT","isPartOf":{"@id":"https:\/\/staging.zanat.org\/fr\/#website"},"primaryImageOfPage":{"@id":"https:\/\/zanat.org\/fr\/a-propos-de-nous\/musee-de-la-gravure-sur-bois\/#primaryimage"},"image":{"@id":"https:\/\/zanat.org\/fr\/a-propos-de-nous\/musee-de-la-gravure-sur-bois\/#primaryimage"},"thumbnailUrl":"https:\/\/zanat.org\/wp-content\/uploads\/2021\/09\/zanat-museum-compress.jpg","datePublished":"2021-07-13T10:59:57+00:00","dateModified":"2023-06-19T14:42:26+00:00","breadcrumb":{"@id":"https:\/\/zanat.org\/fr\/a-propos-de-nous\/musee-de-la-gravure-sur-bois\/#breadcrumb"},"inLanguage":"fr-FR","potentialAction":[{"@type":"ReadAction","target":["https:\/\/zanat.org\/fr\/a-propos-de-nous\/musee-de-la-gravure-sur-bois\/"]}]},{"@type":"ImageObject","inLanguage":"fr-FR","@id":"https:\/\/zanat.org\/fr\/a-propos-de-nous\/musee-de-la-gravure-sur-bois\/#primaryimage","url":"https:\/\/zanat.org\/wp-content\/uploads\/2021\/09\/zanat-museum-compress.jpg","contentUrl":"https:\/\/zanat.org\/wp-content\/uploads\/2021\/09\/zanat-museum-compress.jpg","width":2400,"height":1600},{"@type":"BreadcrumbList","@id":"https:\/\/zanat.org\/fr\/a-propos-de-nous\/musee-de-la-gravure-sur-bois\/#breadcrumb","itemListElement":[{"@type":"ListItem","position":1,"name":"Zanat","item":"https:\/\/staging.zanat.org\/fr\/"},{"@type":"ListItem","position":2,"name":"\u00c0 propos de nous","item":"https:\/\/zanat.org\/fr\/a-propos-de-nous\/"},{"@type":"ListItem","position":3,"name":"Mus\u00e9e de la gravure sur bois"}]},{"@type":"WebSite","@id":"https:\/\/staging.zanat.org\/fr\/#website","url":"https:\/\/staging.zanat.org\/fr\/","name":"ZANAT","description":"Improve your home &amp; improve our world","potentialAction":[{"@type":"SearchAction","target":{"@type":"EntryPoint","urlTemplate":"https:\/\/staging.zanat.org\/fr\/?s={search_term_string}"},"query-input":{"@type":"PropertyValueSpecification","valueRequired":true,"valueName":"search_term_string"}}],"inLanguage":"fr-FR"}]}},"_links":{"self":[{"href":"https:\/\/zanat.org\/fr\/wp-json\/wp\/v2\/pages\/7216","targetHints":{"allow":["GET"]}}],"collection":[{"href":"https:\/\/zanat.org\/fr\/wp-json\/wp\/v2\/pages"}],"about":[{"href":"https:\/\/zanat.org\/fr\/wp-json\/wp\/v2\/types\/page"}],"author":[{"embeddable":true,"href":"https:\/\/zanat.org\/fr\/wp-json\/wp\/v2\/users\/1"}],"replies":[{"embeddable":true,"href":"https:\/\/zanat.org\/fr\/wp-json\/wp\/v2\/comments?post=7216"}],"version-history":[{"count":20,"href":"https:\/\/zanat.org\/fr\/wp-json\/wp\/v2\/pages\/7216\/revisions"}],"predecessor-version":[{"id":17204,"href":"https:\/\/zanat.org\/fr\/wp-json\/wp\/v2\/pages\/7216\/revisions\/17204"}],"up":[{"embeddable":true,"href":"https:\/\/zanat.org\/fr\/wp-json\/wp\/v2\/pages\/8162"}],"wp:featuredmedia":[{"embeddable":true,"href":"https:\/\/zanat.org\/fr\/wp-json\/wp\/v2\/media\/6139"}],"wp:attachment":[{"href":"https:\/\/zanat.org\/fr\/wp-json\/wp\/v2\/media?parent=7216"}],"curies":[{"name":"wp","href":"https:\/\/api.w.org\/{rel}","templated":true}]}}