{"id":19889,"date":"2021-08-18T15:30:53","date_gmt":"2021-08-18T15:30:53","guid":{"rendered":"https:\/\/zanat.org\/?post_type=product&#038;p=19889"},"modified":"2023-10-10T11:07:55","modified_gmt":"2023-10-10T09:07:55","slug":"kutija-za-nakit-kioko","status":"publish","type":"product","link":"https:\/\/zanat.org\/bs\/item\/kutija-za-nakit-kioko\/","title":{"rendered":"KUTIJA ZA NAKIT KIOKO"},"content":{"rendered":"<p>Predmeti koje cijenimo, bez obzira na njihovu veli\u010dinu, trebaju predstavljati istinski kvalitet dizajna, materijala i izrade, onu vrstu kvaliteta u kojoj je svaki mali detalj bitan i koju su osmislili i izradili izuzetno vje\u0161ti i pedantni majstori. Izvana, privla\u010dnost kutija Kioko nalazi se u njihovim proporcijama i otisku fine izrade, uklju\u010duju\u0107i izvrsnu ru\u010dno izrezbarenu teksturu, savr\u0161ene spojeve i besprijekorno prianjanje poklopca na bazu kutije. Kao \u0161to bi trebalo biti s pravom kutijom s blagom, kutije Kioko su jednako izvrsne iznutra. Razli\u010diti dizajni unutarnjeg pribora odre\u0111uju namjenu kutije, a po\u010detni set pribora ograni\u010den je na sljede\u0107e: dvije ladice za nakit podstavljene od antilop ko\u017ee za kutiju za nakit, ladicu za igra\u0107e karte i kockice za kutiju za igru, stacionarne pretince za veliku kutiju za pisanje. Mala i visoka kutija savr\u0161eno je skrovi\u0161te za dragocjene hemijske i obi\u010dne olovke.<\/p>\n","protected":false},"excerpt":{"rendered":"<p>Predmeti koje cijenimo, bez obzira na njihovu veli\u010dinu, trebaju predstavljati istinski kvalitet dizajna, materijala i izrade, onu vrstu kvaliteta u kojoj je svaki mali detalj bitan i koju su osmislili i izradili izuzetno vje\u0161ti i pedantni majstori. Izvana, privla\u010dnost kutija Kioko nalazi se u njihovim proporcijama i otisku fine izrade, uklju\u010duju\u0107i izvrsnu ru\u010dno izrezbarenu teksturu, [&hellip;]<\/p>\n","protected":false},"featured_media":19426,"template":"","meta":{"_acf_changed":false,"_monsterinsights_skip_tracking":false,"_monsterinsights_sitenote_active":false,"_monsterinsights_sitenote_note":"","_monsterinsights_sitenote_category":0},"product_brand":[],"product_cat":[],"product_tag":[],"class_list":{"0":"post-19889","1":"product","2":"type-product","3":"status-publish","4":"has-post-thumbnail","7":"first","8":"onbackorder","9":"taxable","10":"shipping-taxable","11":"purchasable","12":"product-type-simple"},"acf":[],"yoast_head":"<!-- This site is optimized with the Yoast SEO plugin v26.4 - https:\/\/yoast.com\/wordpress\/plugins\/seo\/ -->\n<title>KUTIJA ZA NAKIT KIOKO - ZANAT<\/title>\n<meta name=\"robots\" content=\"index, follow, max-snippet:-1, max-image-preview:large, max-video-preview:-1\" \/>\n<link rel=\"canonical\" href=\"https:\/\/zanat.org\/bs\/item\/kutija-za-nakit-kioko\/\" \/>\n<meta property=\"og:locale\" content=\"bs_BA\" \/>\n<meta property=\"og:type\" content=\"article\" \/>\n<meta property=\"og:title\" content=\"KUTIJA ZA NAKIT KIOKO - ZANAT\" \/>\n<meta property=\"og:description\" content=\"Predmeti koje cijenimo, bez obzira na njihovu veli\u010dinu, trebaju predstavljati istinski kvalitet dizajna, materijala i izrade, onu vrstu kvaliteta u kojoj je svaki mali detalj bitan i koju su osmislili i izradili izuzetno vje\u0161ti i pedantni majstori. Izvana, privla\u010dnost kutija Kioko nalazi se u njihovim proporcijama i otisku fine izrade, uklju\u010duju\u0107i izvrsnu ru\u010dno izrezbarenu teksturu, [&hellip;]\" \/>\n<meta property=\"og:url\" content=\"https:\/\/zanat.org\/bs\/item\/kutija-za-nakit-kioko\/\" \/>\n<meta property=\"og:site_name\" content=\"ZANAT\" \/>\n<meta property=\"article:modified_time\" content=\"2023-10-10T09:07:55+00:00\" \/>\n<meta property=\"og:image\" content=\"https:\/\/zanat.org\/wp-content\/uploads\/2023\/01\/kioko-jewellery-box-jean-marie-massaud-zanat-maple-ws-dsc4602-compress.jpg\" \/>\n\t<meta property=\"og:image:width\" content=\"1440\" \/>\n\t<meta property=\"og:image:height\" content=\"1080\" \/>\n\t<meta property=\"og:image:type\" content=\"image\/jpeg\" \/>\n<meta name=\"twitter:card\" content=\"summary_large_image\" \/>\n<meta name=\"twitter:label1\" content=\"Est. reading time\" \/>\n\t<meta name=\"twitter:data1\" content=\"1 minuta\" \/>\n<script type=\"application\/ld+json\" class=\"yoast-schema-graph\">{\"@context\":\"https:\/\/schema.org\",\"@graph\":[{\"@type\":\"WebPage\",\"@id\":\"https:\/\/zanat.org\/bs\/item\/kutija-za-nakit-kioko\/\",\"url\":\"https:\/\/zanat.org\/bs\/item\/kutija-za-nakit-kioko\/\",\"name\":\"KUTIJA ZA NAKIT KIOKO - ZANAT\",\"isPartOf\":{\"@id\":\"https:\/\/staging.zanat.org\/bs\/#website\"},\"primaryImageOfPage\":{\"@id\":\"https:\/\/zanat.org\/bs\/item\/kutija-za-nakit-kioko\/#primaryimage\"},\"image\":{\"@id\":\"https:\/\/zanat.org\/bs\/item\/kutija-za-nakit-kioko\/#primaryimage\"},\"thumbnailUrl\":\"https:\/\/zanat.org\/wp-content\/uploads\/2023\/01\/kioko-jewellery-box-jean-marie-massaud-zanat-maple-ws-dsc4602-compress.jpg\",\"datePublished\":\"2021-08-18T15:30:53+00:00\",\"dateModified\":\"2023-10-10T09:07:55+00:00\",\"breadcrumb\":{\"@id\":\"https:\/\/zanat.org\/bs\/item\/kutija-za-nakit-kioko\/#breadcrumb\"},\"inLanguage\":\"bs-BA\",\"potentialAction\":[{\"@type\":\"ReadAction\",\"target\":[\"https:\/\/zanat.org\/bs\/item\/kutija-za-nakit-kioko\/\"]}]},{\"@type\":\"ImageObject\",\"inLanguage\":\"bs-BA\",\"@id\":\"https:\/\/zanat.org\/bs\/item\/kutija-za-nakit-kioko\/#primaryimage\",\"url\":\"https:\/\/zanat.org\/wp-content\/uploads\/2023\/01\/kioko-jewellery-box-jean-marie-massaud-zanat-maple-ws-dsc4602-compress.jpg\",\"contentUrl\":\"https:\/\/zanat.org\/wp-content\/uploads\/2023\/01\/kioko-jewellery-box-jean-marie-massaud-zanat-maple-ws-dsc4602-compress.jpg\",\"width\":1440,\"height\":1080},{\"@type\":\"BreadcrumbList\",\"@id\":\"https:\/\/zanat.org\/bs\/item\/kutija-za-nakit-kioko\/#breadcrumb\",\"itemListElement\":[{\"@type\":\"ListItem\",\"position\":1,\"name\":\"Zanat\",\"item\":\"https:\/\/zanat.org\/bs\/\"},{\"@type\":\"ListItem\",\"position\":2,\"name\":\"Shop\",\"item\":\"https:\/\/staging.zanat.org\/shop\/\"},{\"@type\":\"ListItem\",\"position\":3,\"name\":\"Gift Shop\",\"item\":\"https:\/\/zanat.org\/shop\/products\/gift-shop\/\"},{\"@type\":\"ListItem\",\"position\":4,\"name\":\"KUTIJA ZA NAKIT KIOKO\"}]},{\"@type\":\"WebSite\",\"@id\":\"https:\/\/staging.zanat.org\/bs\/#website\",\"url\":\"https:\/\/staging.zanat.org\/bs\/\",\"name\":\"ZANAT\",\"description\":\"Improve your home &amp; improve our world\",\"potentialAction\":[{\"@type\":\"SearchAction\",\"target\":{\"@type\":\"EntryPoint\",\"urlTemplate\":\"https:\/\/staging.zanat.org\/bs\/?s={search_term_string}\"},\"query-input\":{\"@type\":\"PropertyValueSpecification\",\"valueRequired\":true,\"valueName\":\"search_term_string\"}}],\"inLanguage\":\"bs-BA\"}]}<\/script>\n<!-- \/ Yoast SEO plugin. -->","yoast_head_json":{"title":"KUTIJA ZA NAKIT KIOKO - ZANAT","robots":{"index":"index","follow":"follow","max-snippet":"max-snippet:-1","max-image-preview":"max-image-preview:large","max-video-preview":"max-video-preview:-1"},"canonical":"https:\/\/zanat.org\/bs\/item\/kutija-za-nakit-kioko\/","og_locale":"bs_BA","og_type":"article","og_title":"KUTIJA ZA NAKIT KIOKO - ZANAT","og_description":"Predmeti koje cijenimo, bez obzira na njihovu veli\u010dinu, trebaju predstavljati istinski kvalitet dizajna, materijala i izrade, onu vrstu kvaliteta u kojoj je svaki mali detalj bitan i koju su osmislili i izradili izuzetno vje\u0161ti i pedantni majstori. Izvana, privla\u010dnost kutija Kioko nalazi se u njihovim proporcijama i otisku fine izrade, uklju\u010duju\u0107i izvrsnu ru\u010dno izrezbarenu teksturu, [&hellip;]","og_url":"https:\/\/zanat.org\/bs\/item\/kutija-za-nakit-kioko\/","og_site_name":"ZANAT","article_modified_time":"2023-10-10T09:07:55+00:00","og_image":[{"width":1440,"height":1080,"url":"https:\/\/zanat.org\/wp-content\/uploads\/2023\/01\/kioko-jewellery-box-jean-marie-massaud-zanat-maple-ws-dsc4602-compress.jpg","type":"image\/jpeg"}],"twitter_card":"summary_large_image","twitter_misc":{"Est. reading time":"1 minuta"},"schema":{"@context":"https:\/\/schema.org","@graph":[{"@type":"WebPage","@id":"https:\/\/zanat.org\/bs\/item\/kutija-za-nakit-kioko\/","url":"https:\/\/zanat.org\/bs\/item\/kutija-za-nakit-kioko\/","name":"KUTIJA ZA NAKIT KIOKO - ZANAT","isPartOf":{"@id":"https:\/\/staging.zanat.org\/bs\/#website"},"primaryImageOfPage":{"@id":"https:\/\/zanat.org\/bs\/item\/kutija-za-nakit-kioko\/#primaryimage"},"image":{"@id":"https:\/\/zanat.org\/bs\/item\/kutija-za-nakit-kioko\/#primaryimage"},"thumbnailUrl":"https:\/\/zanat.org\/wp-content\/uploads\/2023\/01\/kioko-jewellery-box-jean-marie-massaud-zanat-maple-ws-dsc4602-compress.jpg","datePublished":"2021-08-18T15:30:53+00:00","dateModified":"2023-10-10T09:07:55+00:00","breadcrumb":{"@id":"https:\/\/zanat.org\/bs\/item\/kutija-za-nakit-kioko\/#breadcrumb"},"inLanguage":"bs-BA","potentialAction":[{"@type":"ReadAction","target":["https:\/\/zanat.org\/bs\/item\/kutija-za-nakit-kioko\/"]}]},{"@type":"ImageObject","inLanguage":"bs-BA","@id":"https:\/\/zanat.org\/bs\/item\/kutija-za-nakit-kioko\/#primaryimage","url":"https:\/\/zanat.org\/wp-content\/uploads\/2023\/01\/kioko-jewellery-box-jean-marie-massaud-zanat-maple-ws-dsc4602-compress.jpg","contentUrl":"https:\/\/zanat.org\/wp-content\/uploads\/2023\/01\/kioko-jewellery-box-jean-marie-massaud-zanat-maple-ws-dsc4602-compress.jpg","width":1440,"height":1080},{"@type":"BreadcrumbList","@id":"https:\/\/zanat.org\/bs\/item\/kutija-za-nakit-kioko\/#breadcrumb","itemListElement":[{"@type":"ListItem","position":1,"name":"Zanat","item":"https:\/\/zanat.org\/bs\/"},{"@type":"ListItem","position":2,"name":"Shop","item":"https:\/\/staging.zanat.org\/shop\/"},{"@type":"ListItem","position":3,"name":"Gift Shop","item":"https:\/\/zanat.org\/shop\/products\/gift-shop\/"},{"@type":"ListItem","position":4,"name":"KUTIJA ZA NAKIT KIOKO"}]},{"@type":"WebSite","@id":"https:\/\/staging.zanat.org\/bs\/#website","url":"https:\/\/staging.zanat.org\/bs\/","name":"ZANAT","description":"Improve your home &amp; improve our world","potentialAction":[{"@type":"SearchAction","target":{"@type":"EntryPoint","urlTemplate":"https:\/\/staging.zanat.org\/bs\/?s={search_term_string}"},"query-input":{"@type":"PropertyValueSpecification","valueRequired":true,"valueName":"search_term_string"}}],"inLanguage":"bs-BA"}]}},"_links":{"self":[{"href":"https:\/\/zanat.org\/bs\/wp-json\/wp\/v2\/product\/19889","targetHints":{"allow":["GET"]}}],"collection":[{"href":"https:\/\/zanat.org\/bs\/wp-json\/wp\/v2\/product"}],"about":[{"href":"https:\/\/zanat.org\/bs\/wp-json\/wp\/v2\/types\/product"}],"wp:featuredmedia":[{"embeddable":true,"href":"https:\/\/zanat.org\/bs\/wp-json\/wp\/v2\/media\/19426"}],"wp:attachment":[{"href":"https:\/\/zanat.org\/bs\/wp-json\/wp\/v2\/media?parent=19889"}],"wp:term":[{"taxonomy":"product_brand","embeddable":true,"href":"https:\/\/zanat.org\/bs\/wp-json\/wp\/v2\/product_brand?post=19889"},{"taxonomy":"product_cat","embeddable":true,"href":"https:\/\/zanat.org\/bs\/wp-json\/wp\/v2\/product_cat?post=19889"},{"taxonomy":"product_tag","embeddable":true,"href":"https:\/\/zanat.org\/bs\/wp-json\/wp\/v2\/product_tag?post=19889"}],"curies":[{"name":"wp","href":"https:\/\/api.w.org\/{rel}","templated":true}]}}