{"id":19884,"date":"2021-08-18T15:32:53","date_gmt":"2021-08-18T15:32:53","guid":{"rendered":"https:\/\/zanat.org\/?post_type=product&#038;p=19884"},"modified":"2023-10-10T11:01:59","modified_gmt":"2023-10-10T09:01:59","slug":"set-svijecnjaka-playburn","status":"publish","type":"product","link":"https:\/\/zanat.org\/bs\/item\/set-svijecnjaka-playburn\/","title":{"rendered":"SET SVIJE\u0106NJAKA PLAY&#038;BURN"},"content":{"rendered":"<p>Svjedo\u010danstvo dizajnerske briljantnosti Ludovica + Roberta Palombe, svije\u0107njaci Play &amp; Burn vrlo vjerovatno su najprivla\u010dniji i najrazigraniji svije\u0107njaci koji postoje. Ideja koja stoji iza ovog proizvoda bila je povezati kupce s dizajnerima, obrtnicima i materijalima te dodati da\u0161ak topline i svjetla u svoj dom. Predstava po\u010dinje nakon otvaranja kutije i otkrivanja ru\u010dno izrezbarenih drvenih dijelova, koje je potrebno sastaviti kako bi se stvorio svije\u0107njak po vlastitoj \u017eelji. Zabava po\u010dinje \u010dim se dotaknu taktilni drveni moduli s otiscima vje\u0161tih ruku majstora, a nastavlja se dok poku\u0161avate odlu\u010diti o redoslijedu modula u nizu, zapravo dizajniraju\u0107i svije\u0107njak po vlastitoj \u017eelji. Dizajn se, naravno, mo\u017ee mijenjati kad god po\u017eelite. Mali svije\u0107njak sastoji se od pet modula u javorovom drvu, od kojih su tri ru\u010dno izrezbarena, baze, \u0161ipke i gornje plo\u010de, sve od crnog \u010delika oblo\u017eenog prahom. Veliki svije\u0107njak uklju\u010duje dvostruki set drvenih modula i dvije metalne \u0161ipke. Namjera je da u budu\u0107nosti po\u010dnemo nuditi niz razli\u010ditih modula koje bi mogli kupiti kako biste obogatili svoj Play &amp; Burn svije\u0107njak.<\/p>\n","protected":false},"excerpt":{"rendered":"<p>Svjedo\u010danstvo dizajnerske briljantnosti Ludovica + Roberta Palombe, svije\u0107njaci Play &amp; Burn vrlo vjerovatno su najprivla\u010dniji i najrazigraniji svije\u0107njaci koji postoje. Ideja koja stoji iza ovog proizvoda bila je povezati kupce s dizajnerima, obrtnicima i materijalima te dodati da\u0161ak topline i svjetla u svoj dom. Predstava po\u010dinje nakon otvaranja kutije i otkrivanja ru\u010dno izrezbarenih drvenih dijelova, [&hellip;]<\/p>\n","protected":false},"featured_media":19463,"template":"","meta":{"_acf_changed":false,"_monsterinsights_skip_tracking":false,"_monsterinsights_sitenote_active":false,"_monsterinsights_sitenote_note":"","_monsterinsights_sitenote_category":0},"product_brand":[],"product_cat":[],"product_tag":[],"class_list":{"0":"post-19884","1":"product","2":"type-product","3":"status-publish","4":"has-post-thumbnail","7":"first","8":"onbackorder","9":"taxable","10":"shipping-taxable","11":"purchasable","12":"product-type-variable","13":"has-default-attributes"},"acf":[],"yoast_head":"<!-- This site is optimized with the Yoast SEO plugin v26.4 - https:\/\/yoast.com\/wordpress\/plugins\/seo\/ -->\n<title>SET SVIJE\u0106NJAKA PLAY&amp;BURN - ZANAT<\/title>\n<meta name=\"robots\" content=\"index, follow, max-snippet:-1, max-image-preview:large, max-video-preview:-1\" \/>\n<link rel=\"canonical\" href=\"https:\/\/zanat.org\/bs\/item\/set-svijecnjaka-playburn\/\" \/>\n<meta property=\"og:locale\" content=\"bs_BA\" \/>\n<meta property=\"og:type\" content=\"article\" \/>\n<meta property=\"og:title\" content=\"SET SVIJE\u0106NJAKA PLAY&amp;BURN - ZANAT\" \/>\n<meta property=\"og:description\" content=\"Svjedo\u010danstvo dizajnerske briljantnosti Ludovica + Roberta Palombe, svije\u0107njaci Play &amp; Burn vrlo vjerovatno su najprivla\u010dniji i najrazigraniji svije\u0107njaci koji postoje. Ideja koja stoji iza ovog proizvoda bila je povezati kupce s dizajnerima, obrtnicima i materijalima te dodati da\u0161ak topline i svjetla u svoj dom. Predstava po\u010dinje nakon otvaranja kutije i otkrivanja ru\u010dno izrezbarenih drvenih dijelova, [&hellip;]\" \/>\n<meta property=\"og:url\" content=\"https:\/\/zanat.org\/bs\/item\/set-svijecnjaka-playburn\/\" \/>\n<meta property=\"og:site_name\" content=\"ZANAT\" \/>\n<meta property=\"article:modified_time\" content=\"2023-10-10T09:01:59+00:00\" \/>\n<meta property=\"og:image\" content=\"https:\/\/zanat.org\/wp-content\/uploads\/2021\/08\/play-burn-small-2-compress.jpg\" \/>\n\t<meta property=\"og:image:width\" content=\"1440\" \/>\n\t<meta property=\"og:image:height\" content=\"1080\" \/>\n\t<meta property=\"og:image:type\" content=\"image\/jpeg\" \/>\n<meta name=\"twitter:card\" content=\"summary_large_image\" \/>\n<meta name=\"twitter:label1\" content=\"Est. reading time\" \/>\n\t<meta name=\"twitter:data1\" content=\"1 minuta\" \/>\n<script type=\"application\/ld+json\" class=\"yoast-schema-graph\">{\"@context\":\"https:\/\/schema.org\",\"@graph\":[{\"@type\":\"WebPage\",\"@id\":\"https:\/\/zanat.org\/bs\/item\/set-svijecnjaka-playburn\/\",\"url\":\"https:\/\/zanat.org\/bs\/item\/set-svijecnjaka-playburn\/\",\"name\":\"SET SVIJE\u0106NJAKA PLAY&BURN - ZANAT\",\"isPartOf\":{\"@id\":\"https:\/\/staging.zanat.org\/bs\/#website\"},\"primaryImageOfPage\":{\"@id\":\"https:\/\/zanat.org\/bs\/item\/set-svijecnjaka-playburn\/#primaryimage\"},\"image\":{\"@id\":\"https:\/\/zanat.org\/bs\/item\/set-svijecnjaka-playburn\/#primaryimage\"},\"thumbnailUrl\":\"https:\/\/zanat.org\/wp-content\/uploads\/2021\/08\/play-burn-small-2-compress.jpg\",\"datePublished\":\"2021-08-18T15:32:53+00:00\",\"dateModified\":\"2023-10-10T09:01:59+00:00\",\"breadcrumb\":{\"@id\":\"https:\/\/zanat.org\/bs\/item\/set-svijecnjaka-playburn\/#breadcrumb\"},\"inLanguage\":\"bs-BA\",\"potentialAction\":[{\"@type\":\"ReadAction\",\"target\":[\"https:\/\/zanat.org\/bs\/item\/set-svijecnjaka-playburn\/\"]}]},{\"@type\":\"ImageObject\",\"inLanguage\":\"bs-BA\",\"@id\":\"https:\/\/zanat.org\/bs\/item\/set-svijecnjaka-playburn\/#primaryimage\",\"url\":\"https:\/\/zanat.org\/wp-content\/uploads\/2021\/08\/play-burn-small-2-compress.jpg\",\"contentUrl\":\"https:\/\/zanat.org\/wp-content\/uploads\/2021\/08\/play-burn-small-2-compress.jpg\",\"width\":1440,\"height\":1080},{\"@type\":\"BreadcrumbList\",\"@id\":\"https:\/\/zanat.org\/bs\/item\/set-svijecnjaka-playburn\/#breadcrumb\",\"itemListElement\":[{\"@type\":\"ListItem\",\"position\":1,\"name\":\"Zanat\",\"item\":\"https:\/\/zanat.org\/bs\/\"},{\"@type\":\"ListItem\",\"position\":2,\"name\":\"Shop\",\"item\":\"https:\/\/staging.zanat.org\/shop\/\"},{\"@type\":\"ListItem\",\"position\":3,\"name\":\"Gift Shop\",\"item\":\"https:\/\/zanat.org\/shop\/products\/gift-shop\/\"},{\"@type\":\"ListItem\",\"position\":4,\"name\":\"SET SVIJE\u0106NJAKA PLAY&#038;BURN\"}]},{\"@type\":\"WebSite\",\"@id\":\"https:\/\/staging.zanat.org\/bs\/#website\",\"url\":\"https:\/\/staging.zanat.org\/bs\/\",\"name\":\"ZANAT\",\"description\":\"Improve your home &amp; improve our world\",\"potentialAction\":[{\"@type\":\"SearchAction\",\"target\":{\"@type\":\"EntryPoint\",\"urlTemplate\":\"https:\/\/staging.zanat.org\/bs\/?s={search_term_string}\"},\"query-input\":{\"@type\":\"PropertyValueSpecification\",\"valueRequired\":true,\"valueName\":\"search_term_string\"}}],\"inLanguage\":\"bs-BA\"}]}<\/script>\n<!-- \/ Yoast SEO plugin. -->","yoast_head_json":{"title":"SET SVIJE\u0106NJAKA PLAY&BURN - ZANAT","robots":{"index":"index","follow":"follow","max-snippet":"max-snippet:-1","max-image-preview":"max-image-preview:large","max-video-preview":"max-video-preview:-1"},"canonical":"https:\/\/zanat.org\/bs\/item\/set-svijecnjaka-playburn\/","og_locale":"bs_BA","og_type":"article","og_title":"SET SVIJE\u0106NJAKA PLAY&BURN - ZANAT","og_description":"Svjedo\u010danstvo dizajnerske briljantnosti Ludovica + Roberta Palombe, svije\u0107njaci Play &amp; Burn vrlo vjerovatno su najprivla\u010dniji i najrazigraniji svije\u0107njaci koji postoje. Ideja koja stoji iza ovog proizvoda bila je povezati kupce s dizajnerima, obrtnicima i materijalima te dodati da\u0161ak topline i svjetla u svoj dom. Predstava po\u010dinje nakon otvaranja kutije i otkrivanja ru\u010dno izrezbarenih drvenih dijelova, [&hellip;]","og_url":"https:\/\/zanat.org\/bs\/item\/set-svijecnjaka-playburn\/","og_site_name":"ZANAT","article_modified_time":"2023-10-10T09:01:59+00:00","og_image":[{"width":1440,"height":1080,"url":"https:\/\/zanat.org\/wp-content\/uploads\/2021\/08\/play-burn-small-2-compress.jpg","type":"image\/jpeg"}],"twitter_card":"summary_large_image","twitter_misc":{"Est. reading time":"1 minuta"},"schema":{"@context":"https:\/\/schema.org","@graph":[{"@type":"WebPage","@id":"https:\/\/zanat.org\/bs\/item\/set-svijecnjaka-playburn\/","url":"https:\/\/zanat.org\/bs\/item\/set-svijecnjaka-playburn\/","name":"SET SVIJE\u0106NJAKA PLAY&BURN - ZANAT","isPartOf":{"@id":"https:\/\/staging.zanat.org\/bs\/#website"},"primaryImageOfPage":{"@id":"https:\/\/zanat.org\/bs\/item\/set-svijecnjaka-playburn\/#primaryimage"},"image":{"@id":"https:\/\/zanat.org\/bs\/item\/set-svijecnjaka-playburn\/#primaryimage"},"thumbnailUrl":"https:\/\/zanat.org\/wp-content\/uploads\/2021\/08\/play-burn-small-2-compress.jpg","datePublished":"2021-08-18T15:32:53+00:00","dateModified":"2023-10-10T09:01:59+00:00","breadcrumb":{"@id":"https:\/\/zanat.org\/bs\/item\/set-svijecnjaka-playburn\/#breadcrumb"},"inLanguage":"bs-BA","potentialAction":[{"@type":"ReadAction","target":["https:\/\/zanat.org\/bs\/item\/set-svijecnjaka-playburn\/"]}]},{"@type":"ImageObject","inLanguage":"bs-BA","@id":"https:\/\/zanat.org\/bs\/item\/set-svijecnjaka-playburn\/#primaryimage","url":"https:\/\/zanat.org\/wp-content\/uploads\/2021\/08\/play-burn-small-2-compress.jpg","contentUrl":"https:\/\/zanat.org\/wp-content\/uploads\/2021\/08\/play-burn-small-2-compress.jpg","width":1440,"height":1080},{"@type":"BreadcrumbList","@id":"https:\/\/zanat.org\/bs\/item\/set-svijecnjaka-playburn\/#breadcrumb","itemListElement":[{"@type":"ListItem","position":1,"name":"Zanat","item":"https:\/\/zanat.org\/bs\/"},{"@type":"ListItem","position":2,"name":"Shop","item":"https:\/\/staging.zanat.org\/shop\/"},{"@type":"ListItem","position":3,"name":"Gift Shop","item":"https:\/\/zanat.org\/shop\/products\/gift-shop\/"},{"@type":"ListItem","position":4,"name":"SET SVIJE\u0106NJAKA PLAY&#038;BURN"}]},{"@type":"WebSite","@id":"https:\/\/staging.zanat.org\/bs\/#website","url":"https:\/\/staging.zanat.org\/bs\/","name":"ZANAT","description":"Improve your home &amp; improve our world","potentialAction":[{"@type":"SearchAction","target":{"@type":"EntryPoint","urlTemplate":"https:\/\/staging.zanat.org\/bs\/?s={search_term_string}"},"query-input":{"@type":"PropertyValueSpecification","valueRequired":true,"valueName":"search_term_string"}}],"inLanguage":"bs-BA"}]}},"_links":{"self":[{"href":"https:\/\/zanat.org\/bs\/wp-json\/wp\/v2\/product\/19884","targetHints":{"allow":["GET"]}}],"collection":[{"href":"https:\/\/zanat.org\/bs\/wp-json\/wp\/v2\/product"}],"about":[{"href":"https:\/\/zanat.org\/bs\/wp-json\/wp\/v2\/types\/product"}],"wp:featuredmedia":[{"embeddable":true,"href":"https:\/\/zanat.org\/bs\/wp-json\/wp\/v2\/media\/19463"}],"wp:attachment":[{"href":"https:\/\/zanat.org\/bs\/wp-json\/wp\/v2\/media?parent=19884"}],"wp:term":[{"taxonomy":"product_brand","embeddable":true,"href":"https:\/\/zanat.org\/bs\/wp-json\/wp\/v2\/product_brand?post=19884"},{"taxonomy":"product_cat","embeddable":true,"href":"https:\/\/zanat.org\/bs\/wp-json\/wp\/v2\/product_cat?post=19884"},{"taxonomy":"product_tag","embeddable":true,"href":"https:\/\/zanat.org\/bs\/wp-json\/wp\/v2\/product_tag?post=19884"}],"curies":[{"name":"wp","href":"https:\/\/api.w.org\/{rel}","templated":true}]}}