{"id":19875,"date":"2021-08-18T15:33:54","date_gmt":"2021-08-18T13:33:54","guid":{"rendered":"https:\/\/zanat.org\/?post_type=product&#038;p=19875"},"modified":"2023-10-10T10:27:19","modified_gmt":"2023-10-10T08:27:19","slug":"scentainer","status":"publish","type":"product","link":"https:\/\/zanat.org\/bs\/item\/scentainer\/","title":{"rendered":"SCENTAINER"},"content":{"rendered":"<p>Scentaineri su rezultat zajedni\u010dke saradnje izme\u0111u Zanata i Muro Scents Co, \u0161vedsko-japanskog olfaktornog brenda koji kreira posebno dizajnirane mirise po narud\u017ebi. Scentainer je ru\u010dno rezbarena drvena kutija ispunjena drvenim strugotinama mariniranim u mirisu. Zanat je dvije godine radio s Murom na razvoju mirisa koji predstavlja Zanatov karakter: drvenast, umjeren i primamljiv. Proizvod uklju\u010duje bo\u010dicu mirisa 1919 firme Zanat i vre\u0107icu drvenih strugotina iz procesa rezbarenja kao raspr\u0161iva\u010d mirisa. Proizvod \u010dini multisenzualno iskustvo koje privla\u010di va\u0161a osjetila i do\u017eivljaj prostora koji ostaje u sje\u0107anju.<\/p>\n","protected":false},"excerpt":{"rendered":"<p>Scentaineri su rezultat zajedni\u010dke saradnje izme\u0111u Zanata i Muro Scents Co, \u0161vedsko-japanskog olfaktornog brenda koji kreira posebno dizajnirane mirise po narud\u017ebi. Scentainer je ru\u010dno rezbarena drvena kutija ispunjena drvenim strugotinama mariniranim u mirisu. Zanat je dvije godine radio s Murom na razvoju mirisa koji predstavlja Zanatov karakter: drvenast, umjeren i primamljiv. Proizvod uklju\u010duje bo\u010dicu mirisa [&hellip;]<\/p>\n","protected":false},"featured_media":19505,"template":"","meta":{"_acf_changed":false,"_monsterinsights_skip_tracking":false,"_monsterinsights_sitenote_active":false,"_monsterinsights_sitenote_note":"","_monsterinsights_sitenote_category":0},"product_brand":[],"product_cat":[],"product_tag":[],"class_list":{"0":"post-19875","1":"product","2":"type-product","3":"status-publish","4":"has-post-thumbnail","7":"first","8":"onbackorder","9":"taxable","10":"shipping-taxable","11":"purchasable","12":"product-type-simple"},"acf":[],"yoast_head":"<!-- This site is optimized with the Yoast SEO plugin v26.4 - https:\/\/yoast.com\/wordpress\/plugins\/seo\/ -->\n<title>SCENTAINER - ZANAT<\/title>\n<meta name=\"robots\" content=\"index, follow, max-snippet:-1, max-image-preview:large, max-video-preview:-1\" \/>\n<link rel=\"canonical\" href=\"https:\/\/zanat.org\/bs\/item\/scentainer\/\" \/>\n<meta property=\"og:locale\" content=\"bs_BA\" \/>\n<meta property=\"og:type\" content=\"article\" \/>\n<meta property=\"og:title\" content=\"SCENTAINER - ZANAT\" \/>\n<meta property=\"og:description\" content=\"Scentaineri su rezultat zajedni\u010dke saradnje izme\u0111u Zanata i Muro Scents Co, \u0161vedsko-japanskog olfaktornog brenda koji kreira posebno dizajnirane mirise po narud\u017ebi. Scentainer je ru\u010dno rezbarena drvena kutija ispunjena drvenim strugotinama mariniranim u mirisu. Zanat je dvije godine radio s Murom na razvoju mirisa koji predstavlja Zanatov karakter: drvenast, umjeren i primamljiv. Proizvod uklju\u010duje bo\u010dicu mirisa [&hellip;]\" \/>\n<meta property=\"og:url\" content=\"https:\/\/zanat.org\/bs\/item\/scentainer\/\" \/>\n<meta property=\"og:site_name\" content=\"ZANAT\" \/>\n<meta property=\"article:modified_time\" content=\"2023-10-10T08:27:19+00:00\" \/>\n<meta property=\"og:image\" content=\"https:\/\/zanat.org\/wp-content\/uploads\/2021\/08\/scentainers-fragrance-containers-forster-zanat-maple-ssp-810-compress.jpg\" \/>\n\t<meta property=\"og:image:width\" content=\"1440\" \/>\n\t<meta property=\"og:image:height\" content=\"1080\" \/>\n\t<meta property=\"og:image:type\" content=\"image\/jpeg\" \/>\n<meta name=\"twitter:card\" content=\"summary_large_image\" \/>\n<meta name=\"twitter:label1\" content=\"Est. reading time\" \/>\n\t<meta name=\"twitter:data1\" content=\"1 minuta\" \/>\n<script type=\"application\/ld+json\" class=\"yoast-schema-graph\">{\"@context\":\"https:\/\/schema.org\",\"@graph\":[{\"@type\":\"WebPage\",\"@id\":\"https:\/\/zanat.org\/bs\/item\/scentainer\/\",\"url\":\"https:\/\/zanat.org\/bs\/item\/scentainer\/\",\"name\":\"SCENTAINER - ZANAT\",\"isPartOf\":{\"@id\":\"https:\/\/staging.zanat.org\/bs\/#website\"},\"primaryImageOfPage\":{\"@id\":\"https:\/\/zanat.org\/bs\/item\/scentainer\/#primaryimage\"},\"image\":{\"@id\":\"https:\/\/zanat.org\/bs\/item\/scentainer\/#primaryimage\"},\"thumbnailUrl\":\"https:\/\/zanat.org\/wp-content\/uploads\/2021\/08\/scentainers-fragrance-containers-forster-zanat-maple-ssp-810-compress.jpg\",\"datePublished\":\"2021-08-18T13:33:54+00:00\",\"dateModified\":\"2023-10-10T08:27:19+00:00\",\"breadcrumb\":{\"@id\":\"https:\/\/zanat.org\/bs\/item\/scentainer\/#breadcrumb\"},\"inLanguage\":\"bs-BA\",\"potentialAction\":[{\"@type\":\"ReadAction\",\"target\":[\"https:\/\/zanat.org\/bs\/item\/scentainer\/\"]}]},{\"@type\":\"ImageObject\",\"inLanguage\":\"bs-BA\",\"@id\":\"https:\/\/zanat.org\/bs\/item\/scentainer\/#primaryimage\",\"url\":\"https:\/\/zanat.org\/wp-content\/uploads\/2021\/08\/scentainers-fragrance-containers-forster-zanat-maple-ssp-810-compress.jpg\",\"contentUrl\":\"https:\/\/zanat.org\/wp-content\/uploads\/2021\/08\/scentainers-fragrance-containers-forster-zanat-maple-ssp-810-compress.jpg\",\"width\":1440,\"height\":1080},{\"@type\":\"BreadcrumbList\",\"@id\":\"https:\/\/zanat.org\/bs\/item\/scentainer\/#breadcrumb\",\"itemListElement\":[{\"@type\":\"ListItem\",\"position\":1,\"name\":\"Zanat\",\"item\":\"https:\/\/zanat.org\/bs\/\"},{\"@type\":\"ListItem\",\"position\":2,\"name\":\"Shop\",\"item\":\"https:\/\/staging.zanat.org\/shop\/\"},{\"@type\":\"ListItem\",\"position\":3,\"name\":\"SCENTAINER\"}]},{\"@type\":\"WebSite\",\"@id\":\"https:\/\/staging.zanat.org\/bs\/#website\",\"url\":\"https:\/\/staging.zanat.org\/bs\/\",\"name\":\"ZANAT\",\"description\":\"Improve your home &amp; improve our world\",\"potentialAction\":[{\"@type\":\"SearchAction\",\"target\":{\"@type\":\"EntryPoint\",\"urlTemplate\":\"https:\/\/staging.zanat.org\/bs\/?s={search_term_string}\"},\"query-input\":{\"@type\":\"PropertyValueSpecification\",\"valueRequired\":true,\"valueName\":\"search_term_string\"}}],\"inLanguage\":\"bs-BA\"}]}<\/script>\n<!-- \/ Yoast SEO plugin. -->","yoast_head_json":{"title":"SCENTAINER - ZANAT","robots":{"index":"index","follow":"follow","max-snippet":"max-snippet:-1","max-image-preview":"max-image-preview:large","max-video-preview":"max-video-preview:-1"},"canonical":"https:\/\/zanat.org\/bs\/item\/scentainer\/","og_locale":"bs_BA","og_type":"article","og_title":"SCENTAINER - ZANAT","og_description":"Scentaineri su rezultat zajedni\u010dke saradnje izme\u0111u Zanata i Muro Scents Co, \u0161vedsko-japanskog olfaktornog brenda koji kreira posebno dizajnirane mirise po narud\u017ebi. Scentainer je ru\u010dno rezbarena drvena kutija ispunjena drvenim strugotinama mariniranim u mirisu. Zanat je dvije godine radio s Murom na razvoju mirisa koji predstavlja Zanatov karakter: drvenast, umjeren i primamljiv. Proizvod uklju\u010duje bo\u010dicu mirisa [&hellip;]","og_url":"https:\/\/zanat.org\/bs\/item\/scentainer\/","og_site_name":"ZANAT","article_modified_time":"2023-10-10T08:27:19+00:00","og_image":[{"width":1440,"height":1080,"url":"https:\/\/zanat.org\/wp-content\/uploads\/2021\/08\/scentainers-fragrance-containers-forster-zanat-maple-ssp-810-compress.jpg","type":"image\/jpeg"}],"twitter_card":"summary_large_image","twitter_misc":{"Est. reading time":"1 minuta"},"schema":{"@context":"https:\/\/schema.org","@graph":[{"@type":"WebPage","@id":"https:\/\/zanat.org\/bs\/item\/scentainer\/","url":"https:\/\/zanat.org\/bs\/item\/scentainer\/","name":"SCENTAINER - ZANAT","isPartOf":{"@id":"https:\/\/staging.zanat.org\/bs\/#website"},"primaryImageOfPage":{"@id":"https:\/\/zanat.org\/bs\/item\/scentainer\/#primaryimage"},"image":{"@id":"https:\/\/zanat.org\/bs\/item\/scentainer\/#primaryimage"},"thumbnailUrl":"https:\/\/zanat.org\/wp-content\/uploads\/2021\/08\/scentainers-fragrance-containers-forster-zanat-maple-ssp-810-compress.jpg","datePublished":"2021-08-18T13:33:54+00:00","dateModified":"2023-10-10T08:27:19+00:00","breadcrumb":{"@id":"https:\/\/zanat.org\/bs\/item\/scentainer\/#breadcrumb"},"inLanguage":"bs-BA","potentialAction":[{"@type":"ReadAction","target":["https:\/\/zanat.org\/bs\/item\/scentainer\/"]}]},{"@type":"ImageObject","inLanguage":"bs-BA","@id":"https:\/\/zanat.org\/bs\/item\/scentainer\/#primaryimage","url":"https:\/\/zanat.org\/wp-content\/uploads\/2021\/08\/scentainers-fragrance-containers-forster-zanat-maple-ssp-810-compress.jpg","contentUrl":"https:\/\/zanat.org\/wp-content\/uploads\/2021\/08\/scentainers-fragrance-containers-forster-zanat-maple-ssp-810-compress.jpg","width":1440,"height":1080},{"@type":"BreadcrumbList","@id":"https:\/\/zanat.org\/bs\/item\/scentainer\/#breadcrumb","itemListElement":[{"@type":"ListItem","position":1,"name":"Zanat","item":"https:\/\/zanat.org\/bs\/"},{"@type":"ListItem","position":2,"name":"Shop","item":"https:\/\/staging.zanat.org\/shop\/"},{"@type":"ListItem","position":3,"name":"SCENTAINER"}]},{"@type":"WebSite","@id":"https:\/\/staging.zanat.org\/bs\/#website","url":"https:\/\/staging.zanat.org\/bs\/","name":"ZANAT","description":"Improve your home &amp; improve our world","potentialAction":[{"@type":"SearchAction","target":{"@type":"EntryPoint","urlTemplate":"https:\/\/staging.zanat.org\/bs\/?s={search_term_string}"},"query-input":{"@type":"PropertyValueSpecification","valueRequired":true,"valueName":"search_term_string"}}],"inLanguage":"bs-BA"}]}},"_links":{"self":[{"href":"https:\/\/zanat.org\/bs\/wp-json\/wp\/v2\/product\/19875","targetHints":{"allow":["GET"]}}],"collection":[{"href":"https:\/\/zanat.org\/bs\/wp-json\/wp\/v2\/product"}],"about":[{"href":"https:\/\/zanat.org\/bs\/wp-json\/wp\/v2\/types\/product"}],"wp:featuredmedia":[{"embeddable":true,"href":"https:\/\/zanat.org\/bs\/wp-json\/wp\/v2\/media\/19505"}],"wp:attachment":[{"href":"https:\/\/zanat.org\/bs\/wp-json\/wp\/v2\/media?parent=19875"}],"wp:term":[{"taxonomy":"product_brand","embeddable":true,"href":"https:\/\/zanat.org\/bs\/wp-json\/wp\/v2\/product_brand?post=19875"},{"taxonomy":"product_cat","embeddable":true,"href":"https:\/\/zanat.org\/bs\/wp-json\/wp\/v2\/product_cat?post=19875"},{"taxonomy":"product_tag","embeddable":true,"href":"https:\/\/zanat.org\/bs\/wp-json\/wp\/v2\/product_tag?post=19875"}],"curies":[{"name":"wp","href":"https:\/\/api.w.org\/{rel}","templated":true}]}}