{"id":19871,"date":"2021-08-18T15:34:33","date_gmt":"2021-08-18T15:34:33","guid":{"rendered":"https:\/\/zanat.org\/?post_type=product&#038;p=19871"},"modified":"2023-10-10T10:26:50","modified_gmt":"2023-10-10T08:26:50","slug":"zidno-ogledalo-eclipse-veliko","status":"publish","type":"product","link":"https:\/\/zanat.org\/bs\/item\/zidno-ogledalo-eclipse-veliko\/","title":{"rendered":"ZIDNO OGLEDALO ECLIPSE, VELIKO"},"content":{"rendered":"<p>Eclipse je umjetni\u010dka slagalica koja se sastoji od tri razli\u010dita oblikovana ogledala u kojima se mo\u017ee u\u017eivati \u200b\u200bkao zasebnim dijelovima ili zajedno. Ljepota ovih ogledala ne ovisi o onome \u0161to odra\u017eavaju. Eclipse je fiksiran na zaobljenu plo\u010du, koja se nalazi na vrhu i &#8220;zasjenjuje&#8221; ve\u0107u donju plo\u010du. Povr\u0161inu donjih tanjira ru\u010dno su rezbarili Zanatovi majstori rezbari na temelju preslatkih apstraktnih crte\u017ea koje potpisuje Monica F\u00f6rster. Ogledala dolaze u tri razli\u010dite veli\u010dine i oblika, \u0161to omogu\u0107uje stvaranje raznih umjetni\u010dkih instalacija s razli\u010ditim kombinacijama ogledala na zidu.<\/p>\n","protected":false},"excerpt":{"rendered":"<p>Eclipse je umjetni\u010dka slagalica koja se sastoji od tri razli\u010dita oblikovana ogledala u kojima se mo\u017ee u\u017eivati \u200b\u200bkao zasebnim dijelovima ili zajedno. Ljepota ovih ogledala ne ovisi o onome \u0161to odra\u017eavaju. Eclipse je fiksiran na zaobljenu plo\u010du, koja se nalazi na vrhu i &#8220;zasjenjuje&#8221; ve\u0107u donju plo\u010du. Povr\u0161inu donjih tanjira ru\u010dno su rezbarili Zanatovi majstori [&hellip;]<\/p>\n","protected":false},"featured_media":19636,"template":"","meta":{"_acf_changed":false,"_monsterinsights_skip_tracking":false,"_monsterinsights_sitenote_active":false,"_monsterinsights_sitenote_note":"","_monsterinsights_sitenote_category":0},"product_brand":[],"product_cat":[],"product_tag":[],"class_list":{"0":"post-19871","1":"product","2":"type-product","3":"status-publish","4":"has-post-thumbnail","7":"first","8":"onbackorder","9":"taxable","10":"shipping-taxable","11":"purchasable","12":"product-type-variable"},"acf":[],"yoast_head":"<!-- This site is optimized with the Yoast SEO plugin v26.4 - https:\/\/yoast.com\/wordpress\/plugins\/seo\/ -->\n<title>ZIDNO OGLEDALO ECLIPSE, VELIKO - ZANAT<\/title>\n<meta name=\"robots\" content=\"index, follow, max-snippet:-1, max-image-preview:large, max-video-preview:-1\" \/>\n<link rel=\"canonical\" href=\"https:\/\/zanat.org\/bs\/item\/zidno-ogledalo-eclipse-veliko\/\" \/>\n<meta property=\"og:locale\" content=\"bs_BA\" \/>\n<meta property=\"og:type\" content=\"article\" \/>\n<meta property=\"og:title\" content=\"ZIDNO OGLEDALO ECLIPSE, VELIKO - ZANAT\" \/>\n<meta property=\"og:description\" content=\"Eclipse je umjetni\u010dka slagalica koja se sastoji od tri razli\u010dita oblikovana ogledala u kojima se mo\u017ee u\u017eivati \u200b\u200bkao zasebnim dijelovima ili zajedno. Ljepota ovih ogledala ne ovisi o onome \u0161to odra\u017eavaju. Eclipse je fiksiran na zaobljenu plo\u010du, koja se nalazi na vrhu i &#8220;zasjenjuje&#8221; ve\u0107u donju plo\u010du. Povr\u0161inu donjih tanjira ru\u010dno su rezbarili Zanatovi majstori [&hellip;]\" \/>\n<meta property=\"og:url\" content=\"https:\/\/zanat.org\/bs\/item\/zidno-ogledalo-eclipse-veliko\/\" \/>\n<meta property=\"og:site_name\" content=\"ZANAT\" \/>\n<meta property=\"article:modified_time\" content=\"2023-10-10T08:26:50+00:00\" \/>\n<meta property=\"og:image\" content=\"https:\/\/zanat.org\/wp-content\/uploads\/2021\/08\/eclipse-mirror-large-forster-zanat-maple-ws-dsc9035-1-compress.jpg\" \/>\n\t<meta property=\"og:image:width\" content=\"1440\" \/>\n\t<meta property=\"og:image:height\" content=\"1080\" \/>\n\t<meta property=\"og:image:type\" content=\"image\/jpeg\" \/>\n<meta name=\"twitter:card\" content=\"summary_large_image\" \/>\n<meta name=\"twitter:label1\" content=\"Est. reading time\" \/>\n\t<meta name=\"twitter:data1\" content=\"1 minuta\" \/>\n<script type=\"application\/ld+json\" class=\"yoast-schema-graph\">{\"@context\":\"https:\/\/schema.org\",\"@graph\":[{\"@type\":\"WebPage\",\"@id\":\"https:\/\/zanat.org\/bs\/item\/zidno-ogledalo-eclipse-veliko\/\",\"url\":\"https:\/\/zanat.org\/bs\/item\/zidno-ogledalo-eclipse-veliko\/\",\"name\":\"ZIDNO OGLEDALO ECLIPSE, VELIKO - ZANAT\",\"isPartOf\":{\"@id\":\"https:\/\/staging.zanat.org\/bs\/#website\"},\"primaryImageOfPage\":{\"@id\":\"https:\/\/zanat.org\/bs\/item\/zidno-ogledalo-eclipse-veliko\/#primaryimage\"},\"image\":{\"@id\":\"https:\/\/zanat.org\/bs\/item\/zidno-ogledalo-eclipse-veliko\/#primaryimage\"},\"thumbnailUrl\":\"https:\/\/zanat.org\/wp-content\/uploads\/2021\/08\/eclipse-mirror-large-forster-zanat-maple-ws-dsc9035-1-compress.jpg\",\"datePublished\":\"2021-08-18T15:34:33+00:00\",\"dateModified\":\"2023-10-10T08:26:50+00:00\",\"breadcrumb\":{\"@id\":\"https:\/\/zanat.org\/bs\/item\/zidno-ogledalo-eclipse-veliko\/#breadcrumb\"},\"inLanguage\":\"bs-BA\",\"potentialAction\":[{\"@type\":\"ReadAction\",\"target\":[\"https:\/\/zanat.org\/bs\/item\/zidno-ogledalo-eclipse-veliko\/\"]}]},{\"@type\":\"ImageObject\",\"inLanguage\":\"bs-BA\",\"@id\":\"https:\/\/zanat.org\/bs\/item\/zidno-ogledalo-eclipse-veliko\/#primaryimage\",\"url\":\"https:\/\/zanat.org\/wp-content\/uploads\/2021\/08\/eclipse-mirror-large-forster-zanat-maple-ws-dsc9035-1-compress.jpg\",\"contentUrl\":\"https:\/\/zanat.org\/wp-content\/uploads\/2021\/08\/eclipse-mirror-large-forster-zanat-maple-ws-dsc9035-1-compress.jpg\",\"width\":1440,\"height\":1080},{\"@type\":\"BreadcrumbList\",\"@id\":\"https:\/\/zanat.org\/bs\/item\/zidno-ogledalo-eclipse-veliko\/#breadcrumb\",\"itemListElement\":[{\"@type\":\"ListItem\",\"position\":1,\"name\":\"Zanat\",\"item\":\"https:\/\/zanat.org\/bs\/\"},{\"@type\":\"ListItem\",\"position\":2,\"name\":\"Shop\",\"item\":\"https:\/\/staging.zanat.org\/shop\/\"},{\"@type\":\"ListItem\",\"position\":3,\"name\":\"Gift Shop\",\"item\":\"https:\/\/zanat.org\/shop\/products\/gift-shop\/\"},{\"@type\":\"ListItem\",\"position\":4,\"name\":\"ZIDNO OGLEDALO ECLIPSE, VELIKO\"}]},{\"@type\":\"WebSite\",\"@id\":\"https:\/\/staging.zanat.org\/bs\/#website\",\"url\":\"https:\/\/staging.zanat.org\/bs\/\",\"name\":\"ZANAT\",\"description\":\"Improve your home &amp; improve our world\",\"potentialAction\":[{\"@type\":\"SearchAction\",\"target\":{\"@type\":\"EntryPoint\",\"urlTemplate\":\"https:\/\/staging.zanat.org\/bs\/?s={search_term_string}\"},\"query-input\":{\"@type\":\"PropertyValueSpecification\",\"valueRequired\":true,\"valueName\":\"search_term_string\"}}],\"inLanguage\":\"bs-BA\"}]}<\/script>\n<!-- \/ Yoast SEO plugin. -->","yoast_head_json":{"title":"ZIDNO OGLEDALO ECLIPSE, VELIKO - ZANAT","robots":{"index":"index","follow":"follow","max-snippet":"max-snippet:-1","max-image-preview":"max-image-preview:large","max-video-preview":"max-video-preview:-1"},"canonical":"https:\/\/zanat.org\/bs\/item\/zidno-ogledalo-eclipse-veliko\/","og_locale":"bs_BA","og_type":"article","og_title":"ZIDNO OGLEDALO ECLIPSE, VELIKO - ZANAT","og_description":"Eclipse je umjetni\u010dka slagalica koja se sastoji od tri razli\u010dita oblikovana ogledala u kojima se mo\u017ee u\u017eivati \u200b\u200bkao zasebnim dijelovima ili zajedno. Ljepota ovih ogledala ne ovisi o onome \u0161to odra\u017eavaju. Eclipse je fiksiran na zaobljenu plo\u010du, koja se nalazi na vrhu i &#8220;zasjenjuje&#8221; ve\u0107u donju plo\u010du. Povr\u0161inu donjih tanjira ru\u010dno su rezbarili Zanatovi majstori [&hellip;]","og_url":"https:\/\/zanat.org\/bs\/item\/zidno-ogledalo-eclipse-veliko\/","og_site_name":"ZANAT","article_modified_time":"2023-10-10T08:26:50+00:00","og_image":[{"width":1440,"height":1080,"url":"https:\/\/zanat.org\/wp-content\/uploads\/2021\/08\/eclipse-mirror-large-forster-zanat-maple-ws-dsc9035-1-compress.jpg","type":"image\/jpeg"}],"twitter_card":"summary_large_image","twitter_misc":{"Est. reading time":"1 minuta"},"schema":{"@context":"https:\/\/schema.org","@graph":[{"@type":"WebPage","@id":"https:\/\/zanat.org\/bs\/item\/zidno-ogledalo-eclipse-veliko\/","url":"https:\/\/zanat.org\/bs\/item\/zidno-ogledalo-eclipse-veliko\/","name":"ZIDNO OGLEDALO ECLIPSE, VELIKO - ZANAT","isPartOf":{"@id":"https:\/\/staging.zanat.org\/bs\/#website"},"primaryImageOfPage":{"@id":"https:\/\/zanat.org\/bs\/item\/zidno-ogledalo-eclipse-veliko\/#primaryimage"},"image":{"@id":"https:\/\/zanat.org\/bs\/item\/zidno-ogledalo-eclipse-veliko\/#primaryimage"},"thumbnailUrl":"https:\/\/zanat.org\/wp-content\/uploads\/2021\/08\/eclipse-mirror-large-forster-zanat-maple-ws-dsc9035-1-compress.jpg","datePublished":"2021-08-18T15:34:33+00:00","dateModified":"2023-10-10T08:26:50+00:00","breadcrumb":{"@id":"https:\/\/zanat.org\/bs\/item\/zidno-ogledalo-eclipse-veliko\/#breadcrumb"},"inLanguage":"bs-BA","potentialAction":[{"@type":"ReadAction","target":["https:\/\/zanat.org\/bs\/item\/zidno-ogledalo-eclipse-veliko\/"]}]},{"@type":"ImageObject","inLanguage":"bs-BA","@id":"https:\/\/zanat.org\/bs\/item\/zidno-ogledalo-eclipse-veliko\/#primaryimage","url":"https:\/\/zanat.org\/wp-content\/uploads\/2021\/08\/eclipse-mirror-large-forster-zanat-maple-ws-dsc9035-1-compress.jpg","contentUrl":"https:\/\/zanat.org\/wp-content\/uploads\/2021\/08\/eclipse-mirror-large-forster-zanat-maple-ws-dsc9035-1-compress.jpg","width":1440,"height":1080},{"@type":"BreadcrumbList","@id":"https:\/\/zanat.org\/bs\/item\/zidno-ogledalo-eclipse-veliko\/#breadcrumb","itemListElement":[{"@type":"ListItem","position":1,"name":"Zanat","item":"https:\/\/zanat.org\/bs\/"},{"@type":"ListItem","position":2,"name":"Shop","item":"https:\/\/staging.zanat.org\/shop\/"},{"@type":"ListItem","position":3,"name":"Gift Shop","item":"https:\/\/zanat.org\/shop\/products\/gift-shop\/"},{"@type":"ListItem","position":4,"name":"ZIDNO OGLEDALO ECLIPSE, VELIKO"}]},{"@type":"WebSite","@id":"https:\/\/staging.zanat.org\/bs\/#website","url":"https:\/\/staging.zanat.org\/bs\/","name":"ZANAT","description":"Improve your home &amp; improve our world","potentialAction":[{"@type":"SearchAction","target":{"@type":"EntryPoint","urlTemplate":"https:\/\/staging.zanat.org\/bs\/?s={search_term_string}"},"query-input":{"@type":"PropertyValueSpecification","valueRequired":true,"valueName":"search_term_string"}}],"inLanguage":"bs-BA"}]}},"_links":{"self":[{"href":"https:\/\/zanat.org\/bs\/wp-json\/wp\/v2\/product\/19871","targetHints":{"allow":["GET"]}}],"collection":[{"href":"https:\/\/zanat.org\/bs\/wp-json\/wp\/v2\/product"}],"about":[{"href":"https:\/\/zanat.org\/bs\/wp-json\/wp\/v2\/types\/product"}],"wp:featuredmedia":[{"embeddable":true,"href":"https:\/\/zanat.org\/bs\/wp-json\/wp\/v2\/media\/19636"}],"wp:attachment":[{"href":"https:\/\/zanat.org\/bs\/wp-json\/wp\/v2\/media?parent=19871"}],"wp:term":[{"taxonomy":"product_brand","embeddable":true,"href":"https:\/\/zanat.org\/bs\/wp-json\/wp\/v2\/product_brand?post=19871"},{"taxonomy":"product_cat","embeddable":true,"href":"https:\/\/zanat.org\/bs\/wp-json\/wp\/v2\/product_cat?post=19871"},{"taxonomy":"product_tag","embeddable":true,"href":"https:\/\/zanat.org\/bs\/wp-json\/wp\/v2\/product_tag?post=19871"}],"curies":[{"name":"wp","href":"https:\/\/api.w.org\/{rel}","templated":true}]}}