{"id":19866,"date":"2021-08-18T15:34:57","date_gmt":"2021-08-18T13:34:57","guid":{"rendered":"https:\/\/zanat.org\/?post_type=product&#038;p=19866"},"modified":"2023-10-10T10:25:47","modified_gmt":"2023-10-10T08:25:47","slug":"ogledalo-nur","status":"publish","type":"product","link":"https:\/\/zanat.org\/bs\/item\/ogledalo-nur\/","title":{"rendered":"OGLEDALO NUR"},"content":{"rendered":"<p>Kao \u0161to se svjetlost (tj. nur) reflektira u ogledalu, pokazuje ne\u010diju ljepotu i poma\u017ee u uljep\u0161avanju. Ogledalo je predmet u slu\u017ebi ljepote i trebalo bi i biti lijepo. Stolno ogledalo Nur, dobitnik nagrade Elle Decoration 2018. za najbolji modni dodatak u \u0160vedskoj, svakako je izvrsno i lijepo. Ogledalo s ru\u010dkom nepri\u010dvr\u0161\u0107eno le\u017ei u ru\u010dno rezbarenom konusu tako da se mo\u017ee izvaditi i pomicati. Nur voli nositi samo crno i odjevena je u razli\u010ditu ru\u010dno rezbarenu \u010dipku. Ogledalo Nur je uvr\u0161teno u stalnu zbirku \u0160vedskog nacionalnog muzeja.<\/p>\n","protected":false},"excerpt":{"rendered":"<p>Kao \u0161to se svjetlost (tj. nur) reflektira u ogledalu, pokazuje ne\u010diju ljepotu i poma\u017ee u uljep\u0161avanju. Ogledalo je predmet u slu\u017ebi ljepote i trebalo bi i biti lijepo. Stolno ogledalo Nur, dobitnik nagrade Elle Decoration 2018. za najbolji modni dodatak u \u0160vedskoj, svakako je izvrsno i lijepo. Ogledalo s ru\u010dkom nepri\u010dvr\u0161\u0107eno le\u017ei u ru\u010dno rezbarenom [&hellip;]<\/p>\n","protected":false},"featured_media":19470,"template":"","meta":{"_acf_changed":false,"_monsterinsights_skip_tracking":false,"_monsterinsights_sitenote_active":false,"_monsterinsights_sitenote_note":"","_monsterinsights_sitenote_category":0},"product_brand":[],"product_cat":[],"product_tag":[],"class_list":{"0":"post-19866","1":"product","2":"type-product","3":"status-publish","4":"has-post-thumbnail","7":"first","8":"onbackorder","9":"taxable","10":"shipping-taxable","11":"purchasable","12":"product-type-variable"},"acf":[],"yoast_head":"<!-- This site is optimized with the Yoast SEO plugin v26.4 - https:\/\/yoast.com\/wordpress\/plugins\/seo\/ -->\n<title>OGLEDALO NUR - ZANAT<\/title>\n<meta name=\"robots\" content=\"index, follow, max-snippet:-1, max-image-preview:large, max-video-preview:-1\" \/>\n<link rel=\"canonical\" href=\"https:\/\/zanat.org\/bs\/item\/ogledalo-nur\/\" \/>\n<meta property=\"og:locale\" content=\"bs_BA\" \/>\n<meta property=\"og:type\" content=\"article\" \/>\n<meta property=\"og:title\" content=\"OGLEDALO NUR - ZANAT\" \/>\n<meta property=\"og:description\" content=\"Kao \u0161to se svjetlost (tj. nur) reflektira u ogledalu, pokazuje ne\u010diju ljepotu i poma\u017ee u uljep\u0161avanju. Ogledalo je predmet u slu\u017ebi ljepote i trebalo bi i biti lijepo. Stolno ogledalo Nur, dobitnik nagrade Elle Decoration 2018. za najbolji modni dodatak u \u0160vedskoj, svakako je izvrsno i lijepo. Ogledalo s ru\u010dkom nepri\u010dvr\u0161\u0107eno le\u017ei u ru\u010dno rezbarenom [&hellip;]\" \/>\n<meta property=\"og:url\" content=\"https:\/\/zanat.org\/bs\/item\/ogledalo-nur\/\" \/>\n<meta property=\"og:site_name\" content=\"ZANAT\" \/>\n<meta property=\"article:modified_time\" content=\"2023-10-10T08:25:47+00:00\" \/>\n<meta property=\"og:image\" content=\"https:\/\/zanat.org\/wp-content\/uploads\/2021\/08\/nur-mirror-dots-compress.jpg\" \/>\n\t<meta property=\"og:image:width\" content=\"1440\" \/>\n\t<meta property=\"og:image:height\" content=\"1080\" \/>\n\t<meta property=\"og:image:type\" content=\"image\/jpeg\" \/>\n<meta name=\"twitter:card\" content=\"summary_large_image\" \/>\n<meta name=\"twitter:label1\" content=\"Est. reading time\" \/>\n\t<meta name=\"twitter:data1\" content=\"1 minuta\" \/>\n<script type=\"application\/ld+json\" class=\"yoast-schema-graph\">{\"@context\":\"https:\/\/schema.org\",\"@graph\":[{\"@type\":\"WebPage\",\"@id\":\"https:\/\/zanat.org\/bs\/item\/ogledalo-nur\/\",\"url\":\"https:\/\/zanat.org\/bs\/item\/ogledalo-nur\/\",\"name\":\"OGLEDALO NUR - ZANAT\",\"isPartOf\":{\"@id\":\"https:\/\/staging.zanat.org\/bs\/#website\"},\"primaryImageOfPage\":{\"@id\":\"https:\/\/zanat.org\/bs\/item\/ogledalo-nur\/#primaryimage\"},\"image\":{\"@id\":\"https:\/\/zanat.org\/bs\/item\/ogledalo-nur\/#primaryimage\"},\"thumbnailUrl\":\"https:\/\/zanat.org\/wp-content\/uploads\/2021\/08\/nur-mirror-dots-compress.jpg\",\"datePublished\":\"2021-08-18T13:34:57+00:00\",\"dateModified\":\"2023-10-10T08:25:47+00:00\",\"breadcrumb\":{\"@id\":\"https:\/\/zanat.org\/bs\/item\/ogledalo-nur\/#breadcrumb\"},\"inLanguage\":\"bs-BA\",\"potentialAction\":[{\"@type\":\"ReadAction\",\"target\":[\"https:\/\/zanat.org\/bs\/item\/ogledalo-nur\/\"]}]},{\"@type\":\"ImageObject\",\"inLanguage\":\"bs-BA\",\"@id\":\"https:\/\/zanat.org\/bs\/item\/ogledalo-nur\/#primaryimage\",\"url\":\"https:\/\/zanat.org\/wp-content\/uploads\/2021\/08\/nur-mirror-dots-compress.jpg\",\"contentUrl\":\"https:\/\/zanat.org\/wp-content\/uploads\/2021\/08\/nur-mirror-dots-compress.jpg\",\"width\":1440,\"height\":1080},{\"@type\":\"BreadcrumbList\",\"@id\":\"https:\/\/zanat.org\/bs\/item\/ogledalo-nur\/#breadcrumb\",\"itemListElement\":[{\"@type\":\"ListItem\",\"position\":1,\"name\":\"Zanat\",\"item\":\"https:\/\/zanat.org\/bs\/\"},{\"@type\":\"ListItem\",\"position\":2,\"name\":\"Shop\",\"item\":\"https:\/\/staging.zanat.org\/shop\/\"},{\"@type\":\"ListItem\",\"position\":3,\"name\":\"Mirrors\",\"item\":\"https:\/\/zanat.org\/shop\/products\/mirrors\/\"},{\"@type\":\"ListItem\",\"position\":4,\"name\":\"OGLEDALO NUR\"}]},{\"@type\":\"WebSite\",\"@id\":\"https:\/\/staging.zanat.org\/bs\/#website\",\"url\":\"https:\/\/staging.zanat.org\/bs\/\",\"name\":\"ZANAT\",\"description\":\"Improve your home &amp; improve our world\",\"potentialAction\":[{\"@type\":\"SearchAction\",\"target\":{\"@type\":\"EntryPoint\",\"urlTemplate\":\"https:\/\/staging.zanat.org\/bs\/?s={search_term_string}\"},\"query-input\":{\"@type\":\"PropertyValueSpecification\",\"valueRequired\":true,\"valueName\":\"search_term_string\"}}],\"inLanguage\":\"bs-BA\"}]}<\/script>\n<!-- \/ Yoast SEO plugin. -->","yoast_head_json":{"title":"OGLEDALO NUR - ZANAT","robots":{"index":"index","follow":"follow","max-snippet":"max-snippet:-1","max-image-preview":"max-image-preview:large","max-video-preview":"max-video-preview:-1"},"canonical":"https:\/\/zanat.org\/bs\/item\/ogledalo-nur\/","og_locale":"bs_BA","og_type":"article","og_title":"OGLEDALO NUR - ZANAT","og_description":"Kao \u0161to se svjetlost (tj. nur) reflektira u ogledalu, pokazuje ne\u010diju ljepotu i poma\u017ee u uljep\u0161avanju. Ogledalo je predmet u slu\u017ebi ljepote i trebalo bi i biti lijepo. Stolno ogledalo Nur, dobitnik nagrade Elle Decoration 2018. za najbolji modni dodatak u \u0160vedskoj, svakako je izvrsno i lijepo. Ogledalo s ru\u010dkom nepri\u010dvr\u0161\u0107eno le\u017ei u ru\u010dno rezbarenom [&hellip;]","og_url":"https:\/\/zanat.org\/bs\/item\/ogledalo-nur\/","og_site_name":"ZANAT","article_modified_time":"2023-10-10T08:25:47+00:00","og_image":[{"width":1440,"height":1080,"url":"https:\/\/zanat.org\/wp-content\/uploads\/2021\/08\/nur-mirror-dots-compress.jpg","type":"image\/jpeg"}],"twitter_card":"summary_large_image","twitter_misc":{"Est. reading time":"1 minuta"},"schema":{"@context":"https:\/\/schema.org","@graph":[{"@type":"WebPage","@id":"https:\/\/zanat.org\/bs\/item\/ogledalo-nur\/","url":"https:\/\/zanat.org\/bs\/item\/ogledalo-nur\/","name":"OGLEDALO NUR - ZANAT","isPartOf":{"@id":"https:\/\/staging.zanat.org\/bs\/#website"},"primaryImageOfPage":{"@id":"https:\/\/zanat.org\/bs\/item\/ogledalo-nur\/#primaryimage"},"image":{"@id":"https:\/\/zanat.org\/bs\/item\/ogledalo-nur\/#primaryimage"},"thumbnailUrl":"https:\/\/zanat.org\/wp-content\/uploads\/2021\/08\/nur-mirror-dots-compress.jpg","datePublished":"2021-08-18T13:34:57+00:00","dateModified":"2023-10-10T08:25:47+00:00","breadcrumb":{"@id":"https:\/\/zanat.org\/bs\/item\/ogledalo-nur\/#breadcrumb"},"inLanguage":"bs-BA","potentialAction":[{"@type":"ReadAction","target":["https:\/\/zanat.org\/bs\/item\/ogledalo-nur\/"]}]},{"@type":"ImageObject","inLanguage":"bs-BA","@id":"https:\/\/zanat.org\/bs\/item\/ogledalo-nur\/#primaryimage","url":"https:\/\/zanat.org\/wp-content\/uploads\/2021\/08\/nur-mirror-dots-compress.jpg","contentUrl":"https:\/\/zanat.org\/wp-content\/uploads\/2021\/08\/nur-mirror-dots-compress.jpg","width":1440,"height":1080},{"@type":"BreadcrumbList","@id":"https:\/\/zanat.org\/bs\/item\/ogledalo-nur\/#breadcrumb","itemListElement":[{"@type":"ListItem","position":1,"name":"Zanat","item":"https:\/\/zanat.org\/bs\/"},{"@type":"ListItem","position":2,"name":"Shop","item":"https:\/\/staging.zanat.org\/shop\/"},{"@type":"ListItem","position":3,"name":"Mirrors","item":"https:\/\/zanat.org\/shop\/products\/mirrors\/"},{"@type":"ListItem","position":4,"name":"OGLEDALO NUR"}]},{"@type":"WebSite","@id":"https:\/\/staging.zanat.org\/bs\/#website","url":"https:\/\/staging.zanat.org\/bs\/","name":"ZANAT","description":"Improve your home &amp; improve our world","potentialAction":[{"@type":"SearchAction","target":{"@type":"EntryPoint","urlTemplate":"https:\/\/staging.zanat.org\/bs\/?s={search_term_string}"},"query-input":{"@type":"PropertyValueSpecification","valueRequired":true,"valueName":"search_term_string"}}],"inLanguage":"bs-BA"}]}},"_links":{"self":[{"href":"https:\/\/zanat.org\/bs\/wp-json\/wp\/v2\/product\/19866","targetHints":{"allow":["GET"]}}],"collection":[{"href":"https:\/\/zanat.org\/bs\/wp-json\/wp\/v2\/product"}],"about":[{"href":"https:\/\/zanat.org\/bs\/wp-json\/wp\/v2\/types\/product"}],"wp:featuredmedia":[{"embeddable":true,"href":"https:\/\/zanat.org\/bs\/wp-json\/wp\/v2\/media\/19470"}],"wp:attachment":[{"href":"https:\/\/zanat.org\/bs\/wp-json\/wp\/v2\/media?parent=19866"}],"wp:term":[{"taxonomy":"product_brand","embeddable":true,"href":"https:\/\/zanat.org\/bs\/wp-json\/wp\/v2\/product_brand?post=19866"},{"taxonomy":"product_cat","embeddable":true,"href":"https:\/\/zanat.org\/bs\/wp-json\/wp\/v2\/product_cat?post=19866"},{"taxonomy":"product_tag","embeddable":true,"href":"https:\/\/zanat.org\/bs\/wp-json\/wp\/v2\/product_tag?post=19866"}],"curies":[{"name":"wp","href":"https:\/\/api.w.org\/{rel}","templated":true}]}}