{"id":19832,"date":"2023-06-02T12:28:02","date_gmt":"2023-06-02T10:28:02","guid":{"rendered":"https:\/\/zanat.org\/?post_type=product&#038;p=19832"},"modified":"2023-10-10T10:05:47","modified_gmt":"2023-10-10T08:05:47","slug":"zdjela-touch-mala","status":"publish","type":"product","link":"https:\/\/zanat.org\/bs\/item\/zdjela-touch-mala\/","title":{"rendered":"ZDJELA TOUCH, MALA"},"content":{"rendered":"<p>Zdjele i pladnjevi za hranu Touch rezultat su na\u0161eg kontinuiranog dijaloga s Ilse Crawford, Oscarom Pe\u00f1om i njihovim saradnicima u Studioilseu o taktilnosti kao bitnoj ljudskoj potrebi i o tome kako se njezin kontinuirani gubitak brzom digitalizacijom na\u0161eg svijeta mo\u017ee nadoknaditi dizajnom fizi\u010dkih predmeta za interijere. Ovdje je cilj bio stvoriti jednostavne predmete koji mogu dodati toplinu i taktilnost iskustvu kuhanja i jela kod ku\u0107e. Pladnjevi i zdjele od oraha oblo\u017eene su samo p\u010delinjim voskom, prirodnim premazom za drvo otpornim na hranu koji se s vremena na vrijeme mo\u017ee osvje\u017eiti kod ku\u0107e. Zdjele su tako\u0111er dostupne u crnoj boji s eko-otpornim mat lakom na vrhu.<\/p>\n","protected":false},"excerpt":{"rendered":"<p>Zdjele i pladnjevi za hranu Touch rezultat su na\u0161eg kontinuiranog dijaloga s Ilse Crawford, Oscarom Pe\u00f1om i njihovim saradnicima u Studioilseu o taktilnosti kao bitnoj ljudskoj potrebi i o tome kako se njezin kontinuirani gubitak brzom digitalizacijom na\u0161eg svijeta mo\u017ee nadoknaditi dizajnom fizi\u010dkih predmeta za interijere. Ovdje je cilj bio stvoriti jednostavne predmete koji mogu [&hellip;]<\/p>\n","protected":false},"featured_media":19436,"template":"","meta":{"_acf_changed":false,"_monsterinsights_skip_tracking":false,"_monsterinsights_sitenote_active":false,"_monsterinsights_sitenote_note":"","_monsterinsights_sitenote_category":0},"product_brand":[],"product_cat":[],"product_tag":[],"class_list":{"0":"post-19832","1":"product","2":"type-product","3":"status-publish","4":"has-post-thumbnail","7":"first","8":"onbackorder","9":"taxable","10":"shipping-taxable","11":"purchasable","12":"product-type-variable","13":"has-default-attributes"},"acf":[],"yoast_head":"<!-- This site is optimized with the Yoast SEO plugin v26.4 - https:\/\/yoast.com\/wordpress\/plugins\/seo\/ -->\n<title>ZDJELA TOUCH, MALA - ZANAT<\/title>\n<meta name=\"robots\" content=\"index, follow, max-snippet:-1, max-image-preview:large, max-video-preview:-1\" \/>\n<link rel=\"canonical\" href=\"https:\/\/zanat.org\/bs\/item\/zdjela-touch-mala\/\" \/>\n<meta property=\"og:locale\" content=\"bs_BA\" \/>\n<meta property=\"og:type\" content=\"article\" \/>\n<meta property=\"og:title\" content=\"ZDJELA TOUCH, MALA - ZANAT\" \/>\n<meta property=\"og:description\" content=\"Zdjele i pladnjevi za hranu Touch rezultat su na\u0161eg kontinuiranog dijaloga s Ilse Crawford, Oscarom Pe\u00f1om i njihovim saradnicima u Studioilseu o taktilnosti kao bitnoj ljudskoj potrebi i o tome kako se njezin kontinuirani gubitak brzom digitalizacijom na\u0161eg svijeta mo\u017ee nadoknaditi dizajnom fizi\u010dkih predmeta za interijere. Ovdje je cilj bio stvoriti jednostavne predmete koji mogu [&hellip;]\" \/>\n<meta property=\"og:url\" content=\"https:\/\/zanat.org\/bs\/item\/zdjela-touch-mala\/\" \/>\n<meta property=\"og:site_name\" content=\"ZANAT\" \/>\n<meta property=\"article:modified_time\" content=\"2023-10-10T08:05:47+00:00\" \/>\n<meta property=\"og:image\" content=\"https:\/\/zanat.org\/wp-content\/uploads\/2023\/06\/touch-bowl-small-monica-forster-zanat-maple-ssp-765-compress.jpg\" \/>\n\t<meta property=\"og:image:width\" content=\"1440\" \/>\n\t<meta property=\"og:image:height\" content=\"1080\" \/>\n\t<meta property=\"og:image:type\" content=\"image\/jpeg\" \/>\n<meta name=\"twitter:card\" content=\"summary_large_image\" \/>\n<meta name=\"twitter:label1\" content=\"Est. reading time\" \/>\n\t<meta name=\"twitter:data1\" content=\"1 minuta\" \/>\n<script type=\"application\/ld+json\" class=\"yoast-schema-graph\">{\"@context\":\"https:\/\/schema.org\",\"@graph\":[{\"@type\":\"WebPage\",\"@id\":\"https:\/\/zanat.org\/bs\/item\/zdjela-touch-mala\/\",\"url\":\"https:\/\/zanat.org\/bs\/item\/zdjela-touch-mala\/\",\"name\":\"ZDJELA TOUCH, MALA - ZANAT\",\"isPartOf\":{\"@id\":\"https:\/\/staging.zanat.org\/bs\/#website\"},\"primaryImageOfPage\":{\"@id\":\"https:\/\/zanat.org\/bs\/item\/zdjela-touch-mala\/#primaryimage\"},\"image\":{\"@id\":\"https:\/\/zanat.org\/bs\/item\/zdjela-touch-mala\/#primaryimage\"},\"thumbnailUrl\":\"https:\/\/zanat.org\/wp-content\/uploads\/2023\/06\/touch-bowl-small-monica-forster-zanat-maple-ssp-765-compress.jpg\",\"datePublished\":\"2023-06-02T10:28:02+00:00\",\"dateModified\":\"2023-10-10T08:05:47+00:00\",\"breadcrumb\":{\"@id\":\"https:\/\/zanat.org\/bs\/item\/zdjela-touch-mala\/#breadcrumb\"},\"inLanguage\":\"bs-BA\",\"potentialAction\":[{\"@type\":\"ReadAction\",\"target\":[\"https:\/\/zanat.org\/bs\/item\/zdjela-touch-mala\/\"]}]},{\"@type\":\"ImageObject\",\"inLanguage\":\"bs-BA\",\"@id\":\"https:\/\/zanat.org\/bs\/item\/zdjela-touch-mala\/#primaryimage\",\"url\":\"https:\/\/zanat.org\/wp-content\/uploads\/2023\/06\/touch-bowl-small-monica-forster-zanat-maple-ssp-765-compress.jpg\",\"contentUrl\":\"https:\/\/zanat.org\/wp-content\/uploads\/2023\/06\/touch-bowl-small-monica-forster-zanat-maple-ssp-765-compress.jpg\",\"width\":1440,\"height\":1080},{\"@type\":\"BreadcrumbList\",\"@id\":\"https:\/\/zanat.org\/bs\/item\/zdjela-touch-mala\/#breadcrumb\",\"itemListElement\":[{\"@type\":\"ListItem\",\"position\":1,\"name\":\"Zanat\",\"item\":\"https:\/\/zanat.org\/bs\/\"},{\"@type\":\"ListItem\",\"position\":2,\"name\":\"Shop\",\"item\":\"https:\/\/staging.zanat.org\/shop\/\"},{\"@type\":\"ListItem\",\"position\":3,\"name\":\"Accessories\",\"item\":\"https:\/\/zanat.org\/shop\/products\/accessories\/\"},{\"@type\":\"ListItem\",\"position\":4,\"name\":\"ZDJELA TOUCH, MALA\"}]},{\"@type\":\"WebSite\",\"@id\":\"https:\/\/staging.zanat.org\/bs\/#website\",\"url\":\"https:\/\/staging.zanat.org\/bs\/\",\"name\":\"ZANAT\",\"description\":\"Improve your home &amp; improve our world\",\"potentialAction\":[{\"@type\":\"SearchAction\",\"target\":{\"@type\":\"EntryPoint\",\"urlTemplate\":\"https:\/\/staging.zanat.org\/bs\/?s={search_term_string}\"},\"query-input\":{\"@type\":\"PropertyValueSpecification\",\"valueRequired\":true,\"valueName\":\"search_term_string\"}}],\"inLanguage\":\"bs-BA\"}]}<\/script>\n<!-- \/ Yoast SEO plugin. -->","yoast_head_json":{"title":"ZDJELA TOUCH, MALA - ZANAT","robots":{"index":"index","follow":"follow","max-snippet":"max-snippet:-1","max-image-preview":"max-image-preview:large","max-video-preview":"max-video-preview:-1"},"canonical":"https:\/\/zanat.org\/bs\/item\/zdjela-touch-mala\/","og_locale":"bs_BA","og_type":"article","og_title":"ZDJELA TOUCH, MALA - ZANAT","og_description":"Zdjele i pladnjevi za hranu Touch rezultat su na\u0161eg kontinuiranog dijaloga s Ilse Crawford, Oscarom Pe\u00f1om i njihovim saradnicima u Studioilseu o taktilnosti kao bitnoj ljudskoj potrebi i o tome kako se njezin kontinuirani gubitak brzom digitalizacijom na\u0161eg svijeta mo\u017ee nadoknaditi dizajnom fizi\u010dkih predmeta za interijere. Ovdje je cilj bio stvoriti jednostavne predmete koji mogu [&hellip;]","og_url":"https:\/\/zanat.org\/bs\/item\/zdjela-touch-mala\/","og_site_name":"ZANAT","article_modified_time":"2023-10-10T08:05:47+00:00","og_image":[{"width":1440,"height":1080,"url":"https:\/\/zanat.org\/wp-content\/uploads\/2023\/06\/touch-bowl-small-monica-forster-zanat-maple-ssp-765-compress.jpg","type":"image\/jpeg"}],"twitter_card":"summary_large_image","twitter_misc":{"Est. reading time":"1 minuta"},"schema":{"@context":"https:\/\/schema.org","@graph":[{"@type":"WebPage","@id":"https:\/\/zanat.org\/bs\/item\/zdjela-touch-mala\/","url":"https:\/\/zanat.org\/bs\/item\/zdjela-touch-mala\/","name":"ZDJELA TOUCH, MALA - ZANAT","isPartOf":{"@id":"https:\/\/staging.zanat.org\/bs\/#website"},"primaryImageOfPage":{"@id":"https:\/\/zanat.org\/bs\/item\/zdjela-touch-mala\/#primaryimage"},"image":{"@id":"https:\/\/zanat.org\/bs\/item\/zdjela-touch-mala\/#primaryimage"},"thumbnailUrl":"https:\/\/zanat.org\/wp-content\/uploads\/2023\/06\/touch-bowl-small-monica-forster-zanat-maple-ssp-765-compress.jpg","datePublished":"2023-06-02T10:28:02+00:00","dateModified":"2023-10-10T08:05:47+00:00","breadcrumb":{"@id":"https:\/\/zanat.org\/bs\/item\/zdjela-touch-mala\/#breadcrumb"},"inLanguage":"bs-BA","potentialAction":[{"@type":"ReadAction","target":["https:\/\/zanat.org\/bs\/item\/zdjela-touch-mala\/"]}]},{"@type":"ImageObject","inLanguage":"bs-BA","@id":"https:\/\/zanat.org\/bs\/item\/zdjela-touch-mala\/#primaryimage","url":"https:\/\/zanat.org\/wp-content\/uploads\/2023\/06\/touch-bowl-small-monica-forster-zanat-maple-ssp-765-compress.jpg","contentUrl":"https:\/\/zanat.org\/wp-content\/uploads\/2023\/06\/touch-bowl-small-monica-forster-zanat-maple-ssp-765-compress.jpg","width":1440,"height":1080},{"@type":"BreadcrumbList","@id":"https:\/\/zanat.org\/bs\/item\/zdjela-touch-mala\/#breadcrumb","itemListElement":[{"@type":"ListItem","position":1,"name":"Zanat","item":"https:\/\/zanat.org\/bs\/"},{"@type":"ListItem","position":2,"name":"Shop","item":"https:\/\/staging.zanat.org\/shop\/"},{"@type":"ListItem","position":3,"name":"Accessories","item":"https:\/\/zanat.org\/shop\/products\/accessories\/"},{"@type":"ListItem","position":4,"name":"ZDJELA TOUCH, MALA"}]},{"@type":"WebSite","@id":"https:\/\/staging.zanat.org\/bs\/#website","url":"https:\/\/staging.zanat.org\/bs\/","name":"ZANAT","description":"Improve your home &amp; improve our world","potentialAction":[{"@type":"SearchAction","target":{"@type":"EntryPoint","urlTemplate":"https:\/\/staging.zanat.org\/bs\/?s={search_term_string}"},"query-input":{"@type":"PropertyValueSpecification","valueRequired":true,"valueName":"search_term_string"}}],"inLanguage":"bs-BA"}]}},"_links":{"self":[{"href":"https:\/\/zanat.org\/bs\/wp-json\/wp\/v2\/product\/19832","targetHints":{"allow":["GET"]}}],"collection":[{"href":"https:\/\/zanat.org\/bs\/wp-json\/wp\/v2\/product"}],"about":[{"href":"https:\/\/zanat.org\/bs\/wp-json\/wp\/v2\/types\/product"}],"wp:featuredmedia":[{"embeddable":true,"href":"https:\/\/zanat.org\/bs\/wp-json\/wp\/v2\/media\/19436"}],"wp:attachment":[{"href":"https:\/\/zanat.org\/bs\/wp-json\/wp\/v2\/media?parent=19832"}],"wp:term":[{"taxonomy":"product_brand","embeddable":true,"href":"https:\/\/zanat.org\/bs\/wp-json\/wp\/v2\/product_brand?post=19832"},{"taxonomy":"product_cat","embeddable":true,"href":"https:\/\/zanat.org\/bs\/wp-json\/wp\/v2\/product_cat?post=19832"},{"taxonomy":"product_tag","embeddable":true,"href":"https:\/\/zanat.org\/bs\/wp-json\/wp\/v2\/product_tag?post=19832"}],"curies":[{"name":"wp","href":"https:\/\/api.w.org\/{rel}","templated":true}]}}