{"id":19813,"date":"2023-06-04T11:40:22","date_gmt":"2023-06-04T09:40:22","guid":{"rendered":"https:\/\/zanat.org\/?post_type=product&#038;p=19813"},"modified":"2023-10-10T09:56:45","modified_gmt":"2023-10-10T07:56:45","slug":"stolice-touch-half-moon","status":"publish","type":"product","link":"https:\/\/zanat.org\/bs\/item\/stolice-touch-half-moon\/","title":{"rendered":"STOLICE TOUCH &#8221;HALF MOON&#8221;"},"content":{"rendered":"<p>Stolice (pomo\u0107ni stoli\u0107i) Touch koje je dizajnirao Studioilse dio su kolekcije Touch koju je Studioilse dizajnirao za Zanat. Stolice dolaze u verzijama \u201cPill\u201d i \u201cHalf Moon\u201d. Posebna kvaliteta svih Touch proizvoda le\u017ei u ru\u010dno izrezbarenim povr\u0161inama koje aktiviraju na\u0161 instinktivni impuls da ne\u0161to osjetimo i odra\u017eavaju na\u0161u glad za vi\u0161e taktilnog okru\u017eenja u digitalnom dobu. Rezbarije na stolicama \u010dine ih jedinstveno taktilnim, a budu\u0107i da majstori rezbare dijelove nasumi\u010dno, bez crte\u017ea \u2013 svaki je komad jedinstven jer dvije izrezbarene povr\u0161ine nikada ne\u0107e izgledati isto. Stolice se mogu koristiti u mno\u0161tvu razli\u010ditih postavki: le\u017eerno sjedenje, oko stola za blagovanje, kao pomo\u0107ni stoli\u0107i\u2026<\/p>\n","protected":false},"excerpt":{"rendered":"<p>Stolice (pomo\u0107ni stoli\u0107i) Touch koje je dizajnirao Studioilse dio su kolekcije Touch koju je Studioilse dizajnirao za Zanat. Stolice dolaze u verzijama \u201cPill\u201d i \u201cHalf Moon\u201d. Posebna kvaliteta svih Touch proizvoda le\u017ei u ru\u010dno izrezbarenim povr\u0161inama koje aktiviraju na\u0161 instinktivni impuls da ne\u0161to osjetimo i odra\u017eavaju na\u0161u glad za vi\u0161e taktilnog okru\u017eenja u digitalnom dobu. [&hellip;]<\/p>\n","protected":false},"featured_media":19490,"template":"","meta":{"_acf_changed":false,"_monsterinsights_skip_tracking":false,"_monsterinsights_sitenote_active":false,"_monsterinsights_sitenote_note":"","_monsterinsights_sitenote_category":0},"product_brand":[],"product_cat":[],"product_tag":[],"class_list":{"0":"post-19813","1":"product","2":"type-product","3":"status-publish","4":"has-post-thumbnail","7":"first","8":"onbackorder","9":"taxable","10":"shipping-taxable","11":"purchasable","12":"product-type-variable"},"acf":[],"yoast_head":"<!-- This site is optimized with the Yoast SEO plugin v26.4 - https:\/\/yoast.com\/wordpress\/plugins\/seo\/ -->\n<title>STOLICE TOUCH &#039;&#039;HALF MOON&#039;&#039; - ZANAT<\/title>\n<meta name=\"robots\" content=\"index, follow, max-snippet:-1, max-image-preview:large, max-video-preview:-1\" \/>\n<link rel=\"canonical\" href=\"https:\/\/zanat.org\/bs\/item\/stolice-touch-half-moon\/\" \/>\n<meta property=\"og:locale\" content=\"bs_BA\" \/>\n<meta property=\"og:type\" content=\"article\" \/>\n<meta property=\"og:title\" content=\"STOLICE TOUCH &#039;&#039;HALF MOON&#039;&#039; - ZANAT\" \/>\n<meta property=\"og:description\" content=\"Stolice (pomo\u0107ni stoli\u0107i) Touch koje je dizajnirao Studioilse dio su kolekcije Touch koju je Studioilse dizajnirao za Zanat. Stolice dolaze u verzijama \u201cPill\u201d i \u201cHalf Moon\u201d. Posebna kvaliteta svih Touch proizvoda le\u017ei u ru\u010dno izrezbarenim povr\u0161inama koje aktiviraju na\u0161 instinktivni impuls da ne\u0161to osjetimo i odra\u017eavaju na\u0161u glad za vi\u0161e taktilnog okru\u017eenja u digitalnom dobu. [&hellip;]\" \/>\n<meta property=\"og:url\" content=\"https:\/\/zanat.org\/bs\/item\/stolice-touch-half-moon\/\" \/>\n<meta property=\"og:site_name\" content=\"ZANAT\" \/>\n<meta property=\"article:modified_time\" content=\"2023-10-10T07:56:45+00:00\" \/>\n<meta property=\"og:image\" content=\"https:\/\/zanat.org\/wp-content\/uploads\/2023\/06\/touch-stool-half-moon-studioilse-zanat-maple-ws-ssp-173-compress.jpg\" \/>\n\t<meta property=\"og:image:width\" content=\"1440\" \/>\n\t<meta property=\"og:image:height\" content=\"1080\" \/>\n\t<meta property=\"og:image:type\" content=\"image\/jpeg\" \/>\n<meta name=\"twitter:card\" content=\"summary_large_image\" \/>\n<meta name=\"twitter:label1\" content=\"Est. reading time\" \/>\n\t<meta name=\"twitter:data1\" content=\"1 minuta\" \/>\n<script type=\"application\/ld+json\" class=\"yoast-schema-graph\">{\"@context\":\"https:\/\/schema.org\",\"@graph\":[{\"@type\":\"WebPage\",\"@id\":\"https:\/\/zanat.org\/bs\/item\/stolice-touch-half-moon\/\",\"url\":\"https:\/\/zanat.org\/bs\/item\/stolice-touch-half-moon\/\",\"name\":\"STOLICE TOUCH ''HALF MOON'' - ZANAT\",\"isPartOf\":{\"@id\":\"https:\/\/staging.zanat.org\/bs\/#website\"},\"primaryImageOfPage\":{\"@id\":\"https:\/\/zanat.org\/bs\/item\/stolice-touch-half-moon\/#primaryimage\"},\"image\":{\"@id\":\"https:\/\/zanat.org\/bs\/item\/stolice-touch-half-moon\/#primaryimage\"},\"thumbnailUrl\":\"https:\/\/zanat.org\/wp-content\/uploads\/2023\/06\/touch-stool-half-moon-studioilse-zanat-maple-ws-ssp-173-compress.jpg\",\"datePublished\":\"2023-06-04T09:40:22+00:00\",\"dateModified\":\"2023-10-10T07:56:45+00:00\",\"breadcrumb\":{\"@id\":\"https:\/\/zanat.org\/bs\/item\/stolice-touch-half-moon\/#breadcrumb\"},\"inLanguage\":\"bs-BA\",\"potentialAction\":[{\"@type\":\"ReadAction\",\"target\":[\"https:\/\/zanat.org\/bs\/item\/stolice-touch-half-moon\/\"]}]},{\"@type\":\"ImageObject\",\"inLanguage\":\"bs-BA\",\"@id\":\"https:\/\/zanat.org\/bs\/item\/stolice-touch-half-moon\/#primaryimage\",\"url\":\"https:\/\/zanat.org\/wp-content\/uploads\/2023\/06\/touch-stool-half-moon-studioilse-zanat-maple-ws-ssp-173-compress.jpg\",\"contentUrl\":\"https:\/\/zanat.org\/wp-content\/uploads\/2023\/06\/touch-stool-half-moon-studioilse-zanat-maple-ws-ssp-173-compress.jpg\",\"width\":1440,\"height\":1080},{\"@type\":\"BreadcrumbList\",\"@id\":\"https:\/\/zanat.org\/bs\/item\/stolice-touch-half-moon\/#breadcrumb\",\"itemListElement\":[{\"@type\":\"ListItem\",\"position\":1,\"name\":\"Zanat\",\"item\":\"https:\/\/zanat.org\/bs\/\"},{\"@type\":\"ListItem\",\"position\":2,\"name\":\"Shop\",\"item\":\"https:\/\/staging.zanat.org\/shop\/\"},{\"@type\":\"ListItem\",\"position\":3,\"name\":\"Benches &amp; Stools\",\"item\":\"https:\/\/zanat.org\/shop\/products\/benches-and-stools\/\"},{\"@type\":\"ListItem\",\"position\":4,\"name\":\"STOLICE TOUCH &#8221;HALF MOON&#8221;\"}]},{\"@type\":\"WebSite\",\"@id\":\"https:\/\/staging.zanat.org\/bs\/#website\",\"url\":\"https:\/\/staging.zanat.org\/bs\/\",\"name\":\"ZANAT\",\"description\":\"Improve your home &amp; improve our world\",\"potentialAction\":[{\"@type\":\"SearchAction\",\"target\":{\"@type\":\"EntryPoint\",\"urlTemplate\":\"https:\/\/staging.zanat.org\/bs\/?s={search_term_string}\"},\"query-input\":{\"@type\":\"PropertyValueSpecification\",\"valueRequired\":true,\"valueName\":\"search_term_string\"}}],\"inLanguage\":\"bs-BA\"}]}<\/script>\n<!-- \/ Yoast SEO plugin. -->","yoast_head_json":{"title":"STOLICE TOUCH ''HALF MOON'' - ZANAT","robots":{"index":"index","follow":"follow","max-snippet":"max-snippet:-1","max-image-preview":"max-image-preview:large","max-video-preview":"max-video-preview:-1"},"canonical":"https:\/\/zanat.org\/bs\/item\/stolice-touch-half-moon\/","og_locale":"bs_BA","og_type":"article","og_title":"STOLICE TOUCH ''HALF MOON'' - ZANAT","og_description":"Stolice (pomo\u0107ni stoli\u0107i) Touch koje je dizajnirao Studioilse dio su kolekcije Touch koju je Studioilse dizajnirao za Zanat. Stolice dolaze u verzijama \u201cPill\u201d i \u201cHalf Moon\u201d. Posebna kvaliteta svih Touch proizvoda le\u017ei u ru\u010dno izrezbarenim povr\u0161inama koje aktiviraju na\u0161 instinktivni impuls da ne\u0161to osjetimo i odra\u017eavaju na\u0161u glad za vi\u0161e taktilnog okru\u017eenja u digitalnom dobu. [&hellip;]","og_url":"https:\/\/zanat.org\/bs\/item\/stolice-touch-half-moon\/","og_site_name":"ZANAT","article_modified_time":"2023-10-10T07:56:45+00:00","og_image":[{"width":1440,"height":1080,"url":"https:\/\/zanat.org\/wp-content\/uploads\/2023\/06\/touch-stool-half-moon-studioilse-zanat-maple-ws-ssp-173-compress.jpg","type":"image\/jpeg"}],"twitter_card":"summary_large_image","twitter_misc":{"Est. reading time":"1 minuta"},"schema":{"@context":"https:\/\/schema.org","@graph":[{"@type":"WebPage","@id":"https:\/\/zanat.org\/bs\/item\/stolice-touch-half-moon\/","url":"https:\/\/zanat.org\/bs\/item\/stolice-touch-half-moon\/","name":"STOLICE TOUCH ''HALF MOON'' - ZANAT","isPartOf":{"@id":"https:\/\/staging.zanat.org\/bs\/#website"},"primaryImageOfPage":{"@id":"https:\/\/zanat.org\/bs\/item\/stolice-touch-half-moon\/#primaryimage"},"image":{"@id":"https:\/\/zanat.org\/bs\/item\/stolice-touch-half-moon\/#primaryimage"},"thumbnailUrl":"https:\/\/zanat.org\/wp-content\/uploads\/2023\/06\/touch-stool-half-moon-studioilse-zanat-maple-ws-ssp-173-compress.jpg","datePublished":"2023-06-04T09:40:22+00:00","dateModified":"2023-10-10T07:56:45+00:00","breadcrumb":{"@id":"https:\/\/zanat.org\/bs\/item\/stolice-touch-half-moon\/#breadcrumb"},"inLanguage":"bs-BA","potentialAction":[{"@type":"ReadAction","target":["https:\/\/zanat.org\/bs\/item\/stolice-touch-half-moon\/"]}]},{"@type":"ImageObject","inLanguage":"bs-BA","@id":"https:\/\/zanat.org\/bs\/item\/stolice-touch-half-moon\/#primaryimage","url":"https:\/\/zanat.org\/wp-content\/uploads\/2023\/06\/touch-stool-half-moon-studioilse-zanat-maple-ws-ssp-173-compress.jpg","contentUrl":"https:\/\/zanat.org\/wp-content\/uploads\/2023\/06\/touch-stool-half-moon-studioilse-zanat-maple-ws-ssp-173-compress.jpg","width":1440,"height":1080},{"@type":"BreadcrumbList","@id":"https:\/\/zanat.org\/bs\/item\/stolice-touch-half-moon\/#breadcrumb","itemListElement":[{"@type":"ListItem","position":1,"name":"Zanat","item":"https:\/\/zanat.org\/bs\/"},{"@type":"ListItem","position":2,"name":"Shop","item":"https:\/\/staging.zanat.org\/shop\/"},{"@type":"ListItem","position":3,"name":"Benches &amp; Stools","item":"https:\/\/zanat.org\/shop\/products\/benches-and-stools\/"},{"@type":"ListItem","position":4,"name":"STOLICE TOUCH &#8221;HALF MOON&#8221;"}]},{"@type":"WebSite","@id":"https:\/\/staging.zanat.org\/bs\/#website","url":"https:\/\/staging.zanat.org\/bs\/","name":"ZANAT","description":"Improve your home &amp; improve our world","potentialAction":[{"@type":"SearchAction","target":{"@type":"EntryPoint","urlTemplate":"https:\/\/staging.zanat.org\/bs\/?s={search_term_string}"},"query-input":{"@type":"PropertyValueSpecification","valueRequired":true,"valueName":"search_term_string"}}],"inLanguage":"bs-BA"}]}},"_links":{"self":[{"href":"https:\/\/zanat.org\/bs\/wp-json\/wp\/v2\/product\/19813","targetHints":{"allow":["GET"]}}],"collection":[{"href":"https:\/\/zanat.org\/bs\/wp-json\/wp\/v2\/product"}],"about":[{"href":"https:\/\/zanat.org\/bs\/wp-json\/wp\/v2\/types\/product"}],"wp:featuredmedia":[{"embeddable":true,"href":"https:\/\/zanat.org\/bs\/wp-json\/wp\/v2\/media\/19490"}],"wp:attachment":[{"href":"https:\/\/zanat.org\/bs\/wp-json\/wp\/v2\/media?parent=19813"}],"wp:term":[{"taxonomy":"product_brand","embeddable":true,"href":"https:\/\/zanat.org\/bs\/wp-json\/wp\/v2\/product_brand?post=19813"},{"taxonomy":"product_cat","embeddable":true,"href":"https:\/\/zanat.org\/bs\/wp-json\/wp\/v2\/product_cat?post=19813"},{"taxonomy":"product_tag","embeddable":true,"href":"https:\/\/zanat.org\/bs\/wp-json\/wp\/v2\/product_tag?post=19813"}],"curies":[{"name":"wp","href":"https:\/\/api.w.org\/{rel}","templated":true}]}}