{"id":19796,"date":"2023-06-05T12:20:51","date_gmt":"2023-06-05T10:20:51","guid":{"rendered":"https:\/\/zanat.org\/?post_type=product&#038;p=19796"},"modified":"2023-10-09T16:45:30","modified_gmt":"2023-10-09T14:45:30","slug":"stolica-tattoo-plain-3-jasen-bijelo-ulje","status":"publish","type":"product","link":"https:\/\/zanat.org\/bs\/item\/stolica-tattoo-plain-3-jasen-bijelo-ulje\/","title":{"rendered":"STOLICA TATTOO PLAIN (3), JASEN BIJELO ULJE"},"content":{"rendered":"<p>Stolica Tattoo je uredna, lagana, stabilna i slo\u017eiva stolica s lijepim i razigranim rezbarijama, dostupna u verziji s tri ili \u010detiri noge. Rupe na vrhu doprinose karakteru stolice i omogu\u0107uju jednostavno dr\u017eanje i no\u0161enje. Stolice se mogu tetovirati od glave do pete ili na vrlo diskretan na\u010din. Mogu se birati u razli\u010ditim vrstama drva, bojama, bajcanim ili lakiranim. Simbolika grafike se stvara u oku posmatra\u010da. Za dizajnere, tetova\u017ee su kontrasti u \u017eivotu, ljubav, radost, tuga i bol.<\/p>\n","protected":false},"excerpt":{"rendered":"<p>Stolica Tattoo je uredna, lagana, stabilna i slo\u017eiva stolica s lijepim i razigranim rezbarijama, dostupna u verziji s tri ili \u010detiri noge. Rupe na vrhu doprinose karakteru stolice i omogu\u0107uju jednostavno dr\u017eanje i no\u0161enje. Stolice se mogu tetovirati od glave do pete ili na vrlo diskretan na\u010din. Mogu se birati u razli\u010ditim vrstama drva, bojama, [&hellip;]<\/p>\n","protected":false},"featured_media":19525,"template":"","meta":{"_acf_changed":false,"_monsterinsights_skip_tracking":false,"_monsterinsights_sitenote_active":false,"_monsterinsights_sitenote_note":"","_monsterinsights_sitenote_category":0},"product_brand":[],"product_cat":[],"product_tag":[],"class_list":{"0":"post-19796","1":"product","2":"type-product","3":"status-publish","4":"has-post-thumbnail","7":"first","8":"onbackorder","9":"taxable","10":"shipping-taxable","11":"purchasable","12":"product-type-simple"},"acf":[],"yoast_head":"<!-- This site is optimized with the Yoast SEO plugin v26.4 - https:\/\/yoast.com\/wordpress\/plugins\/seo\/ -->\n<title>STOLICA TATTOO PLAIN (3), JASEN BIJELO ULJE - ZANAT<\/title>\n<meta name=\"robots\" content=\"index, follow, max-snippet:-1, max-image-preview:large, max-video-preview:-1\" \/>\n<link rel=\"canonical\" href=\"https:\/\/zanat.org\/bs\/item\/stolica-tattoo-plain-3-jasen-bijelo-ulje\/\" \/>\n<meta property=\"og:locale\" content=\"bs_BA\" \/>\n<meta property=\"og:type\" content=\"article\" \/>\n<meta property=\"og:title\" content=\"STOLICA TATTOO PLAIN (3), JASEN BIJELO ULJE - ZANAT\" \/>\n<meta property=\"og:description\" content=\"Stolica Tattoo je uredna, lagana, stabilna i slo\u017eiva stolica s lijepim i razigranim rezbarijama, dostupna u verziji s tri ili \u010detiri noge. Rupe na vrhu doprinose karakteru stolice i omogu\u0107uju jednostavno dr\u017eanje i no\u0161enje. Stolice se mogu tetovirati od glave do pete ili na vrlo diskretan na\u010din. Mogu se birati u razli\u010ditim vrstama drva, bojama, [&hellip;]\" \/>\n<meta property=\"og:url\" content=\"https:\/\/zanat.org\/bs\/item\/stolica-tattoo-plain-3-jasen-bijelo-ulje\/\" \/>\n<meta property=\"og:site_name\" content=\"ZANAT\" \/>\n<meta property=\"article:modified_time\" content=\"2023-10-09T14:45:30+00:00\" \/>\n<meta property=\"og:image\" content=\"https:\/\/zanat.org\/wp-content\/uploads\/2023\/06\/tattoo-stool-ash-white-oil2-compress.jpg\" \/>\n\t<meta property=\"og:image:width\" content=\"1440\" \/>\n\t<meta property=\"og:image:height\" content=\"1080\" \/>\n\t<meta property=\"og:image:type\" content=\"image\/jpeg\" \/>\n<meta name=\"twitter:card\" content=\"summary_large_image\" \/>\n<meta name=\"twitter:label1\" content=\"Est. reading time\" \/>\n\t<meta name=\"twitter:data1\" content=\"1 minuta\" \/>\n<script type=\"application\/ld+json\" class=\"yoast-schema-graph\">{\"@context\":\"https:\/\/schema.org\",\"@graph\":[{\"@type\":\"WebPage\",\"@id\":\"https:\/\/zanat.org\/bs\/item\/stolica-tattoo-plain-3-jasen-bijelo-ulje\/\",\"url\":\"https:\/\/zanat.org\/bs\/item\/stolica-tattoo-plain-3-jasen-bijelo-ulje\/\",\"name\":\"STOLICA TATTOO PLAIN (3), JASEN BIJELO ULJE - ZANAT\",\"isPartOf\":{\"@id\":\"https:\/\/staging.zanat.org\/bs\/#website\"},\"primaryImageOfPage\":{\"@id\":\"https:\/\/zanat.org\/bs\/item\/stolica-tattoo-plain-3-jasen-bijelo-ulje\/#primaryimage\"},\"image\":{\"@id\":\"https:\/\/zanat.org\/bs\/item\/stolica-tattoo-plain-3-jasen-bijelo-ulje\/#primaryimage\"},\"thumbnailUrl\":\"https:\/\/zanat.org\/wp-content\/uploads\/2023\/06\/tattoo-stool-ash-white-oil2-compress.jpg\",\"datePublished\":\"2023-06-05T10:20:51+00:00\",\"dateModified\":\"2023-10-09T14:45:30+00:00\",\"breadcrumb\":{\"@id\":\"https:\/\/zanat.org\/bs\/item\/stolica-tattoo-plain-3-jasen-bijelo-ulje\/#breadcrumb\"},\"inLanguage\":\"bs-BA\",\"potentialAction\":[{\"@type\":\"ReadAction\",\"target\":[\"https:\/\/zanat.org\/bs\/item\/stolica-tattoo-plain-3-jasen-bijelo-ulje\/\"]}]},{\"@type\":\"ImageObject\",\"inLanguage\":\"bs-BA\",\"@id\":\"https:\/\/zanat.org\/bs\/item\/stolica-tattoo-plain-3-jasen-bijelo-ulje\/#primaryimage\",\"url\":\"https:\/\/zanat.org\/wp-content\/uploads\/2023\/06\/tattoo-stool-ash-white-oil2-compress.jpg\",\"contentUrl\":\"https:\/\/zanat.org\/wp-content\/uploads\/2023\/06\/tattoo-stool-ash-white-oil2-compress.jpg\",\"width\":1440,\"height\":1080},{\"@type\":\"BreadcrumbList\",\"@id\":\"https:\/\/zanat.org\/bs\/item\/stolica-tattoo-plain-3-jasen-bijelo-ulje\/#breadcrumb\",\"itemListElement\":[{\"@type\":\"ListItem\",\"position\":1,\"name\":\"Zanat\",\"item\":\"https:\/\/zanat.org\/bs\/\"},{\"@type\":\"ListItem\",\"position\":2,\"name\":\"Shop\",\"item\":\"https:\/\/staging.zanat.org\/shop\/\"},{\"@type\":\"ListItem\",\"position\":3,\"name\":\"STOLICA TATTOO PLAIN (3), JASEN BIJELO ULJE\"}]},{\"@type\":\"WebSite\",\"@id\":\"https:\/\/staging.zanat.org\/bs\/#website\",\"url\":\"https:\/\/staging.zanat.org\/bs\/\",\"name\":\"ZANAT\",\"description\":\"Improve your home &amp; improve our world\",\"potentialAction\":[{\"@type\":\"SearchAction\",\"target\":{\"@type\":\"EntryPoint\",\"urlTemplate\":\"https:\/\/staging.zanat.org\/bs\/?s={search_term_string}\"},\"query-input\":{\"@type\":\"PropertyValueSpecification\",\"valueRequired\":true,\"valueName\":\"search_term_string\"}}],\"inLanguage\":\"bs-BA\"}]}<\/script>\n<!-- \/ Yoast SEO plugin. -->","yoast_head_json":{"title":"STOLICA TATTOO PLAIN (3), JASEN BIJELO ULJE - ZANAT","robots":{"index":"index","follow":"follow","max-snippet":"max-snippet:-1","max-image-preview":"max-image-preview:large","max-video-preview":"max-video-preview:-1"},"canonical":"https:\/\/zanat.org\/bs\/item\/stolica-tattoo-plain-3-jasen-bijelo-ulje\/","og_locale":"bs_BA","og_type":"article","og_title":"STOLICA TATTOO PLAIN (3), JASEN BIJELO ULJE - ZANAT","og_description":"Stolica Tattoo je uredna, lagana, stabilna i slo\u017eiva stolica s lijepim i razigranim rezbarijama, dostupna u verziji s tri ili \u010detiri noge. Rupe na vrhu doprinose karakteru stolice i omogu\u0107uju jednostavno dr\u017eanje i no\u0161enje. Stolice se mogu tetovirati od glave do pete ili na vrlo diskretan na\u010din. Mogu se birati u razli\u010ditim vrstama drva, bojama, [&hellip;]","og_url":"https:\/\/zanat.org\/bs\/item\/stolica-tattoo-plain-3-jasen-bijelo-ulje\/","og_site_name":"ZANAT","article_modified_time":"2023-10-09T14:45:30+00:00","og_image":[{"width":1440,"height":1080,"url":"https:\/\/zanat.org\/wp-content\/uploads\/2023\/06\/tattoo-stool-ash-white-oil2-compress.jpg","type":"image\/jpeg"}],"twitter_card":"summary_large_image","twitter_misc":{"Est. reading time":"1 minuta"},"schema":{"@context":"https:\/\/schema.org","@graph":[{"@type":"WebPage","@id":"https:\/\/zanat.org\/bs\/item\/stolica-tattoo-plain-3-jasen-bijelo-ulje\/","url":"https:\/\/zanat.org\/bs\/item\/stolica-tattoo-plain-3-jasen-bijelo-ulje\/","name":"STOLICA TATTOO PLAIN (3), JASEN BIJELO ULJE - ZANAT","isPartOf":{"@id":"https:\/\/staging.zanat.org\/bs\/#website"},"primaryImageOfPage":{"@id":"https:\/\/zanat.org\/bs\/item\/stolica-tattoo-plain-3-jasen-bijelo-ulje\/#primaryimage"},"image":{"@id":"https:\/\/zanat.org\/bs\/item\/stolica-tattoo-plain-3-jasen-bijelo-ulje\/#primaryimage"},"thumbnailUrl":"https:\/\/zanat.org\/wp-content\/uploads\/2023\/06\/tattoo-stool-ash-white-oil2-compress.jpg","datePublished":"2023-06-05T10:20:51+00:00","dateModified":"2023-10-09T14:45:30+00:00","breadcrumb":{"@id":"https:\/\/zanat.org\/bs\/item\/stolica-tattoo-plain-3-jasen-bijelo-ulje\/#breadcrumb"},"inLanguage":"bs-BA","potentialAction":[{"@type":"ReadAction","target":["https:\/\/zanat.org\/bs\/item\/stolica-tattoo-plain-3-jasen-bijelo-ulje\/"]}]},{"@type":"ImageObject","inLanguage":"bs-BA","@id":"https:\/\/zanat.org\/bs\/item\/stolica-tattoo-plain-3-jasen-bijelo-ulje\/#primaryimage","url":"https:\/\/zanat.org\/wp-content\/uploads\/2023\/06\/tattoo-stool-ash-white-oil2-compress.jpg","contentUrl":"https:\/\/zanat.org\/wp-content\/uploads\/2023\/06\/tattoo-stool-ash-white-oil2-compress.jpg","width":1440,"height":1080},{"@type":"BreadcrumbList","@id":"https:\/\/zanat.org\/bs\/item\/stolica-tattoo-plain-3-jasen-bijelo-ulje\/#breadcrumb","itemListElement":[{"@type":"ListItem","position":1,"name":"Zanat","item":"https:\/\/zanat.org\/bs\/"},{"@type":"ListItem","position":2,"name":"Shop","item":"https:\/\/staging.zanat.org\/shop\/"},{"@type":"ListItem","position":3,"name":"STOLICA TATTOO PLAIN (3), JASEN BIJELO ULJE"}]},{"@type":"WebSite","@id":"https:\/\/staging.zanat.org\/bs\/#website","url":"https:\/\/staging.zanat.org\/bs\/","name":"ZANAT","description":"Improve your home &amp; improve our world","potentialAction":[{"@type":"SearchAction","target":{"@type":"EntryPoint","urlTemplate":"https:\/\/staging.zanat.org\/bs\/?s={search_term_string}"},"query-input":{"@type":"PropertyValueSpecification","valueRequired":true,"valueName":"search_term_string"}}],"inLanguage":"bs-BA"}]}},"_links":{"self":[{"href":"https:\/\/zanat.org\/bs\/wp-json\/wp\/v2\/product\/19796","targetHints":{"allow":["GET"]}}],"collection":[{"href":"https:\/\/zanat.org\/bs\/wp-json\/wp\/v2\/product"}],"about":[{"href":"https:\/\/zanat.org\/bs\/wp-json\/wp\/v2\/types\/product"}],"wp:featuredmedia":[{"embeddable":true,"href":"https:\/\/zanat.org\/bs\/wp-json\/wp\/v2\/media\/19525"}],"wp:attachment":[{"href":"https:\/\/zanat.org\/bs\/wp-json\/wp\/v2\/media?parent=19796"}],"wp:term":[{"taxonomy":"product_brand","embeddable":true,"href":"https:\/\/zanat.org\/bs\/wp-json\/wp\/v2\/product_brand?post=19796"},{"taxonomy":"product_cat","embeddable":true,"href":"https:\/\/zanat.org\/bs\/wp-json\/wp\/v2\/product_cat?post=19796"},{"taxonomy":"product_tag","embeddable":true,"href":"https:\/\/zanat.org\/bs\/wp-json\/wp\/v2\/product_tag?post=19796"}],"curies":[{"name":"wp","href":"https:\/\/api.w.org\/{rel}","templated":true}]}}