{"id":19788,"date":"2023-06-05T13:42:13","date_gmt":"2023-06-05T11:42:13","guid":{"rendered":"https:\/\/zanat.org\/?post_type=product&#038;p=19788"},"modified":"2023-10-09T16:41:16","modified_gmt":"2023-10-09T14:41:16","slug":"zdjela-nera-dots-orah-ulje","status":"publish","type":"product","link":"https:\/\/zanat.org\/bs\/item\/zdjela-nera-dots-orah-ulje\/","title":{"rendered":"ZDJELA NERA VELIKA, DOTS, ORAH ULJE"},"content":{"rendered":"<p>Zdjele Nera su izvorno dizajnirane za aukciju na dobrotvornoj akciji \u010diji je cilj za\u0161tita endemske pastrmke u gradu porijekla Zanata. Proizvod je privukao nevjerovatnu pa\u017enju dizajnerskih medija, kupaca i nekih vode\u0107ih brendova dizajna namje\u0161taja koji su ga koristili kao stilski element za svoje kataloge i sajamske izlo\u017ebe. Savr\u0161ene proporcije, materijalnost, lako\u0107a i skulpturalna profinjenost zajedno s pomno izvedenim rezbarskim detaljima, bit su atraktivnosti proizvoda. Zdjele dolaze u tri razli\u010dite veli\u010dine i dostupne su u prirodnom i crno obojenom javoru, kao \u0161to je drvo oraha. Zdjele se tako\u0111er mogu prilagoditi izborom razli\u010ditih uzoraka rezbarenja.<\/p>\n","protected":false},"excerpt":{"rendered":"<p>Zdjele Nera su izvorno dizajnirane za aukciju na dobrotvornoj akciji \u010diji je cilj za\u0161tita endemske pastrmke u gradu porijekla Zanata. Proizvod je privukao nevjerovatnu pa\u017enju dizajnerskih medija, kupaca i nekih vode\u0107ih brendova dizajna namje\u0161taja koji su ga koristili kao stilski element za svoje kataloge i sajamske izlo\u017ebe. Savr\u0161ene proporcije, materijalnost, lako\u0107a i skulpturalna profinjenost zajedno [&hellip;]<\/p>\n","protected":false},"featured_media":19544,"template":"","meta":{"_acf_changed":false,"_monsterinsights_skip_tracking":false,"_monsterinsights_sitenote_active":false,"_monsterinsights_sitenote_note":"","_monsterinsights_sitenote_category":0},"product_brand":[],"product_cat":[],"product_tag":[],"class_list":{"0":"post-19788","1":"product","2":"type-product","3":"status-publish","4":"has-post-thumbnail","7":"first","8":"onbackorder","9":"taxable","10":"shipping-taxable","11":"purchasable","12":"product-type-variable"},"acf":[],"yoast_head":"<!-- This site is optimized with the Yoast SEO plugin v26.4 - https:\/\/yoast.com\/wordpress\/plugins\/seo\/ -->\n<title>ZDJELA NERA VELIKA, DOTS, ORAH ULJE - ZANAT<\/title>\n<meta name=\"robots\" content=\"index, follow, max-snippet:-1, max-image-preview:large, max-video-preview:-1\" \/>\n<link rel=\"canonical\" href=\"https:\/\/zanat.org\/bs\/item\/zdjela-nera-dots-orah-ulje\/\" \/>\n<meta property=\"og:locale\" content=\"bs_BA\" \/>\n<meta property=\"og:type\" content=\"article\" \/>\n<meta property=\"og:title\" content=\"ZDJELA NERA VELIKA, DOTS, ORAH ULJE - ZANAT\" \/>\n<meta property=\"og:description\" content=\"Zdjele Nera su izvorno dizajnirane za aukciju na dobrotvornoj akciji \u010diji je cilj za\u0161tita endemske pastrmke u gradu porijekla Zanata. Proizvod je privukao nevjerovatnu pa\u017enju dizajnerskih medija, kupaca i nekih vode\u0107ih brendova dizajna namje\u0161taja koji su ga koristili kao stilski element za svoje kataloge i sajamske izlo\u017ebe. Savr\u0161ene proporcije, materijalnost, lako\u0107a i skulpturalna profinjenost zajedno [&hellip;]\" \/>\n<meta property=\"og:url\" content=\"https:\/\/zanat.org\/bs\/item\/zdjela-nera-dots-orah-ulje\/\" \/>\n<meta property=\"og:site_name\" content=\"ZANAT\" \/>\n<meta property=\"article:modified_time\" content=\"2023-10-09T14:41:16+00:00\" \/>\n<meta property=\"og:image\" content=\"https:\/\/zanat.org\/wp-content\/uploads\/2023\/06\/nera-bowl-large-forster-zanat-walnut-ssp-482-1-compress.jpg\" \/>\n\t<meta property=\"og:image:width\" content=\"1440\" \/>\n\t<meta property=\"og:image:height\" content=\"1080\" \/>\n\t<meta property=\"og:image:type\" content=\"image\/jpeg\" \/>\n<meta name=\"twitter:card\" content=\"summary_large_image\" \/>\n<meta name=\"twitter:label1\" content=\"Est. reading time\" \/>\n\t<meta name=\"twitter:data1\" content=\"1 minuta\" \/>\n<script type=\"application\/ld+json\" class=\"yoast-schema-graph\">{\"@context\":\"https:\/\/schema.org\",\"@graph\":[{\"@type\":\"WebPage\",\"@id\":\"https:\/\/zanat.org\/bs\/item\/zdjela-nera-dots-orah-ulje\/\",\"url\":\"https:\/\/zanat.org\/bs\/item\/zdjela-nera-dots-orah-ulje\/\",\"name\":\"ZDJELA NERA VELIKA, DOTS, ORAH ULJE - ZANAT\",\"isPartOf\":{\"@id\":\"https:\/\/staging.zanat.org\/bs\/#website\"},\"primaryImageOfPage\":{\"@id\":\"https:\/\/zanat.org\/bs\/item\/zdjela-nera-dots-orah-ulje\/#primaryimage\"},\"image\":{\"@id\":\"https:\/\/zanat.org\/bs\/item\/zdjela-nera-dots-orah-ulje\/#primaryimage\"},\"thumbnailUrl\":\"https:\/\/zanat.org\/wp-content\/uploads\/2023\/06\/nera-bowl-large-forster-zanat-walnut-ssp-482-1-compress.jpg\",\"datePublished\":\"2023-06-05T11:42:13+00:00\",\"dateModified\":\"2023-10-09T14:41:16+00:00\",\"breadcrumb\":{\"@id\":\"https:\/\/zanat.org\/bs\/item\/zdjela-nera-dots-orah-ulje\/#breadcrumb\"},\"inLanguage\":\"bs-BA\",\"potentialAction\":[{\"@type\":\"ReadAction\",\"target\":[\"https:\/\/zanat.org\/bs\/item\/zdjela-nera-dots-orah-ulje\/\"]}]},{\"@type\":\"ImageObject\",\"inLanguage\":\"bs-BA\",\"@id\":\"https:\/\/zanat.org\/bs\/item\/zdjela-nera-dots-orah-ulje\/#primaryimage\",\"url\":\"https:\/\/zanat.org\/wp-content\/uploads\/2023\/06\/nera-bowl-large-forster-zanat-walnut-ssp-482-1-compress.jpg\",\"contentUrl\":\"https:\/\/zanat.org\/wp-content\/uploads\/2023\/06\/nera-bowl-large-forster-zanat-walnut-ssp-482-1-compress.jpg\",\"width\":1440,\"height\":1080},{\"@type\":\"BreadcrumbList\",\"@id\":\"https:\/\/zanat.org\/bs\/item\/zdjela-nera-dots-orah-ulje\/#breadcrumb\",\"itemListElement\":[{\"@type\":\"ListItem\",\"position\":1,\"name\":\"Zanat\",\"item\":\"https:\/\/zanat.org\/bs\/\"},{\"@type\":\"ListItem\",\"position\":2,\"name\":\"Shop\",\"item\":\"https:\/\/staging.zanat.org\/shop\/\"},{\"@type\":\"ListItem\",\"position\":3,\"name\":\"ZDJELA NERA VELIKA, DOTS, ORAH ULJE\"}]},{\"@type\":\"WebSite\",\"@id\":\"https:\/\/staging.zanat.org\/bs\/#website\",\"url\":\"https:\/\/staging.zanat.org\/bs\/\",\"name\":\"ZANAT\",\"description\":\"Improve your home &amp; improve our world\",\"potentialAction\":[{\"@type\":\"SearchAction\",\"target\":{\"@type\":\"EntryPoint\",\"urlTemplate\":\"https:\/\/staging.zanat.org\/bs\/?s={search_term_string}\"},\"query-input\":{\"@type\":\"PropertyValueSpecification\",\"valueRequired\":true,\"valueName\":\"search_term_string\"}}],\"inLanguage\":\"bs-BA\"}]}<\/script>\n<!-- \/ Yoast SEO plugin. -->","yoast_head_json":{"title":"ZDJELA NERA VELIKA, DOTS, ORAH ULJE - ZANAT","robots":{"index":"index","follow":"follow","max-snippet":"max-snippet:-1","max-image-preview":"max-image-preview:large","max-video-preview":"max-video-preview:-1"},"canonical":"https:\/\/zanat.org\/bs\/item\/zdjela-nera-dots-orah-ulje\/","og_locale":"bs_BA","og_type":"article","og_title":"ZDJELA NERA VELIKA, DOTS, ORAH ULJE - ZANAT","og_description":"Zdjele Nera su izvorno dizajnirane za aukciju na dobrotvornoj akciji \u010diji je cilj za\u0161tita endemske pastrmke u gradu porijekla Zanata. Proizvod je privukao nevjerovatnu pa\u017enju dizajnerskih medija, kupaca i nekih vode\u0107ih brendova dizajna namje\u0161taja koji su ga koristili kao stilski element za svoje kataloge i sajamske izlo\u017ebe. Savr\u0161ene proporcije, materijalnost, lako\u0107a i skulpturalna profinjenost zajedno [&hellip;]","og_url":"https:\/\/zanat.org\/bs\/item\/zdjela-nera-dots-orah-ulje\/","og_site_name":"ZANAT","article_modified_time":"2023-10-09T14:41:16+00:00","og_image":[{"width":1440,"height":1080,"url":"https:\/\/zanat.org\/wp-content\/uploads\/2023\/06\/nera-bowl-large-forster-zanat-walnut-ssp-482-1-compress.jpg","type":"image\/jpeg"}],"twitter_card":"summary_large_image","twitter_misc":{"Est. reading time":"1 minuta"},"schema":{"@context":"https:\/\/schema.org","@graph":[{"@type":"WebPage","@id":"https:\/\/zanat.org\/bs\/item\/zdjela-nera-dots-orah-ulje\/","url":"https:\/\/zanat.org\/bs\/item\/zdjela-nera-dots-orah-ulje\/","name":"ZDJELA NERA VELIKA, DOTS, ORAH ULJE - ZANAT","isPartOf":{"@id":"https:\/\/staging.zanat.org\/bs\/#website"},"primaryImageOfPage":{"@id":"https:\/\/zanat.org\/bs\/item\/zdjela-nera-dots-orah-ulje\/#primaryimage"},"image":{"@id":"https:\/\/zanat.org\/bs\/item\/zdjela-nera-dots-orah-ulje\/#primaryimage"},"thumbnailUrl":"https:\/\/zanat.org\/wp-content\/uploads\/2023\/06\/nera-bowl-large-forster-zanat-walnut-ssp-482-1-compress.jpg","datePublished":"2023-06-05T11:42:13+00:00","dateModified":"2023-10-09T14:41:16+00:00","breadcrumb":{"@id":"https:\/\/zanat.org\/bs\/item\/zdjela-nera-dots-orah-ulje\/#breadcrumb"},"inLanguage":"bs-BA","potentialAction":[{"@type":"ReadAction","target":["https:\/\/zanat.org\/bs\/item\/zdjela-nera-dots-orah-ulje\/"]}]},{"@type":"ImageObject","inLanguage":"bs-BA","@id":"https:\/\/zanat.org\/bs\/item\/zdjela-nera-dots-orah-ulje\/#primaryimage","url":"https:\/\/zanat.org\/wp-content\/uploads\/2023\/06\/nera-bowl-large-forster-zanat-walnut-ssp-482-1-compress.jpg","contentUrl":"https:\/\/zanat.org\/wp-content\/uploads\/2023\/06\/nera-bowl-large-forster-zanat-walnut-ssp-482-1-compress.jpg","width":1440,"height":1080},{"@type":"BreadcrumbList","@id":"https:\/\/zanat.org\/bs\/item\/zdjela-nera-dots-orah-ulje\/#breadcrumb","itemListElement":[{"@type":"ListItem","position":1,"name":"Zanat","item":"https:\/\/zanat.org\/bs\/"},{"@type":"ListItem","position":2,"name":"Shop","item":"https:\/\/staging.zanat.org\/shop\/"},{"@type":"ListItem","position":3,"name":"ZDJELA NERA VELIKA, DOTS, ORAH ULJE"}]},{"@type":"WebSite","@id":"https:\/\/staging.zanat.org\/bs\/#website","url":"https:\/\/staging.zanat.org\/bs\/","name":"ZANAT","description":"Improve your home &amp; improve our world","potentialAction":[{"@type":"SearchAction","target":{"@type":"EntryPoint","urlTemplate":"https:\/\/staging.zanat.org\/bs\/?s={search_term_string}"},"query-input":{"@type":"PropertyValueSpecification","valueRequired":true,"valueName":"search_term_string"}}],"inLanguage":"bs-BA"}]}},"_links":{"self":[{"href":"https:\/\/zanat.org\/bs\/wp-json\/wp\/v2\/product\/19788","targetHints":{"allow":["GET"]}}],"collection":[{"href":"https:\/\/zanat.org\/bs\/wp-json\/wp\/v2\/product"}],"about":[{"href":"https:\/\/zanat.org\/bs\/wp-json\/wp\/v2\/types\/product"}],"wp:featuredmedia":[{"embeddable":true,"href":"https:\/\/zanat.org\/bs\/wp-json\/wp\/v2\/media\/19544"}],"wp:attachment":[{"href":"https:\/\/zanat.org\/bs\/wp-json\/wp\/v2\/media?parent=19788"}],"wp:term":[{"taxonomy":"product_brand","embeddable":true,"href":"https:\/\/zanat.org\/bs\/wp-json\/wp\/v2\/product_brand?post=19788"},{"taxonomy":"product_cat","embeddable":true,"href":"https:\/\/zanat.org\/bs\/wp-json\/wp\/v2\/product_cat?post=19788"},{"taxonomy":"product_tag","embeddable":true,"href":"https:\/\/zanat.org\/bs\/wp-json\/wp\/v2\/product_tag?post=19788"}],"curies":[{"name":"wp","href":"https:\/\/api.w.org\/{rel}","templated":true}]}}