{"id":19785,"date":"2023-06-05T14:52:35","date_gmt":"2023-06-05T12:52:35","guid":{"rendered":"https:\/\/zanat.org\/?post_type=product&#038;p=19785"},"modified":"2023-10-09T16:38:30","modified_gmt":"2023-10-09T14:38:30","slug":"stolica-unity-orah-ulje","status":"publish","type":"product","link":"https:\/\/zanat.org\/bs\/item\/stolica-unity-orah-ulje\/","title":{"rendered":"STOLICA UNITY, ORAH ULJE"},"content":{"rendered":"<p>Pomo\u0107ni stoli\u0107\/stolica Unity prikazuje neraskidive veze koje povezuju \u010dovje\u010danstvo u cjelinu, \u0161to nam je postalo jasno tokom pandemije Covida-19. Unity je osmi\u0161ljen u kontekstu Zanatovog projekta Lockdown Dialogues 2020. Dizajnerica i umjetnica Monica F\u00f6rster majstorski je uspjela svoju apstraktnu humanisti\u010dku ideju preto\u010diti u funkcionalan objekt umjetni\u010dke ljepote. Ovaj predmet jednako je prikladan za kori\u0161tenje kao pomo\u0107ni stoli\u0107 i stolica. Sastavljen od \u010detiri zasebno oblikovana segmenta od punog drva s elegantnim ru\u010dno izrezbarenim detaljima, stolica\/pomo\u0107ni stoli\u0107 Unity dostupan je u Zanatovoj prepoznatljivoj zavr\u0161nici od crnog javora i nauljenog oraha. Bezvremenska elegancija proizvoda i kvaliteta izrade trebali bi jam\u010diti njegovu iznimnu dugovje\u010dnost i odr\u017eivost.<\/p>\n","protected":false},"excerpt":{"rendered":"<p>Pomo\u0107ni stoli\u0107\/stolica Unity prikazuje neraskidive veze koje povezuju \u010dovje\u010danstvo u cjelinu, \u0161to nam je postalo jasno tokom pandemije Covida-19. Unity je osmi\u0161ljen u kontekstu Zanatovog projekta Lockdown Dialogues 2020. Dizajnerica i umjetnica Monica F\u00f6rster majstorski je uspjela svoju apstraktnu humanisti\u010dku ideju preto\u010diti u funkcionalan objekt umjetni\u010dke ljepote. Ovaj predmet jednako je prikladan za kori\u0161tenje kao [&hellip;]<\/p>\n","protected":false},"featured_media":19624,"template":"","meta":{"_acf_changed":false,"_monsterinsights_skip_tracking":false,"_monsterinsights_sitenote_active":false,"_monsterinsights_sitenote_note":"","_monsterinsights_sitenote_category":0},"product_brand":[],"product_cat":[],"product_tag":[],"class_list":{"0":"post-19785","1":"product","2":"type-product","3":"status-publish","4":"has-post-thumbnail","7":"first","8":"onbackorder","9":"taxable","10":"shipping-taxable","11":"purchasable","12":"product-type-simple"},"acf":[],"yoast_head":"<!-- This site is optimized with the Yoast SEO plugin v26.4 - https:\/\/yoast.com\/wordpress\/plugins\/seo\/ -->\n<title>STOLICA UNITY, ORAH ULJE - ZANAT<\/title>\n<meta name=\"robots\" content=\"index, follow, max-snippet:-1, max-image-preview:large, max-video-preview:-1\" \/>\n<link rel=\"canonical\" href=\"https:\/\/zanat.org\/bs\/item\/stolica-unity-orah-ulje\/\" \/>\n<meta property=\"og:locale\" content=\"bs_BA\" \/>\n<meta property=\"og:type\" content=\"article\" \/>\n<meta property=\"og:title\" content=\"STOLICA UNITY, ORAH ULJE - ZANAT\" \/>\n<meta property=\"og:description\" content=\"Pomo\u0107ni stoli\u0107\/stolica Unity prikazuje neraskidive veze koje povezuju \u010dovje\u010danstvo u cjelinu, \u0161to nam je postalo jasno tokom pandemije Covida-19. Unity je osmi\u0161ljen u kontekstu Zanatovog projekta Lockdown Dialogues 2020. Dizajnerica i umjetnica Monica F\u00f6rster majstorski je uspjela svoju apstraktnu humanisti\u010dku ideju preto\u010diti u funkcionalan objekt umjetni\u010dke ljepote. Ovaj predmet jednako je prikladan za kori\u0161tenje kao [&hellip;]\" \/>\n<meta property=\"og:url\" content=\"https:\/\/zanat.org\/bs\/item\/stolica-unity-orah-ulje\/\" \/>\n<meta property=\"og:site_name\" content=\"ZANAT\" \/>\n<meta property=\"article:modified_time\" content=\"2023-10-09T14:38:30+00:00\" \/>\n<meta property=\"og:image\" content=\"https:\/\/zanat.org\/wp-content\/uploads\/2023\/06\/unity-stool-forster-zanat-walnut-ws-dsc2549-00001-compress.jpg\" \/>\n\t<meta property=\"og:image:width\" content=\"1440\" \/>\n\t<meta property=\"og:image:height\" content=\"1080\" \/>\n\t<meta property=\"og:image:type\" content=\"image\/jpeg\" \/>\n<meta name=\"twitter:card\" content=\"summary_large_image\" \/>\n<meta name=\"twitter:label1\" content=\"Est. reading time\" \/>\n\t<meta name=\"twitter:data1\" content=\"1 minuta\" \/>\n<script type=\"application\/ld+json\" class=\"yoast-schema-graph\">{\"@context\":\"https:\/\/schema.org\",\"@graph\":[{\"@type\":\"WebPage\",\"@id\":\"https:\/\/zanat.org\/bs\/item\/stolica-unity-orah-ulje\/\",\"url\":\"https:\/\/zanat.org\/bs\/item\/stolica-unity-orah-ulje\/\",\"name\":\"STOLICA UNITY, ORAH ULJE - ZANAT\",\"isPartOf\":{\"@id\":\"https:\/\/staging.zanat.org\/bs\/#website\"},\"primaryImageOfPage\":{\"@id\":\"https:\/\/zanat.org\/bs\/item\/stolica-unity-orah-ulje\/#primaryimage\"},\"image\":{\"@id\":\"https:\/\/zanat.org\/bs\/item\/stolica-unity-orah-ulje\/#primaryimage\"},\"thumbnailUrl\":\"https:\/\/zanat.org\/wp-content\/uploads\/2023\/06\/unity-stool-forster-zanat-walnut-ws-dsc2549-00001-compress.jpg\",\"datePublished\":\"2023-06-05T12:52:35+00:00\",\"dateModified\":\"2023-10-09T14:38:30+00:00\",\"breadcrumb\":{\"@id\":\"https:\/\/zanat.org\/bs\/item\/stolica-unity-orah-ulje\/#breadcrumb\"},\"inLanguage\":\"bs-BA\",\"potentialAction\":[{\"@type\":\"ReadAction\",\"target\":[\"https:\/\/zanat.org\/bs\/item\/stolica-unity-orah-ulje\/\"]}]},{\"@type\":\"ImageObject\",\"inLanguage\":\"bs-BA\",\"@id\":\"https:\/\/zanat.org\/bs\/item\/stolica-unity-orah-ulje\/#primaryimage\",\"url\":\"https:\/\/zanat.org\/wp-content\/uploads\/2023\/06\/unity-stool-forster-zanat-walnut-ws-dsc2549-00001-compress.jpg\",\"contentUrl\":\"https:\/\/zanat.org\/wp-content\/uploads\/2023\/06\/unity-stool-forster-zanat-walnut-ws-dsc2549-00001-compress.jpg\",\"width\":1440,\"height\":1080},{\"@type\":\"BreadcrumbList\",\"@id\":\"https:\/\/zanat.org\/bs\/item\/stolica-unity-orah-ulje\/#breadcrumb\",\"itemListElement\":[{\"@type\":\"ListItem\",\"position\":1,\"name\":\"Zanat\",\"item\":\"https:\/\/zanat.org\/bs\/\"},{\"@type\":\"ListItem\",\"position\":2,\"name\":\"Shop\",\"item\":\"https:\/\/staging.zanat.org\/shop\/\"},{\"@type\":\"ListItem\",\"position\":3,\"name\":\"Gift Shop\",\"item\":\"https:\/\/zanat.org\/shop\/products\/gift-shop\/\"},{\"@type\":\"ListItem\",\"position\":4,\"name\":\"STOLICA UNITY, ORAH ULJE\"}]},{\"@type\":\"WebSite\",\"@id\":\"https:\/\/staging.zanat.org\/bs\/#website\",\"url\":\"https:\/\/staging.zanat.org\/bs\/\",\"name\":\"ZANAT\",\"description\":\"Improve your home &amp; improve our world\",\"potentialAction\":[{\"@type\":\"SearchAction\",\"target\":{\"@type\":\"EntryPoint\",\"urlTemplate\":\"https:\/\/staging.zanat.org\/bs\/?s={search_term_string}\"},\"query-input\":{\"@type\":\"PropertyValueSpecification\",\"valueRequired\":true,\"valueName\":\"search_term_string\"}}],\"inLanguage\":\"bs-BA\"}]}<\/script>\n<!-- \/ Yoast SEO plugin. -->","yoast_head_json":{"title":"STOLICA UNITY, ORAH ULJE - ZANAT","robots":{"index":"index","follow":"follow","max-snippet":"max-snippet:-1","max-image-preview":"max-image-preview:large","max-video-preview":"max-video-preview:-1"},"canonical":"https:\/\/zanat.org\/bs\/item\/stolica-unity-orah-ulje\/","og_locale":"bs_BA","og_type":"article","og_title":"STOLICA UNITY, ORAH ULJE - ZANAT","og_description":"Pomo\u0107ni stoli\u0107\/stolica Unity prikazuje neraskidive veze koje povezuju \u010dovje\u010danstvo u cjelinu, \u0161to nam je postalo jasno tokom pandemije Covida-19. Unity je osmi\u0161ljen u kontekstu Zanatovog projekta Lockdown Dialogues 2020. Dizajnerica i umjetnica Monica F\u00f6rster majstorski je uspjela svoju apstraktnu humanisti\u010dku ideju preto\u010diti u funkcionalan objekt umjetni\u010dke ljepote. Ovaj predmet jednako je prikladan za kori\u0161tenje kao [&hellip;]","og_url":"https:\/\/zanat.org\/bs\/item\/stolica-unity-orah-ulje\/","og_site_name":"ZANAT","article_modified_time":"2023-10-09T14:38:30+00:00","og_image":[{"width":1440,"height":1080,"url":"https:\/\/zanat.org\/wp-content\/uploads\/2023\/06\/unity-stool-forster-zanat-walnut-ws-dsc2549-00001-compress.jpg","type":"image\/jpeg"}],"twitter_card":"summary_large_image","twitter_misc":{"Est. reading time":"1 minuta"},"schema":{"@context":"https:\/\/schema.org","@graph":[{"@type":"WebPage","@id":"https:\/\/zanat.org\/bs\/item\/stolica-unity-orah-ulje\/","url":"https:\/\/zanat.org\/bs\/item\/stolica-unity-orah-ulje\/","name":"STOLICA UNITY, ORAH ULJE - ZANAT","isPartOf":{"@id":"https:\/\/staging.zanat.org\/bs\/#website"},"primaryImageOfPage":{"@id":"https:\/\/zanat.org\/bs\/item\/stolica-unity-orah-ulje\/#primaryimage"},"image":{"@id":"https:\/\/zanat.org\/bs\/item\/stolica-unity-orah-ulje\/#primaryimage"},"thumbnailUrl":"https:\/\/zanat.org\/wp-content\/uploads\/2023\/06\/unity-stool-forster-zanat-walnut-ws-dsc2549-00001-compress.jpg","datePublished":"2023-06-05T12:52:35+00:00","dateModified":"2023-10-09T14:38:30+00:00","breadcrumb":{"@id":"https:\/\/zanat.org\/bs\/item\/stolica-unity-orah-ulje\/#breadcrumb"},"inLanguage":"bs-BA","potentialAction":[{"@type":"ReadAction","target":["https:\/\/zanat.org\/bs\/item\/stolica-unity-orah-ulje\/"]}]},{"@type":"ImageObject","inLanguage":"bs-BA","@id":"https:\/\/zanat.org\/bs\/item\/stolica-unity-orah-ulje\/#primaryimage","url":"https:\/\/zanat.org\/wp-content\/uploads\/2023\/06\/unity-stool-forster-zanat-walnut-ws-dsc2549-00001-compress.jpg","contentUrl":"https:\/\/zanat.org\/wp-content\/uploads\/2023\/06\/unity-stool-forster-zanat-walnut-ws-dsc2549-00001-compress.jpg","width":1440,"height":1080},{"@type":"BreadcrumbList","@id":"https:\/\/zanat.org\/bs\/item\/stolica-unity-orah-ulje\/#breadcrumb","itemListElement":[{"@type":"ListItem","position":1,"name":"Zanat","item":"https:\/\/zanat.org\/bs\/"},{"@type":"ListItem","position":2,"name":"Shop","item":"https:\/\/staging.zanat.org\/shop\/"},{"@type":"ListItem","position":3,"name":"Gift Shop","item":"https:\/\/zanat.org\/shop\/products\/gift-shop\/"},{"@type":"ListItem","position":4,"name":"STOLICA UNITY, ORAH ULJE"}]},{"@type":"WebSite","@id":"https:\/\/staging.zanat.org\/bs\/#website","url":"https:\/\/staging.zanat.org\/bs\/","name":"ZANAT","description":"Improve your home &amp; improve our world","potentialAction":[{"@type":"SearchAction","target":{"@type":"EntryPoint","urlTemplate":"https:\/\/staging.zanat.org\/bs\/?s={search_term_string}"},"query-input":{"@type":"PropertyValueSpecification","valueRequired":true,"valueName":"search_term_string"}}],"inLanguage":"bs-BA"}]}},"_links":{"self":[{"href":"https:\/\/zanat.org\/bs\/wp-json\/wp\/v2\/product\/19785","targetHints":{"allow":["GET"]}}],"collection":[{"href":"https:\/\/zanat.org\/bs\/wp-json\/wp\/v2\/product"}],"about":[{"href":"https:\/\/zanat.org\/bs\/wp-json\/wp\/v2\/types\/product"}],"wp:featuredmedia":[{"embeddable":true,"href":"https:\/\/zanat.org\/bs\/wp-json\/wp\/v2\/media\/19624"}],"wp:attachment":[{"href":"https:\/\/zanat.org\/bs\/wp-json\/wp\/v2\/media?parent=19785"}],"wp:term":[{"taxonomy":"product_brand","embeddable":true,"href":"https:\/\/zanat.org\/bs\/wp-json\/wp\/v2\/product_brand?post=19785"},{"taxonomy":"product_cat","embeddable":true,"href":"https:\/\/zanat.org\/bs\/wp-json\/wp\/v2\/product_cat?post=19785"},{"taxonomy":"product_tag","embeddable":true,"href":"https:\/\/zanat.org\/bs\/wp-json\/wp\/v2\/product_tag?post=19785"}],"curies":[{"name":"wp","href":"https:\/\/api.w.org\/{rel}","templated":true}]}}