{"id":19775,"date":"2023-06-09T15:15:48","date_gmt":"2023-06-09T13:15:48","guid":{"rendered":"https:\/\/zanat.org\/?post_type=product&#038;p=19775"},"modified":"2023-10-09T16:20:44","modified_gmt":"2023-10-09T14:20:44","slug":"stolica-quiet","status":"publish","type":"product","link":"https:\/\/zanat.org\/bs\/item\/stolica-quiet\/","title":{"rendered":"STOLICA QUIET"},"content":{"rendered":"<p>Stolica Quiet zauzima posebno mjesto u na\u0161im srcima jer je to jedan od prvih savremenih dizajna koje smo razvili. Kutijasti gornji dio i \u010detvrtaste lagane noge daju dojam da je stolica izrezbarena od komada drveta. Ru\u010dno izrezbareni motiv osmi\u0161ljen je i izveden na na\u010din da stolici d\u00e2 posebnu svrhu gra\u0111enja uzorka. Kada napravite niz stolica Quiet, ru\u010dno izrezbareni motivi susjednih stolica se sla\u017eu i stvaraju ono \u0161to vizualno postaje jedan komad, gdje je svaki dio ve\u0107e slagalice.<\/p>\n","protected":false},"excerpt":{"rendered":"<p>Stolica Quiet zauzima posebno mjesto u na\u0161im srcima jer je to jedan od prvih savremenih dizajna koje smo razvili. Kutijasti gornji dio i \u010detvrtaste lagane noge daju dojam da je stolica izrezbarena od komada drveta. Ru\u010dno izrezbareni motiv osmi\u0161ljen je i izveden na na\u010din da stolici d\u00e2 posebnu svrhu gra\u0111enja uzorka. Kada napravite niz stolica [&hellip;]<\/p>\n","protected":false},"featured_media":19592,"template":"","meta":{"_acf_changed":false,"_monsterinsights_skip_tracking":false,"_monsterinsights_sitenote_active":false,"_monsterinsights_sitenote_note":"","_monsterinsights_sitenote_category":0},"product_brand":[],"product_cat":[],"product_tag":[],"class_list":{"0":"post-19775","1":"product","2":"type-product","3":"status-publish","4":"has-post-thumbnail","7":"first","8":"onbackorder","9":"taxable","10":"shipping-taxable","11":"purchasable","12":"product-type-simple"},"acf":[],"yoast_head":"<!-- This site is optimized with the Yoast SEO plugin v26.4 - https:\/\/yoast.com\/wordpress\/plugins\/seo\/ -->\n<title>STOLICA QUIET - ZANAT<\/title>\n<meta name=\"robots\" content=\"index, follow, max-snippet:-1, max-image-preview:large, max-video-preview:-1\" \/>\n<link rel=\"canonical\" href=\"https:\/\/zanat.org\/bs\/item\/stolica-quiet\/\" \/>\n<meta property=\"og:locale\" content=\"bs_BA\" \/>\n<meta property=\"og:type\" content=\"article\" \/>\n<meta property=\"og:title\" content=\"STOLICA QUIET - ZANAT\" \/>\n<meta property=\"og:description\" content=\"Stolica Quiet zauzima posebno mjesto u na\u0161im srcima jer je to jedan od prvih savremenih dizajna koje smo razvili. Kutijasti gornji dio i \u010detvrtaste lagane noge daju dojam da je stolica izrezbarena od komada drveta. Ru\u010dno izrezbareni motiv osmi\u0161ljen je i izveden na na\u010din da stolici d\u00e2 posebnu svrhu gra\u0111enja uzorka. Kada napravite niz stolica [&hellip;]\" \/>\n<meta property=\"og:url\" content=\"https:\/\/zanat.org\/bs\/item\/stolica-quiet\/\" \/>\n<meta property=\"og:site_name\" content=\"ZANAT\" \/>\n<meta property=\"article:modified_time\" content=\"2023-10-09T14:20:44+00:00\" \/>\n<meta property=\"og:image\" content=\"https:\/\/zanat.org\/wp-content\/uploads\/2021\/08\/quiet-stool-jasna-mujkic-zanat-maple-dsc4462-compress.jpg\" \/>\n\t<meta property=\"og:image:width\" content=\"1440\" \/>\n\t<meta property=\"og:image:height\" content=\"1080\" \/>\n\t<meta property=\"og:image:type\" content=\"image\/jpeg\" \/>\n<meta name=\"twitter:card\" content=\"summary_large_image\" \/>\n<meta name=\"twitter:label1\" content=\"Est. reading time\" \/>\n\t<meta name=\"twitter:data1\" content=\"1 minuta\" \/>\n<script type=\"application\/ld+json\" class=\"yoast-schema-graph\">{\"@context\":\"https:\/\/schema.org\",\"@graph\":[{\"@type\":\"WebPage\",\"@id\":\"https:\/\/zanat.org\/bs\/item\/stolica-quiet\/\",\"url\":\"https:\/\/zanat.org\/bs\/item\/stolica-quiet\/\",\"name\":\"STOLICA QUIET - ZANAT\",\"isPartOf\":{\"@id\":\"https:\/\/staging.zanat.org\/bs\/#website\"},\"primaryImageOfPage\":{\"@id\":\"https:\/\/zanat.org\/bs\/item\/stolica-quiet\/#primaryimage\"},\"image\":{\"@id\":\"https:\/\/zanat.org\/bs\/item\/stolica-quiet\/#primaryimage\"},\"thumbnailUrl\":\"https:\/\/zanat.org\/wp-content\/uploads\/2021\/08\/quiet-stool-jasna-mujkic-zanat-maple-dsc4462-compress.jpg\",\"datePublished\":\"2023-06-09T13:15:48+00:00\",\"dateModified\":\"2023-10-09T14:20:44+00:00\",\"breadcrumb\":{\"@id\":\"https:\/\/zanat.org\/bs\/item\/stolica-quiet\/#breadcrumb\"},\"inLanguage\":\"bs-BA\",\"potentialAction\":[{\"@type\":\"ReadAction\",\"target\":[\"https:\/\/zanat.org\/bs\/item\/stolica-quiet\/\"]}]},{\"@type\":\"ImageObject\",\"inLanguage\":\"bs-BA\",\"@id\":\"https:\/\/zanat.org\/bs\/item\/stolica-quiet\/#primaryimage\",\"url\":\"https:\/\/zanat.org\/wp-content\/uploads\/2021\/08\/quiet-stool-jasna-mujkic-zanat-maple-dsc4462-compress.jpg\",\"contentUrl\":\"https:\/\/zanat.org\/wp-content\/uploads\/2021\/08\/quiet-stool-jasna-mujkic-zanat-maple-dsc4462-compress.jpg\",\"width\":1440,\"height\":1080},{\"@type\":\"BreadcrumbList\",\"@id\":\"https:\/\/zanat.org\/bs\/item\/stolica-quiet\/#breadcrumb\",\"itemListElement\":[{\"@type\":\"ListItem\",\"position\":1,\"name\":\"Zanat\",\"item\":\"https:\/\/zanat.org\/bs\/\"},{\"@type\":\"ListItem\",\"position\":2,\"name\":\"Shop\",\"item\":\"https:\/\/staging.zanat.org\/shop\/\"},{\"@type\":\"ListItem\",\"position\":3,\"name\":\"Gift Shop\",\"item\":\"https:\/\/zanat.org\/shop\/products\/gift-shop\/\"},{\"@type\":\"ListItem\",\"position\":4,\"name\":\"STOLICA QUIET\"}]},{\"@type\":\"WebSite\",\"@id\":\"https:\/\/staging.zanat.org\/bs\/#website\",\"url\":\"https:\/\/staging.zanat.org\/bs\/\",\"name\":\"ZANAT\",\"description\":\"Improve your home &amp; improve our world\",\"potentialAction\":[{\"@type\":\"SearchAction\",\"target\":{\"@type\":\"EntryPoint\",\"urlTemplate\":\"https:\/\/staging.zanat.org\/bs\/?s={search_term_string}\"},\"query-input\":{\"@type\":\"PropertyValueSpecification\",\"valueRequired\":true,\"valueName\":\"search_term_string\"}}],\"inLanguage\":\"bs-BA\"}]}<\/script>\n<!-- \/ Yoast SEO plugin. -->","yoast_head_json":{"title":"STOLICA QUIET - ZANAT","robots":{"index":"index","follow":"follow","max-snippet":"max-snippet:-1","max-image-preview":"max-image-preview:large","max-video-preview":"max-video-preview:-1"},"canonical":"https:\/\/zanat.org\/bs\/item\/stolica-quiet\/","og_locale":"bs_BA","og_type":"article","og_title":"STOLICA QUIET - ZANAT","og_description":"Stolica Quiet zauzima posebno mjesto u na\u0161im srcima jer je to jedan od prvih savremenih dizajna koje smo razvili. Kutijasti gornji dio i \u010detvrtaste lagane noge daju dojam da je stolica izrezbarena od komada drveta. Ru\u010dno izrezbareni motiv osmi\u0161ljen je i izveden na na\u010din da stolici d\u00e2 posebnu svrhu gra\u0111enja uzorka. Kada napravite niz stolica [&hellip;]","og_url":"https:\/\/zanat.org\/bs\/item\/stolica-quiet\/","og_site_name":"ZANAT","article_modified_time":"2023-10-09T14:20:44+00:00","og_image":[{"width":1440,"height":1080,"url":"https:\/\/zanat.org\/wp-content\/uploads\/2021\/08\/quiet-stool-jasna-mujkic-zanat-maple-dsc4462-compress.jpg","type":"image\/jpeg"}],"twitter_card":"summary_large_image","twitter_misc":{"Est. reading time":"1 minuta"},"schema":{"@context":"https:\/\/schema.org","@graph":[{"@type":"WebPage","@id":"https:\/\/zanat.org\/bs\/item\/stolica-quiet\/","url":"https:\/\/zanat.org\/bs\/item\/stolica-quiet\/","name":"STOLICA QUIET - ZANAT","isPartOf":{"@id":"https:\/\/staging.zanat.org\/bs\/#website"},"primaryImageOfPage":{"@id":"https:\/\/zanat.org\/bs\/item\/stolica-quiet\/#primaryimage"},"image":{"@id":"https:\/\/zanat.org\/bs\/item\/stolica-quiet\/#primaryimage"},"thumbnailUrl":"https:\/\/zanat.org\/wp-content\/uploads\/2021\/08\/quiet-stool-jasna-mujkic-zanat-maple-dsc4462-compress.jpg","datePublished":"2023-06-09T13:15:48+00:00","dateModified":"2023-10-09T14:20:44+00:00","breadcrumb":{"@id":"https:\/\/zanat.org\/bs\/item\/stolica-quiet\/#breadcrumb"},"inLanguage":"bs-BA","potentialAction":[{"@type":"ReadAction","target":["https:\/\/zanat.org\/bs\/item\/stolica-quiet\/"]}]},{"@type":"ImageObject","inLanguage":"bs-BA","@id":"https:\/\/zanat.org\/bs\/item\/stolica-quiet\/#primaryimage","url":"https:\/\/zanat.org\/wp-content\/uploads\/2021\/08\/quiet-stool-jasna-mujkic-zanat-maple-dsc4462-compress.jpg","contentUrl":"https:\/\/zanat.org\/wp-content\/uploads\/2021\/08\/quiet-stool-jasna-mujkic-zanat-maple-dsc4462-compress.jpg","width":1440,"height":1080},{"@type":"BreadcrumbList","@id":"https:\/\/zanat.org\/bs\/item\/stolica-quiet\/#breadcrumb","itemListElement":[{"@type":"ListItem","position":1,"name":"Zanat","item":"https:\/\/zanat.org\/bs\/"},{"@type":"ListItem","position":2,"name":"Shop","item":"https:\/\/staging.zanat.org\/shop\/"},{"@type":"ListItem","position":3,"name":"Gift Shop","item":"https:\/\/zanat.org\/shop\/products\/gift-shop\/"},{"@type":"ListItem","position":4,"name":"STOLICA QUIET"}]},{"@type":"WebSite","@id":"https:\/\/staging.zanat.org\/bs\/#website","url":"https:\/\/staging.zanat.org\/bs\/","name":"ZANAT","description":"Improve your home &amp; improve our world","potentialAction":[{"@type":"SearchAction","target":{"@type":"EntryPoint","urlTemplate":"https:\/\/staging.zanat.org\/bs\/?s={search_term_string}"},"query-input":{"@type":"PropertyValueSpecification","valueRequired":true,"valueName":"search_term_string"}}],"inLanguage":"bs-BA"}]}},"_links":{"self":[{"href":"https:\/\/zanat.org\/bs\/wp-json\/wp\/v2\/product\/19775","targetHints":{"allow":["GET"]}}],"collection":[{"href":"https:\/\/zanat.org\/bs\/wp-json\/wp\/v2\/product"}],"about":[{"href":"https:\/\/zanat.org\/bs\/wp-json\/wp\/v2\/types\/product"}],"wp:featuredmedia":[{"embeddable":true,"href":"https:\/\/zanat.org\/bs\/wp-json\/wp\/v2\/media\/19592"}],"wp:attachment":[{"href":"https:\/\/zanat.org\/bs\/wp-json\/wp\/v2\/media?parent=19775"}],"wp:term":[{"taxonomy":"product_brand","embeddable":true,"href":"https:\/\/zanat.org\/bs\/wp-json\/wp\/v2\/product_brand?post=19775"},{"taxonomy":"product_cat","embeddable":true,"href":"https:\/\/zanat.org\/bs\/wp-json\/wp\/v2\/product_cat?post=19775"},{"taxonomy":"product_tag","embeddable":true,"href":"https:\/\/zanat.org\/bs\/wp-json\/wp\/v2\/product_tag?post=19775"}],"curies":[{"name":"wp","href":"https:\/\/api.w.org\/{rel}","templated":true}]}}