{"id":19771,"date":"2023-06-09T17:32:04","date_gmt":"2023-06-09T15:32:04","guid":{"rendered":"https:\/\/zanat.org\/?post_type=product&#038;p=19771"},"modified":"2023-10-09T16:18:48","modified_gmt":"2023-10-09T14:18:48","slug":"stolica-nera","status":"publish","type":"product","link":"https:\/\/zanat.org\/bs\/item\/stolica-nera\/","title":{"rendered":"STOLICA NERA"},"content":{"rendered":"<p>U potpunosti izra\u0111ene od punog drva, stolice Nera odlikuju se jednostavnom i nje\u017enom skulpturalnom ljepotom. Dolaze s nekoliko razli\u010ditih ru\u010dno izrezbarenih uzoraka koji pobolj\u0161avaju taktilnost stolica, a svaki uzorak rezbarenja daje poseban karakter stolici. Nera izgleda kao umjetni\u010dko djelo, ali je vrlo funkcionalna. Savr\u0161ene su za sjedenje u dnevnom boravku, ali se tako\u0111er mogu koristiti kao pomo\u0107ni stoli\u0107i i mogu se dodati kao dodatna sjedala za stolom za jelo. Stolice dolaze u crno obojenom javoru i jasenu ili uljnom europskom orahu i bile su jedan od najtra\u017eenijih proizvoda Zanata.<\/p>\n","protected":false},"excerpt":{"rendered":"<p>U potpunosti izra\u0111ene od punog drva, stolice Nera odlikuju se jednostavnom i nje\u017enom skulpturalnom ljepotom. Dolaze s nekoliko razli\u010ditih ru\u010dno izrezbarenih uzoraka koji pobolj\u0161avaju taktilnost stolica, a svaki uzorak rezbarenja daje poseban karakter stolici. Nera izgleda kao umjetni\u010dko djelo, ali je vrlo funkcionalna. Savr\u0161ene su za sjedenje u dnevnom boravku, ali se tako\u0111er mogu koristiti [&hellip;]<\/p>\n","protected":false},"featured_media":19480,"template":"","meta":{"_acf_changed":false,"_monsterinsights_skip_tracking":false,"_monsterinsights_sitenote_active":false,"_monsterinsights_sitenote_note":"","_monsterinsights_sitenote_category":0},"product_brand":[],"product_cat":[],"product_tag":[],"class_list":{"0":"post-19771","1":"product","2":"type-product","3":"status-publish","4":"has-post-thumbnail","7":"first","8":"onbackorder","9":"taxable","10":"shipping-taxable","11":"purchasable","12":"product-type-variable","13":"has-default-attributes"},"acf":[],"yoast_head":"<!-- This site is optimized with the Yoast SEO plugin v26.4 - https:\/\/yoast.com\/wordpress\/plugins\/seo\/ -->\n<title>STOLICA NERA - ZANAT<\/title>\n<meta name=\"robots\" content=\"index, follow, max-snippet:-1, max-image-preview:large, max-video-preview:-1\" \/>\n<link rel=\"canonical\" href=\"https:\/\/zanat.org\/bs\/item\/stolica-nera\/\" \/>\n<meta property=\"og:locale\" content=\"bs_BA\" \/>\n<meta property=\"og:type\" content=\"article\" \/>\n<meta property=\"og:title\" content=\"STOLICA NERA - ZANAT\" \/>\n<meta property=\"og:description\" content=\"U potpunosti izra\u0111ene od punog drva, stolice Nera odlikuju se jednostavnom i nje\u017enom skulpturalnom ljepotom. Dolaze s nekoliko razli\u010ditih ru\u010dno izrezbarenih uzoraka koji pobolj\u0161avaju taktilnost stolica, a svaki uzorak rezbarenja daje poseban karakter stolici. Nera izgleda kao umjetni\u010dko djelo, ali je vrlo funkcionalna. Savr\u0161ene su za sjedenje u dnevnom boravku, ali se tako\u0111er mogu koristiti [&hellip;]\" \/>\n<meta property=\"og:url\" content=\"https:\/\/zanat.org\/bs\/item\/stolica-nera\/\" \/>\n<meta property=\"og:site_name\" content=\"ZANAT\" \/>\n<meta property=\"article:modified_time\" content=\"2023-10-09T14:18:48+00:00\" \/>\n<meta property=\"og:image\" content=\"https:\/\/zanat.org\/wp-content\/uploads\/2021\/08\/nera-stool-maple-black-3-rows-carved-compress.jpg\" \/>\n\t<meta property=\"og:image:width\" content=\"1440\" \/>\n\t<meta property=\"og:image:height\" content=\"1080\" \/>\n\t<meta property=\"og:image:type\" content=\"image\/jpeg\" \/>\n<meta name=\"twitter:card\" content=\"summary_large_image\" \/>\n<meta name=\"twitter:label1\" content=\"Est. reading time\" \/>\n\t<meta name=\"twitter:data1\" content=\"1 minuta\" \/>\n<script type=\"application\/ld+json\" class=\"yoast-schema-graph\">{\"@context\":\"https:\/\/schema.org\",\"@graph\":[{\"@type\":\"WebPage\",\"@id\":\"https:\/\/zanat.org\/bs\/item\/stolica-nera\/\",\"url\":\"https:\/\/zanat.org\/bs\/item\/stolica-nera\/\",\"name\":\"STOLICA NERA - ZANAT\",\"isPartOf\":{\"@id\":\"https:\/\/staging.zanat.org\/bs\/#website\"},\"primaryImageOfPage\":{\"@id\":\"https:\/\/zanat.org\/bs\/item\/stolica-nera\/#primaryimage\"},\"image\":{\"@id\":\"https:\/\/zanat.org\/bs\/item\/stolica-nera\/#primaryimage\"},\"thumbnailUrl\":\"https:\/\/zanat.org\/wp-content\/uploads\/2021\/08\/nera-stool-maple-black-3-rows-carved-compress.jpg\",\"datePublished\":\"2023-06-09T15:32:04+00:00\",\"dateModified\":\"2023-10-09T14:18:48+00:00\",\"breadcrumb\":{\"@id\":\"https:\/\/zanat.org\/bs\/item\/stolica-nera\/#breadcrumb\"},\"inLanguage\":\"bs-BA\",\"potentialAction\":[{\"@type\":\"ReadAction\",\"target\":[\"https:\/\/zanat.org\/bs\/item\/stolica-nera\/\"]}]},{\"@type\":\"ImageObject\",\"inLanguage\":\"bs-BA\",\"@id\":\"https:\/\/zanat.org\/bs\/item\/stolica-nera\/#primaryimage\",\"url\":\"https:\/\/zanat.org\/wp-content\/uploads\/2021\/08\/nera-stool-maple-black-3-rows-carved-compress.jpg\",\"contentUrl\":\"https:\/\/zanat.org\/wp-content\/uploads\/2021\/08\/nera-stool-maple-black-3-rows-carved-compress.jpg\",\"width\":1440,\"height\":1080},{\"@type\":\"BreadcrumbList\",\"@id\":\"https:\/\/zanat.org\/bs\/item\/stolica-nera\/#breadcrumb\",\"itemListElement\":[{\"@type\":\"ListItem\",\"position\":1,\"name\":\"Zanat\",\"item\":\"https:\/\/zanat.org\/bs\/\"},{\"@type\":\"ListItem\",\"position\":2,\"name\":\"Shop\",\"item\":\"https:\/\/staging.zanat.org\/shop\/\"},{\"@type\":\"ListItem\",\"position\":3,\"name\":\"Gift Shop\",\"item\":\"https:\/\/zanat.org\/shop\/products\/gift-shop\/\"},{\"@type\":\"ListItem\",\"position\":4,\"name\":\"STOLICA NERA\"}]},{\"@type\":\"WebSite\",\"@id\":\"https:\/\/staging.zanat.org\/bs\/#website\",\"url\":\"https:\/\/staging.zanat.org\/bs\/\",\"name\":\"ZANAT\",\"description\":\"Improve your home &amp; improve our world\",\"potentialAction\":[{\"@type\":\"SearchAction\",\"target\":{\"@type\":\"EntryPoint\",\"urlTemplate\":\"https:\/\/staging.zanat.org\/bs\/?s={search_term_string}\"},\"query-input\":{\"@type\":\"PropertyValueSpecification\",\"valueRequired\":true,\"valueName\":\"search_term_string\"}}],\"inLanguage\":\"bs-BA\"}]}<\/script>\n<!-- \/ Yoast SEO plugin. -->","yoast_head_json":{"title":"STOLICA NERA - ZANAT","robots":{"index":"index","follow":"follow","max-snippet":"max-snippet:-1","max-image-preview":"max-image-preview:large","max-video-preview":"max-video-preview:-1"},"canonical":"https:\/\/zanat.org\/bs\/item\/stolica-nera\/","og_locale":"bs_BA","og_type":"article","og_title":"STOLICA NERA - ZANAT","og_description":"U potpunosti izra\u0111ene od punog drva, stolice Nera odlikuju se jednostavnom i nje\u017enom skulpturalnom ljepotom. Dolaze s nekoliko razli\u010ditih ru\u010dno izrezbarenih uzoraka koji pobolj\u0161avaju taktilnost stolica, a svaki uzorak rezbarenja daje poseban karakter stolici. Nera izgleda kao umjetni\u010dko djelo, ali je vrlo funkcionalna. Savr\u0161ene su za sjedenje u dnevnom boravku, ali se tako\u0111er mogu koristiti [&hellip;]","og_url":"https:\/\/zanat.org\/bs\/item\/stolica-nera\/","og_site_name":"ZANAT","article_modified_time":"2023-10-09T14:18:48+00:00","og_image":[{"width":1440,"height":1080,"url":"https:\/\/zanat.org\/wp-content\/uploads\/2021\/08\/nera-stool-maple-black-3-rows-carved-compress.jpg","type":"image\/jpeg"}],"twitter_card":"summary_large_image","twitter_misc":{"Est. reading time":"1 minuta"},"schema":{"@context":"https:\/\/schema.org","@graph":[{"@type":"WebPage","@id":"https:\/\/zanat.org\/bs\/item\/stolica-nera\/","url":"https:\/\/zanat.org\/bs\/item\/stolica-nera\/","name":"STOLICA NERA - ZANAT","isPartOf":{"@id":"https:\/\/staging.zanat.org\/bs\/#website"},"primaryImageOfPage":{"@id":"https:\/\/zanat.org\/bs\/item\/stolica-nera\/#primaryimage"},"image":{"@id":"https:\/\/zanat.org\/bs\/item\/stolica-nera\/#primaryimage"},"thumbnailUrl":"https:\/\/zanat.org\/wp-content\/uploads\/2021\/08\/nera-stool-maple-black-3-rows-carved-compress.jpg","datePublished":"2023-06-09T15:32:04+00:00","dateModified":"2023-10-09T14:18:48+00:00","breadcrumb":{"@id":"https:\/\/zanat.org\/bs\/item\/stolica-nera\/#breadcrumb"},"inLanguage":"bs-BA","potentialAction":[{"@type":"ReadAction","target":["https:\/\/zanat.org\/bs\/item\/stolica-nera\/"]}]},{"@type":"ImageObject","inLanguage":"bs-BA","@id":"https:\/\/zanat.org\/bs\/item\/stolica-nera\/#primaryimage","url":"https:\/\/zanat.org\/wp-content\/uploads\/2021\/08\/nera-stool-maple-black-3-rows-carved-compress.jpg","contentUrl":"https:\/\/zanat.org\/wp-content\/uploads\/2021\/08\/nera-stool-maple-black-3-rows-carved-compress.jpg","width":1440,"height":1080},{"@type":"BreadcrumbList","@id":"https:\/\/zanat.org\/bs\/item\/stolica-nera\/#breadcrumb","itemListElement":[{"@type":"ListItem","position":1,"name":"Zanat","item":"https:\/\/zanat.org\/bs\/"},{"@type":"ListItem","position":2,"name":"Shop","item":"https:\/\/staging.zanat.org\/shop\/"},{"@type":"ListItem","position":3,"name":"Gift Shop","item":"https:\/\/zanat.org\/shop\/products\/gift-shop\/"},{"@type":"ListItem","position":4,"name":"STOLICA NERA"}]},{"@type":"WebSite","@id":"https:\/\/staging.zanat.org\/bs\/#website","url":"https:\/\/staging.zanat.org\/bs\/","name":"ZANAT","description":"Improve your home &amp; improve our world","potentialAction":[{"@type":"SearchAction","target":{"@type":"EntryPoint","urlTemplate":"https:\/\/staging.zanat.org\/bs\/?s={search_term_string}"},"query-input":{"@type":"PropertyValueSpecification","valueRequired":true,"valueName":"search_term_string"}}],"inLanguage":"bs-BA"}]}},"_links":{"self":[{"href":"https:\/\/zanat.org\/bs\/wp-json\/wp\/v2\/product\/19771","targetHints":{"allow":["GET"]}}],"collection":[{"href":"https:\/\/zanat.org\/bs\/wp-json\/wp\/v2\/product"}],"about":[{"href":"https:\/\/zanat.org\/bs\/wp-json\/wp\/v2\/types\/product"}],"wp:featuredmedia":[{"embeddable":true,"href":"https:\/\/zanat.org\/bs\/wp-json\/wp\/v2\/media\/19480"}],"wp:attachment":[{"href":"https:\/\/zanat.org\/bs\/wp-json\/wp\/v2\/media?parent=19771"}],"wp:term":[{"taxonomy":"product_brand","embeddable":true,"href":"https:\/\/zanat.org\/bs\/wp-json\/wp\/v2\/product_brand?post=19771"},{"taxonomy":"product_cat","embeddable":true,"href":"https:\/\/zanat.org\/bs\/wp-json\/wp\/v2\/product_cat?post=19771"},{"taxonomy":"product_tag","embeddable":true,"href":"https:\/\/zanat.org\/bs\/wp-json\/wp\/v2\/product_tag?post=19771"}],"curies":[{"name":"wp","href":"https:\/\/api.w.org\/{rel}","templated":true}]}}